{"id":1794,"date":"2015-06-02T18:09:42","date_gmt":"2015-06-02T18:09:42","guid":{"rendered":"http:\/\/www.ticketrio.com.br\/site\/?page_id=1794"},"modified":"2015-06-18T19:34:02","modified_gmt":"2015-06-18T19:34:02","slug":"tribunes","status":"publish","type":"page","link":"http:\/\/carnaval.ticketrio.com.br\/de\/rio-carnaval-billets\/tribunes\/","title":{"rendered":"Tribunes"},"content":{"rendered":"<div class=\"panel-grid\" id=\"pg-0\"><div class=\"panel-grid-cell\" id=\"pgc-0-0\"><div class=\"panel widget widget_button panel-first-child\" id=\"panel-0-0-0\"><div class=\"button-container align-center\">\t\t\t<a href=\"http:\/\/www.ticketrio.com.br\/site\/fr\/sambodrome-rio\/\" class=\"cta-button button \">\r\n\t\t\t\t<span>SAMDODROME<\/span>\r\n\t\t\t<\/a>\r\n\t\t\t<\/div><\/div><div class=\"panel widget widget_button\" id=\"panel-0-0-1\"><div class=\"button-container align-center\">\t\t\t<a href=\"http:\/\/www.ticketrio.com.br\/site\/en\/sambadrome\/\" class=\"cta-button button \">\r\n\t\t\t\t<span>EXP\u00c9DITION<\/span>\r\n\t\t\t<\/a>\r\n\t\t\t<\/div><\/div><div class=\"panel widget widget_button\" id=\"panel-0-0-2\"><div class=\"button-container align-center\">\t\t\t<a href=\"http:\/\/www.ticketrio.com.br\/site\/en\/sambadrome\/transfer-sambadrome\/\" class=\"cta-button button \">\r\n\t\t\t\t<span>TRANSFERT<\/span>\r\n\t\t\t<\/a>\r\n\t\t\t<\/div><\/div><div class=\"panel widget widget_button panel-last-child\" id=\"panel-0-0-3\"><div class=\"button-container align-center\">\t\t\t<a href=\"http:\/\/www.ticketrio.com.br\/site\/en\/sambadrome\/hotels-in-rio\/\" class=\"cta-button button \">\r\n\t\t\t\t<span>HOTELS<\/span>\r\n\t\t\t<\/a>\r\n\t\t\t<\/div><\/div><\/div><div class=\"panel-grid-cell\" id=\"pgc-0-1\"><div class=\"panel widget widget_siteorigin-image panel-first-child panel-last-child\" id=\"panel-0-1-0\"><a href=\"http:\/\/www.ticketrio.com.br\/site\/fr\/billets-carnaval\/tribunes\/\"><img decoding=\"async\" src=\"http:\/\/www.ticketrio.com.br\/site\/wp-content\/uploads\/2015\/06\/tribunes.jpg\" \/><\/a><\/div><\/div><div class=\"panel-grid-cell\" id=\"pgc-0-2\"><div class=\"panel widget widget_siteorigin-image panel-first-child panel-last-child\" id=\"panel-0-2-0\"><a href=\"http:\/\/www.ticketrio.com.br\/site\/fr\/billets-carnaval\/box-avant\/\"><img decoding=\"async\" src=\"http:\/\/www.ticketrio.com.br\/site\/wp-content\/uploads\/2015\/06\/boxavant.jpg\" \/><\/a><\/div><\/div><div class=\"panel-grid-cell\" id=\"pgc-0-3\"><div class=\"panel widget widget_siteorigin-image panel-first-child panel-last-child\" id=\"panel-0-3-0\"><img decoding=\"async\" src=\"http:\/\/www.ticketrio.com.br\/site\/wp-content\/uploads\/2015\/06\/suitesdeluxo.jpg\" \/><\/div><\/div><div class=\"panel-grid-cell\" id=\"pgc-0-4\"><div class=\"panel widget widget_siteorigin-image panel-first-child panel-last-child\" id=\"panel-0-4-0\"><img decoding=\"async\" src=\"http:\/\/www.ticketrio.com.br\/site\/wp-content\/uploads\/2015\/06\/superviplounge.jpg\" \/><\/div><\/div>\t<div class=\"clear\"><\/div><\/div><div class=\"panel-grid\" id=\"pg-1\"><div class=\"panel-grid-cell\" id=\"pgc-1-0\"><div class=\"panel widget widget_text panel-first-child\" id=\"panel-1-0-0\">\t\t\t<div class=\"textwidget\"><h1><span style=\"color: #003366;\"><strong>TRIBUNES<\/strong><\/span><\/h1>\r\n<p style=\"text-align: justify;\">Les tribunes Sambodrome ont pas leur place marqu\u00e9e , sauf pour le secteur 9*.<\/p>\r\n<p style=\"text-align: justify;\">Espace ouvert , accessible par un escalier , non num\u00e9rot\u00e9e et par ordre d'arriv\u00e9e.*<\/p>\r\n<span style=\"color: #ff0000;\">Prix \u200b\u200bpar personne \/ jour.<\/span>\r\n\r\n<strong><span style=\"color: #003366;\">Le forfait comprend:<\/span> <\/strong>Billets + cadeaux\r\n\r\n<strong><span style=\"color: #003366;\">information:<\/span><\/strong> T\u00e9l\u00e9phones: (5521) 2025-5000 \/ 3982-1515 \/ 8636-1515\r\n\r\n<strong><span style=\"color: #003366;\">Email:<\/span> <\/strong> <a href=\"mailto:atendimento@ticketrio.com.br\"> atendimento@ticketrio.com.br <\/a> \/ <a href=\"mailto:vendas@barramidia.com.br\"> vendas@barramidia.com.br<\/a><\/div>\n\t\t<\/div><div class=\"panel widget widget_button panel-last-child\" id=\"panel-1-0-1\"><div class=\"button-container align-center\"><\/div><\/div><\/div><div class=\"panel-grid-cell\" id=\"pgc-1-1\"><div class=\"panel widget widget_text panel-first-child panel-last-child\" id=\"panel-1-1-0\"><h3 class=\"widget-title\">Photos<\/h3>\t\t\t<div class=\"textwidget\">ngg_shortcode_0_placeholder<\/div>\n\t\t<\/div><\/div>\t<div class=\"clear\"><\/div><\/div>","protected":false},"excerpt":{"rendered":"<p>SAMDODROME EXP\u00c9DITION TRANSFERT HOTELS TRIBUNES Les tribunes Sambodrome ont pas leur place marqu\u00e9e , sauf pour le secteur 9*. Espace ouvert , accessible par un escalier , non num\u00e9rot\u00e9e et par ordre d&#8217;arriv\u00e9e.* Prix \u200b\u200bpar personne \/ jour. Le forfait comprend: Billets + cadeaux information: T\u00e9l\u00e9phones: (5521) 2025-5000 \/ 3982-1515 \/ 8636-1515 Email: atendimento@ticketrio.com.br \/ [&hellip;]<\/p>\n","protected":false},"author":1,"featured_media":0,"parent":1729,"menu_order":1,"comment_status":"closed","ping_status":"closed","template":"page-full.php","meta":{"ngg_post_thumbnail":0,"footnotes":""},"class_list":["post-1794","page","type-page","status-publish","hentry"],"yoast_head":"<!-- This site is optimized with the Yoast SEO plugin v23.5 - https:\/\/yoast.com\/wordpress\/plugins\/seo\/ -->\n<title>Tribunes - Ticket Rio - Billets Carnaval Rio, Karneval Rio de Janeiro Tickets, Tickets for Rio Carnival Sambadrome, Boletos Carnaval Rio, Entradas Carnaval Rio Samb\u00f3dromo<\/title>\n<meta name=\"description\" content=\"rio carnival sambadrome tickets. Rio Carnaval Samb\u00f3dromo 2018. Rio Carnaval Entradas Samb\u00f3dromo. Rio Parade Tickets. Rio Carnaval billets. Rio karneval tickets. Rio carnavales biglietti.\" \/>\n<meta name=\"robots\" content=\"index, follow, max-snippet:-1, max-image-preview:large, max-video-preview:-1\" \/>\n<link rel=\"canonical\" href=\"http:\/\/carnaval.ticketrio.com.br\/es\/rio-carnaval-billets\/tribunes\/\" \/>\n<meta property=\"og:locale\" content=\"de_DE\" \/>\n<meta property=\"og:type\" content=\"article\" \/>\n<meta property=\"og:title\" content=\"Tribunes - Ticket Rio - Billets Carnaval Rio, Karneval Rio de Janeiro Tickets, Tickets for Rio Carnival Sambadrome, Boletos Carnaval Rio, Entradas Carnaval Rio Samb\u00f3dromo\" \/>\n<meta property=\"og:description\" content=\"rio carnival sambadrome tickets. Rio Carnaval Samb\u00f3dromo 2018. Rio Carnaval Entradas Samb\u00f3dromo. Rio Parade Tickets. Rio Carnaval billets. Rio karneval tickets. Rio carnavales biglietti.\" \/>\n<meta property=\"og:url\" content=\"http:\/\/carnaval.ticketrio.com.br\/es\/rio-carnaval-billets\/tribunes\/\" \/>\n<meta property=\"og:site_name\" content=\"Ticket Rio - Billets Carnaval Rio, Karneval Rio de Janeiro Tickets, Tickets for Rio Carnival Sambadrome, Boletos Carnaval Rio, Entradas Carnaval Rio Samb\u00f3dromo\" \/>\n<meta property=\"article:modified_time\" content=\"2015-06-18T19:34:02+00:00\" \/>\n<meta name=\"twitter:card\" content=\"summary_large_image\" \/>\n<script type=\"application\/ld+json\" class=\"yoast-schema-graph\">{\"@context\":\"https:\/\/schema.org\",\"@graph\":[{\"@type\":\"WebPage\",\"@id\":\"http:\/\/carnaval.ticketrio.com.br\/es\/rio-carnaval-billets\/tribunes\/\",\"url\":\"http:\/\/carnaval.ticketrio.com.br\/es\/rio-carnaval-billets\/tribunes\/\",\"name\":\"Tribunes - Ticket Rio - Billets Carnaval Rio, Karneval Rio de Janeiro Tickets, Tickets for Rio Carnival Sambadrome, Boletos Carnaval Rio, Entradas Carnaval Rio Samb\u00f3dromo\",\"isPartOf\":{\"@id\":\"http:\/\/carnaval.ticketrio.com.br\/fr\/#website\"},\"datePublished\":\"2015-06-02T18:09:42+00:00\",\"dateModified\":\"2015-06-18T19:34:02+00:00\",\"description\":\"rio carnival sambadrome tickets. Rio Carnaval Samb\u00f3dromo 2018. Rio Carnaval Entradas Samb\u00f3dromo. Rio Parade Tickets. Rio Carnaval billets. Rio karneval tickets. Rio carnavales biglietti.\",\"breadcrumb\":{\"@id\":\"http:\/\/carnaval.ticketrio.com.br\/es\/rio-carnaval-billets\/tribunes\/#breadcrumb\"},\"inLanguage\":\"de\",\"potentialAction\":[{\"@type\":\"ReadAction\",\"target\":[\"http:\/\/carnaval.ticketrio.com.br\/es\/rio-carnaval-billets\/tribunes\/\"]}]},{\"@type\":\"BreadcrumbList\",\"@id\":\"http:\/\/carnaval.ticketrio.com.br\/es\/rio-carnaval-billets\/tribunes\/#breadcrumb\",\"itemListElement\":[{\"@type\":\"ListItem\",\"position\":1,\"name\":\"In\u00edcio\",\"item\":\"http:\/\/carnaval.ticketrio.com.br\/fr\/\"},{\"@type\":\"ListItem\",\"position\":2,\"name\":\"Billets Rio Carnaval\",\"item\":\"http:\/\/carnaval.ticketrio.com.br\/fr\/rio-carnaval-billets\/\"},{\"@type\":\"ListItem\",\"position\":3,\"name\":\"Tribunes\"}]},{\"@type\":\"WebSite\",\"@id\":\"http:\/\/carnaval.ticketrio.com.br\/fr\/#website\",\"url\":\"http:\/\/carnaval.ticketrio.com.br\/fr\/\",\"name\":\"Ticket Rio - Billets Carnaval Rio, Karneval Rio de Janeiro Tickets, Tickets for Rio Carnival Sambadrome, Boletos Carnaval Rio, Entradas Carnaval Rio Samb\u00f3dromo\",\"description\":\"Billets Carnaval Rio, Karneval Rio de Janeiro Tickets, Tickets for Rio Carnival Sambadrome, Boletos Carnaval Rio, Entradas Carnaval Rio Samb\u00f3dromo\",\"potentialAction\":[{\"@type\":\"SearchAction\",\"target\":{\"@type\":\"EntryPoint\",\"urlTemplate\":\"http:\/\/carnaval.ticketrio.com.br\/fr\/?s={search_term_string}\"},\"query-input\":{\"@type\":\"PropertyValueSpecification\",\"valueRequired\":true,\"valueName\":\"search_term_string\"}}],\"inLanguage\":\"de\"}]}<\/script>\n<!-- \/ Yoast SEO plugin. -->","yoast_head_json":{"title":"Tribunes - Ticket Rio - Billets Carnaval Rio, Karneval Rio de Janeiro Tickets, Tickets for Rio Carnival Sambadrome, Boletos Carnaval Rio, Entradas Carnaval Rio Samb\u00f3dromo","description":"rio carnival sambadrome tickets. Rio Carnaval Samb\u00f3dromo 2018. Rio Carnaval Entradas Samb\u00f3dromo. Rio Parade Tickets. Rio Carnaval billets. Rio karneval tickets. Rio carnavales biglietti.","robots":{"index":"index","follow":"follow","max-snippet":"max-snippet:-1","max-image-preview":"max-image-preview:large","max-video-preview":"max-video-preview:-1"},"canonical":"http:\/\/carnaval.ticketrio.com.br\/es\/rio-carnaval-billets\/tribunes\/","og_locale":"de_DE","og_type":"article","og_title":"Tribunes - Ticket Rio - Billets Carnaval Rio, Karneval Rio de Janeiro Tickets, Tickets for Rio Carnival Sambadrome, Boletos Carnaval Rio, Entradas Carnaval Rio Samb\u00f3dromo","og_description":"rio carnival sambadrome tickets. Rio Carnaval Samb\u00f3dromo 2018. Rio Carnaval Entradas Samb\u00f3dromo. Rio Parade Tickets. Rio Carnaval billets. Rio karneval tickets. Rio carnavales biglietti.","og_url":"http:\/\/carnaval.ticketrio.com.br\/es\/rio-carnaval-billets\/tribunes\/","og_site_name":"Ticket Rio - Billets Carnaval Rio, Karneval Rio de Janeiro Tickets, Tickets for Rio Carnival Sambadrome, Boletos Carnaval Rio, Entradas Carnaval Rio Samb\u00f3dromo","article_modified_time":"2015-06-18T19:34:02+00:00","twitter_card":"summary_large_image","schema":{"@context":"https:\/\/schema.org","@graph":[{"@type":"WebPage","@id":"http:\/\/carnaval.ticketrio.com.br\/es\/rio-carnaval-billets\/tribunes\/","url":"http:\/\/carnaval.ticketrio.com.br\/es\/rio-carnaval-billets\/tribunes\/","name":"Tribunes - Ticket Rio - Billets Carnaval Rio, Karneval Rio de Janeiro Tickets, Tickets for Rio Carnival Sambadrome, Boletos Carnaval Rio, Entradas Carnaval Rio Samb\u00f3dromo","isPartOf":{"@id":"http:\/\/carnaval.ticketrio.com.br\/fr\/#website"},"datePublished":"2015-06-02T18:09:42+00:00","dateModified":"2015-06-18T19:34:02+00:00","description":"rio carnival sambadrome tickets. Rio Carnaval Samb\u00f3dromo 2018. Rio Carnaval Entradas Samb\u00f3dromo. Rio Parade Tickets. Rio Carnaval billets. Rio karneval tickets. Rio carnavales biglietti.","breadcrumb":{"@id":"http:\/\/carnaval.ticketrio.com.br\/es\/rio-carnaval-billets\/tribunes\/#breadcrumb"},"inLanguage":"de","potentialAction":[{"@type":"ReadAction","target":["http:\/\/carnaval.ticketrio.com.br\/es\/rio-carnaval-billets\/tribunes\/"]}]},{"@type":"BreadcrumbList","@id":"http:\/\/carnaval.ticketrio.com.br\/es\/rio-carnaval-billets\/tribunes\/#breadcrumb","itemListElement":[{"@type":"ListItem","position":1,"name":"In\u00edcio","item":"http:\/\/carnaval.ticketrio.com.br\/fr\/"},{"@type":"ListItem","position":2,"name":"Billets Rio Carnaval","item":"http:\/\/carnaval.ticketrio.com.br\/fr\/rio-carnaval-billets\/"},{"@type":"ListItem","position":3,"name":"Tribunes"}]},{"@type":"WebSite","@id":"http:\/\/carnaval.ticketrio.com.br\/fr\/#website","url":"http:\/\/carnaval.ticketrio.com.br\/fr\/","name":"Ticket Rio - Billets Carnaval Rio, Karneval Rio de Janeiro Tickets, Tickets for Rio Carnival Sambadrome, Boletos Carnaval Rio, Entradas Carnaval Rio Samb\u00f3dromo","description":"Billets Carnaval Rio, Karneval Rio de Janeiro Tickets, Tickets for Rio Carnival Sambadrome, Boletos Carnaval Rio, Entradas Carnaval Rio Samb\u00f3dromo","potentialAction":[{"@type":"SearchAction","target":{"@type":"EntryPoint","urlTemplate":"http:\/\/carnaval.ticketrio.com.br\/fr\/?s={search_term_string}"},"query-input":{"@type":"PropertyValueSpecification","valueRequired":true,"valueName":"search_term_string"}}],"inLanguage":"de"}]}},"_links":{"self":[{"href":"http:\/\/carnaval.ticketrio.com.br\/de\/wp-json\/wp\/v2\/pages\/1794"}],"collection":[{"href":"http:\/\/carnaval.ticketrio.com.br\/de\/wp-json\/wp\/v2\/pages"}],"about":[{"href":"http:\/\/carnaval.ticketrio.com.br\/de\/wp-json\/wp\/v2\/types\/page"}],"author":[{"embeddable":true,"href":"http:\/\/carnaval.ticketrio.com.br\/de\/wp-json\/wp\/v2\/users\/1"}],"replies":[{"embeddable":true,"href":"http:\/\/carnaval.ticketrio.com.br\/de\/wp-json\/wp\/v2\/comments?post=1794"}],"version-history":[{"count":0,"href":"http:\/\/carnaval.ticketrio.com.br\/de\/wp-json\/wp\/v2\/pages\/1794\/revisions"}],"up":[{"embeddable":true,"href":"http:\/\/carnaval.ticketrio.com.br\/de\/wp-json\/wp\/v2\/pages\/1729"}],"wp:attachment":[{"href":"http:\/\/carnaval.ticketrio.com.br\/de\/wp-json\/wp\/v2\/media?parent=1794"}],"curies":[{"name":"wp","href":"https:\/\/api.w.org\/{rel}","templated":true}]}}