{"id":1131,"date":"2015-05-12T20:07:05","date_gmt":"2015-05-12T20:07:05","guid":{"rendered":"http:\/\/www.ticketrio.com.br\/site\/?page_id=1131"},"modified":"2017-05-05T16:21:13","modified_gmt":"2017-05-05T16:21:13","slug":"location-ticket-rio-carnival","status":"publish","type":"page","link":"https:\/\/carnaval.ticketrio.com.br\/en\/location-ticket-rio-carnival\/","title":{"rendered":"Location"},"content":{"rendered":"<div class=\"panel-grid\" id=\"pg-0\"><div class=\"panel-grid-cell\" id=\"pgc-0-0\"><div class=\"panel widget widget_text panel-first-child\" id=\"panel-0-0-0\"><h3 class=\"widget-title\">Our Phisical Store<\/h3>\t\t\t<div class=\"textwidget\"><p>Store in Citta America Mall<br \/>\nAddress:  Av. Das Am\u00e9ricas, 700 Shop 201 Bl. 8<br \/>\n- Barra da Tijuca - Rio de Janeiro CEP 22775-036 Brazil<\/p>\n<\/div>\n\t\t<\/div><div class=\"panel widget widget_siteorigin-image panel-last-child\" id=\"panel-0-0-1\"><img decoding=\"async\" src=\"http:\/\/carnaval.ticketrio.com.br\/wp-content\/uploads\/2015\/05\/ondeestamosmenor.jpg\" \/><\/div><\/div><div class=\"panel-grid-cell\" id=\"pgc-0-1\"><div class=\"panel widget widget_siteorigin-image panel-first-child panel-last-child\" id=\"panel-0-1-0\"><img decoding=\"async\" src=\"http:\/\/carnaval.ticketrio.com.br\/wp-content\/uploads\/2013\/03\/foto-loja-e1363023873502.jpg\" \/><\/div><\/div>\t<div class=\"clear\"><\/div><\/div>","protected":false},"excerpt":{"rendered":"<p>Our Phisical Store Store in Citta America Mall Address: Av. Das Am\u00e9ricas, 700 Shop 201 Bl. 8 &#8211; Barra da Tijuca &#8211; Rio de Janeiro CEP 22775-036 Brazil<\/p>\n","protected":false},"author":1,"featured_media":0,"parent":0,"menu_order":4,"comment_status":"closed","ping_status":"closed","template":"page-full.php","meta":{"ngg_post_thumbnail":0,"footnotes":""},"class_list":["post-1131","page","type-page","status-publish","hentry"],"yoast_head":"<!-- This site is optimized with the Yoast SEO plugin v23.5 - https:\/\/yoast.com\/wordpress\/plugins\/seo\/ -->\n<title>Location - Ticket Rio - Billets Carnaval Rio, Karneval Rio de Janeiro Tickets, Tickets for Rio Carnival Sambadrome, Boletos Carnaval Rio, Entradas Carnaval Rio Samb\u00f3dromo<\/title>\n<meta name=\"description\" content=\"rio carnival sambadrome tickets. Rio Carnaval Samb\u00f3dromo 2018. Rio Carnaval Entradas Samb\u00f3dromo. Rio Parade Tickets. Rio Carnaval billets. Rio karneval tickets. Rio carnavales biglietti.\" \/>\n<meta name=\"robots\" content=\"index, follow, max-snippet:-1, max-image-preview:large, max-video-preview:-1\" \/>\n<link rel=\"canonical\" href=\"http:\/\/carnaval.ticketrio.com.br\/en\/location-ticket-rio-carnival\/\" \/>\n<meta property=\"og:locale\" content=\"de_DE\" \/>\n<meta property=\"og:type\" content=\"article\" \/>\n<meta property=\"og:title\" content=\"Location - Ticket Rio - Billets Carnaval Rio, Karneval Rio de Janeiro Tickets, Tickets for Rio Carnival Sambadrome, Boletos Carnaval Rio, Entradas Carnaval Rio Samb\u00f3dromo\" \/>\n<meta property=\"og:description\" content=\"rio carnival sambadrome tickets. Rio Carnaval Samb\u00f3dromo 2018. Rio Carnaval Entradas Samb\u00f3dromo. Rio Parade Tickets. Rio Carnaval billets. Rio karneval tickets. Rio carnavales biglietti.\" \/>\n<meta property=\"og:url\" content=\"http:\/\/carnaval.ticketrio.com.br\/en\/location-ticket-rio-carnival\/\" \/>\n<meta property=\"og:site_name\" content=\"Ticket Rio - Billets Carnaval Rio, Karneval Rio de Janeiro Tickets, Tickets for Rio Carnival Sambadrome, Boletos Carnaval Rio, Entradas Carnaval Rio Samb\u00f3dromo\" \/>\n<meta property=\"article:modified_time\" content=\"2017-05-05T16:21:13+00:00\" \/>\n<meta name=\"twitter:card\" content=\"summary_large_image\" \/>\n<script type=\"application\/ld+json\" class=\"yoast-schema-graph\">{\"@context\":\"https:\/\/schema.org\",\"@graph\":[{\"@type\":\"WebPage\",\"@id\":\"http:\/\/carnaval.ticketrio.com.br\/en\/location-ticket-rio-carnival\/\",\"url\":\"http:\/\/carnaval.ticketrio.com.br\/en\/location-ticket-rio-carnival\/\",\"name\":\"Location - Ticket Rio - Billets Carnaval Rio, Karneval Rio de Janeiro Tickets, Tickets for Rio Carnival Sambadrome, Boletos Carnaval Rio, Entradas Carnaval Rio Samb\u00f3dromo\",\"isPartOf\":{\"@id\":\"https:\/\/carnaval.ticketrio.com.br\/#website\"},\"datePublished\":\"2015-05-12T20:07:05+00:00\",\"dateModified\":\"2017-05-05T16:21:13+00:00\",\"description\":\"rio carnival sambadrome tickets. Rio Carnaval Samb\u00f3dromo 2018. Rio Carnaval Entradas Samb\u00f3dromo. Rio Parade Tickets. Rio Carnaval billets. Rio karneval tickets. Rio carnavales biglietti.\",\"breadcrumb\":{\"@id\":\"http:\/\/carnaval.ticketrio.com.br\/en\/location-ticket-rio-carnival\/#breadcrumb\"},\"inLanguage\":\"de\",\"potentialAction\":[{\"@type\":\"ReadAction\",\"target\":[\"http:\/\/carnaval.ticketrio.com.br\/en\/location-ticket-rio-carnival\/\"]}]},{\"@type\":\"BreadcrumbList\",\"@id\":\"http:\/\/carnaval.ticketrio.com.br\/en\/location-ticket-rio-carnival\/#breadcrumb\",\"itemListElement\":[{\"@type\":\"ListItem\",\"position\":1,\"name\":\"In\u00edcio\",\"item\":\"https:\/\/carnaval.ticketrio.com.br\/\"},{\"@type\":\"ListItem\",\"position\":2,\"name\":\"Location\"}]},{\"@type\":\"WebSite\",\"@id\":\"https:\/\/carnaval.ticketrio.com.br\/#website\",\"url\":\"https:\/\/carnaval.ticketrio.com.br\/\",\"name\":\"Ticket Rio - Billets Carnaval Rio, Karneval Rio de Janeiro Tickets, Tickets for Rio Carnival Sambadrome, Boletos Carnaval Rio, Entradas Carnaval Rio Samb\u00f3dromo\",\"description\":\"Billets Carnaval Rio, Karneval Rio de Janeiro Tickets, Tickets for Rio Carnival Sambadrome, Boletos Carnaval Rio, Entradas Carnaval Rio Samb\u00f3dromo\",\"potentialAction\":[{\"@type\":\"SearchAction\",\"target\":{\"@type\":\"EntryPoint\",\"urlTemplate\":\"https:\/\/carnaval.ticketrio.com.br\/?s={search_term_string}\"},\"query-input\":{\"@type\":\"PropertyValueSpecification\",\"valueRequired\":true,\"valueName\":\"search_term_string\"}}],\"inLanguage\":\"de\"}]}<\/script>\n<!-- \/ Yoast SEO plugin. -->","yoast_head_json":{"title":"Location - Ticket Rio - Billets Carnaval Rio, Karneval Rio de Janeiro Tickets, Tickets for Rio Carnival Sambadrome, Boletos Carnaval Rio, Entradas Carnaval Rio Samb\u00f3dromo","description":"rio carnival sambadrome tickets. Rio Carnaval Samb\u00f3dromo 2018. Rio Carnaval Entradas Samb\u00f3dromo. Rio Parade Tickets. Rio Carnaval billets. Rio karneval tickets. Rio carnavales biglietti.","robots":{"index":"index","follow":"follow","max-snippet":"max-snippet:-1","max-image-preview":"max-image-preview:large","max-video-preview":"max-video-preview:-1"},"canonical":"http:\/\/carnaval.ticketrio.com.br\/en\/location-ticket-rio-carnival\/","og_locale":"de_DE","og_type":"article","og_title":"Location - Ticket Rio - Billets Carnaval Rio, Karneval Rio de Janeiro Tickets, Tickets for Rio Carnival Sambadrome, Boletos Carnaval Rio, Entradas Carnaval Rio Samb\u00f3dromo","og_description":"rio carnival sambadrome tickets. Rio Carnaval Samb\u00f3dromo 2018. Rio Carnaval Entradas Samb\u00f3dromo. Rio Parade Tickets. Rio Carnaval billets. Rio karneval tickets. Rio carnavales biglietti.","og_url":"http:\/\/carnaval.ticketrio.com.br\/en\/location-ticket-rio-carnival\/","og_site_name":"Ticket Rio - Billets Carnaval Rio, Karneval Rio de Janeiro Tickets, Tickets for Rio Carnival Sambadrome, Boletos Carnaval Rio, Entradas Carnaval Rio Samb\u00f3dromo","article_modified_time":"2017-05-05T16:21:13+00:00","twitter_card":"summary_large_image","schema":{"@context":"https:\/\/schema.org","@graph":[{"@type":"WebPage","@id":"http:\/\/carnaval.ticketrio.com.br\/en\/location-ticket-rio-carnival\/","url":"http:\/\/carnaval.ticketrio.com.br\/en\/location-ticket-rio-carnival\/","name":"Location - Ticket Rio - Billets Carnaval Rio, Karneval Rio de Janeiro Tickets, Tickets for Rio Carnival Sambadrome, Boletos Carnaval Rio, Entradas Carnaval Rio Samb\u00f3dromo","isPartOf":{"@id":"https:\/\/carnaval.ticketrio.com.br\/#website"},"datePublished":"2015-05-12T20:07:05+00:00","dateModified":"2017-05-05T16:21:13+00:00","description":"rio carnival sambadrome tickets. Rio Carnaval Samb\u00f3dromo 2018. Rio Carnaval Entradas Samb\u00f3dromo. Rio Parade Tickets. Rio Carnaval billets. Rio karneval tickets. Rio carnavales biglietti.","breadcrumb":{"@id":"http:\/\/carnaval.ticketrio.com.br\/en\/location-ticket-rio-carnival\/#breadcrumb"},"inLanguage":"de","potentialAction":[{"@type":"ReadAction","target":["http:\/\/carnaval.ticketrio.com.br\/en\/location-ticket-rio-carnival\/"]}]},{"@type":"BreadcrumbList","@id":"http:\/\/carnaval.ticketrio.com.br\/en\/location-ticket-rio-carnival\/#breadcrumb","itemListElement":[{"@type":"ListItem","position":1,"name":"In\u00edcio","item":"https:\/\/carnaval.ticketrio.com.br\/"},{"@type":"ListItem","position":2,"name":"Location"}]},{"@type":"WebSite","@id":"https:\/\/carnaval.ticketrio.com.br\/#website","url":"https:\/\/carnaval.ticketrio.com.br\/","name":"Ticket Rio - Billets Carnaval Rio, Karneval Rio de Janeiro Tickets, Tickets for Rio Carnival Sambadrome, Boletos Carnaval Rio, Entradas Carnaval Rio Samb\u00f3dromo","description":"Billets Carnaval Rio, Karneval Rio de Janeiro Tickets, Tickets for Rio Carnival Sambadrome, Boletos Carnaval Rio, Entradas Carnaval Rio Samb\u00f3dromo","potentialAction":[{"@type":"SearchAction","target":{"@type":"EntryPoint","urlTemplate":"https:\/\/carnaval.ticketrio.com.br\/?s={search_term_string}"},"query-input":{"@type":"PropertyValueSpecification","valueRequired":true,"valueName":"search_term_string"}}],"inLanguage":"de"}]}},"_links":{"self":[{"href":"https:\/\/carnaval.ticketrio.com.br\/de\/wp-json\/wp\/v2\/pages\/1131"}],"collection":[{"href":"https:\/\/carnaval.ticketrio.com.br\/de\/wp-json\/wp\/v2\/pages"}],"about":[{"href":"https:\/\/carnaval.ticketrio.com.br\/de\/wp-json\/wp\/v2\/types\/page"}],"author":[{"embeddable":true,"href":"https:\/\/carnaval.ticketrio.com.br\/de\/wp-json\/wp\/v2\/users\/1"}],"replies":[{"embeddable":true,"href":"https:\/\/carnaval.ticketrio.com.br\/de\/wp-json\/wp\/v2\/comments?post=1131"}],"version-history":[{"count":0,"href":"https:\/\/carnaval.ticketrio.com.br\/de\/wp-json\/wp\/v2\/pages\/1131\/revisions"}],"wp:attachment":[{"href":"https:\/\/carnaval.ticketrio.com.br\/de\/wp-json\/wp\/v2\/media?parent=1131"}],"curies":[{"name":"wp","href":"https:\/\/api.w.org\/{rel}","templated":true}]}}