{"id":1187,"date":"2015-05-13T17:27:12","date_gmt":"2015-05-13T17:27:12","guid":{"rendered":"http:\/\/www.ticketrio.com.br\/site\/?page_id=1187"},"modified":"2017-05-05T16:17:28","modified_gmt":"2017-05-05T16:17:28","slug":"transfer-carnival-sambadrome-rio","status":"publish","type":"page","link":"https:\/\/carnaval.ticketrio.com.br\/en\/rio-sambadrome-carnival-tickets\/transfer-carnival-sambadrome-rio\/","title":{"rendered":"Transfer Sambadrome"},"content":{"rendered":"<div class=\"panel-grid\" id=\"pg-0\"><div class=\"panel-grid-cell\" id=\"pgc-0-0\"><div class=\"panel widget widget_text panel-first-child\" id=\"panel-0-0-0\">\t\t\t<div class=\"textwidget\"><h1><span style=\"color: #003366;\"><strong>TRANSFER IN\/ OUT SAMBADROME RIO<\/strong><\/span><\/h1>\n<p style=\"text-align: justify;\">We offer transport services Hotel \/ Sambadrome \/ hotel.<\/p>\n<p style=\"text-align: justify;\">In our fleet we have buses, minibuses, vans and exclusive shipping.<\/p>\n<h1><span style=\"color: #003366;\">ALL SECTORS<\/span><\/h1>\n<h1 style=\"text-align: center;\"><span style=\"color: #ff6600; line-height: 1.6em;\">Transfer in \/ out + guide + safety for the Sambadrome<\/span><\/h1>\n<h2 style=\"text-align: justify;\"><span style=\"color: #003366;\"><strong>Description<\/strong><\/span><\/h2>\n<p style=\"text-align: justify;\"><strong><\/strong>ALL SECTORS  - Transfer in \/ out + guide + safety for the Sambadrome<\/p>\n<p style=\"text-align: justify;\">The buses have air conditioning, tv, video and recliners.<br \/>\nIndividual transfers, takes the leading hotels of the city center, the South Zone and Barra da Tijuca, for sambodromo and returns to the hotel.<\/p>\n<p style=\"text-align: justify;\"><span style=\"color: #003366;\"><strong>Package Includes:<\/strong><\/span> Transfer in \/ out + Guide + Security -  Sectors 2,3,4, 5,6, 7,8, 9,10 or 11<br \/>\nIndividual value for each event day.<\/p>\n<p style=\"text-align: justify;\">See the Transfer Script - Hotels and boarding times. (click below)<\/p>\n<\/div>\n\t\t<\/div><div class=\"panel widget widget_button panel-last-child\" id=\"panel-0-0-1\"><div class=\"button-container align-center\">\t\t\t<a href=\"http:\/\/www.carnivalticketrio.com\/categorias\/CARNIVAL-SERVICES\/Transfer-to-Sambodrome\/\" class=\"cta-button button \">\r\n\t\t\t\t<span>SHOP HERE<\/span>\r\n\t\t\t<\/a>\r\n\t\t\t<\/div><\/div><\/div><div class=\"panel-grid-cell\" id=\"pgc-0-1\"><div class=\"panel widget widget_text panel-first-child\" id=\"panel-0-1-0\">\t\t\t<div class=\"textwidget\">ngg_shortcode_0_placeholder<\/div>\n\t\t<\/div><div class=\"panel widget widget_cececepml-widget-text\" id=\"panel-0-1-1\"><h3 class=\"widget-title\">Itinerary Transfer Sambodrome 2016 &#8211; Click on the image bellow to see the entire file.<\/h3><\/div><div class=\"panel widget widget_siteorigin-image panel-last-child\" id=\"panel-0-1-2\"><a href=\"http:\/\/carnaval.ticketrio.com.br\/wp-content\/uploads\/2015\/06\/roteiros-carnaval-2016_TicketRio_ENGLISH.pdf\"><img decoding=\"async\" src=\"http:\/\/carnaval.ticketrio.com.br\/wp-content\/uploads\/2015\/07\/roteiros-carnaval-2016_TicketRio_ENGLISH-1.gif\" \/><\/a><\/div><\/div>\t<div class=\"clear\"><\/div><\/div>","protected":false},"excerpt":{"rendered":"<p>TRANSFER IN\/ OUT SAMBADROME RIO We offer transport services Hotel \/ Sambadrome \/ hotel. In our fleet we have buses, minibuses, vans and exclusive shipping. ALL SECTORS Transfer in \/ out + guide + safety for the Sambadrome Description ALL SECTORS &#8211; Transfer in \/ out + guide + safety for the Sambadrome The buses [&hellip;]<\/p>\n","protected":false},"author":1,"featured_media":0,"parent":1600,"menu_order":2,"comment_status":"closed","ping_status":"closed","template":"page-full.php","meta":{"ngg_post_thumbnail":0,"footnotes":""},"class_list":["post-1187","page","type-page","status-publish","hentry"],"yoast_head":"<!-- This site is optimized with the Yoast SEO plugin v23.5 - https:\/\/yoast.com\/wordpress\/plugins\/seo\/ -->\n<title>Transfer Sambadrome - Ticket Rio - Billets Carnaval Rio, Karneval Rio de Janeiro Tickets, Tickets for Rio Carnival Sambadrome, Boletos Carnaval Rio, Entradas Carnaval Rio Samb\u00f3dromo<\/title>\n<meta name=\"description\" content=\"rio carnival sambadrome tickets. Rio Carnaval Samb\u00f3dromo 2018. Rio Carnaval Entradas Samb\u00f3dromo. Rio Parade Tickets. Rio Carnaval billets. Rio karneval tickets. Rio carnavales biglietti.\" \/>\n<meta name=\"robots\" content=\"index, follow, max-snippet:-1, max-image-preview:large, max-video-preview:-1\" \/>\n<link rel=\"canonical\" href=\"http:\/\/carnaval.ticketrio.com.br\/en\/rio-sambadrome-carnival-tickets\/transfer-carnival-sambadrome-rio\/\" \/>\n<meta property=\"og:locale\" content=\"de_DE\" \/>\n<meta property=\"og:type\" content=\"article\" \/>\n<meta property=\"og:title\" content=\"Transfer Sambadrome - Ticket Rio - Billets Carnaval Rio, Karneval Rio de Janeiro Tickets, Tickets for Rio Carnival Sambadrome, Boletos Carnaval Rio, Entradas Carnaval Rio Samb\u00f3dromo\" \/>\n<meta property=\"og:description\" content=\"rio carnival sambadrome tickets. Rio Carnaval Samb\u00f3dromo 2018. Rio Carnaval Entradas Samb\u00f3dromo. Rio Parade Tickets. Rio Carnaval billets. Rio karneval tickets. Rio carnavales biglietti.\" \/>\n<meta property=\"og:url\" content=\"http:\/\/carnaval.ticketrio.com.br\/en\/rio-sambadrome-carnival-tickets\/transfer-carnival-sambadrome-rio\/\" \/>\n<meta property=\"og:site_name\" content=\"Ticket Rio - Billets Carnaval Rio, Karneval Rio de Janeiro Tickets, Tickets for Rio Carnival Sambadrome, Boletos Carnaval Rio, Entradas Carnaval Rio Samb\u00f3dromo\" \/>\n<meta property=\"article:modified_time\" content=\"2017-05-05T16:17:28+00:00\" \/>\n<meta name=\"twitter:card\" content=\"summary_large_image\" \/>\n<script type=\"application\/ld+json\" class=\"yoast-schema-graph\">{\"@context\":\"https:\/\/schema.org\",\"@graph\":[{\"@type\":\"WebPage\",\"@id\":\"http:\/\/carnaval.ticketrio.com.br\/en\/rio-sambadrome-carnival-tickets\/transfer-carnival-sambadrome-rio\/\",\"url\":\"http:\/\/carnaval.ticketrio.com.br\/en\/rio-sambadrome-carnival-tickets\/transfer-carnival-sambadrome-rio\/\",\"name\":\"Transfer Sambadrome - Ticket Rio - Billets Carnaval Rio, Karneval Rio de Janeiro Tickets, Tickets for Rio Carnival Sambadrome, Boletos Carnaval Rio, Entradas Carnaval Rio Samb\u00f3dromo\",\"isPartOf\":{\"@id\":\"https:\/\/carnaval.ticketrio.com.br\/#website\"},\"datePublished\":\"2015-05-13T17:27:12+00:00\",\"dateModified\":\"2017-05-05T16:17:28+00:00\",\"description\":\"rio carnival sambadrome tickets. Rio Carnaval Samb\u00f3dromo 2018. Rio Carnaval Entradas Samb\u00f3dromo. Rio Parade Tickets. Rio Carnaval billets. Rio karneval tickets. Rio carnavales biglietti.\",\"breadcrumb\":{\"@id\":\"http:\/\/carnaval.ticketrio.com.br\/en\/rio-sambadrome-carnival-tickets\/transfer-carnival-sambadrome-rio\/#breadcrumb\"},\"inLanguage\":\"de\",\"potentialAction\":[{\"@type\":\"ReadAction\",\"target\":[\"http:\/\/carnaval.ticketrio.com.br\/en\/rio-sambadrome-carnival-tickets\/transfer-carnival-sambadrome-rio\/\"]}]},{\"@type\":\"BreadcrumbList\",\"@id\":\"http:\/\/carnaval.ticketrio.com.br\/en\/rio-sambadrome-carnival-tickets\/transfer-carnival-sambadrome-rio\/#breadcrumb\",\"itemListElement\":[{\"@type\":\"ListItem\",\"position\":1,\"name\":\"In\u00edcio\",\"item\":\"https:\/\/carnaval.ticketrio.com.br\/\"},{\"@type\":\"ListItem\",\"position\":2,\"name\":\"Sambadrome\",\"item\":\"https:\/\/carnaval.ticketrio.com.br\/en\/rio-sambadrome-carnival-tickets\/\"},{\"@type\":\"ListItem\",\"position\":3,\"name\":\"Transfer Sambadrome\"}]},{\"@type\":\"WebSite\",\"@id\":\"https:\/\/carnaval.ticketrio.com.br\/#website\",\"url\":\"https:\/\/carnaval.ticketrio.com.br\/\",\"name\":\"Ticket Rio - Billets Carnaval Rio, Karneval Rio de Janeiro Tickets, Tickets for Rio Carnival Sambadrome, Boletos Carnaval Rio, Entradas Carnaval Rio Samb\u00f3dromo\",\"description\":\"Billets Carnaval Rio, Karneval Rio de Janeiro Tickets, Tickets for Rio Carnival Sambadrome, Boletos Carnaval Rio, Entradas Carnaval Rio Samb\u00f3dromo\",\"potentialAction\":[{\"@type\":\"SearchAction\",\"target\":{\"@type\":\"EntryPoint\",\"urlTemplate\":\"https:\/\/carnaval.ticketrio.com.br\/?s={search_term_string}\"},\"query-input\":{\"@type\":\"PropertyValueSpecification\",\"valueRequired\":true,\"valueName\":\"search_term_string\"}}],\"inLanguage\":\"de\"}]}<\/script>\n<!-- \/ Yoast SEO plugin. -->","yoast_head_json":{"title":"Transfer Sambadrome - Ticket Rio - Billets Carnaval Rio, Karneval Rio de Janeiro Tickets, Tickets for Rio Carnival Sambadrome, Boletos Carnaval Rio, Entradas Carnaval Rio Samb\u00f3dromo","description":"rio carnival sambadrome tickets. Rio Carnaval Samb\u00f3dromo 2018. Rio Carnaval Entradas Samb\u00f3dromo. Rio Parade Tickets. Rio Carnaval billets. Rio karneval tickets. Rio carnavales biglietti.","robots":{"index":"index","follow":"follow","max-snippet":"max-snippet:-1","max-image-preview":"max-image-preview:large","max-video-preview":"max-video-preview:-1"},"canonical":"http:\/\/carnaval.ticketrio.com.br\/en\/rio-sambadrome-carnival-tickets\/transfer-carnival-sambadrome-rio\/","og_locale":"de_DE","og_type":"article","og_title":"Transfer Sambadrome - Ticket Rio - Billets Carnaval Rio, Karneval Rio de Janeiro Tickets, Tickets for Rio Carnival Sambadrome, Boletos Carnaval Rio, Entradas Carnaval Rio Samb\u00f3dromo","og_description":"rio carnival sambadrome tickets. Rio Carnaval Samb\u00f3dromo 2018. Rio Carnaval Entradas Samb\u00f3dromo. Rio Parade Tickets. Rio Carnaval billets. Rio karneval tickets. Rio carnavales biglietti.","og_url":"http:\/\/carnaval.ticketrio.com.br\/en\/rio-sambadrome-carnival-tickets\/transfer-carnival-sambadrome-rio\/","og_site_name":"Ticket Rio - Billets Carnaval Rio, Karneval Rio de Janeiro Tickets, Tickets for Rio Carnival Sambadrome, Boletos Carnaval Rio, Entradas Carnaval Rio Samb\u00f3dromo","article_modified_time":"2017-05-05T16:17:28+00:00","twitter_card":"summary_large_image","schema":{"@context":"https:\/\/schema.org","@graph":[{"@type":"WebPage","@id":"http:\/\/carnaval.ticketrio.com.br\/en\/rio-sambadrome-carnival-tickets\/transfer-carnival-sambadrome-rio\/","url":"http:\/\/carnaval.ticketrio.com.br\/en\/rio-sambadrome-carnival-tickets\/transfer-carnival-sambadrome-rio\/","name":"Transfer Sambadrome - Ticket Rio - Billets Carnaval Rio, Karneval Rio de Janeiro Tickets, Tickets for Rio Carnival Sambadrome, Boletos Carnaval Rio, Entradas Carnaval Rio Samb\u00f3dromo","isPartOf":{"@id":"https:\/\/carnaval.ticketrio.com.br\/#website"},"datePublished":"2015-05-13T17:27:12+00:00","dateModified":"2017-05-05T16:17:28+00:00","description":"rio carnival sambadrome tickets. Rio Carnaval Samb\u00f3dromo 2018. Rio Carnaval Entradas Samb\u00f3dromo. Rio Parade Tickets. Rio Carnaval billets. Rio karneval tickets. Rio carnavales biglietti.","breadcrumb":{"@id":"http:\/\/carnaval.ticketrio.com.br\/en\/rio-sambadrome-carnival-tickets\/transfer-carnival-sambadrome-rio\/#breadcrumb"},"inLanguage":"de","potentialAction":[{"@type":"ReadAction","target":["http:\/\/carnaval.ticketrio.com.br\/en\/rio-sambadrome-carnival-tickets\/transfer-carnival-sambadrome-rio\/"]}]},{"@type":"BreadcrumbList","@id":"http:\/\/carnaval.ticketrio.com.br\/en\/rio-sambadrome-carnival-tickets\/transfer-carnival-sambadrome-rio\/#breadcrumb","itemListElement":[{"@type":"ListItem","position":1,"name":"In\u00edcio","item":"https:\/\/carnaval.ticketrio.com.br\/"},{"@type":"ListItem","position":2,"name":"Sambadrome","item":"https:\/\/carnaval.ticketrio.com.br\/en\/rio-sambadrome-carnival-tickets\/"},{"@type":"ListItem","position":3,"name":"Transfer Sambadrome"}]},{"@type":"WebSite","@id":"https:\/\/carnaval.ticketrio.com.br\/#website","url":"https:\/\/carnaval.ticketrio.com.br\/","name":"Ticket Rio - Billets Carnaval Rio, Karneval Rio de Janeiro Tickets, Tickets for Rio Carnival Sambadrome, Boletos Carnaval Rio, Entradas Carnaval Rio Samb\u00f3dromo","description":"Billets Carnaval Rio, Karneval Rio de Janeiro Tickets, Tickets for Rio Carnival Sambadrome, Boletos Carnaval Rio, Entradas Carnaval Rio Samb\u00f3dromo","potentialAction":[{"@type":"SearchAction","target":{"@type":"EntryPoint","urlTemplate":"https:\/\/carnaval.ticketrio.com.br\/?s={search_term_string}"},"query-input":{"@type":"PropertyValueSpecification","valueRequired":true,"valueName":"search_term_string"}}],"inLanguage":"de"}]}},"_links":{"self":[{"href":"https:\/\/carnaval.ticketrio.com.br\/de\/wp-json\/wp\/v2\/pages\/1187"}],"collection":[{"href":"https:\/\/carnaval.ticketrio.com.br\/de\/wp-json\/wp\/v2\/pages"}],"about":[{"href":"https:\/\/carnaval.ticketrio.com.br\/de\/wp-json\/wp\/v2\/types\/page"}],"author":[{"embeddable":true,"href":"https:\/\/carnaval.ticketrio.com.br\/de\/wp-json\/wp\/v2\/users\/1"}],"replies":[{"embeddable":true,"href":"https:\/\/carnaval.ticketrio.com.br\/de\/wp-json\/wp\/v2\/comments?post=1187"}],"version-history":[{"count":0,"href":"https:\/\/carnaval.ticketrio.com.br\/de\/wp-json\/wp\/v2\/pages\/1187\/revisions"}],"up":[{"embeddable":true,"href":"https:\/\/carnaval.ticketrio.com.br\/de\/wp-json\/wp\/v2\/pages\/1600"}],"wp:attachment":[{"href":"https:\/\/carnaval.ticketrio.com.br\/de\/wp-json\/wp\/v2\/media?parent=1187"}],"curies":[{"name":"wp","href":"https:\/\/api.w.org\/{rel}","templated":true}]}}