{"id":1744,"date":"2015-06-01T19:12:46","date_gmt":"2015-06-01T19:12:46","guid":{"rendered":"http:\/\/www.ticketrio.com.br\/site\/?page_id=1744"},"modified":"2019-08-07T15:44:00","modified_gmt":"2019-08-07T15:44:00","slug":"entradas-rio-carnaval-sambodromo","status":"publish","type":"page","link":"https:\/\/carnaval.ticketrio.com.br\/es\/entradas-rio-carnaval-sambodromo\/","title":{"rendered":"Entradas Rio Carnaval"},"content":{"rendered":"<div class=\"panel-grid\" id=\"pg-0\"><div class=\"panel-grid-cell\" id=\"pgc-0-0\"><div class=\"panel widget widget_text panel-first-child\" id=\"panel-0-0-0\"><h3 class=\"widget-title\">Entradas Carnaval Rio<\/h3>\t\t\t<div class=\"textwidget\"><p>Ticket R\u00edo est\u00e1 presente en el Carnaval de R\u00edo de Janeiro en 10 a\u00f1os. Nuestra agencia de viajes especializada en el Carnaval de R\u00edo. Ofrecemos todo tipo de entradas para el Sapuca\u00ed, nuestros paquetes pueden incluir hotel y traslado in \/ out. Todo packeage incluyen regalos. Disfrute del mayor espect\u00e1culo del mundo en nuestras cajas delanteros c\u00f3modos, suites de lujo o s\u00faper sala VIP o disfrutar de los momentos emocionantes en los asientos de Tribuna ou Sillas asignados<\/p>\n<\/div>\n\t\t<\/div><div class=\"panel widget widget_button panel-last-child\" id=\"panel-0-0-1\"><div class=\"button-container align-center\">\t\t\t<a href=\"http:\/\/www.carnavalticketrio.com\/\" class=\"cta-button button \">\r\n\t\t\t\t<span>VENTA DE ENTRADAS<\/span>\r\n\t\t\t<\/a>\r\n\t\t\t<\/div><\/div><\/div>\t<div class=\"clear\"><\/div><\/div><div class=\"panel-grid\" id=\"pg-1\"><div class=\"panel-grid-cell\" id=\"pgc-1-0\"><div class=\"panel widget widget_siteorigin-image panel-first-child panel-last-child\" id=\"panel-1-0-0\"><a href=\"http:\/\/carnaval.ticketrio.com.br\/es\/entradas-carnaval\/1978-2\/\"><img decoding=\"async\" src=\"http:\/\/carnaval.ticketrio.com.br\/wp-content\/uploads\/2015\/06\/tribunas.jpg\" \/><\/a><\/div><\/div><div class=\"panel-grid-cell\" id=\"pgc-1-1\"><div class=\"panel widget widget_siteorigin-image panel-first-child panel-last-child\" id=\"panel-1-1-0\"><a href=\"http:\/\/carnaval.ticketrio.com.br\/es\/entradas-carnaval\/presidente-numeradas\/\"><img decoding=\"async\" src=\"http:\/\/carnaval.ticketrio.com.br\/wp-content\/uploads\/2015\/06\/presidentenumeradas.jpg\" \/><\/a><\/div><\/div><div class=\"panel-grid-cell\" id=\"pgc-1-2\"><div class=\"panel widget widget_siteorigin-image panel-first-child panel-last-child\" id=\"panel-1-2-0\"><a href=\"http:\/\/carnaval.ticketrio.com.br\/es\/entradas-carnaval\/caja-frontal\/\"><img decoding=\"async\" src=\"http:\/\/carnaval.ticketrio.com.br\/wp-content\/uploads\/2015\/06\/cajafrontal.jpg\" \/><\/a><\/div><\/div><div class=\"panel-grid-cell\" id=\"pgc-1-3\"><div class=\"panel widget widget_siteorigin-image panel-first-child panel-last-child\" id=\"panel-1-3-0\"><a href=\"http:\/\/carnaval.ticketrio.com.br\/es\/entradas-carnaval\/suite-de-lujo\/\"><img decoding=\"async\" src=\"http:\/\/carnaval.ticketrio.com.br\/wp-content\/uploads\/2015\/06\/suitedelujo.jpg\" \/><\/a><\/div><\/div><div class=\"panel-grid-cell\" id=\"pgc-1-4\"><div class=\"panel widget widget_siteorigin-image panel-first-child panel-last-child\" id=\"panel-1-4-0\"><a href=\"http:\/\/carnaval.ticketrio.com.br\/es\/entradas-carnaval\/super-vip-lounge\/\"><img decoding=\"async\" src=\"http:\/\/carnaval.ticketrio.com.br\/wp-content\/uploads\/2015\/06\/s\u00faperviplounge.jpg\" \/><\/a><\/div><\/div>\t<div class=\"clear\"><\/div><\/div><div class=\"panel-grid\" id=\"pg-2\"><div class=\"panel-grid-cell\" id=\"pgc-2-0\"><div class=\"panel widget widget_button panel-first-child panel-last-child\" id=\"panel-2-0-0\"><div class=\"button-container align-center\">\t\t\t<a href=\"http:\/\/carnaval.ticketrio.com.br\/es\/sambodromo-2\/desfile-de-las-escuelas-de-samba\/\" class=\"cta-button button \">\r\n\t\t\t\t<span>DESFILE DE SAMBA ESCOALS<\/span>\r\n\t\t\t<\/a>\r\n\t\t\t<\/div><\/div><\/div><div class=\"panel-grid-cell\" id=\"pgc-2-1\"><div class=\"panel widget widget_button panel-first-child panel-last-child\" id=\"panel-2-1-0\"><div class=\"button-container align-center\">\t\t\t<a href=\"http:\/\/carnaval.ticketrio.com.br\/es\/sambodromo\/\" class=\"cta-button button \">\r\n\t\t\t\t<span>SAMB\u00d3DROMO<\/span>\r\n\t\t\t<\/a>\r\n\t\t\t<\/div><\/div><\/div><div class=\"panel-grid-cell\" id=\"pgc-2-2\"><div class=\"panel widget widget_button panel-first-child panel-last-child\" id=\"panel-2-2-0\"><div class=\"button-container align-center\">\t\t\t<a href=\"http:\/\/carnaval.ticketrio.com.br\/es\/sambodromo-2\/transfer-sambodromo\/\" class=\"cta-button button \">\r\n\t\t\t\t<span>TRANSFER<\/span>\r\n\t\t\t<\/a>\r\n\t\t\t<\/div><\/div><\/div><div class=\"panel-grid-cell\" id=\"pgc-2-3\"><div class=\"panel widget widget_button panel-first-child panel-last-child\" id=\"panel-2-3-0\"><div class=\"button-container align-center\">\t\t\t<a href=\"http:\/\/carnaval.ticketrio.com.br\/es\/sambodromo-2\/mapa-do-sambodromo\/\" class=\"cta-button button \">\r\n\t\t\t\t<span>HOTELS<\/span>\r\n\t\t\t<\/a>\r\n\t\t\t<\/div><\/div><\/div>\t<div class=\"clear\"><\/div><\/div>","protected":false},"excerpt":{"rendered":"<p>Entradas Carnaval Rio Ticket R\u00edo est\u00e1 presente en el Carnaval de R\u00edo de Janeiro en 10 a\u00f1os. Nuestra agencia de viajes especializada en el Carnaval de R\u00edo. Ofrecemos todo tipo de entradas para el Sapuca\u00ed, nuestros paquetes pueden incluir hotel y traslado in \/ out. Todo packeage incluyen regalos. Disfrute del mayor espect\u00e1culo del mundo [&hellip;]<\/p>\n","protected":false},"author":1,"featured_media":0,"parent":0,"menu_order":2,"comment_status":"closed","ping_status":"closed","template":"page-full.php","meta":{"ngg_post_thumbnail":0,"footnotes":""},"class_list":["post-1744","page","type-page","status-publish","hentry"],"yoast_head":"<!-- This site is optimized with the Yoast SEO plugin v23.5 - https:\/\/yoast.com\/wordpress\/plugins\/seo\/ -->\n<title>Carnaval Rio de Janeiro Entradas Samb\u00f3dromo Samba Parade<\/title>\n<meta name=\"description\" content=\"Compre Entradas para el Carnaval de Rio para Samb\u00f3dromo Rio de Janeiro\" \/>\n<meta name=\"robots\" content=\"index, follow, max-snippet:-1, max-image-preview:large, max-video-preview:-1\" \/>\n<link rel=\"canonical\" href=\"http:\/\/carnaval.ticketrio.com.br\/es\/entradas-rio-carnaval-sambodromo\/\" \/>\n<meta property=\"og:locale\" content=\"de_DE\" \/>\n<meta property=\"og:type\" content=\"article\" \/>\n<meta property=\"og:title\" content=\"Carnaval Rio de Janeiro Entradas Samb\u00f3dromo Samba Parade\" \/>\n<meta property=\"og:description\" content=\"Compre Entradas para el Carnaval de Rio para Samb\u00f3dromo Rio de Janeiro\" \/>\n<meta property=\"og:url\" content=\"http:\/\/carnaval.ticketrio.com.br\/es\/entradas-rio-carnaval-sambodromo\/\" \/>\n<meta property=\"og:site_name\" content=\"Ticket Rio - Billets Carnaval Rio, Karneval Rio de Janeiro Tickets, Tickets for Rio Carnival Sambadrome, Boletos Carnaval Rio, Entradas Carnaval Rio Samb\u00f3dromo\" \/>\n<meta property=\"article:modified_time\" content=\"2019-08-07T15:44:00+00:00\" \/>\n<meta name=\"twitter:card\" content=\"summary_large_image\" \/>\n<script type=\"application\/ld+json\" class=\"yoast-schema-graph\">{\"@context\":\"https:\/\/schema.org\",\"@graph\":[{\"@type\":\"WebPage\",\"@id\":\"http:\/\/carnaval.ticketrio.com.br\/es\/entradas-rio-carnaval-sambodromo\/\",\"url\":\"http:\/\/carnaval.ticketrio.com.br\/es\/entradas-rio-carnaval-sambodromo\/\",\"name\":\"Carnaval Rio de Janeiro Entradas Samb\u00f3dromo Samba Parade\",\"isPartOf\":{\"@id\":\"https:\/\/carnaval.ticketrio.com.br\/#website\"},\"datePublished\":\"2015-06-01T19:12:46+00:00\",\"dateModified\":\"2019-08-07T15:44:00+00:00\",\"description\":\"Compre Entradas para el Carnaval de Rio para Samb\u00f3dromo Rio de Janeiro\",\"breadcrumb\":{\"@id\":\"http:\/\/carnaval.ticketrio.com.br\/es\/entradas-rio-carnaval-sambodromo\/#breadcrumb\"},\"inLanguage\":\"de\",\"potentialAction\":[{\"@type\":\"ReadAction\",\"target\":[\"http:\/\/carnaval.ticketrio.com.br\/es\/entradas-rio-carnaval-sambodromo\/\"]}]},{\"@type\":\"BreadcrumbList\",\"@id\":\"http:\/\/carnaval.ticketrio.com.br\/es\/entradas-rio-carnaval-sambodromo\/#breadcrumb\",\"itemListElement\":[{\"@type\":\"ListItem\",\"position\":1,\"name\":\"In\u00edcio\",\"item\":\"https:\/\/carnaval.ticketrio.com.br\/\"},{\"@type\":\"ListItem\",\"position\":2,\"name\":\"Entradas Rio Carnaval\"}]},{\"@type\":\"WebSite\",\"@id\":\"https:\/\/carnaval.ticketrio.com.br\/#website\",\"url\":\"https:\/\/carnaval.ticketrio.com.br\/\",\"name\":\"Ticket Rio - Billets Carnaval Rio, Karneval Rio de Janeiro Tickets, Tickets for Rio Carnival Sambadrome, Boletos Carnaval Rio, Entradas Carnaval Rio Samb\u00f3dromo\",\"description\":\"Billets Carnaval Rio, Karneval Rio de Janeiro Tickets, Tickets for Rio Carnival Sambadrome, Boletos Carnaval Rio, Entradas Carnaval Rio Samb\u00f3dromo\",\"potentialAction\":[{\"@type\":\"SearchAction\",\"target\":{\"@type\":\"EntryPoint\",\"urlTemplate\":\"https:\/\/carnaval.ticketrio.com.br\/?s={search_term_string}\"},\"query-input\":{\"@type\":\"PropertyValueSpecification\",\"valueRequired\":true,\"valueName\":\"search_term_string\"}}],\"inLanguage\":\"de\"}]}<\/script>\n<!-- \/ Yoast SEO plugin. -->","yoast_head_json":{"title":"Carnaval Rio de Janeiro Entradas Samb\u00f3dromo Samba Parade","description":"Compre Entradas para el Carnaval de Rio para Samb\u00f3dromo Rio de Janeiro","robots":{"index":"index","follow":"follow","max-snippet":"max-snippet:-1","max-image-preview":"max-image-preview:large","max-video-preview":"max-video-preview:-1"},"canonical":"http:\/\/carnaval.ticketrio.com.br\/es\/entradas-rio-carnaval-sambodromo\/","og_locale":"de_DE","og_type":"article","og_title":"Carnaval Rio de Janeiro Entradas Samb\u00f3dromo Samba Parade","og_description":"Compre Entradas para el Carnaval de Rio para Samb\u00f3dromo Rio de Janeiro","og_url":"http:\/\/carnaval.ticketrio.com.br\/es\/entradas-rio-carnaval-sambodromo\/","og_site_name":"Ticket Rio - Billets Carnaval Rio, Karneval Rio de Janeiro Tickets, Tickets for Rio Carnival Sambadrome, Boletos Carnaval Rio, Entradas Carnaval Rio Samb\u00f3dromo","article_modified_time":"2019-08-07T15:44:00+00:00","twitter_card":"summary_large_image","schema":{"@context":"https:\/\/schema.org","@graph":[{"@type":"WebPage","@id":"http:\/\/carnaval.ticketrio.com.br\/es\/entradas-rio-carnaval-sambodromo\/","url":"http:\/\/carnaval.ticketrio.com.br\/es\/entradas-rio-carnaval-sambodromo\/","name":"Carnaval Rio de Janeiro Entradas Samb\u00f3dromo Samba Parade","isPartOf":{"@id":"https:\/\/carnaval.ticketrio.com.br\/#website"},"datePublished":"2015-06-01T19:12:46+00:00","dateModified":"2019-08-07T15:44:00+00:00","description":"Compre Entradas para el Carnaval de Rio para Samb\u00f3dromo Rio de Janeiro","breadcrumb":{"@id":"http:\/\/carnaval.ticketrio.com.br\/es\/entradas-rio-carnaval-sambodromo\/#breadcrumb"},"inLanguage":"de","potentialAction":[{"@type":"ReadAction","target":["http:\/\/carnaval.ticketrio.com.br\/es\/entradas-rio-carnaval-sambodromo\/"]}]},{"@type":"BreadcrumbList","@id":"http:\/\/carnaval.ticketrio.com.br\/es\/entradas-rio-carnaval-sambodromo\/#breadcrumb","itemListElement":[{"@type":"ListItem","position":1,"name":"In\u00edcio","item":"https:\/\/carnaval.ticketrio.com.br\/"},{"@type":"ListItem","position":2,"name":"Entradas Rio Carnaval"}]},{"@type":"WebSite","@id":"https:\/\/carnaval.ticketrio.com.br\/#website","url":"https:\/\/carnaval.ticketrio.com.br\/","name":"Ticket Rio - Billets Carnaval Rio, Karneval Rio de Janeiro Tickets, Tickets for Rio Carnival Sambadrome, Boletos Carnaval Rio, Entradas Carnaval Rio Samb\u00f3dromo","description":"Billets Carnaval Rio, Karneval Rio de Janeiro Tickets, Tickets for Rio Carnival Sambadrome, Boletos Carnaval Rio, Entradas Carnaval Rio Samb\u00f3dromo","potentialAction":[{"@type":"SearchAction","target":{"@type":"EntryPoint","urlTemplate":"https:\/\/carnaval.ticketrio.com.br\/?s={search_term_string}"},"query-input":{"@type":"PropertyValueSpecification","valueRequired":true,"valueName":"search_term_string"}}],"inLanguage":"de"}]}},"_links":{"self":[{"href":"https:\/\/carnaval.ticketrio.com.br\/de\/wp-json\/wp\/v2\/pages\/1744"}],"collection":[{"href":"https:\/\/carnaval.ticketrio.com.br\/de\/wp-json\/wp\/v2\/pages"}],"about":[{"href":"https:\/\/carnaval.ticketrio.com.br\/de\/wp-json\/wp\/v2\/types\/page"}],"author":[{"embeddable":true,"href":"https:\/\/carnaval.ticketrio.com.br\/de\/wp-json\/wp\/v2\/users\/1"}],"replies":[{"embeddable":true,"href":"https:\/\/carnaval.ticketrio.com.br\/de\/wp-json\/wp\/v2\/comments?post=1744"}],"version-history":[{"count":0,"href":"https:\/\/carnaval.ticketrio.com.br\/de\/wp-json\/wp\/v2\/pages\/1744\/revisions"}],"wp:attachment":[{"href":"https:\/\/carnaval.ticketrio.com.br\/de\/wp-json\/wp\/v2\/media?parent=1744"}],"curies":[{"name":"wp","href":"https:\/\/api.w.org\/{rel}","templated":true}]}}