{"id":1764,"date":"2015-06-02T14:50:23","date_gmt":"2015-06-02T14:50:23","guid":{"rendered":"http:\/\/www.ticketrio.com.br\/site\/?page_id=1764"},"modified":"2018-06-19T17:14:19","modified_gmt":"2018-06-19T17:14:19","slug":"contact-ticket-rio-carnaval","status":"publish","type":"page","link":"https:\/\/carnaval.ticketrio.com.br\/fr\/contact-ticket-rio-carnaval\/","title":{"rendered":"Contact"},"content":{"rendered":"<div class=\"panel-grid\" id=\"pg-0\"><div class=\"panel-grid-cell\" id=\"pgc-0-0\"><div class=\"panel widget widget_text panel-first-child\" id=\"panel-0-0-0\"><h3 class=\"widget-title\">Email<\/h3>\t\t\t<div class=\"textwidget\"><h2><span style=\"color: #003366;\">Contactez notre client\u00e8le:<\/span> atendimento@ticketrio.com.br<\/h2><\/div>\n\t\t<\/div><div class=\"panel widget widget_text\" id=\"panel-0-0-1\">\t\t\t<div class=\"textwidget\"><h1><span style=\"color: #003366;\">T\u00c9L\u00c9PHONES<\/span><\/h1>\n<h2><span style=\"color: #003366;\">:<\/span> 55 21 3982-1515 \/ 2025-5000<\/h2>\n<h2><span style=\"color: #003366;\">Portable Nextel:<\/span> 55 21 97879-0895 \/ ID.: 12*30571<\/h2>\n<h2><span style=\"color: #003366;\">Portable Vivo:<\/span> 55 21 98636-1515<\/h2>\n<h2><span style=\"color: #003366;\">Portable Tim:<\/span> 55 21 98215-7172<\/h2>\n<h2><span style=\"color: #003366;\">Portable Claro:<\/span> 55 21 99293-2333<\/h2>\n<h2><span style=\"color: #003366;\">Portable Oi:<\/span> 55 21 98502-7519<\/h2>\n<\/div>\n\t\t<\/div><div class=\"panel widget widget_text panel-last-child\" id=\"panel-0-0-2\"><h3 class=\"widget-title\">Ou si vous pr\u00e9f\u00e9rez remplir le formulaire ci-dessous et nous allons bient\u00f4t vous contacter.<\/h3>\t\t\t<div class=\"textwidget\"><div role=\"form\" class=\"wpcf7\" id=\"wpcf7-f2505-o1\" dir=\"ltr\">\n<div class=\"screen-reader-response\"><\/div>\n<form action=\"\/de\/wp-json\/wp\/v2\/pages\/1764#wpcf7-f2505-o1\" method=\"post\" class=\"wpcf7-form\" novalidate=\"novalidate\">\n<div style=\"display: none;\">\n<input type=\"hidden\" name=\"_wpcf7\" value=\"2505\" \/>\n<input type=\"hidden\" name=\"_wpcf7_version\" value=\"5.0.1\" \/>\n<input type=\"hidden\" name=\"_wpcf7_locale\" value=\"\" \/>\n<input type=\"hidden\" name=\"_wpcf7_unit_tag\" value=\"wpcf7-f2505-o1\" \/>\n<input type=\"hidden\" name=\"_wpcf7_container_post\" value=\"0\" \/>\n<\/div>\n<p>Nome (*): <span class=\"wpcf7-form-control-wrap your-name\"><input type=\"text\" name=\"your-name\" value=\"\" size=\"40\" class=\"wpcf7-form-control wpcf7-text wpcf7-validates-as-required\" aria-required=\"true\" aria-invalid=\"false\" \/><\/span> <\/p>\n<p>E-mail (*): <span class=\"wpcf7-form-control-wrap your-email\"><input type=\"email\" name=\"your-email\" value=\"\" size=\"40\" class=\"wpcf7-form-control wpcf7-text wpcf7-email wpcf7-validates-as-required wpcf7-validates-as-email\" aria-required=\"true\" aria-invalid=\"false\" \/><\/span> <\/p>\n<p>Assunto: <span class=\"wpcf7-form-control-wrap menuassunto\"><select name=\"menuassunto\" class=\"wpcf7-form-control wpcf7-select\" aria-invalid=\"false\"><option value=\"Informa\u00e7\u00f5es\">Informa\u00e7\u00f5es<\/option><option value=\"D\u00favidas\">D\u00favidas<\/option><option value=\"Cr\u00edticas \/ Sugest\u00f5es\">Cr\u00edticas \/ Sugest\u00f5es<\/option><\/select><\/span> <\/p>\n<p>Mensagem<br \/>\n    <span class=\"wpcf7-form-control-wrap your-message\"><textarea name=\"your-message\" cols=\"40\" rows=\"10\" class=\"wpcf7-form-control wpcf7-textarea\" aria-invalid=\"false\"><\/textarea><\/span> <\/p>\n<p><input type=\"submit\" value=\"Enviar\" class=\"wpcf7-form-control wpcf7-submit\" \/><\/p>\n<div class=\"wpcf7-response-output wpcf7-display-none\"><\/div><\/form><\/div><\/div>\n\t\t<\/div><\/div><div class=\"panel-grid-cell\" id=\"pgc-0-1\"><div class=\"panel widget widget_text panel-first-child\" id=\"panel-0-1-0\"><h3 class=\"widget-title\">Le chat en ligne avec nos experts!<\/h3>\t\t\t<div class=\"textwidget\">Service du lundi au vendredi : de 09h \u00e0 18h (avec arr\u00eat pour la pause d\u00e9jeuner )\r\n<br>\r\n\r\n<script language=\"JavaScript\" src=\"https:\/\/www.chatcomercial.com.br\/livehelp\/lib\/javascript\/support_status.php?COMPANY_ID=13537&SITE_ID=15904&ssl=1\"><\/script>\r\n<!--IN\u00cdCIO RASTREADOR - TRACK -->\t\r\n<script language=\"JavaScript\" >\r\nvar _webtrack_domain = \"https:\/\/www.chatcomercial.com.br\/livehelp\/\";\r\nvar _webtrack_company_id = 13537;\r\nvar _webtrack_site_id = 15904;\r\nvar _webtrack_domain_chatwindow = \"https:\/\/www.chatcomercial.com.br\/livehelp\/\";\r\nvar _webtrack_variables = new Array();\r\nvar _webtrack_ssl = 1;\r\n<\/script>\r\n<script language='JavaScript' src='https:\/\/www.chatcomercial.com.br\/livehelp\/lib\/javascript\/webtrack.js'><\/script>\r\n<!--FIM RASTREADOR --><\/div>\n\t\t<\/div><div class=\"panel widget widget_icon-text\" id=\"panel-0-1-1\"><h3 class=\"widget-title\">Skype US !!!  Conf\u00e9rence t\u00e9l\u00e9phonique disponible! Ajoutez-nous sur Skype <\/h3><div class=\"feature-icon\"><img loading=\"lazy\" decoding=\"async\" width=\"150\" height=\"150\" src=\"https:\/\/carnaval.ticketrio.com.br\/wp-content\/uploads\/2015\/05\/skype_question-150x150.png\" class=\"attachment-thumbnail size-thumbnail\" alt=\"\" \/><\/div><div class=\"widget-text entry-content\"><p>Skype: ticketrioturismo<\/p>\n<\/div><\/div><div class=\"panel widget widget_text\" id=\"panel-0-1-2\"><h3 class=\"widget-title\">adresse<\/h3>\t\t\t<div class=\"textwidget\">Av. das Am\u00e9ricas, 700 Loja 201 A Bl. 8 Shopping Citt\u00e1 Am\u00e9rica - Barra da Tijuca - Rio de Janeiro<\/div>\n\t\t<\/div><div class=\"panel widget widget_text panel-last-child\" id=\"panel-0-1-3\"><h3 class=\"widget-title\">Retrouvez-nous sur la carte<\/h3>\t\t\t<div class=\"textwidget\"><iframe src=\"https:\/\/www.google.com\/maps\/embed?pb=!1m14!1m12!1m3!1d235198.6814263698!2d-43.44598205000001!3d-22.91413074999999!2m3!1f0!2f0!3f0!3m2!1i1024!2i768!4f13.1!5e0!3m2!1sen!2sbr!4v1432923632131\" frameborder=\"0\" style=\"border:0\"><\/iframe><\/div>\n\t\t<\/div><\/div>\t<div class=\"clear\"><\/div><\/div>","protected":false},"excerpt":{"rendered":"<p>Email Contactez notre client\u00e8le: atendimento@ticketrio.com.br T\u00c9L\u00c9PHONES : 55 21 3982-1515 \/ 2025-5000 Portable Nextel: 55 21 97879-0895 \/ ID.: 12*30571 Portable Vivo: 55 21 98636-1515 Portable Tim: 55 21 98215-7172 Portable Claro: 55 21 99293-2333 Portable Oi: 55 21 98502-7519 Ou si vous pr\u00e9f\u00e9rez remplir le formulaire ci-dessous et nous allons bient\u00f4t vous contacter. Nome [&hellip;]<\/p>\n","protected":false},"author":1,"featured_media":0,"parent":0,"menu_order":6,"comment_status":"closed","ping_status":"closed","template":"page-full.php","meta":{"ngg_post_thumbnail":0,"footnotes":""},"class_list":["post-1764","page","type-page","status-publish","hentry"],"yoast_head":"<!-- This site is optimized with the Yoast SEO plugin v23.5 - https:\/\/yoast.com\/wordpress\/plugins\/seo\/ -->\n<title>Contact - Ticket Rio - Billets Carnaval Rio, Karneval Rio de Janeiro Tickets, Tickets for Rio Carnival Sambadrome, Boletos Carnaval Rio, Entradas Carnaval Rio Samb\u00f3dromo<\/title>\n<meta name=\"description\" content=\"rio carnival sambadrome tickets. Rio Carnaval Samb\u00f3dromo 2018. Rio Carnaval Entradas Samb\u00f3dromo. Rio Parade Tickets. Rio Carnaval billets. Rio karneval tickets. Rio carnavales biglietti.\" \/>\n<meta name=\"robots\" content=\"index, follow, max-snippet:-1, max-image-preview:large, max-video-preview:-1\" \/>\n<link rel=\"canonical\" href=\"https:\/\/carnaval.ticketrio.com.br\/fr\/contact-ticket-rio-carnaval\/\" \/>\n<meta property=\"og:locale\" content=\"de_DE\" \/>\n<meta property=\"og:type\" content=\"article\" \/>\n<meta property=\"og:title\" content=\"Contact - Ticket Rio - Billets Carnaval Rio, Karneval Rio de Janeiro Tickets, Tickets for Rio Carnival Sambadrome, Boletos Carnaval Rio, Entradas Carnaval Rio Samb\u00f3dromo\" \/>\n<meta property=\"og:description\" content=\"rio carnival sambadrome tickets. Rio Carnaval Samb\u00f3dromo 2018. Rio Carnaval Entradas Samb\u00f3dromo. Rio Parade Tickets. Rio Carnaval billets. Rio karneval tickets. Rio carnavales biglietti.\" \/>\n<meta property=\"og:url\" content=\"https:\/\/carnaval.ticketrio.com.br\/fr\/contact-ticket-rio-carnaval\/\" \/>\n<meta property=\"og:site_name\" content=\"Ticket Rio - Billets Carnaval Rio, Karneval Rio de Janeiro Tickets, Tickets for Rio Carnival Sambadrome, Boletos Carnaval Rio, Entradas Carnaval Rio Samb\u00f3dromo\" \/>\n<meta property=\"article:modified_time\" content=\"2018-06-19T17:14:19+00:00\" \/>\n<meta name=\"twitter:card\" content=\"summary_large_image\" \/>\n<script type=\"application\/ld+json\" class=\"yoast-schema-graph\">{\"@context\":\"https:\/\/schema.org\",\"@graph\":[{\"@type\":\"WebPage\",\"@id\":\"https:\/\/carnaval.ticketrio.com.br\/fr\/contact-ticket-rio-carnaval\/\",\"url\":\"https:\/\/carnaval.ticketrio.com.br\/fr\/contact-ticket-rio-carnaval\/\",\"name\":\"Contact - Ticket Rio - Billets Carnaval Rio, Karneval Rio de Janeiro Tickets, Tickets for Rio Carnival Sambadrome, Boletos Carnaval Rio, Entradas Carnaval Rio Samb\u00f3dromo\",\"isPartOf\":{\"@id\":\"https:\/\/carnaval.ticketrio.com.br\/#website\"},\"datePublished\":\"2015-06-02T14:50:23+00:00\",\"dateModified\":\"2018-06-19T17:14:19+00:00\",\"description\":\"rio carnival sambadrome tickets. Rio Carnaval Samb\u00f3dromo 2018. Rio Carnaval Entradas Samb\u00f3dromo. Rio Parade Tickets. Rio Carnaval billets. Rio karneval tickets. Rio carnavales biglietti.\",\"breadcrumb\":{\"@id\":\"https:\/\/carnaval.ticketrio.com.br\/fr\/contact-ticket-rio-carnaval\/#breadcrumb\"},\"inLanguage\":\"de\",\"potentialAction\":[{\"@type\":\"ReadAction\",\"target\":[\"https:\/\/carnaval.ticketrio.com.br\/fr\/contact-ticket-rio-carnaval\/\"]}]},{\"@type\":\"BreadcrumbList\",\"@id\":\"https:\/\/carnaval.ticketrio.com.br\/fr\/contact-ticket-rio-carnaval\/#breadcrumb\",\"itemListElement\":[{\"@type\":\"ListItem\",\"position\":1,\"name\":\"In\u00edcio\",\"item\":\"https:\/\/carnaval.ticketrio.com.br\/\"},{\"@type\":\"ListItem\",\"position\":2,\"name\":\"Contact\"}]},{\"@type\":\"WebSite\",\"@id\":\"https:\/\/carnaval.ticketrio.com.br\/#website\",\"url\":\"https:\/\/carnaval.ticketrio.com.br\/\",\"name\":\"Ticket Rio - Billets Carnaval Rio, Karneval Rio de Janeiro Tickets, Tickets for Rio Carnival Sambadrome, Boletos Carnaval Rio, Entradas Carnaval Rio Samb\u00f3dromo\",\"description\":\"Billets Carnaval Rio, Karneval Rio de Janeiro Tickets, Tickets for Rio Carnival Sambadrome, Boletos Carnaval Rio, Entradas Carnaval Rio Samb\u00f3dromo\",\"potentialAction\":[{\"@type\":\"SearchAction\",\"target\":{\"@type\":\"EntryPoint\",\"urlTemplate\":\"https:\/\/carnaval.ticketrio.com.br\/?s={search_term_string}\"},\"query-input\":{\"@type\":\"PropertyValueSpecification\",\"valueRequired\":true,\"valueName\":\"search_term_string\"}}],\"inLanguage\":\"de\"}]}<\/script>\n<!-- \/ Yoast SEO plugin. -->","yoast_head_json":{"title":"Contact - Ticket Rio - Billets Carnaval Rio, Karneval Rio de Janeiro Tickets, Tickets for Rio Carnival Sambadrome, Boletos Carnaval Rio, Entradas Carnaval Rio Samb\u00f3dromo","description":"rio carnival sambadrome tickets. Rio Carnaval Samb\u00f3dromo 2018. Rio Carnaval Entradas Samb\u00f3dromo. Rio Parade Tickets. Rio Carnaval billets. Rio karneval tickets. Rio carnavales biglietti.","robots":{"index":"index","follow":"follow","max-snippet":"max-snippet:-1","max-image-preview":"max-image-preview:large","max-video-preview":"max-video-preview:-1"},"canonical":"https:\/\/carnaval.ticketrio.com.br\/fr\/contact-ticket-rio-carnaval\/","og_locale":"de_DE","og_type":"article","og_title":"Contact - Ticket Rio - Billets Carnaval Rio, Karneval Rio de Janeiro Tickets, Tickets for Rio Carnival Sambadrome, Boletos Carnaval Rio, Entradas Carnaval Rio Samb\u00f3dromo","og_description":"rio carnival sambadrome tickets. Rio Carnaval Samb\u00f3dromo 2018. Rio Carnaval Entradas Samb\u00f3dromo. Rio Parade Tickets. Rio Carnaval billets. Rio karneval tickets. Rio carnavales biglietti.","og_url":"https:\/\/carnaval.ticketrio.com.br\/fr\/contact-ticket-rio-carnaval\/","og_site_name":"Ticket Rio - Billets Carnaval Rio, Karneval Rio de Janeiro Tickets, Tickets for Rio Carnival Sambadrome, Boletos Carnaval Rio, Entradas Carnaval Rio Samb\u00f3dromo","article_modified_time":"2018-06-19T17:14:19+00:00","twitter_card":"summary_large_image","schema":{"@context":"https:\/\/schema.org","@graph":[{"@type":"WebPage","@id":"https:\/\/carnaval.ticketrio.com.br\/fr\/contact-ticket-rio-carnaval\/","url":"https:\/\/carnaval.ticketrio.com.br\/fr\/contact-ticket-rio-carnaval\/","name":"Contact - Ticket Rio - Billets Carnaval Rio, Karneval Rio de Janeiro Tickets, Tickets for Rio Carnival Sambadrome, Boletos Carnaval Rio, Entradas Carnaval Rio Samb\u00f3dromo","isPartOf":{"@id":"https:\/\/carnaval.ticketrio.com.br\/#website"},"datePublished":"2015-06-02T14:50:23+00:00","dateModified":"2018-06-19T17:14:19+00:00","description":"rio carnival sambadrome tickets. Rio Carnaval Samb\u00f3dromo 2018. Rio Carnaval Entradas Samb\u00f3dromo. Rio Parade Tickets. Rio Carnaval billets. Rio karneval tickets. Rio carnavales biglietti.","breadcrumb":{"@id":"https:\/\/carnaval.ticketrio.com.br\/fr\/contact-ticket-rio-carnaval\/#breadcrumb"},"inLanguage":"de","potentialAction":[{"@type":"ReadAction","target":["https:\/\/carnaval.ticketrio.com.br\/fr\/contact-ticket-rio-carnaval\/"]}]},{"@type":"BreadcrumbList","@id":"https:\/\/carnaval.ticketrio.com.br\/fr\/contact-ticket-rio-carnaval\/#breadcrumb","itemListElement":[{"@type":"ListItem","position":1,"name":"In\u00edcio","item":"https:\/\/carnaval.ticketrio.com.br\/"},{"@type":"ListItem","position":2,"name":"Contact"}]},{"@type":"WebSite","@id":"https:\/\/carnaval.ticketrio.com.br\/#website","url":"https:\/\/carnaval.ticketrio.com.br\/","name":"Ticket Rio - Billets Carnaval Rio, Karneval Rio de Janeiro Tickets, Tickets for Rio Carnival Sambadrome, Boletos Carnaval Rio, Entradas Carnaval Rio Samb\u00f3dromo","description":"Billets Carnaval Rio, Karneval Rio de Janeiro Tickets, Tickets for Rio Carnival Sambadrome, Boletos Carnaval Rio, Entradas Carnaval Rio Samb\u00f3dromo","potentialAction":[{"@type":"SearchAction","target":{"@type":"EntryPoint","urlTemplate":"https:\/\/carnaval.ticketrio.com.br\/?s={search_term_string}"},"query-input":{"@type":"PropertyValueSpecification","valueRequired":true,"valueName":"search_term_string"}}],"inLanguage":"de"}]}},"_links":{"self":[{"href":"https:\/\/carnaval.ticketrio.com.br\/de\/wp-json\/wp\/v2\/pages\/1764"}],"collection":[{"href":"https:\/\/carnaval.ticketrio.com.br\/de\/wp-json\/wp\/v2\/pages"}],"about":[{"href":"https:\/\/carnaval.ticketrio.com.br\/de\/wp-json\/wp\/v2\/types\/page"}],"author":[{"embeddable":true,"href":"https:\/\/carnaval.ticketrio.com.br\/de\/wp-json\/wp\/v2\/users\/1"}],"replies":[{"embeddable":true,"href":"https:\/\/carnaval.ticketrio.com.br\/de\/wp-json\/wp\/v2\/comments?post=1764"}],"version-history":[{"count":0,"href":"https:\/\/carnaval.ticketrio.com.br\/de\/wp-json\/wp\/v2\/pages\/1764\/revisions"}],"wp:attachment":[{"href":"https:\/\/carnaval.ticketrio.com.br\/de\/wp-json\/wp\/v2\/media?parent=1764"}],"curies":[{"name":"wp","href":"https:\/\/api.w.org\/{rel}","templated":true}]}}