{"id":1803,"date":"2015-06-02T19:57:47","date_gmt":"2015-06-02T19:57:47","guid":{"rendered":"http:\/\/www.ticketrio.com.br\/site\/?page_id=1803"},"modified":"2018-06-19T17:21:45","modified_gmt":"2018-06-19T17:21:45","slug":"box-avant","status":"publish","type":"page","link":"https:\/\/carnaval.ticketrio.com.br\/fr\/rio-carnaval-billets\/box-avant\/","title":{"rendered":"Box Avant"},"content":{"rendered":"<div class=\"panel-grid\" id=\"pg-0\"><div class=\"panel-grid-cell\" id=\"pgc-0-0\"><div class=\"panel widget widget_button panel-first-child\" id=\"panel-0-0-0\"><div class=\"button-container align-center\">\t\t\t<a href=\"http:\/\/www.ticketrio.com.br\/site\/fr\/sambodrome-rio\/\" class=\"cta-button button \">\r\n\t\t\t\t<span>SAMDODROME<\/span>\r\n\t\t\t<\/a>\r\n\t\t\t<\/div><\/div><div class=\"panel widget widget_button\" id=\"panel-0-0-1\"><div class=\"button-container align-center\">\t\t\t<a href=\"http:\/\/www.ticketrio.com.br\/site\/fr\/sambodrome-rio\/samba-defile\/\" class=\"cta-button button \">\r\n\t\t\t\t<span>SAMBA D\u00c9FIL\u00c9<\/span>\r\n\t\t\t<\/a>\r\n\t\t\t<\/div><\/div><div class=\"panel widget widget_button\" id=\"panel-0-0-2\"><div class=\"button-container align-center\">\t\t\t<a href=\"http:\/\/www.ticketrio.com.br\/site\/fr\/sambodrome-rio\/transfert-sambodrome\/\" class=\"cta-button button \">\r\n\t\t\t\t<span>TRANSFERT<\/span>\r\n\t\t\t<\/a>\r\n\t\t\t<\/div><\/div><div class=\"panel widget widget_button panel-last-child\" id=\"panel-0-0-3\"><div class=\"button-container align-center\">\t\t\t<a href=\"http:\/\/www.ticketrio.com.br\/site\/fr\/sambodrome-rio\/hotels-in-rio\/\" class=\"cta-button button \">\r\n\t\t\t\t<span>HOTELS<\/span>\r\n\t\t\t<\/a>\r\n\t\t\t<\/div><\/div><\/div><div class=\"panel-grid-cell\" id=\"pgc-0-1\"><div class=\"panel widget widget_siteorigin-image panel-first-child panel-last-child\" id=\"panel-0-1-0\"><a href=\"http:\/\/www.carnavalticketrio.com\"><img decoding=\"async\" src=\"http:\/\/www.ticketrio.com.br\/site\/wp-content\/uploads\/2015\/06\/boxavant.jpg\" \/><\/a><\/div><\/div><div class=\"panel-grid-cell\" id=\"pgc-0-2\"><div class=\"panel widget widget_siteorigin-image panel-first-child panel-last-child\" id=\"panel-0-2-0\"><a href=\"http:\/\/www.carnavalticketrio.com\"><img decoding=\"async\" src=\"http:\/\/www.ticketrio.com.br\/site\/wp-content\/uploads\/2015\/06\/tribunes2.jpg\" \/><\/a><\/div><\/div><div class=\"panel-grid-cell\" id=\"pgc-0-3\"><div class=\"panel widget widget_siteorigin-image panel-first-child panel-last-child\" id=\"panel-0-3-0\"><a href=\"http:\/\/www.carnavalticketrio.com\"><img decoding=\"async\" src=\"http:\/\/www.ticketrio.com.br\/site\/wp-content\/uploads\/2015\/06\/suitesdeluxo.jpg\" \/><\/a><\/div><\/div><div class=\"panel-grid-cell\" id=\"pgc-0-4\"><div class=\"panel widget widget_siteorigin-image panel-first-child panel-last-child\" id=\"panel-0-4-0\"><a href=\"http:\/\/www.carnavalticketrio.com\"><img decoding=\"async\" src=\"http:\/\/www.ticketrio.com.br\/site\/wp-content\/uploads\/2015\/06\/superviplounge.jpg\" \/><\/a><\/div><\/div>\t<div class=\"clear\"><\/div><\/div><div class=\"panel-grid\" id=\"pg-1\"><div class=\"panel-grid-cell\" id=\"pgc-1-0\"><div class=\"panel widget widget_text panel-first-child panel-last-child\" id=\"panel-1-0-0\"><h3 class=\"widget-title\">BOX AVANT<\/h3>\t\t\t<div class=\"textwidget\"><p>Box d\u00e9couvert avec 6 si\u00e8ges , ferm\u00e9 avec entr\u00e9e priv\u00e9e et un court de nourriture.<\/p>\n<p>Tous les frises du Sambodrome sont situ\u00e9s le long de la piste de samba de secteurs impaires et paires dans quatre lignes ( A, B, C & D) . Le Fila est de niveau et plus proche de l'avenue . Chaque contraintes dispose de 6 chaises. Les billets pour les frises sont achet\u00e9s individuellement ou par groupe de 6 places .<\/p>\n<p>\u00b7 Box d\u00e9couvert avec 6 si\u00e8ges , ferm\u00e9 avec entr\u00e9e priv\u00e9e et un service \u00e0 table .<\/p>\n<p>\u00b7 Vacant ou compl\u00e8te<\/p>\n<p>Le forfait comprend : Billets + cadeaux<\/p>\n<p>Informantins : T\u00e9l\u00e9phones: (5521) 2025-5000 \/ 3982-1515 \/ 8636-1515 \/ 7879-0895 \/ ID 12 * 30571<\/p>\n<p>Email : atendimento@ticketrio.com.br \/ vendas@barramidia.com.br<\/p>\n<\/div>\n\t\t<\/div><\/div><div class=\"panel-grid-cell\" id=\"pgc-1-1\"><div class=\"panel widget widget_text panel-first-child panel-last-child\" id=\"panel-1-1-0\">\t\t\t<div class=\"textwidget\">ngg_shortcode_0_placeholder<\/div>\n\t\t<\/div><\/div>\t<div class=\"clear\"><\/div><\/div><div class=\"panel-grid\" id=\"pg-2\"><div class=\"panel-grid-cell\" id=\"pgc-2-0\"><div class=\"panel widget widget_text panel-first-child panel-last-child\" id=\"panel-2-0-0\">\t\t\t<div class=\"textwidget\"><a href=\"http:\/\/www.carnavalticketrio.com\" target=\"_blank\" rel=\"noopener\"><img decoding=\"async\" class=\"alignright size-full wp-image-179\" title=\"CLIQUEZ ICI\" src=\"http:\/\/www.ticketrio.com.br\/site\/wp-content\/uploads\/2013\/03\/compreaqui.png\"\/><\/a><h1><span style=\"color: #003366;\">BOX AVANT QUEUE A\/B<\/span><\/h1><\/div>\n\t\t<\/div><\/div><div class=\"panel-grid-cell\" id=\"pgc-2-1\"><div class=\"panel widget widget_text panel-first-child panel-last-child\" id=\"panel-2-1-0\">\t\t\t<div class=\"textwidget\"><a href=\"http:\/\/www.carnavalticketrio.com\" target=\"_blank\" rel=\"noopener\"><img decoding=\"async\" class=\"alignright size-full wp-image-179\" title=\"CLIQUEZ ICI\" src=\"http:\/\/www.ticketrio.com.br\/site\/wp-content\/uploads\/2013\/03\/compreaqui.png\"\/><\/a><h1><span style=\"color: #003366;\">BOX AVANT QUEUE C\/D <\/span><\/h1><\/div>\n\t\t<\/div><\/div>\t<div class=\"clear\"><\/div><\/div>","protected":false},"excerpt":{"rendered":"<p>SAMDODROME SAMBA D\u00c9FIL\u00c9 TRANSFERT HOTELS BOX AVANT Box d\u00e9couvert avec 6 si\u00e8ges , ferm\u00e9 avec entr\u00e9e priv\u00e9e et un court de nourriture. Tous les frises du Sambodrome sont situ\u00e9s le long de la piste de samba de secteurs impaires et paires dans quatre lignes ( A, B, C &#038; D) . Le Fila est de [&hellip;]<\/p>\n","protected":false},"author":1,"featured_media":0,"parent":1729,"menu_order":3,"comment_status":"closed","ping_status":"closed","template":"page-full.php","meta":{"ngg_post_thumbnail":0,"footnotes":""},"class_list":["post-1803","page","type-page","status-publish","hentry"],"yoast_head":"<!-- This site is optimized with the Yoast SEO plugin v23.5 - https:\/\/yoast.com\/wordpress\/plugins\/seo\/ -->\n<title>Box Avant - Ticket Rio - Billets Carnaval Rio, Karneval Rio de Janeiro Tickets, Tickets for Rio Carnival Sambadrome, Boletos Carnaval Rio, Entradas Carnaval Rio Samb\u00f3dromo<\/title>\n<meta name=\"description\" content=\"rio carnival sambadrome tickets. Rio Carnaval Samb\u00f3dromo 2018. Rio Carnaval Entradas Samb\u00f3dromo. Rio Parade Tickets. Rio Carnaval billets. Rio karneval tickets. Rio carnavales biglietti.\" \/>\n<meta name=\"robots\" content=\"index, follow, max-snippet:-1, max-image-preview:large, max-video-preview:-1\" \/>\n<link rel=\"canonical\" href=\"https:\/\/carnaval.ticketrio.com.br\/fr\/rio-carnaval-billets\/box-avant\/\" \/>\n<meta property=\"og:locale\" content=\"de_DE\" \/>\n<meta property=\"og:type\" content=\"article\" \/>\n<meta property=\"og:title\" content=\"Box Avant - Ticket Rio - Billets Carnaval Rio, Karneval Rio de Janeiro Tickets, Tickets for Rio Carnival Sambadrome, Boletos Carnaval Rio, Entradas Carnaval Rio Samb\u00f3dromo\" \/>\n<meta property=\"og:description\" content=\"rio carnival sambadrome tickets. Rio Carnaval Samb\u00f3dromo 2018. Rio Carnaval Entradas Samb\u00f3dromo. Rio Parade Tickets. Rio Carnaval billets. Rio karneval tickets. Rio carnavales biglietti.\" \/>\n<meta property=\"og:url\" content=\"https:\/\/carnaval.ticketrio.com.br\/fr\/rio-carnaval-billets\/box-avant\/\" \/>\n<meta property=\"og:site_name\" content=\"Ticket Rio - Billets Carnaval Rio, Karneval Rio de Janeiro Tickets, Tickets for Rio Carnival Sambadrome, Boletos Carnaval Rio, Entradas Carnaval Rio Samb\u00f3dromo\" \/>\n<meta property=\"article:modified_time\" content=\"2018-06-19T17:21:45+00:00\" \/>\n<meta name=\"twitter:card\" content=\"summary_large_image\" \/>\n<script type=\"application\/ld+json\" class=\"yoast-schema-graph\">{\"@context\":\"https:\/\/schema.org\",\"@graph\":[{\"@type\":\"WebPage\",\"@id\":\"https:\/\/carnaval.ticketrio.com.br\/fr\/rio-carnaval-billets\/box-avant\/\",\"url\":\"https:\/\/carnaval.ticketrio.com.br\/fr\/rio-carnaval-billets\/box-avant\/\",\"name\":\"Box Avant - Ticket Rio - Billets Carnaval Rio, Karneval Rio de Janeiro Tickets, Tickets for Rio Carnival Sambadrome, Boletos Carnaval Rio, Entradas Carnaval Rio Samb\u00f3dromo\",\"isPartOf\":{\"@id\":\"https:\/\/carnaval.ticketrio.com.br\/#website\"},\"datePublished\":\"2015-06-02T19:57:47+00:00\",\"dateModified\":\"2018-06-19T17:21:45+00:00\",\"description\":\"rio carnival sambadrome tickets. Rio Carnaval Samb\u00f3dromo 2018. Rio Carnaval Entradas Samb\u00f3dromo. Rio Parade Tickets. Rio Carnaval billets. Rio karneval tickets. Rio carnavales biglietti.\",\"breadcrumb\":{\"@id\":\"https:\/\/carnaval.ticketrio.com.br\/fr\/rio-carnaval-billets\/box-avant\/#breadcrumb\"},\"inLanguage\":\"de\",\"potentialAction\":[{\"@type\":\"ReadAction\",\"target\":[\"https:\/\/carnaval.ticketrio.com.br\/fr\/rio-carnaval-billets\/box-avant\/\"]}]},{\"@type\":\"BreadcrumbList\",\"@id\":\"https:\/\/carnaval.ticketrio.com.br\/fr\/rio-carnaval-billets\/box-avant\/#breadcrumb\",\"itemListElement\":[{\"@type\":\"ListItem\",\"position\":1,\"name\":\"In\u00edcio\",\"item\":\"https:\/\/carnaval.ticketrio.com.br\/\"},{\"@type\":\"ListItem\",\"position\":2,\"name\":\"Billets Rio Carnaval\",\"item\":\"https:\/\/carnaval.ticketrio.com.br\/fr\/rio-carnaval-billets\/\"},{\"@type\":\"ListItem\",\"position\":3,\"name\":\"Box Avant\"}]},{\"@type\":\"WebSite\",\"@id\":\"https:\/\/carnaval.ticketrio.com.br\/#website\",\"url\":\"https:\/\/carnaval.ticketrio.com.br\/\",\"name\":\"Ticket Rio - Billets Carnaval Rio, Karneval Rio de Janeiro Tickets, Tickets for Rio Carnival Sambadrome, Boletos Carnaval Rio, Entradas Carnaval Rio Samb\u00f3dromo\",\"description\":\"Billets Carnaval Rio, Karneval Rio de Janeiro Tickets, Tickets for Rio Carnival Sambadrome, Boletos Carnaval Rio, Entradas Carnaval Rio Samb\u00f3dromo\",\"potentialAction\":[{\"@type\":\"SearchAction\",\"target\":{\"@type\":\"EntryPoint\",\"urlTemplate\":\"https:\/\/carnaval.ticketrio.com.br\/?s={search_term_string}\"},\"query-input\":{\"@type\":\"PropertyValueSpecification\",\"valueRequired\":true,\"valueName\":\"search_term_string\"}}],\"inLanguage\":\"de\"}]}<\/script>\n<!-- \/ Yoast SEO plugin. -->","yoast_head_json":{"title":"Box Avant - Ticket Rio - Billets Carnaval Rio, Karneval Rio de Janeiro Tickets, Tickets for Rio Carnival Sambadrome, Boletos Carnaval Rio, Entradas Carnaval Rio Samb\u00f3dromo","description":"rio carnival sambadrome tickets. Rio Carnaval Samb\u00f3dromo 2018. Rio Carnaval Entradas Samb\u00f3dromo. Rio Parade Tickets. Rio Carnaval billets. Rio karneval tickets. Rio carnavales biglietti.","robots":{"index":"index","follow":"follow","max-snippet":"max-snippet:-1","max-image-preview":"max-image-preview:large","max-video-preview":"max-video-preview:-1"},"canonical":"https:\/\/carnaval.ticketrio.com.br\/fr\/rio-carnaval-billets\/box-avant\/","og_locale":"de_DE","og_type":"article","og_title":"Box Avant - Ticket Rio - Billets Carnaval Rio, Karneval Rio de Janeiro Tickets, Tickets for Rio Carnival Sambadrome, Boletos Carnaval Rio, Entradas Carnaval Rio Samb\u00f3dromo","og_description":"rio carnival sambadrome tickets. Rio Carnaval Samb\u00f3dromo 2018. Rio Carnaval Entradas Samb\u00f3dromo. Rio Parade Tickets. Rio Carnaval billets. Rio karneval tickets. Rio carnavales biglietti.","og_url":"https:\/\/carnaval.ticketrio.com.br\/fr\/rio-carnaval-billets\/box-avant\/","og_site_name":"Ticket Rio - Billets Carnaval Rio, Karneval Rio de Janeiro Tickets, Tickets for Rio Carnival Sambadrome, Boletos Carnaval Rio, Entradas Carnaval Rio Samb\u00f3dromo","article_modified_time":"2018-06-19T17:21:45+00:00","twitter_card":"summary_large_image","schema":{"@context":"https:\/\/schema.org","@graph":[{"@type":"WebPage","@id":"https:\/\/carnaval.ticketrio.com.br\/fr\/rio-carnaval-billets\/box-avant\/","url":"https:\/\/carnaval.ticketrio.com.br\/fr\/rio-carnaval-billets\/box-avant\/","name":"Box Avant - Ticket Rio - Billets Carnaval Rio, Karneval Rio de Janeiro Tickets, Tickets for Rio Carnival Sambadrome, Boletos Carnaval Rio, Entradas Carnaval Rio Samb\u00f3dromo","isPartOf":{"@id":"https:\/\/carnaval.ticketrio.com.br\/#website"},"datePublished":"2015-06-02T19:57:47+00:00","dateModified":"2018-06-19T17:21:45+00:00","description":"rio carnival sambadrome tickets. Rio Carnaval Samb\u00f3dromo 2018. Rio Carnaval Entradas Samb\u00f3dromo. Rio Parade Tickets. Rio Carnaval billets. Rio karneval tickets. Rio carnavales biglietti.","breadcrumb":{"@id":"https:\/\/carnaval.ticketrio.com.br\/fr\/rio-carnaval-billets\/box-avant\/#breadcrumb"},"inLanguage":"de","potentialAction":[{"@type":"ReadAction","target":["https:\/\/carnaval.ticketrio.com.br\/fr\/rio-carnaval-billets\/box-avant\/"]}]},{"@type":"BreadcrumbList","@id":"https:\/\/carnaval.ticketrio.com.br\/fr\/rio-carnaval-billets\/box-avant\/#breadcrumb","itemListElement":[{"@type":"ListItem","position":1,"name":"In\u00edcio","item":"https:\/\/carnaval.ticketrio.com.br\/"},{"@type":"ListItem","position":2,"name":"Billets Rio Carnaval","item":"https:\/\/carnaval.ticketrio.com.br\/fr\/rio-carnaval-billets\/"},{"@type":"ListItem","position":3,"name":"Box Avant"}]},{"@type":"WebSite","@id":"https:\/\/carnaval.ticketrio.com.br\/#website","url":"https:\/\/carnaval.ticketrio.com.br\/","name":"Ticket Rio - Billets Carnaval Rio, Karneval Rio de Janeiro Tickets, Tickets for Rio Carnival Sambadrome, Boletos Carnaval Rio, Entradas Carnaval Rio Samb\u00f3dromo","description":"Billets Carnaval Rio, Karneval Rio de Janeiro Tickets, Tickets for Rio Carnival Sambadrome, Boletos Carnaval Rio, Entradas Carnaval Rio Samb\u00f3dromo","potentialAction":[{"@type":"SearchAction","target":{"@type":"EntryPoint","urlTemplate":"https:\/\/carnaval.ticketrio.com.br\/?s={search_term_string}"},"query-input":{"@type":"PropertyValueSpecification","valueRequired":true,"valueName":"search_term_string"}}],"inLanguage":"de"}]}},"_links":{"self":[{"href":"https:\/\/carnaval.ticketrio.com.br\/de\/wp-json\/wp\/v2\/pages\/1803"}],"collection":[{"href":"https:\/\/carnaval.ticketrio.com.br\/de\/wp-json\/wp\/v2\/pages"}],"about":[{"href":"https:\/\/carnaval.ticketrio.com.br\/de\/wp-json\/wp\/v2\/types\/page"}],"author":[{"embeddable":true,"href":"https:\/\/carnaval.ticketrio.com.br\/de\/wp-json\/wp\/v2\/users\/1"}],"replies":[{"embeddable":true,"href":"https:\/\/carnaval.ticketrio.com.br\/de\/wp-json\/wp\/v2\/comments?post=1803"}],"version-history":[{"count":0,"href":"https:\/\/carnaval.ticketrio.com.br\/de\/wp-json\/wp\/v2\/pages\/1803\/revisions"}],"up":[{"embeddable":true,"href":"https:\/\/carnaval.ticketrio.com.br\/de\/wp-json\/wp\/v2\/pages\/1729"}],"wp:attachment":[{"href":"https:\/\/carnaval.ticketrio.com.br\/de\/wp-json\/wp\/v2\/media?parent=1803"}],"curies":[{"name":"wp","href":"https:\/\/api.w.org\/{rel}","templated":true}]}}