{"id":1847,"date":"2015-06-18T14:27:04","date_gmt":"2015-06-18T14:27:04","guid":{"rendered":"http:\/\/www.ticketrio.com.br\/site\/?page_id=1847"},"modified":"2017-05-05T15:40:00","modified_gmt":"2017-05-05T15:40:00","slug":"boutique-en-ligne-ticket-rio-brasil","status":"publish","type":"page","link":"https:\/\/carnaval.ticketrio.com.br\/fr\/e-commerce-2\/boutique-en-ligne-ticket-rio-brasil\/","title":{"rendered":"Ticket Rio Brasil"},"content":{"rendered":"<div class=\"panel-grid\" id=\"pg-0\"><div class=\"panel-grid-cell\" id=\"pgc-0-0\"><div class=\"panel widget widget_text panel-first-child panel-last-child\" id=\"panel-0-0-0\"><h3 class=\"widget-title\">Visitez notre magasin en ligne<\/h3>\t\t\t<div class=\"textwidget\"><p>Visitez notre boutique en ligne et une boutique avec tout le confort et la s\u00e9curit\u00e9 sans quitter la maison .<\/p>\n<p>Notre magasin en ligne - http:\/\/loja.ticketrio.com.br<\/p>\n<p>Vous pouvez acheter tous nos forfaits :<br \/>\n- Pr\u00e9sident de la piste<br \/>\n- Frisas<br \/>\n- Cabines Lounges<br \/>\n- Cabines<br \/>\n- Transfert In \/ out Sambodrome<\/p>\n<p>Prix \u200b\u200ben Reais R $ .<br \/>\n* Les prix peuvent changer sans pr\u00e9avis .<\/p>\n<p>Toute question s'il vous pla\u00eet \u00e9crire \u00e0 l'e -mail : atendimento@ticketrio.com.br<\/p>\n<\/div>\n\t\t<\/div><\/div><div class=\"panel-grid-cell\" id=\"pgc-0-1\"><div class=\"panel widget widget_text panel-first-child\" id=\"panel-0-1-0\">\t\t\t<div class=\"textwidget\"><\/div>\n\t\t<\/div><div class=\"panel widget widget_siteorigin-image panel-last-child\" id=\"panel-0-1-1\"><a href=\"http:\/\/carnivalticketrio.com\/\"><img decoding=\"async\" src=\"http:\/\/www.ticketrio.com.br\/site\/wp-content\/uploads\/2015\/05\/Boton_Brasil.gif\" \/><\/a><\/div><\/div>\t<div class=\"clear\"><\/div><\/div>","protected":false},"excerpt":{"rendered":"<p>Visitez notre magasin en ligne Visitez notre boutique en ligne et une boutique avec tout le confort et la s\u00e9curit\u00e9 sans quitter la maison . Notre magasin en ligne &#8211; http:\/\/loja.ticketrio.com.br Vous pouvez acheter tous nos forfaits : &#8211; Pr\u00e9sident de la piste &#8211; Frisas &#8211; Cabines Lounges &#8211; Cabines &#8211; Transfert In \/ out [&hellip;]<\/p>\n","protected":false},"author":1,"featured_media":0,"parent":1120,"menu_order":0,"comment_status":"closed","ping_status":"closed","template":"page-full.php","meta":{"ngg_post_thumbnail":0,"footnotes":""},"class_list":["post-1847","page","type-page","status-publish","hentry"],"yoast_head":"<!-- This site is optimized with the Yoast SEO plugin v23.5 - https:\/\/yoast.com\/wordpress\/plugins\/seo\/ -->\n<title>Ticket Rio Brasil - Ticket Rio - Billets Carnaval Rio, Karneval Rio de Janeiro Tickets, Tickets for Rio Carnival Sambadrome, Boletos Carnaval Rio, Entradas Carnaval Rio Samb\u00f3dromo<\/title>\n<meta name=\"description\" content=\"rio carnival sambadrome tickets. Rio Carnaval Samb\u00f3dromo 2018. Rio Carnaval Entradas Samb\u00f3dromo. Rio Parade Tickets. Rio Carnaval billets. Rio karneval tickets. Rio carnavales biglietti.\" \/>\n<meta name=\"robots\" content=\"index, follow, max-snippet:-1, max-image-preview:large, max-video-preview:-1\" \/>\n<link rel=\"canonical\" href=\"https:\/\/carnaval.ticketrio.com.br\/fr\/e-commerce-2\/boutique-en-ligne-ticket-rio-brasil\/\" \/>\n<meta property=\"og:locale\" content=\"de_DE\" \/>\n<meta property=\"og:type\" content=\"article\" \/>\n<meta property=\"og:title\" content=\"Ticket Rio Brasil - Ticket Rio - Billets Carnaval Rio, Karneval Rio de Janeiro Tickets, Tickets for Rio Carnival Sambadrome, Boletos Carnaval Rio, Entradas Carnaval Rio Samb\u00f3dromo\" \/>\n<meta property=\"og:description\" content=\"rio carnival sambadrome tickets. Rio Carnaval Samb\u00f3dromo 2018. Rio Carnaval Entradas Samb\u00f3dromo. Rio Parade Tickets. Rio Carnaval billets. Rio karneval tickets. Rio carnavales biglietti.\" \/>\n<meta property=\"og:url\" content=\"https:\/\/carnaval.ticketrio.com.br\/fr\/e-commerce-2\/boutique-en-ligne-ticket-rio-brasil\/\" \/>\n<meta property=\"og:site_name\" content=\"Ticket Rio - Billets Carnaval Rio, Karneval Rio de Janeiro Tickets, Tickets for Rio Carnival Sambadrome, Boletos Carnaval Rio, Entradas Carnaval Rio Samb\u00f3dromo\" \/>\n<meta property=\"article:modified_time\" content=\"2017-05-05T15:40:00+00:00\" \/>\n<meta name=\"twitter:card\" content=\"summary_large_image\" \/>\n<script type=\"application\/ld+json\" class=\"yoast-schema-graph\">{\"@context\":\"https:\/\/schema.org\",\"@graph\":[{\"@type\":\"WebPage\",\"@id\":\"https:\/\/carnaval.ticketrio.com.br\/fr\/e-commerce-2\/boutique-en-ligne-ticket-rio-brasil\/\",\"url\":\"https:\/\/carnaval.ticketrio.com.br\/fr\/e-commerce-2\/boutique-en-ligne-ticket-rio-brasil\/\",\"name\":\"Ticket Rio Brasil - Ticket Rio - Billets Carnaval Rio, Karneval Rio de Janeiro Tickets, Tickets for Rio Carnival Sambadrome, Boletos Carnaval Rio, Entradas Carnaval Rio Samb\u00f3dromo\",\"isPartOf\":{\"@id\":\"https:\/\/carnaval.ticketrio.com.br\/#website\"},\"datePublished\":\"2015-06-18T14:27:04+00:00\",\"dateModified\":\"2017-05-05T15:40:00+00:00\",\"description\":\"rio carnival sambadrome tickets. Rio Carnaval Samb\u00f3dromo 2018. Rio Carnaval Entradas Samb\u00f3dromo. Rio Parade Tickets. Rio Carnaval billets. Rio karneval tickets. Rio carnavales biglietti.\",\"breadcrumb\":{\"@id\":\"https:\/\/carnaval.ticketrio.com.br\/fr\/e-commerce-2\/boutique-en-ligne-ticket-rio-brasil\/#breadcrumb\"},\"inLanguage\":\"de\",\"potentialAction\":[{\"@type\":\"ReadAction\",\"target\":[\"https:\/\/carnaval.ticketrio.com.br\/fr\/e-commerce-2\/boutique-en-ligne-ticket-rio-brasil\/\"]}]},{\"@type\":\"BreadcrumbList\",\"@id\":\"https:\/\/carnaval.ticketrio.com.br\/fr\/e-commerce-2\/boutique-en-ligne-ticket-rio-brasil\/#breadcrumb\",\"itemListElement\":[{\"@type\":\"ListItem\",\"position\":1,\"name\":\"In\u00edcio\",\"item\":\"https:\/\/carnaval.ticketrio.com.br\/\"},{\"@type\":\"ListItem\",\"position\":2,\"name\":\"BOUTIQUE EN LIGNE\",\"item\":\"http:\/\/carnaval.ticketrio.com.br\/fr\/e-commerce-2\/\"},{\"@type\":\"ListItem\",\"position\":3,\"name\":\"Ticket Rio Brasil\"}]},{\"@type\":\"WebSite\",\"@id\":\"https:\/\/carnaval.ticketrio.com.br\/#website\",\"url\":\"https:\/\/carnaval.ticketrio.com.br\/\",\"name\":\"Ticket Rio - Billets Carnaval Rio, Karneval Rio de Janeiro Tickets, Tickets for Rio Carnival Sambadrome, Boletos Carnaval Rio, Entradas Carnaval Rio Samb\u00f3dromo\",\"description\":\"Billets Carnaval Rio, Karneval Rio de Janeiro Tickets, Tickets for Rio Carnival Sambadrome, Boletos Carnaval Rio, Entradas Carnaval Rio Samb\u00f3dromo\",\"potentialAction\":[{\"@type\":\"SearchAction\",\"target\":{\"@type\":\"EntryPoint\",\"urlTemplate\":\"https:\/\/carnaval.ticketrio.com.br\/?s={search_term_string}\"},\"query-input\":{\"@type\":\"PropertyValueSpecification\",\"valueRequired\":true,\"valueName\":\"search_term_string\"}}],\"inLanguage\":\"de\"}]}<\/script>\n<!-- \/ Yoast SEO plugin. -->","yoast_head_json":{"title":"Ticket Rio Brasil - Ticket Rio - Billets Carnaval Rio, Karneval Rio de Janeiro Tickets, Tickets for Rio Carnival Sambadrome, Boletos Carnaval Rio, Entradas Carnaval Rio Samb\u00f3dromo","description":"rio carnival sambadrome tickets. Rio Carnaval Samb\u00f3dromo 2018. Rio Carnaval Entradas Samb\u00f3dromo. Rio Parade Tickets. Rio Carnaval billets. Rio karneval tickets. Rio carnavales biglietti.","robots":{"index":"index","follow":"follow","max-snippet":"max-snippet:-1","max-image-preview":"max-image-preview:large","max-video-preview":"max-video-preview:-1"},"canonical":"https:\/\/carnaval.ticketrio.com.br\/fr\/e-commerce-2\/boutique-en-ligne-ticket-rio-brasil\/","og_locale":"de_DE","og_type":"article","og_title":"Ticket Rio Brasil - Ticket Rio - Billets Carnaval Rio, Karneval Rio de Janeiro Tickets, Tickets for Rio Carnival Sambadrome, Boletos Carnaval Rio, Entradas Carnaval Rio Samb\u00f3dromo","og_description":"rio carnival sambadrome tickets. Rio Carnaval Samb\u00f3dromo 2018. Rio Carnaval Entradas Samb\u00f3dromo. Rio Parade Tickets. Rio Carnaval billets. Rio karneval tickets. Rio carnavales biglietti.","og_url":"https:\/\/carnaval.ticketrio.com.br\/fr\/e-commerce-2\/boutique-en-ligne-ticket-rio-brasil\/","og_site_name":"Ticket Rio - Billets Carnaval Rio, Karneval Rio de Janeiro Tickets, Tickets for Rio Carnival Sambadrome, Boletos Carnaval Rio, Entradas Carnaval Rio Samb\u00f3dromo","article_modified_time":"2017-05-05T15:40:00+00:00","twitter_card":"summary_large_image","schema":{"@context":"https:\/\/schema.org","@graph":[{"@type":"WebPage","@id":"https:\/\/carnaval.ticketrio.com.br\/fr\/e-commerce-2\/boutique-en-ligne-ticket-rio-brasil\/","url":"https:\/\/carnaval.ticketrio.com.br\/fr\/e-commerce-2\/boutique-en-ligne-ticket-rio-brasil\/","name":"Ticket Rio Brasil - Ticket Rio - Billets Carnaval Rio, Karneval Rio de Janeiro Tickets, Tickets for Rio Carnival Sambadrome, Boletos Carnaval Rio, Entradas Carnaval Rio Samb\u00f3dromo","isPartOf":{"@id":"https:\/\/carnaval.ticketrio.com.br\/#website"},"datePublished":"2015-06-18T14:27:04+00:00","dateModified":"2017-05-05T15:40:00+00:00","description":"rio carnival sambadrome tickets. Rio Carnaval Samb\u00f3dromo 2018. Rio Carnaval Entradas Samb\u00f3dromo. Rio Parade Tickets. Rio Carnaval billets. Rio karneval tickets. Rio carnavales biglietti.","breadcrumb":{"@id":"https:\/\/carnaval.ticketrio.com.br\/fr\/e-commerce-2\/boutique-en-ligne-ticket-rio-brasil\/#breadcrumb"},"inLanguage":"de","potentialAction":[{"@type":"ReadAction","target":["https:\/\/carnaval.ticketrio.com.br\/fr\/e-commerce-2\/boutique-en-ligne-ticket-rio-brasil\/"]}]},{"@type":"BreadcrumbList","@id":"https:\/\/carnaval.ticketrio.com.br\/fr\/e-commerce-2\/boutique-en-ligne-ticket-rio-brasil\/#breadcrumb","itemListElement":[{"@type":"ListItem","position":1,"name":"In\u00edcio","item":"https:\/\/carnaval.ticketrio.com.br\/"},{"@type":"ListItem","position":2,"name":"BOUTIQUE EN LIGNE","item":"http:\/\/carnaval.ticketrio.com.br\/fr\/e-commerce-2\/"},{"@type":"ListItem","position":3,"name":"Ticket Rio Brasil"}]},{"@type":"WebSite","@id":"https:\/\/carnaval.ticketrio.com.br\/#website","url":"https:\/\/carnaval.ticketrio.com.br\/","name":"Ticket Rio - Billets Carnaval Rio, Karneval Rio de Janeiro Tickets, Tickets for Rio Carnival Sambadrome, Boletos Carnaval Rio, Entradas Carnaval Rio Samb\u00f3dromo","description":"Billets Carnaval Rio, Karneval Rio de Janeiro Tickets, Tickets for Rio Carnival Sambadrome, Boletos Carnaval Rio, Entradas Carnaval Rio Samb\u00f3dromo","potentialAction":[{"@type":"SearchAction","target":{"@type":"EntryPoint","urlTemplate":"https:\/\/carnaval.ticketrio.com.br\/?s={search_term_string}"},"query-input":{"@type":"PropertyValueSpecification","valueRequired":true,"valueName":"search_term_string"}}],"inLanguage":"de"}]}},"_links":{"self":[{"href":"https:\/\/carnaval.ticketrio.com.br\/de\/wp-json\/wp\/v2\/pages\/1847"}],"collection":[{"href":"https:\/\/carnaval.ticketrio.com.br\/de\/wp-json\/wp\/v2\/pages"}],"about":[{"href":"https:\/\/carnaval.ticketrio.com.br\/de\/wp-json\/wp\/v2\/types\/page"}],"author":[{"embeddable":true,"href":"https:\/\/carnaval.ticketrio.com.br\/de\/wp-json\/wp\/v2\/users\/1"}],"replies":[{"embeddable":true,"href":"https:\/\/carnaval.ticketrio.com.br\/de\/wp-json\/wp\/v2\/comments?post=1847"}],"version-history":[{"count":0,"href":"https:\/\/carnaval.ticketrio.com.br\/de\/wp-json\/wp\/v2\/pages\/1847\/revisions"}],"up":[{"embeddable":true,"href":"https:\/\/carnaval.ticketrio.com.br\/de\/wp-json\/wp\/v2\/pages\/1120"}],"wp:attachment":[{"href":"https:\/\/carnaval.ticketrio.com.br\/de\/wp-json\/wp\/v2\/media?parent=1847"}],"curies":[{"name":"wp","href":"https:\/\/api.w.org\/{rel}","templated":true}]}}