{"id":1943,"date":"2015-06-22T20:54:09","date_gmt":"2015-06-22T20:54:09","guid":{"rendered":"http:\/\/www.ticketrio.com.br\/site\/?page_id=1943"},"modified":"2018-04-02T14:14:08","modified_gmt":"2018-04-02T14:14:08","slug":"desfile-de-las-escuelas-de-samba","status":"publish","type":"page","link":"https:\/\/carnaval.ticketrio.com.br\/es\/carnaval-rio-entradas-sambodromo\/desfile-de-las-escuelas-de-samba\/","title":{"rendered":"Desfile de las Escuelas de Samba"},"content":{"rendered":"<div class=\"panel-grid\" id=\"pg-0\"><div class=\"panel-grid-cell\" id=\"pgc-0-0\"><div class=\"panel widget widget_text panel-first-child panel-last-child\" id=\"panel-0-0-0\">\t\t\t<div class=\"textwidget\">Los desfiles formales (\"desfile\") Durante el carnaval, el fen\u00f3meno exclusivamente brasile\u00f1o, son un escaparate de cada principal \"escuela\" realzado por la participaci\u00f3n de celebridades, fans y clientes que pagan grandes sumas de dinero a menudo es su trajes elaborados. En R\u00edo de Janeiro y S\u00e3o Paulo, los desfiles formales se llevan a cabo en los espacios construidos especialmente llamados Sambadromes (Marqu\u00e9s de Sapuca\u00ed Samb\u00f3dromo de R\u00edo, y el Samb\u00f3dromo de Anhembi en Sao Paulo), dise\u00f1ado por el arquitecto influyente, Oscar Niemeyer. El Samabadromes est\u00e1n dise\u00f1ados para dar cabida a todas las clases sociales, con salas VIP, secciones de turismo, y varios tipos de asientos hasta en los asientos m\u00e1s baratos para los sectores m\u00e1s pobres de la comunidad. Los que elegir s\u00f3lo a ver el desfile tambi\u00e9n podr\u00e1 correr a cargo de los mejores asientos. Cada muestra de la escuela glamour en coloridos trajes y carrozas con efectos especiales y se organiza en diferentes segmentos o \"alas\". Las \"alas\" representan diferentes componentes del tema de la escuela, o \"complot\", el acto Ellos OUT Un homenaje al mito, acontecimiento hist\u00f3rico o figura, o expresar su punto de vista sobre asuntos sociales, ambientales o internacional. Las \"alas\" mostrar costumbres distintas o \"fantas\u00edas\" y tambi\u00e9n reflejan los roles de la escuela de samba tradicionales desarrolladas a\u00f1o en agosto As\u00ed, cada desfile escuela de samba tiene la \"comisi\u00f3n de frente\"; Las personas que abren el desfile por caminar en atuendos sociales, saludando a la multitud; el \"ala de bahianas\", o el segmento tradicional de afro-brasile\u00f1os se\u00f1oras vestidos de Bah\u00eda con impresionante hilado ronda a trav\u00e9s de la avenida; los \"tiradores\" (cantantes de plomo) cantando el \"samba\" o tema-canci\u00f3n mientras Juegan el \"cavaquinho\" u otros instrumentos de cuerda; la \"vieja guardia\", o veteranos que hicieron historia en la escuela; la \"bater\u00eda\" o banda de samba con los tambores, \"Cuicas\" y otros instrumentos, Precedido por la \"madrina de la bater\u00eda\", o madrina banda que es a menudo una celebridad femenina atractiva. El \"abanderado\", o el titular de la bandera femenina, y el \"maestro de ceremonias\", o cortsy masculino, pantalla y saludo a la bandera de la escuela, mientras bailan y se esfuerzan por mostrar la armon\u00eda y la samba experiencia, el Su rendimiento es observado cuidadosamente y anotado por los jueces<\/div>\n\t\t<\/div><\/div>\t<div class=\"clear\"><\/div><\/div><div class=\"panel-grid\" id=\"pg-1\"><div class=\"panel-grid-cell\" id=\"pgc-1-0\"><div class=\"panel widget widget_siteorigin-image panel-first-child\" id=\"panel-1-0-0\"><img decoding=\"async\" src=\"http:\/\/carnaval.ticketrio.com.br\/wp-content\/uploads\/2015\/05\/porta_bandeira.jpg\" \/><\/div><div class=\"panel widget widget_siteorigin-image panel-last-child\" id=\"panel-1-0-1\"><img decoding=\"async\" src=\"http:\/\/carnaval.ticketrio.com.br\/wp-content\/uploads\/2015\/05\/comissao_de_frente.jpg\" \/><\/div><\/div><div class=\"panel-grid-cell\" id=\"pgc-1-1\"><div class=\"panel widget widget_siteorigin-image panel-first-child\" id=\"panel-1-1-0\"><img decoding=\"async\" src=\"http:\/\/carnaval.ticketrio.com.br\/wp-content\/uploads\/2015\/05\/slide_403634_5016100_compressed1.jpg\" \/><\/div><div class=\"panel widget widget_siteorigin-image panel-last-child\" id=\"panel-1-1-1\"><img decoding=\"async\" src=\"http:\/\/carnaval.ticketrio.com.br\/wp-content\/uploads\/2015\/05\/img_8265.jpg\" \/><\/div><\/div>\t<div class=\"clear\"><\/div><\/div>","protected":false},"excerpt":{"rendered":"<p>Los desfiles formales (&#8222;desfile&#8220;) Durante el carnaval, el fen\u00f3meno exclusivamente brasile\u00f1o, son un escaparate de cada principal &#8222;escuela&#8220; realzado por la participaci\u00f3n de celebridades, fans y clientes que pagan grandes sumas de dinero a menudo es su trajes elaborados. En R\u00edo de Janeiro y S\u00e3o Paulo, los desfiles formales se llevan a cabo en los [&hellip;]<\/p>\n","protected":false},"author":1,"featured_media":0,"parent":1819,"menu_order":0,"comment_status":"closed","ping_status":"closed","template":"page-full.php","meta":{"ngg_post_thumbnail":0,"footnotes":""},"class_list":["post-1943","page","type-page","status-publish","hentry"],"yoast_head":"<!-- This site is optimized with the Yoast SEO plugin v23.5 - https:\/\/yoast.com\/wordpress\/plugins\/seo\/ -->\n<title>Desfile de las Escuelas de Samba - Ticket Rio - Billets Carnaval Rio, Karneval Rio de Janeiro Tickets, Tickets for Rio Carnival Sambadrome, Boletos Carnaval Rio, Entradas Carnaval Rio Samb\u00f3dromo<\/title>\n<meta name=\"description\" content=\"rio carnival sambadrome tickets. Rio Carnaval Samb\u00f3dromo 2018. Rio Carnaval Entradas Samb\u00f3dromo. Rio Parade Tickets. Rio Carnaval billets. Rio karneval tickets. Rio carnavales biglietti.\" \/>\n<meta name=\"robots\" content=\"index, follow, max-snippet:-1, max-image-preview:large, max-video-preview:-1\" \/>\n<link rel=\"canonical\" href=\"https:\/\/carnaval.ticketrio.com.br\/es\/carnaval-rio-entradas-sambodromo\/desfile-de-las-escuelas-de-samba\/\" \/>\n<meta property=\"og:locale\" content=\"de_DE\" \/>\n<meta property=\"og:type\" content=\"article\" \/>\n<meta property=\"og:title\" content=\"Desfile de las Escuelas de Samba - Ticket Rio - Billets Carnaval Rio, Karneval Rio de Janeiro Tickets, Tickets for Rio Carnival Sambadrome, Boletos Carnaval Rio, Entradas Carnaval Rio Samb\u00f3dromo\" \/>\n<meta property=\"og:description\" content=\"rio carnival sambadrome tickets. Rio Carnaval Samb\u00f3dromo 2018. Rio Carnaval Entradas Samb\u00f3dromo. Rio Parade Tickets. Rio Carnaval billets. Rio karneval tickets. Rio carnavales biglietti.\" \/>\n<meta property=\"og:url\" content=\"https:\/\/carnaval.ticketrio.com.br\/es\/carnaval-rio-entradas-sambodromo\/desfile-de-las-escuelas-de-samba\/\" \/>\n<meta property=\"og:site_name\" content=\"Ticket Rio - Billets Carnaval Rio, Karneval Rio de Janeiro Tickets, Tickets for Rio Carnival Sambadrome, Boletos Carnaval Rio, Entradas Carnaval Rio Samb\u00f3dromo\" \/>\n<meta property=\"article:modified_time\" content=\"2018-04-02T14:14:08+00:00\" \/>\n<meta name=\"twitter:card\" content=\"summary_large_image\" \/>\n<script type=\"application\/ld+json\" class=\"yoast-schema-graph\">{\"@context\":\"https:\/\/schema.org\",\"@graph\":[{\"@type\":\"WebPage\",\"@id\":\"https:\/\/carnaval.ticketrio.com.br\/es\/carnaval-rio-entradas-sambodromo\/desfile-de-las-escuelas-de-samba\/\",\"url\":\"https:\/\/carnaval.ticketrio.com.br\/es\/carnaval-rio-entradas-sambodromo\/desfile-de-las-escuelas-de-samba\/\",\"name\":\"Desfile de las Escuelas de Samba - Ticket Rio - Billets Carnaval Rio, Karneval Rio de Janeiro Tickets, Tickets for Rio Carnival Sambadrome, Boletos Carnaval Rio, Entradas Carnaval Rio Samb\u00f3dromo\",\"isPartOf\":{\"@id\":\"https:\/\/carnaval.ticketrio.com.br\/#website\"},\"datePublished\":\"2015-06-22T20:54:09+00:00\",\"dateModified\":\"2018-04-02T14:14:08+00:00\",\"description\":\"rio carnival sambadrome tickets. Rio Carnaval Samb\u00f3dromo 2018. Rio Carnaval Entradas Samb\u00f3dromo. Rio Parade Tickets. Rio Carnaval billets. Rio karneval tickets. Rio carnavales biglietti.\",\"breadcrumb\":{\"@id\":\"https:\/\/carnaval.ticketrio.com.br\/es\/carnaval-rio-entradas-sambodromo\/desfile-de-las-escuelas-de-samba\/#breadcrumb\"},\"inLanguage\":\"de\",\"potentialAction\":[{\"@type\":\"ReadAction\",\"target\":[\"https:\/\/carnaval.ticketrio.com.br\/es\/carnaval-rio-entradas-sambodromo\/desfile-de-las-escuelas-de-samba\/\"]}]},{\"@type\":\"BreadcrumbList\",\"@id\":\"https:\/\/carnaval.ticketrio.com.br\/es\/carnaval-rio-entradas-sambodromo\/desfile-de-las-escuelas-de-samba\/#breadcrumb\",\"itemListElement\":[{\"@type\":\"ListItem\",\"position\":1,\"name\":\"In\u00edcio\",\"item\":\"https:\/\/carnaval.ticketrio.com.br\/\"},{\"@type\":\"ListItem\",\"position\":2,\"name\":\"Samb\u00f3dromo\",\"item\":\"https:\/\/carnaval.ticketrio.com.br\/es\/carnaval-rio-entradas-sambodromo\/\"},{\"@type\":\"ListItem\",\"position\":3,\"name\":\"Desfile de las Escuelas de Samba\"}]},{\"@type\":\"WebSite\",\"@id\":\"https:\/\/carnaval.ticketrio.com.br\/#website\",\"url\":\"https:\/\/carnaval.ticketrio.com.br\/\",\"name\":\"Ticket Rio - Billets Carnaval Rio, Karneval Rio de Janeiro Tickets, Tickets for Rio Carnival Sambadrome, Boletos Carnaval Rio, Entradas Carnaval Rio Samb\u00f3dromo\",\"description\":\"Billets Carnaval Rio, Karneval Rio de Janeiro Tickets, Tickets for Rio Carnival Sambadrome, Boletos Carnaval Rio, Entradas Carnaval Rio Samb\u00f3dromo\",\"potentialAction\":[{\"@type\":\"SearchAction\",\"target\":{\"@type\":\"EntryPoint\",\"urlTemplate\":\"https:\/\/carnaval.ticketrio.com.br\/?s={search_term_string}\"},\"query-input\":{\"@type\":\"PropertyValueSpecification\",\"valueRequired\":true,\"valueName\":\"search_term_string\"}}],\"inLanguage\":\"de\"}]}<\/script>\n<!-- \/ Yoast SEO plugin. -->","yoast_head_json":{"title":"Desfile de las Escuelas de Samba - Ticket Rio - Billets Carnaval Rio, Karneval Rio de Janeiro Tickets, Tickets for Rio Carnival Sambadrome, Boletos Carnaval Rio, Entradas Carnaval Rio Samb\u00f3dromo","description":"rio carnival sambadrome tickets. Rio Carnaval Samb\u00f3dromo 2018. Rio Carnaval Entradas Samb\u00f3dromo. Rio Parade Tickets. Rio Carnaval billets. Rio karneval tickets. Rio carnavales biglietti.","robots":{"index":"index","follow":"follow","max-snippet":"max-snippet:-1","max-image-preview":"max-image-preview:large","max-video-preview":"max-video-preview:-1"},"canonical":"https:\/\/carnaval.ticketrio.com.br\/es\/carnaval-rio-entradas-sambodromo\/desfile-de-las-escuelas-de-samba\/","og_locale":"de_DE","og_type":"article","og_title":"Desfile de las Escuelas de Samba - Ticket Rio - Billets Carnaval Rio, Karneval Rio de Janeiro Tickets, Tickets for Rio Carnival Sambadrome, Boletos Carnaval Rio, Entradas Carnaval Rio Samb\u00f3dromo","og_description":"rio carnival sambadrome tickets. Rio Carnaval Samb\u00f3dromo 2018. Rio Carnaval Entradas Samb\u00f3dromo. Rio Parade Tickets. Rio Carnaval billets. Rio karneval tickets. Rio carnavales biglietti.","og_url":"https:\/\/carnaval.ticketrio.com.br\/es\/carnaval-rio-entradas-sambodromo\/desfile-de-las-escuelas-de-samba\/","og_site_name":"Ticket Rio - Billets Carnaval Rio, Karneval Rio de Janeiro Tickets, Tickets for Rio Carnival Sambadrome, Boletos Carnaval Rio, Entradas Carnaval Rio Samb\u00f3dromo","article_modified_time":"2018-04-02T14:14:08+00:00","twitter_card":"summary_large_image","schema":{"@context":"https:\/\/schema.org","@graph":[{"@type":"WebPage","@id":"https:\/\/carnaval.ticketrio.com.br\/es\/carnaval-rio-entradas-sambodromo\/desfile-de-las-escuelas-de-samba\/","url":"https:\/\/carnaval.ticketrio.com.br\/es\/carnaval-rio-entradas-sambodromo\/desfile-de-las-escuelas-de-samba\/","name":"Desfile de las Escuelas de Samba - Ticket Rio - Billets Carnaval Rio, Karneval Rio de Janeiro Tickets, Tickets for Rio Carnival Sambadrome, Boletos Carnaval Rio, Entradas Carnaval Rio Samb\u00f3dromo","isPartOf":{"@id":"https:\/\/carnaval.ticketrio.com.br\/#website"},"datePublished":"2015-06-22T20:54:09+00:00","dateModified":"2018-04-02T14:14:08+00:00","description":"rio carnival sambadrome tickets. Rio Carnaval Samb\u00f3dromo 2018. Rio Carnaval Entradas Samb\u00f3dromo. Rio Parade Tickets. Rio Carnaval billets. Rio karneval tickets. Rio carnavales biglietti.","breadcrumb":{"@id":"https:\/\/carnaval.ticketrio.com.br\/es\/carnaval-rio-entradas-sambodromo\/desfile-de-las-escuelas-de-samba\/#breadcrumb"},"inLanguage":"de","potentialAction":[{"@type":"ReadAction","target":["https:\/\/carnaval.ticketrio.com.br\/es\/carnaval-rio-entradas-sambodromo\/desfile-de-las-escuelas-de-samba\/"]}]},{"@type":"BreadcrumbList","@id":"https:\/\/carnaval.ticketrio.com.br\/es\/carnaval-rio-entradas-sambodromo\/desfile-de-las-escuelas-de-samba\/#breadcrumb","itemListElement":[{"@type":"ListItem","position":1,"name":"In\u00edcio","item":"https:\/\/carnaval.ticketrio.com.br\/"},{"@type":"ListItem","position":2,"name":"Samb\u00f3dromo","item":"https:\/\/carnaval.ticketrio.com.br\/es\/carnaval-rio-entradas-sambodromo\/"},{"@type":"ListItem","position":3,"name":"Desfile de las Escuelas de Samba"}]},{"@type":"WebSite","@id":"https:\/\/carnaval.ticketrio.com.br\/#website","url":"https:\/\/carnaval.ticketrio.com.br\/","name":"Ticket Rio - Billets Carnaval Rio, Karneval Rio de Janeiro Tickets, Tickets for Rio Carnival Sambadrome, Boletos Carnaval Rio, Entradas Carnaval Rio Samb\u00f3dromo","description":"Billets Carnaval Rio, Karneval Rio de Janeiro Tickets, Tickets for Rio Carnival Sambadrome, Boletos Carnaval Rio, Entradas Carnaval Rio Samb\u00f3dromo","potentialAction":[{"@type":"SearchAction","target":{"@type":"EntryPoint","urlTemplate":"https:\/\/carnaval.ticketrio.com.br\/?s={search_term_string}"},"query-input":{"@type":"PropertyValueSpecification","valueRequired":true,"valueName":"search_term_string"}}],"inLanguage":"de"}]}},"_links":{"self":[{"href":"https:\/\/carnaval.ticketrio.com.br\/de\/wp-json\/wp\/v2\/pages\/1943"}],"collection":[{"href":"https:\/\/carnaval.ticketrio.com.br\/de\/wp-json\/wp\/v2\/pages"}],"about":[{"href":"https:\/\/carnaval.ticketrio.com.br\/de\/wp-json\/wp\/v2\/types\/page"}],"author":[{"embeddable":true,"href":"https:\/\/carnaval.ticketrio.com.br\/de\/wp-json\/wp\/v2\/users\/1"}],"replies":[{"embeddable":true,"href":"https:\/\/carnaval.ticketrio.com.br\/de\/wp-json\/wp\/v2\/comments?post=1943"}],"version-history":[{"count":0,"href":"https:\/\/carnaval.ticketrio.com.br\/de\/wp-json\/wp\/v2\/pages\/1943\/revisions"}],"up":[{"embeddable":true,"href":"https:\/\/carnaval.ticketrio.com.br\/de\/wp-json\/wp\/v2\/pages\/1819"}],"wp:attachment":[{"href":"https:\/\/carnaval.ticketrio.com.br\/de\/wp-json\/wp\/v2\/media?parent=1943"}],"curies":[{"name":"wp","href":"https:\/\/api.w.org\/{rel}","templated":true}]}}