{"id":1959,"date":"2015-06-23T17:25:32","date_gmt":"2015-06-23T17:25:32","guid":{"rendered":"http:\/\/www.ticketrio.com.br\/site\/?page_id=1959"},"modified":"2015-06-23T17:25:32","modified_gmt":"2015-06-23T17:25:32","slug":"mapa-do-sambodromo","status":"publish","type":"page","link":"https:\/\/carnaval.ticketrio.com.br\/es\/carnaval-rio-entradas-sambodromo\/mapa-do-sambodromo\/","title":{"rendered":"Mapa do Samb\u00f3dromo"},"content":{"rendered":"<div class=\"panel-grid\" id=\"pg-0\"><div class=\"panel-grid-cell\" id=\"pgc-0-0\"><div class=\"panel widget widget_siteorigin-image panel-first-child panel-last-child\" id=\"panel-0-0-0\"><img decoding=\"async\" src=\"http:\/\/carnaval.ticketrio.com.br\/wp-content\/uploads\/2015\/05\/2012_LIESA_MAPA-SAMBODROMO_Normal1.jpg\" \/><\/div><\/div>\t<div class=\"clear\"><\/div><\/div>","protected":false},"excerpt":{"rendered":"","protected":false},"author":1,"featured_media":1648,"parent":1819,"menu_order":3,"comment_status":"closed","ping_status":"closed","template":"page-full.php","meta":{"ngg_post_thumbnail":0,"footnotes":""},"class_list":["post-1959","page","type-page","status-publish","has-post-thumbnail","hentry"],"yoast_head":"<!-- This site is optimized with the Yoast SEO plugin v23.5 - https:\/\/yoast.com\/wordpress\/plugins\/seo\/ -->\n<title>Mapa do Samb\u00f3dromo - Ticket Rio - Billets Carnaval Rio, Karneval Rio de Janeiro Tickets, Tickets for Rio Carnival Sambadrome, Boletos Carnaval Rio, Entradas Carnaval Rio Samb\u00f3dromo<\/title>\n<meta name=\"description\" content=\"rio carnival sambadrome tickets. Rio Carnaval Samb\u00f3dromo 2018. Rio Carnaval Entradas Samb\u00f3dromo. Rio Parade Tickets. Rio Carnaval billets. Rio karneval tickets. Rio carnavales biglietti.\" \/>\n<meta name=\"robots\" content=\"index, follow, max-snippet:-1, max-image-preview:large, max-video-preview:-1\" \/>\n<link rel=\"canonical\" href=\"https:\/\/carnaval.ticketrio.com.br\/es\/carnaval-rio-entradas-sambodromo\/mapa-do-sambodromo\/\" \/>\n<meta property=\"og:locale\" content=\"de_DE\" \/>\n<meta property=\"og:type\" content=\"article\" \/>\n<meta property=\"og:title\" content=\"Mapa do Samb\u00f3dromo - Ticket Rio - Billets Carnaval Rio, Karneval Rio de Janeiro Tickets, Tickets for Rio Carnival Sambadrome, Boletos Carnaval Rio, Entradas Carnaval Rio Samb\u00f3dromo\" \/>\n<meta property=\"og:description\" content=\"rio carnival sambadrome tickets. Rio Carnaval Samb\u00f3dromo 2018. Rio Carnaval Entradas Samb\u00f3dromo. Rio Parade Tickets. Rio Carnaval billets. Rio karneval tickets. Rio carnavales biglietti.\" \/>\n<meta property=\"og:url\" content=\"https:\/\/carnaval.ticketrio.com.br\/es\/carnaval-rio-entradas-sambodromo\/mapa-do-sambodromo\/\" \/>\n<meta property=\"og:site_name\" content=\"Ticket Rio - Billets Carnaval Rio, Karneval Rio de Janeiro Tickets, Tickets for Rio Carnival Sambadrome, Boletos Carnaval Rio, Entradas Carnaval Rio Samb\u00f3dromo\" \/>\n<meta property=\"og:image\" content=\"https:\/\/carnaval.ticketrio.com.br\/wp-content\/uploads\/2015\/05\/2012_LIESA_MAPA-SAMBODROMO_Normal2.jpg\" \/>\n\t<meta property=\"og:image:width\" content=\"1167\" \/>\n\t<meta property=\"og:image:height\" content=\"715\" \/>\n\t<meta property=\"og:image:type\" content=\"image\/jpeg\" \/>\n<meta name=\"twitter:card\" content=\"summary_large_image\" \/>\n<script type=\"application\/ld+json\" class=\"yoast-schema-graph\">{\"@context\":\"https:\/\/schema.org\",\"@graph\":[{\"@type\":\"WebPage\",\"@id\":\"https:\/\/carnaval.ticketrio.com.br\/es\/carnaval-rio-entradas-sambodromo\/mapa-do-sambodromo\/\",\"url\":\"https:\/\/carnaval.ticketrio.com.br\/es\/carnaval-rio-entradas-sambodromo\/mapa-do-sambodromo\/\",\"name\":\"Mapa do Samb\u00f3dromo - Ticket Rio - Billets Carnaval Rio, Karneval Rio de Janeiro Tickets, Tickets for Rio Carnival Sambadrome, Boletos Carnaval Rio, Entradas Carnaval Rio Samb\u00f3dromo\",\"isPartOf\":{\"@id\":\"https:\/\/carnaval.ticketrio.com.br\/#website\"},\"primaryImageOfPage\":{\"@id\":\"https:\/\/carnaval.ticketrio.com.br\/es\/carnaval-rio-entradas-sambodromo\/mapa-do-sambodromo\/#primaryimage\"},\"image\":{\"@id\":\"https:\/\/carnaval.ticketrio.com.br\/es\/carnaval-rio-entradas-sambodromo\/mapa-do-sambodromo\/#primaryimage\"},\"thumbnailUrl\":\"https:\/\/carnaval.ticketrio.com.br\/wp-content\/uploads\/2015\/05\/2012_LIESA_MAPA-SAMBODROMO_Normal2.jpg\",\"datePublished\":\"2015-06-23T17:25:32+00:00\",\"dateModified\":\"2015-06-23T17:25:32+00:00\",\"description\":\"rio carnival sambadrome tickets. Rio Carnaval Samb\u00f3dromo 2018. Rio Carnaval Entradas Samb\u00f3dromo. Rio Parade Tickets. Rio Carnaval billets. Rio karneval tickets. Rio carnavales biglietti.\",\"breadcrumb\":{\"@id\":\"https:\/\/carnaval.ticketrio.com.br\/es\/carnaval-rio-entradas-sambodromo\/mapa-do-sambodromo\/#breadcrumb\"},\"inLanguage\":\"de\",\"potentialAction\":[{\"@type\":\"ReadAction\",\"target\":[\"https:\/\/carnaval.ticketrio.com.br\/es\/carnaval-rio-entradas-sambodromo\/mapa-do-sambodromo\/\"]}]},{\"@type\":\"ImageObject\",\"inLanguage\":\"de\",\"@id\":\"https:\/\/carnaval.ticketrio.com.br\/es\/carnaval-rio-entradas-sambodromo\/mapa-do-sambodromo\/#primaryimage\",\"url\":\"https:\/\/carnaval.ticketrio.com.br\/wp-content\/uploads\/2015\/05\/2012_LIESA_MAPA-SAMBODROMO_Normal2.jpg\",\"contentUrl\":\"https:\/\/carnaval.ticketrio.com.br\/wp-content\/uploads\/2015\/05\/2012_LIESA_MAPA-SAMBODROMO_Normal2.jpg\",\"width\":\"1167\",\"height\":\"715\"},{\"@type\":\"BreadcrumbList\",\"@id\":\"https:\/\/carnaval.ticketrio.com.br\/es\/carnaval-rio-entradas-sambodromo\/mapa-do-sambodromo\/#breadcrumb\",\"itemListElement\":[{\"@type\":\"ListItem\",\"position\":1,\"name\":\"In\u00edcio\",\"item\":\"https:\/\/carnaval.ticketrio.com.br\/\"},{\"@type\":\"ListItem\",\"position\":2,\"name\":\"Samb\u00f3dromo\",\"item\":\"https:\/\/carnaval.ticketrio.com.br\/es\/carnaval-rio-entradas-sambodromo\/\"},{\"@type\":\"ListItem\",\"position\":3,\"name\":\"Mapa do Samb\u00f3dromo\"}]},{\"@type\":\"WebSite\",\"@id\":\"https:\/\/carnaval.ticketrio.com.br\/#website\",\"url\":\"https:\/\/carnaval.ticketrio.com.br\/\",\"name\":\"Ticket Rio - Billets Carnaval Rio, Karneval Rio de Janeiro Tickets, Tickets for Rio Carnival Sambadrome, Boletos Carnaval Rio, Entradas Carnaval Rio Samb\u00f3dromo\",\"description\":\"Billets Carnaval Rio, Karneval Rio de Janeiro Tickets, Tickets for Rio Carnival Sambadrome, Boletos Carnaval Rio, Entradas Carnaval Rio Samb\u00f3dromo\",\"potentialAction\":[{\"@type\":\"SearchAction\",\"target\":{\"@type\":\"EntryPoint\",\"urlTemplate\":\"https:\/\/carnaval.ticketrio.com.br\/?s={search_term_string}\"},\"query-input\":{\"@type\":\"PropertyValueSpecification\",\"valueRequired\":true,\"valueName\":\"search_term_string\"}}],\"inLanguage\":\"de\"}]}<\/script>\n<!-- \/ Yoast SEO plugin. -->","yoast_head_json":{"title":"Mapa do Samb\u00f3dromo - Ticket Rio - Billets Carnaval Rio, Karneval Rio de Janeiro Tickets, Tickets for Rio Carnival Sambadrome, Boletos Carnaval Rio, Entradas Carnaval Rio Samb\u00f3dromo","description":"rio carnival sambadrome tickets. Rio Carnaval Samb\u00f3dromo 2018. Rio Carnaval Entradas Samb\u00f3dromo. Rio Parade Tickets. Rio Carnaval billets. Rio karneval tickets. Rio carnavales biglietti.","robots":{"index":"index","follow":"follow","max-snippet":"max-snippet:-1","max-image-preview":"max-image-preview:large","max-video-preview":"max-video-preview:-1"},"canonical":"https:\/\/carnaval.ticketrio.com.br\/es\/carnaval-rio-entradas-sambodromo\/mapa-do-sambodromo\/","og_locale":"de_DE","og_type":"article","og_title":"Mapa do Samb\u00f3dromo - Ticket Rio - Billets Carnaval Rio, Karneval Rio de Janeiro Tickets, Tickets for Rio Carnival Sambadrome, Boletos Carnaval Rio, Entradas Carnaval Rio Samb\u00f3dromo","og_description":"rio carnival sambadrome tickets. Rio Carnaval Samb\u00f3dromo 2018. Rio Carnaval Entradas Samb\u00f3dromo. Rio Parade Tickets. Rio Carnaval billets. Rio karneval tickets. Rio carnavales biglietti.","og_url":"https:\/\/carnaval.ticketrio.com.br\/es\/carnaval-rio-entradas-sambodromo\/mapa-do-sambodromo\/","og_site_name":"Ticket Rio - Billets Carnaval Rio, Karneval Rio de Janeiro Tickets, Tickets for Rio Carnival Sambadrome, Boletos Carnaval Rio, Entradas Carnaval Rio Samb\u00f3dromo","og_image":[{"width":1167,"height":715,"url":"https:\/\/carnaval.ticketrio.com.br\/wp-content\/uploads\/2015\/05\/2012_LIESA_MAPA-SAMBODROMO_Normal2.jpg","type":"image\/jpeg"}],"twitter_card":"summary_large_image","schema":{"@context":"https:\/\/schema.org","@graph":[{"@type":"WebPage","@id":"https:\/\/carnaval.ticketrio.com.br\/es\/carnaval-rio-entradas-sambodromo\/mapa-do-sambodromo\/","url":"https:\/\/carnaval.ticketrio.com.br\/es\/carnaval-rio-entradas-sambodromo\/mapa-do-sambodromo\/","name":"Mapa do Samb\u00f3dromo - Ticket Rio - Billets Carnaval Rio, Karneval Rio de Janeiro Tickets, Tickets for Rio Carnival Sambadrome, Boletos Carnaval Rio, Entradas Carnaval Rio Samb\u00f3dromo","isPartOf":{"@id":"https:\/\/carnaval.ticketrio.com.br\/#website"},"primaryImageOfPage":{"@id":"https:\/\/carnaval.ticketrio.com.br\/es\/carnaval-rio-entradas-sambodromo\/mapa-do-sambodromo\/#primaryimage"},"image":{"@id":"https:\/\/carnaval.ticketrio.com.br\/es\/carnaval-rio-entradas-sambodromo\/mapa-do-sambodromo\/#primaryimage"},"thumbnailUrl":"https:\/\/carnaval.ticketrio.com.br\/wp-content\/uploads\/2015\/05\/2012_LIESA_MAPA-SAMBODROMO_Normal2.jpg","datePublished":"2015-06-23T17:25:32+00:00","dateModified":"2015-06-23T17:25:32+00:00","description":"rio carnival sambadrome tickets. Rio Carnaval Samb\u00f3dromo 2018. Rio Carnaval Entradas Samb\u00f3dromo. Rio Parade Tickets. Rio Carnaval billets. Rio karneval tickets. Rio carnavales biglietti.","breadcrumb":{"@id":"https:\/\/carnaval.ticketrio.com.br\/es\/carnaval-rio-entradas-sambodromo\/mapa-do-sambodromo\/#breadcrumb"},"inLanguage":"de","potentialAction":[{"@type":"ReadAction","target":["https:\/\/carnaval.ticketrio.com.br\/es\/carnaval-rio-entradas-sambodromo\/mapa-do-sambodromo\/"]}]},{"@type":"ImageObject","inLanguage":"de","@id":"https:\/\/carnaval.ticketrio.com.br\/es\/carnaval-rio-entradas-sambodromo\/mapa-do-sambodromo\/#primaryimage","url":"https:\/\/carnaval.ticketrio.com.br\/wp-content\/uploads\/2015\/05\/2012_LIESA_MAPA-SAMBODROMO_Normal2.jpg","contentUrl":"https:\/\/carnaval.ticketrio.com.br\/wp-content\/uploads\/2015\/05\/2012_LIESA_MAPA-SAMBODROMO_Normal2.jpg","width":"1167","height":"715"},{"@type":"BreadcrumbList","@id":"https:\/\/carnaval.ticketrio.com.br\/es\/carnaval-rio-entradas-sambodromo\/mapa-do-sambodromo\/#breadcrumb","itemListElement":[{"@type":"ListItem","position":1,"name":"In\u00edcio","item":"https:\/\/carnaval.ticketrio.com.br\/"},{"@type":"ListItem","position":2,"name":"Samb\u00f3dromo","item":"https:\/\/carnaval.ticketrio.com.br\/es\/carnaval-rio-entradas-sambodromo\/"},{"@type":"ListItem","position":3,"name":"Mapa do Samb\u00f3dromo"}]},{"@type":"WebSite","@id":"https:\/\/carnaval.ticketrio.com.br\/#website","url":"https:\/\/carnaval.ticketrio.com.br\/","name":"Ticket Rio - Billets Carnaval Rio, Karneval Rio de Janeiro Tickets, Tickets for Rio Carnival Sambadrome, Boletos Carnaval Rio, Entradas Carnaval Rio Samb\u00f3dromo","description":"Billets Carnaval Rio, Karneval Rio de Janeiro Tickets, Tickets for Rio Carnival Sambadrome, Boletos Carnaval Rio, Entradas Carnaval Rio Samb\u00f3dromo","potentialAction":[{"@type":"SearchAction","target":{"@type":"EntryPoint","urlTemplate":"https:\/\/carnaval.ticketrio.com.br\/?s={search_term_string}"},"query-input":{"@type":"PropertyValueSpecification","valueRequired":true,"valueName":"search_term_string"}}],"inLanguage":"de"}]}},"_links":{"self":[{"href":"https:\/\/carnaval.ticketrio.com.br\/de\/wp-json\/wp\/v2\/pages\/1959"}],"collection":[{"href":"https:\/\/carnaval.ticketrio.com.br\/de\/wp-json\/wp\/v2\/pages"}],"about":[{"href":"https:\/\/carnaval.ticketrio.com.br\/de\/wp-json\/wp\/v2\/types\/page"}],"author":[{"embeddable":true,"href":"https:\/\/carnaval.ticketrio.com.br\/de\/wp-json\/wp\/v2\/users\/1"}],"replies":[{"embeddable":true,"href":"https:\/\/carnaval.ticketrio.com.br\/de\/wp-json\/wp\/v2\/comments?post=1959"}],"version-history":[{"count":0,"href":"https:\/\/carnaval.ticketrio.com.br\/de\/wp-json\/wp\/v2\/pages\/1959\/revisions"}],"up":[{"embeddable":true,"href":"https:\/\/carnaval.ticketrio.com.br\/de\/wp-json\/wp\/v2\/pages\/1819"}],"wp:featuredmedia":[{"embeddable":true,"href":"https:\/\/carnaval.ticketrio.com.br\/de\/wp-json\/wp\/v2\/media\/1648"}],"wp:attachment":[{"href":"https:\/\/carnaval.ticketrio.com.br\/de\/wp-json\/wp\/v2\/media?parent=1959"}],"curies":[{"name":"wp","href":"https:\/\/api.w.org\/{rel}","templated":true}]}}