{"id":345,"date":"2013-03-27T12:11:48","date_gmt":"2013-03-27T12:11:48","guid":{"rendered":"http:\/\/www.ticketrio.com.br\/site\/?page_id=345"},"modified":"2015-04-30T16:52:50","modified_gmt":"2015-04-30T16:52:50","slug":"cruzeiros-rio","status":"publish","type":"page","link":"https:\/\/carnaval.ticketrio.com.br\/ticket-rio-carnival\/cruzeiros-rio\/","title":{"rendered":"Cruzeiros &#8211; Temporada 2015\/2016"},"content":{"rendered":"<div class=\"panel-grid\" id=\"pg-0\"><div class=\"panel-grid-cell\" id=\"pgc-0-0\"><div class=\"panel widget widget_text panel-first-child panel-last-child\" id=\"panel-0-0-0\"><h3 class=\"widget-title\">Or\u00e7amentos<\/h3>\t\t\t<div class=\"textwidget\"><p>Para or\u00e7amentos de Cruzeiro favor enviar E-MAIL para atendimento@ticketrio.com.br<\/p>\n<p>informar:<br \/>\n- Quantidade de pessoas<br \/>\n- Tipo de cabine de prefer\u00eancia<br \/>\n- Datas<br \/>\n- Roteiro de prefer\u00eancia<\/p>\n<p>Em dias \u00fateis respondemos em at\u00e9 24hrs.<\/p>\n<\/div>\n\t\t<\/div><\/div>\t<div class=\"clear\"><\/div><\/div><div class=\"panel-grid\" id=\"pg-1\"><div class=\"panel-grid-cell\" id=\"pgc-1-0\"><div class=\"panel widget widget_siteorigin-image panel-first-child panel-last-child\" id=\"panel-1-0-0\"><a href=\"http:\/\/carnaval.ticketrio.com.br\/servicos\/cruzeiros-rio\/msc\/\"><img decoding=\"async\" src=\"http:\/\/carnaval.ticketrio.com.br\/wp-content\/uploads\/2013\/03\/msc.jpg\" \/><\/a><\/div><\/div><div class=\"panel-grid-cell\" id=\"pgc-1-1\"><div class=\"panel widget widget_siteorigin-image panel-first-child panel-last-child\" id=\"panel-1-1-0\"><a href=\"http:\/\/carnaval.ticketrio.com.br\/servicos\/cruzeiros-rio\/costa\/\"><img decoding=\"async\" src=\"http:\/\/carnaval.ticketrio.com.br\/wp-content\/uploads\/2013\/03\/costa1.jpg\" \/><\/a><\/div><\/div><div class=\"panel-grid-cell\" id=\"pgc-1-2\"><div class=\"panel widget widget_siteorigin-image panel-first-child panel-last-child\" id=\"panel-1-2-0\"><a href=\"http:\/\/carnaval.ticketrio.com.br\/servicos\/cruzeiros-rio\/ibero\/\"><img decoding=\"async\" src=\"http:\/\/carnaval.ticketrio.com.br\/wp-content\/uploads\/2013\/03\/ibero.jpg\" \/><\/a><\/div><\/div><div class=\"panel-grid-cell\" id=\"pgc-1-3\"><div class=\"panel widget widget_siteorigin-image panel-first-child panel-last-child\" id=\"panel-1-3-0\"><a href=\"http:\/\/carnaval.ticketrio.com.br\/servicos\/cruzeiros-rio\/royal-caribbean\/\"><img decoding=\"async\" src=\"http:\/\/carnaval.ticketrio.com.br\/wp-content\/uploads\/2013\/03\/royal.jpg\" \/><\/a><\/div><\/div>\t<div class=\"clear\"><\/div><\/div><div class=\"panel-grid\" id=\"pg-2\"><div class=\"panel-grid-cell\" id=\"pgc-2-0\"><div class=\"panel widget widget_post-content panel-first-child panel-last-child\" id=\"panel-2-0-0\"><div class=\"entry-content\"><p>http:\/\/carnaval.ticketrio.com.brservicos\/cruzeiros\/<\/p>\n<\/div><\/div><\/div>\t<div class=\"clear\"><\/div><\/div>","protected":false},"excerpt":{"rendered":"<p>Or\u00e7amentos Para or\u00e7amentos de Cruzeiro favor enviar E-MAIL para atendimento@ticketrio.com.br informar: &#8211; Quantidade de pessoas &#8211; Tipo de cabine de prefer\u00eancia &#8211; Datas &#8211; Roteiro de prefer\u00eancia Em dias \u00fateis respondemos em at\u00e9 24hrs. http:\/\/carnaval.ticketrio.com.brservicos\/cruzeiros\/<\/p>\n","protected":false},"author":1,"featured_media":0,"parent":1055,"menu_order":3,"comment_status":"closed","ping_status":"closed","template":"page-full.php","meta":{"ngg_post_thumbnail":0,"footnotes":""},"class_list":["post-345","page","type-page","status-publish","hentry"],"yoast_head":"<!-- This site is optimized with the Yoast SEO plugin v23.5 - https:\/\/yoast.com\/wordpress\/plugins\/seo\/ -->\n<title>Cruzeiros - Temporada 2015\/2016 - Ticket Rio - Billets Carnaval Rio, Karneval Rio de Janeiro Tickets, Tickets for Rio Carnival Sambadrome, Boletos Carnaval Rio, Entradas Carnaval Rio Samb\u00f3dromo<\/title>\n<meta name=\"description\" content=\"rio carnival sambadrome tickets. Rio Carnaval Samb\u00f3dromo 2018. Rio Carnaval Entradas Samb\u00f3dromo. Rio Parade Tickets. Rio Carnaval billets. Rio karneval tickets. Rio carnavales biglietti.\" \/>\n<meta name=\"robots\" content=\"index, follow, max-snippet:-1, max-image-preview:large, max-video-preview:-1\" \/>\n<link rel=\"canonical\" href=\"http:\/\/carnaval.ticketrio.com.br\/ticket-rio-carnival\/cruzeiros-rio\/\" \/>\n<meta property=\"og:locale\" content=\"de_DE\" \/>\n<meta property=\"og:type\" content=\"article\" \/>\n<meta property=\"og:title\" content=\"Cruzeiros - Temporada 2015\/2016 - Ticket Rio - Billets Carnaval Rio, Karneval Rio de Janeiro Tickets, Tickets for Rio Carnival Sambadrome, Boletos Carnaval Rio, Entradas Carnaval Rio Samb\u00f3dromo\" \/>\n<meta property=\"og:description\" content=\"rio carnival sambadrome tickets. Rio Carnaval Samb\u00f3dromo 2018. Rio Carnaval Entradas Samb\u00f3dromo. Rio Parade Tickets. Rio Carnaval billets. Rio karneval tickets. Rio carnavales biglietti.\" \/>\n<meta property=\"og:url\" content=\"http:\/\/carnaval.ticketrio.com.br\/ticket-rio-carnival\/cruzeiros-rio\/\" \/>\n<meta property=\"og:site_name\" content=\"Ticket Rio - Billets Carnaval Rio, Karneval Rio de Janeiro Tickets, Tickets for Rio Carnival Sambadrome, Boletos Carnaval Rio, Entradas Carnaval Rio Samb\u00f3dromo\" \/>\n<meta property=\"article:modified_time\" content=\"2015-04-30T16:52:50+00:00\" \/>\n<meta name=\"twitter:card\" content=\"summary_large_image\" \/>\n<script type=\"application\/ld+json\" class=\"yoast-schema-graph\">{\"@context\":\"https:\/\/schema.org\",\"@graph\":[{\"@type\":\"WebPage\",\"@id\":\"http:\/\/carnaval.ticketrio.com.br\/ticket-rio-carnival\/cruzeiros-rio\/\",\"url\":\"http:\/\/carnaval.ticketrio.com.br\/ticket-rio-carnival\/cruzeiros-rio\/\",\"name\":\"Cruzeiros - Temporada 2015\/2016 - Ticket Rio - Billets Carnaval Rio, Karneval Rio de Janeiro Tickets, Tickets for Rio Carnival Sambadrome, Boletos Carnaval Rio, Entradas Carnaval Rio Samb\u00f3dromo\",\"isPartOf\":{\"@id\":\"https:\/\/carnaval.ticketrio.com.br\/#website\"},\"datePublished\":\"2013-03-27T12:11:48+00:00\",\"dateModified\":\"2015-04-30T16:52:50+00:00\",\"description\":\"rio carnival sambadrome tickets. Rio Carnaval Samb\u00f3dromo 2018. Rio Carnaval Entradas Samb\u00f3dromo. Rio Parade Tickets. Rio Carnaval billets. Rio karneval tickets. Rio carnavales biglietti.\",\"breadcrumb\":{\"@id\":\"http:\/\/carnaval.ticketrio.com.br\/ticket-rio-carnival\/cruzeiros-rio\/#breadcrumb\"},\"inLanguage\":\"de\",\"potentialAction\":[{\"@type\":\"ReadAction\",\"target\":[\"http:\/\/carnaval.ticketrio.com.br\/ticket-rio-carnival\/cruzeiros-rio\/\"]}]},{\"@type\":\"BreadcrumbList\",\"@id\":\"http:\/\/carnaval.ticketrio.com.br\/ticket-rio-carnival\/cruzeiros-rio\/#breadcrumb\",\"itemListElement\":[{\"@type\":\"ListItem\",\"position\":1,\"name\":\"In\u00edcio\",\"item\":\"https:\/\/carnaval.ticketrio.com.br\/\"},{\"@type\":\"ListItem\",\"position\":2,\"name\":\"Ticket Rio\",\"item\":\"http:\/\/carnaval.ticketrio.com.br\/en\/ticket-rio-carnival\/\"},{\"@type\":\"ListItem\",\"position\":3,\"name\":\"Cruzeiros &#8211; Temporada 2015\/2016\"}]},{\"@type\":\"WebSite\",\"@id\":\"https:\/\/carnaval.ticketrio.com.br\/#website\",\"url\":\"https:\/\/carnaval.ticketrio.com.br\/\",\"name\":\"Ticket Rio - Billets Carnaval Rio, Karneval Rio de Janeiro Tickets, Tickets for Rio Carnival Sambadrome, Boletos Carnaval Rio, Entradas Carnaval Rio Samb\u00f3dromo\",\"description\":\"Billets Carnaval Rio, Karneval Rio de Janeiro Tickets, Tickets for Rio Carnival Sambadrome, Boletos Carnaval Rio, Entradas Carnaval Rio Samb\u00f3dromo\",\"potentialAction\":[{\"@type\":\"SearchAction\",\"target\":{\"@type\":\"EntryPoint\",\"urlTemplate\":\"https:\/\/carnaval.ticketrio.com.br\/?s={search_term_string}\"},\"query-input\":{\"@type\":\"PropertyValueSpecification\",\"valueRequired\":true,\"valueName\":\"search_term_string\"}}],\"inLanguage\":\"de\"}]}<\/script>\n<!-- \/ Yoast SEO plugin. -->","yoast_head_json":{"title":"Cruzeiros - Temporada 2015\/2016 - Ticket Rio - Billets Carnaval Rio, Karneval Rio de Janeiro Tickets, Tickets for Rio Carnival Sambadrome, Boletos Carnaval Rio, Entradas Carnaval Rio Samb\u00f3dromo","description":"rio carnival sambadrome tickets. Rio Carnaval Samb\u00f3dromo 2018. Rio Carnaval Entradas Samb\u00f3dromo. Rio Parade Tickets. Rio Carnaval billets. Rio karneval tickets. Rio carnavales biglietti.","robots":{"index":"index","follow":"follow","max-snippet":"max-snippet:-1","max-image-preview":"max-image-preview:large","max-video-preview":"max-video-preview:-1"},"canonical":"http:\/\/carnaval.ticketrio.com.br\/ticket-rio-carnival\/cruzeiros-rio\/","og_locale":"de_DE","og_type":"article","og_title":"Cruzeiros - Temporada 2015\/2016 - Ticket Rio - Billets Carnaval Rio, Karneval Rio de Janeiro Tickets, Tickets for Rio Carnival Sambadrome, Boletos Carnaval Rio, Entradas Carnaval Rio Samb\u00f3dromo","og_description":"rio carnival sambadrome tickets. Rio Carnaval Samb\u00f3dromo 2018. Rio Carnaval Entradas Samb\u00f3dromo. Rio Parade Tickets. Rio Carnaval billets. Rio karneval tickets. Rio carnavales biglietti.","og_url":"http:\/\/carnaval.ticketrio.com.br\/ticket-rio-carnival\/cruzeiros-rio\/","og_site_name":"Ticket Rio - Billets Carnaval Rio, Karneval Rio de Janeiro Tickets, Tickets for Rio Carnival Sambadrome, Boletos Carnaval Rio, Entradas Carnaval Rio Samb\u00f3dromo","article_modified_time":"2015-04-30T16:52:50+00:00","twitter_card":"summary_large_image","schema":{"@context":"https:\/\/schema.org","@graph":[{"@type":"WebPage","@id":"http:\/\/carnaval.ticketrio.com.br\/ticket-rio-carnival\/cruzeiros-rio\/","url":"http:\/\/carnaval.ticketrio.com.br\/ticket-rio-carnival\/cruzeiros-rio\/","name":"Cruzeiros - Temporada 2015\/2016 - Ticket Rio - Billets Carnaval Rio, Karneval Rio de Janeiro Tickets, Tickets for Rio Carnival Sambadrome, Boletos Carnaval Rio, Entradas Carnaval Rio Samb\u00f3dromo","isPartOf":{"@id":"https:\/\/carnaval.ticketrio.com.br\/#website"},"datePublished":"2013-03-27T12:11:48+00:00","dateModified":"2015-04-30T16:52:50+00:00","description":"rio carnival sambadrome tickets. Rio Carnaval Samb\u00f3dromo 2018. Rio Carnaval Entradas Samb\u00f3dromo. Rio Parade Tickets. Rio Carnaval billets. Rio karneval tickets. Rio carnavales biglietti.","breadcrumb":{"@id":"http:\/\/carnaval.ticketrio.com.br\/ticket-rio-carnival\/cruzeiros-rio\/#breadcrumb"},"inLanguage":"de","potentialAction":[{"@type":"ReadAction","target":["http:\/\/carnaval.ticketrio.com.br\/ticket-rio-carnival\/cruzeiros-rio\/"]}]},{"@type":"BreadcrumbList","@id":"http:\/\/carnaval.ticketrio.com.br\/ticket-rio-carnival\/cruzeiros-rio\/#breadcrumb","itemListElement":[{"@type":"ListItem","position":1,"name":"In\u00edcio","item":"https:\/\/carnaval.ticketrio.com.br\/"},{"@type":"ListItem","position":2,"name":"Ticket Rio","item":"http:\/\/carnaval.ticketrio.com.br\/en\/ticket-rio-carnival\/"},{"@type":"ListItem","position":3,"name":"Cruzeiros &#8211; Temporada 2015\/2016"}]},{"@type":"WebSite","@id":"https:\/\/carnaval.ticketrio.com.br\/#website","url":"https:\/\/carnaval.ticketrio.com.br\/","name":"Ticket Rio - Billets Carnaval Rio, Karneval Rio de Janeiro Tickets, Tickets for Rio Carnival Sambadrome, Boletos Carnaval Rio, Entradas Carnaval Rio Samb\u00f3dromo","description":"Billets Carnaval Rio, Karneval Rio de Janeiro Tickets, Tickets for Rio Carnival Sambadrome, Boletos Carnaval Rio, Entradas Carnaval Rio Samb\u00f3dromo","potentialAction":[{"@type":"SearchAction","target":{"@type":"EntryPoint","urlTemplate":"https:\/\/carnaval.ticketrio.com.br\/?s={search_term_string}"},"query-input":{"@type":"PropertyValueSpecification","valueRequired":true,"valueName":"search_term_string"}}],"inLanguage":"de"}]}},"_links":{"self":[{"href":"https:\/\/carnaval.ticketrio.com.br\/de\/wp-json\/wp\/v2\/pages\/345"}],"collection":[{"href":"https:\/\/carnaval.ticketrio.com.br\/de\/wp-json\/wp\/v2\/pages"}],"about":[{"href":"https:\/\/carnaval.ticketrio.com.br\/de\/wp-json\/wp\/v2\/types\/page"}],"author":[{"embeddable":true,"href":"https:\/\/carnaval.ticketrio.com.br\/de\/wp-json\/wp\/v2\/users\/1"}],"replies":[{"embeddable":true,"href":"https:\/\/carnaval.ticketrio.com.br\/de\/wp-json\/wp\/v2\/comments?post=345"}],"version-history":[{"count":11,"href":"https:\/\/carnaval.ticketrio.com.br\/de\/wp-json\/wp\/v2\/pages\/345\/revisions"}],"predecessor-version":[{"id":971,"href":"https:\/\/carnaval.ticketrio.com.br\/de\/wp-json\/wp\/v2\/pages\/345\/revisions\/971"}],"up":[{"embeddable":true,"href":"https:\/\/carnaval.ticketrio.com.br\/de\/wp-json\/wp\/v2\/pages\/1055"}],"wp:attachment":[{"href":"https:\/\/carnaval.ticketrio.com.br\/de\/wp-json\/wp\/v2\/media?parent=345"}],"curies":[{"name":"wp","href":"https:\/\/api.w.org\/{rel}","templated":true}]}}