{"id":500,"date":"2013-05-02T18:20:28","date_gmt":"2013-05-02T18:20:28","guid":{"rendered":"http:\/\/www.ticketrio.com.br\/site\/?page_id=500"},"modified":"2017-05-05T16:43:34","modified_gmt":"2017-05-05T16:43:34","slug":"hoteis-carnaval-rio","status":"publish","type":"page","link":"https:\/\/carnaval.ticketrio.com.br\/ingressos-carnaval-sambodromo-rj\/hoteis-carnaval-rio\/","title":{"rendered":"Hot\u00e9is Rio"},"content":{"rendered":"<div class=\"panel-grid\" id=\"pg-0\"><div class=\"panel-grid-cell\" id=\"pgc-0-0\"><div class=\"panel widget widget_button panel-first-child panel-last-child\" id=\"panel-0-0-0\"><div class=\"button-container align-center\">\t\t\t<a href=\"http:\/\/carnaval.ticketrio.com.br\/ingresso-carnaval-rio-2014\/\" class=\"cta-button button \">\r\n\t\t\t\t<span>INGRESSOS<\/span>\r\n\t\t\t<\/a>\r\n\t\t\t<\/div><\/div><\/div><div class=\"panel-grid-cell\" id=\"pgc-0-1\"><div class=\"panel widget widget_button panel-first-child panel-last-child\" id=\"panel-0-1-0\"><div class=\"button-container align-full\">\t\t\t<a href=\"http:\/\/carnaval.ticketrio.com.br\/sambodromo\/\" class=\"cta-button button \">\r\n\t\t\t\t<span>SAMB\u00d3DROMO<\/span>\r\n\t\t\t<\/a>\r\n\t\t\t<\/div><\/div><\/div><div class=\"panel-grid-cell\" id=\"pgc-0-2\"><div class=\"panel widget widget_button panel-first-child panel-last-child\" id=\"panel-0-2-0\"><div class=\"button-container align-full\">\t\t\t<a href=\"http:\/\/carnaval.ticketrio.com.br\/sambodromo\/ordem-do-desfile-sambodromo\/\" class=\"cta-button button \">\r\n\t\t\t\t<span>ORDEM DOS DESFILES<\/span>\r\n\t\t\t<\/a>\r\n\t\t\t<\/div><\/div><\/div><div class=\"panel-grid-cell\" id=\"pgc-0-3\"><div class=\"panel widget widget_button panel-first-child panel-last-child\" id=\"panel-0-3-0\"><div class=\"button-container align-full\">\t\t\t<a href=\"http:\/\/carnaval.ticketrio.com.br\/sambodromo\/transporte-sambdromo-hotel-carnaval\/\" class=\"cta-button button \">\r\n\t\t\t\t<span>TRANSPORTE<\/span>\r\n\t\t\t<\/a>\r\n\t\t\t<\/div><\/div><\/div><div class=\"panel-grid-cell\" id=\"pgc-0-4\"><div class=\"panel widget widget_button panel-first-child panel-last-child\" id=\"panel-0-4-0\"><div class=\"button-container align-full\">\t\t\t<a href=\"http:\/\/carnaval.ticketrio.com.br\/sambodromo\/mapa-sambodromo\/\" class=\"cta-button button \">\r\n\t\t\t\t<span>MAPA SAMB\u00d3DROMO<\/span>\r\n\t\t\t<\/a>\r\n\t\t\t<\/div><\/div><\/div>\t<div class=\"clear\"><\/div><\/div><div class=\"panel-grid\" id=\"pg-1\"><div class=\"panel-grid-cell\" id=\"pgc-1-0\"><div class=\"panel widget widget_text panel-first-child\" id=\"panel-1-0-0\">\t\t\t<div class=\"textwidget\"><h1><span style=\"color: #003366;\"><strong>HOT\u00c9IS RIO<\/strong><\/span><\/h1>\r\nCom a finalidade de atender e proporcionar os seus clientes conforto e comodidade, a Ticket rio buscou parceria com as maiores redes de hot\u00e9is da cidade do Rio de Janeiro, buscando assim uma forma de melhor atend\u00ea-los.\r\n<h3><strong style=\"line-height: 1.6em;\">Rede Othon<\/strong><\/h3>\r\nPresente no mercado desde 1943 a Rede Othon oferece aos seus clientes luxo, conforto e excel\u00eancia na presta\u00e7\u00e3o de seus servi\u00e7os, sendo assim considerada uma das maiores redes de hot\u00e9is da Am\u00e9rica do Sul.\r\n\r\nOs hot\u00e9is da Rede Othon s\u00e3o divididos nas seguintes categorias: Othon Palace, Othon Classic, Othon Travel, Othon Su\u00edtes e Othon Pousadas.\r\n<h3><strong style=\"line-height: 1.6em;\">Rede Windsor<\/strong><\/h3>\r\nNa cidade do Rio de Janeiro \u00e9 uma das l\u00edderes do mercado.\r\n\r\n<span style=\"line-height: 1.6em;\">Oferecendo aos seus clientes servi\u00e7os de hospitalidade e eventos com excel\u00eancia. Atualmente \u00e9 a rede que mais se dedica a atender ao p\u00fablico empresarial, tendo seus hot\u00e9is nos principais pontos da cidade.<\/span>\r\n\r\nOs hot\u00e9is da Rede Windsor na cidade s\u00e3o: Windsor Leme Hotel, Windsor Barra, Windsor Atl\u00e2ntica, Windsor Excelsior, Windsor Miramar, Windsor Plaza, Windsor Palace, Windsor Martinique, Windsor Copa Hotel, Windsor Florida, Windsor Asturias e Windsor Guanabara.\r\n<h3><strong style=\"line-height: 1.6em;\">Hotel Royalty Barra<\/strong><\/h3>\r\nLocalizado na Barra da Tijuca, o Hotel Royalty Barra encontra-se de frente para a praia, sendo um moderno e confort\u00e1vel hotel 4 estrelas, onde voc\u00ea poder\u00e1 desfrutar de dias maravilhosos, com muito conforto e tranquilidade.\r\n<h3><strong style=\"line-height: 1.6em;\">Hotel Ritz<\/strong><\/h3>\r\n<strong style=\"line-height: 1.6em;\"><\/strong><span style=\"line-height: 1.6em;\">Localizado no bairro do Leblon, o Hotel Ritz possui uma estrutura completa para atender aos seus clientes oferecendo uma hospedagem no padr\u00e3o 4 estrelas em apartamentos confort\u00e1veis e completos. A \u00e1rea de lazer do hotel oferece sauna, piscina, sala de gin\u00e1stica e um charmoso Bar tropical no lobby do hotel.<\/span>\r\n<h3><strong style=\"line-height: 1.6em;\">Mercure Arpoador<\/strong><\/h3>\r\n<strong>\u00a0<\/strong><span style=\"line-height: 1.6em;\">O Hotel Mercure Rio de Janeiro Arpoador est\u00e1 localizado na Rua Francisco Otaviano, que interliga a Av. Vieira Souto em Ipanema \u00e0 Av. Atl\u00e2ntica em Copacabana, ao lado da Pedra do Arpoador e do Forte de Copacabana, onde fica a Confeitaria Colombo. Pr\u00f3ximo ao hotel est\u00e3o as melhores op\u00e7\u00f5es da cidade em lojas, bares e restaurantes. O hotel fica pr\u00f3ximo \u00e0 Pra\u00e7a General Os\u00f3rio que, aos domingos recebe a famosa feira de artesanato. F\u00e1cil acesso aos principais pontos tur\u00edsticos da cidade.<\/span>\r\n\r\n&nbsp;<\/div>\n\t\t<\/div><div class=\"panel widget widget_button panel-last-child\" id=\"panel-1-0-1\"><div class=\"button-container align-center\">\t\t\t<a href=\"http:\/\/loja.ticketrio.com.br\/hoteis-carnaval\" class=\"cta-button button \">\r\n\t\t\t\t<span>Clique para Comprar<\/span>\r\n\t\t\t<\/a>\r\n\t\t\t<\/div><\/div><\/div><div class=\"panel-grid-cell\" id=\"pgc-1-1\"><div class=\"panel widget widget_text panel-first-child panel-last-child\" id=\"panel-1-1-0\">\t\t\t<div class=\"textwidget\">ngg_shortcode_0_placeholder<\/div>\n\t\t<\/div><\/div>\t<div class=\"clear\"><\/div><\/div>","protected":false},"excerpt":{"rendered":"<p>INGRESSOS SAMB\u00d3DROMO ORDEM DOS DESFILES TRANSPORTE MAPA SAMB\u00d3DROMO HOT\u00c9IS RIO Com a finalidade de atender e proporcionar os seus clientes conforto e comodidade, a Ticket rio buscou parceria com as maiores redes de hot\u00e9is da cidade do Rio de Janeiro, buscando assim uma forma de melhor atend\u00ea-los. Rede Othon Presente no mercado desde 1943 a [&hellip;]<\/p>\n","protected":false},"author":1,"featured_media":0,"parent":147,"menu_order":9,"comment_status":"closed","ping_status":"closed","template":"page-full.php","meta":{"ngg_post_thumbnail":0,"footnotes":""},"class_list":["post-500","page","type-page","status-publish","hentry"],"yoast_head":"<!-- This site is optimized with the Yoast SEO plugin v23.5 - https:\/\/yoast.com\/wordpress\/plugins\/seo\/ -->\n<title>Hot\u00e9is Rio - Ticket Rio - Billets Carnaval Rio, Karneval Rio de Janeiro Tickets, Tickets for Rio Carnival Sambadrome, Boletos Carnaval Rio, Entradas Carnaval Rio Samb\u00f3dromo<\/title>\n<meta name=\"description\" content=\"rio carnival sambadrome tickets. Rio Carnaval Samb\u00f3dromo 2018. Rio Carnaval Entradas Samb\u00f3dromo. Rio Parade Tickets. Rio Carnaval billets. Rio karneval tickets. Rio carnavales biglietti.\" \/>\n<meta name=\"robots\" content=\"index, follow, max-snippet:-1, max-image-preview:large, max-video-preview:-1\" \/>\n<link rel=\"canonical\" href=\"https:\/\/carnaval.ticketrio.com.br\/ingressos-carnaval-sambodromo-rj\/hoteis-carnaval-rio\/\" \/>\n<meta property=\"og:locale\" content=\"de_DE\" \/>\n<meta property=\"og:type\" content=\"article\" \/>\n<meta property=\"og:title\" content=\"Hot\u00e9is Rio - Ticket Rio - Billets Carnaval Rio, Karneval Rio de Janeiro Tickets, Tickets for Rio Carnival Sambadrome, Boletos Carnaval Rio, Entradas Carnaval Rio Samb\u00f3dromo\" \/>\n<meta property=\"og:description\" content=\"rio carnival sambadrome tickets. Rio Carnaval Samb\u00f3dromo 2018. Rio Carnaval Entradas Samb\u00f3dromo. Rio Parade Tickets. Rio Carnaval billets. Rio karneval tickets. Rio carnavales biglietti.\" \/>\n<meta property=\"og:url\" content=\"https:\/\/carnaval.ticketrio.com.br\/ingressos-carnaval-sambodromo-rj\/hoteis-carnaval-rio\/\" \/>\n<meta property=\"og:site_name\" content=\"Ticket Rio - Billets Carnaval Rio, Karneval Rio de Janeiro Tickets, Tickets for Rio Carnival Sambadrome, Boletos Carnaval Rio, Entradas Carnaval Rio Samb\u00f3dromo\" \/>\n<meta property=\"article:modified_time\" content=\"2017-05-05T16:43:34+00:00\" \/>\n<meta name=\"twitter:card\" content=\"summary_large_image\" \/>\n<meta name=\"twitter:label1\" content=\"Gesch\u00e4tzte Lesezeit\" \/>\n\t<meta name=\"twitter:data1\" content=\"2\u00a0Minuten\" \/>\n<script type=\"application\/ld+json\" class=\"yoast-schema-graph\">{\"@context\":\"https:\/\/schema.org\",\"@graph\":[{\"@type\":\"WebPage\",\"@id\":\"https:\/\/carnaval.ticketrio.com.br\/ingressos-carnaval-sambodromo-rj\/hoteis-carnaval-rio\/\",\"url\":\"https:\/\/carnaval.ticketrio.com.br\/ingressos-carnaval-sambodromo-rj\/hoteis-carnaval-rio\/\",\"name\":\"Hot\u00e9is Rio - Ticket Rio - Billets Carnaval Rio, Karneval Rio de Janeiro Tickets, Tickets for Rio Carnival Sambadrome, Boletos Carnaval Rio, Entradas Carnaval Rio Samb\u00f3dromo\",\"isPartOf\":{\"@id\":\"https:\/\/carnaval.ticketrio.com.br\/#website\"},\"datePublished\":\"2013-05-02T18:20:28+00:00\",\"dateModified\":\"2017-05-05T16:43:34+00:00\",\"description\":\"rio carnival sambadrome tickets. Rio Carnaval Samb\u00f3dromo 2018. Rio Carnaval Entradas Samb\u00f3dromo. Rio Parade Tickets. Rio Carnaval billets. Rio karneval tickets. Rio carnavales biglietti.\",\"breadcrumb\":{\"@id\":\"https:\/\/carnaval.ticketrio.com.br\/ingressos-carnaval-sambodromo-rj\/hoteis-carnaval-rio\/#breadcrumb\"},\"inLanguage\":\"de\",\"potentialAction\":[{\"@type\":\"ReadAction\",\"target\":[\"https:\/\/carnaval.ticketrio.com.br\/ingressos-carnaval-sambodromo-rj\/hoteis-carnaval-rio\/\"]}]},{\"@type\":\"BreadcrumbList\",\"@id\":\"https:\/\/carnaval.ticketrio.com.br\/ingressos-carnaval-sambodromo-rj\/hoteis-carnaval-rio\/#breadcrumb\",\"itemListElement\":[{\"@type\":\"ListItem\",\"position\":1,\"name\":\"In\u00edcio\",\"item\":\"https:\/\/carnaval.ticketrio.com.br\/\"},{\"@type\":\"ListItem\",\"position\":2,\"name\":\"Samb\u00f3dromo\",\"item\":\"https:\/\/carnaval.ticketrio.com.br\/ingressos-carnaval-sambodromo-rj\/\"},{\"@type\":\"ListItem\",\"position\":3,\"name\":\"Hot\u00e9is Rio\"}]},{\"@type\":\"WebSite\",\"@id\":\"https:\/\/carnaval.ticketrio.com.br\/#website\",\"url\":\"https:\/\/carnaval.ticketrio.com.br\/\",\"name\":\"Ticket Rio - Billets Carnaval Rio, Karneval Rio de Janeiro Tickets, Tickets for Rio Carnival Sambadrome, Boletos Carnaval Rio, Entradas Carnaval Rio Samb\u00f3dromo\",\"description\":\"Billets Carnaval Rio, Karneval Rio de Janeiro Tickets, Tickets for Rio Carnival Sambadrome, Boletos Carnaval Rio, Entradas Carnaval Rio Samb\u00f3dromo\",\"potentialAction\":[{\"@type\":\"SearchAction\",\"target\":{\"@type\":\"EntryPoint\",\"urlTemplate\":\"https:\/\/carnaval.ticketrio.com.br\/?s={search_term_string}\"},\"query-input\":{\"@type\":\"PropertyValueSpecification\",\"valueRequired\":true,\"valueName\":\"search_term_string\"}}],\"inLanguage\":\"de\"}]}<\/script>\n<!-- \/ Yoast SEO plugin. -->","yoast_head_json":{"title":"Hot\u00e9is Rio - Ticket Rio - Billets Carnaval Rio, Karneval Rio de Janeiro Tickets, Tickets for Rio Carnival Sambadrome, Boletos Carnaval Rio, Entradas Carnaval Rio Samb\u00f3dromo","description":"rio carnival sambadrome tickets. Rio Carnaval Samb\u00f3dromo 2018. Rio Carnaval Entradas Samb\u00f3dromo. Rio Parade Tickets. Rio Carnaval billets. Rio karneval tickets. Rio carnavales biglietti.","robots":{"index":"index","follow":"follow","max-snippet":"max-snippet:-1","max-image-preview":"max-image-preview:large","max-video-preview":"max-video-preview:-1"},"canonical":"https:\/\/carnaval.ticketrio.com.br\/ingressos-carnaval-sambodromo-rj\/hoteis-carnaval-rio\/","og_locale":"de_DE","og_type":"article","og_title":"Hot\u00e9is Rio - Ticket Rio - Billets Carnaval Rio, Karneval Rio de Janeiro Tickets, Tickets for Rio Carnival Sambadrome, Boletos Carnaval Rio, Entradas Carnaval Rio Samb\u00f3dromo","og_description":"rio carnival sambadrome tickets. Rio Carnaval Samb\u00f3dromo 2018. Rio Carnaval Entradas Samb\u00f3dromo. Rio Parade Tickets. Rio Carnaval billets. Rio karneval tickets. Rio carnavales biglietti.","og_url":"https:\/\/carnaval.ticketrio.com.br\/ingressos-carnaval-sambodromo-rj\/hoteis-carnaval-rio\/","og_site_name":"Ticket Rio - Billets Carnaval Rio, Karneval Rio de Janeiro Tickets, Tickets for Rio Carnival Sambadrome, Boletos Carnaval Rio, Entradas Carnaval Rio Samb\u00f3dromo","article_modified_time":"2017-05-05T16:43:34+00:00","twitter_card":"summary_large_image","twitter_misc":{"Gesch\u00e4tzte Lesezeit":"2\u00a0Minuten"},"schema":{"@context":"https:\/\/schema.org","@graph":[{"@type":"WebPage","@id":"https:\/\/carnaval.ticketrio.com.br\/ingressos-carnaval-sambodromo-rj\/hoteis-carnaval-rio\/","url":"https:\/\/carnaval.ticketrio.com.br\/ingressos-carnaval-sambodromo-rj\/hoteis-carnaval-rio\/","name":"Hot\u00e9is Rio - Ticket Rio - Billets Carnaval Rio, Karneval Rio de Janeiro Tickets, Tickets for Rio Carnival Sambadrome, Boletos Carnaval Rio, Entradas Carnaval Rio Samb\u00f3dromo","isPartOf":{"@id":"https:\/\/carnaval.ticketrio.com.br\/#website"},"datePublished":"2013-05-02T18:20:28+00:00","dateModified":"2017-05-05T16:43:34+00:00","description":"rio carnival sambadrome tickets. Rio Carnaval Samb\u00f3dromo 2018. Rio Carnaval Entradas Samb\u00f3dromo. Rio Parade Tickets. Rio Carnaval billets. Rio karneval tickets. Rio carnavales biglietti.","breadcrumb":{"@id":"https:\/\/carnaval.ticketrio.com.br\/ingressos-carnaval-sambodromo-rj\/hoteis-carnaval-rio\/#breadcrumb"},"inLanguage":"de","potentialAction":[{"@type":"ReadAction","target":["https:\/\/carnaval.ticketrio.com.br\/ingressos-carnaval-sambodromo-rj\/hoteis-carnaval-rio\/"]}]},{"@type":"BreadcrumbList","@id":"https:\/\/carnaval.ticketrio.com.br\/ingressos-carnaval-sambodromo-rj\/hoteis-carnaval-rio\/#breadcrumb","itemListElement":[{"@type":"ListItem","position":1,"name":"In\u00edcio","item":"https:\/\/carnaval.ticketrio.com.br\/"},{"@type":"ListItem","position":2,"name":"Samb\u00f3dromo","item":"https:\/\/carnaval.ticketrio.com.br\/ingressos-carnaval-sambodromo-rj\/"},{"@type":"ListItem","position":3,"name":"Hot\u00e9is Rio"}]},{"@type":"WebSite","@id":"https:\/\/carnaval.ticketrio.com.br\/#website","url":"https:\/\/carnaval.ticketrio.com.br\/","name":"Ticket Rio - Billets Carnaval Rio, Karneval Rio de Janeiro Tickets, Tickets for Rio Carnival Sambadrome, Boletos Carnaval Rio, Entradas Carnaval Rio Samb\u00f3dromo","description":"Billets Carnaval Rio, Karneval Rio de Janeiro Tickets, Tickets for Rio Carnival Sambadrome, Boletos Carnaval Rio, Entradas Carnaval Rio Samb\u00f3dromo","potentialAction":[{"@type":"SearchAction","target":{"@type":"EntryPoint","urlTemplate":"https:\/\/carnaval.ticketrio.com.br\/?s={search_term_string}"},"query-input":{"@type":"PropertyValueSpecification","valueRequired":true,"valueName":"search_term_string"}}],"inLanguage":"de"}]}},"_links":{"self":[{"href":"https:\/\/carnaval.ticketrio.com.br\/de\/wp-json\/wp\/v2\/pages\/500"}],"collection":[{"href":"https:\/\/carnaval.ticketrio.com.br\/de\/wp-json\/wp\/v2\/pages"}],"about":[{"href":"https:\/\/carnaval.ticketrio.com.br\/de\/wp-json\/wp\/v2\/types\/page"}],"author":[{"embeddable":true,"href":"https:\/\/carnaval.ticketrio.com.br\/de\/wp-json\/wp\/v2\/users\/1"}],"replies":[{"embeddable":true,"href":"https:\/\/carnaval.ticketrio.com.br\/de\/wp-json\/wp\/v2\/comments?post=500"}],"version-history":[{"count":19,"href":"https:\/\/carnaval.ticketrio.com.br\/de\/wp-json\/wp\/v2\/pages\/500\/revisions"}],"predecessor-version":[{"id":1347,"href":"https:\/\/carnaval.ticketrio.com.br\/de\/wp-json\/wp\/v2\/pages\/500\/revisions\/1347"}],"up":[{"embeddable":true,"href":"https:\/\/carnaval.ticketrio.com.br\/de\/wp-json\/wp\/v2\/pages\/147"}],"wp:attachment":[{"href":"https:\/\/carnaval.ticketrio.com.br\/de\/wp-json\/wp\/v2\/media?parent=500"}],"curies":[{"name":"wp","href":"https:\/\/api.w.org\/{rel}","templated":true}]}}