{"id":1055,"date":"2015-05-12T17:24:21","date_gmt":"2015-05-12T17:24:21","guid":{"rendered":"http:\/\/www.ticketrio.com.br\/site\/?page_id=1055"},"modified":"2018-06-19T17:16:06","modified_gmt":"2018-06-19T17:16:06","slug":"ticket-rio-carnival","status":"publish","type":"page","link":"https:\/\/carnaval.ticketrio.com.br\/en\/ticket-rio-carnival\/","title":{"rendered":"Ticket Rio"},"content":{"rendered":"<div class=\"panel-grid\" id=\"pg-0\"><div class=\"panel-grid-cell\" id=\"pgc-0-0\"><div class=\"panel widget widget_text panel-first-child panel-last-child\" id=\"panel-0-0-0\"><h3 class=\"widget-title\">The Company<\/h3>\t\t\t<div class=\"textwidget\"><p>Ticket Rio Travel agency specializes in selling packages for major events like Carnival, Theme Parks, and Shows, adding the reception services, transportation, and guide.<\/p>\n<p>We offer tours for groups to Corcovado, Sugar Loaf, beaches, Angra dos Reis and Ilha Grande, as well as cruises, city tours, booking hotels, transfers, among others.<\/p>\n<p>To purchase our products and services, visit the online store: http:\/\/loja.ticketrio.com.br\/ or talk with our personalized service by phone, skype, email or online chat.<\/p>\n<p>The Ticket Rio belongs to Group Barra Media Communication and Tourism Ltda. CNPJ 07,909,071 \/ 0001-50<\/p>\n<\/div>\n\t\t<\/div><\/div>\t<div class=\"clear\"><\/div><\/div><div class=\"panel-grid\" id=\"pg-1\"><div class=\"panel-grid-cell\" id=\"pgc-1-0\"><div class=\"panel widget widget_text panel-first-child\" id=\"panel-1-0-0\"><h3 class=\"widget-title\">Our Team<\/h3>\t\t\t<div class=\"textwidget\"><p>We have a specialized team that will give you all the support and personalized attention. Contact us by e- mail, in person or even chat. We are at your disposal!<\/p>\n<\/div>\n\t\t<\/div><div class=\"panel widget widget_text\" id=\"panel-1-0-1\"><h3 class=\"widget-title\">Affiliate :<\/h3>\t\t\t<div class=\"textwidget\"><p>Embratur: 019.21211.10.0001<br \/>\nhttp:\/\/www.cadastur.turismo.gov.br<\/p>\n<p>ABAV - N\u00ba 1644<br \/>\nhttp:\/\/www.abav.com.br\/<\/p>\n<\/div>\n\t\t<\/div><div class=\"panel widget widget_links panel-last-child\" id=\"linkcat-14\"><h3 class=\"widget-title\">Our Websites<\/h3>\n\t<ul class='xoxo blogroll'>\n<li><a href=\"http:\/\/carnaval.ticketrio.com.br\/\" rel=\"met noopener\" target=\"_blank\">http:\/\/carnaval.ticketrio.com.br\/<\/a>\n10<\/li>\n<li><a href=\"http:\/\/entradascarnavalrio-ticketrio.com\/\" rel=\"me noopener\" target=\"_blank\">http:\/\/entradascarnavalrio-ticketrio.com\/<\/a>\n10<\/li>\n<li><a href=\"http:\/\/ticketrio.com\/\" rel=\"met noopener\" target=\"_blank\">http:\/\/ticketrio.com\/<\/a>\n10<\/li>\n<li><a href=\"http:\/\/ticketriocarnaval.com.br\/\" rel=\"me noopener\" target=\"_blank\">http:\/\/ticketriocarnaval.com.br\/<\/a>\n10<\/li>\n<li><a href=\"http:\/\/www.barramidia.com.br\" rel=\"me noopener\" target=\"_blank\">http:\/\/www.barramidia.com.br<\/a>\n10<\/li>\n<li><a href=\"http:\/\/www.blocofolia.com.br\/\" rel=\"me noopener\" target=\"_blank\">http:\/\/www.blocofolia.com.br\/<\/a>\n10<\/li>\n<li><a href=\"https:\/\/www.carnavalticketrio.com\" rel=\"me noopener\" target=\"_blank\">http:\/\/www.camarotescarnavalticketrio.com.br<\/a>\n10<\/li>\n<li><a href=\"http:\/\/www.carnival-ticketrio.com\/\" rel=\"contact noopener\" target=\"_blank\">http:\/\/www.carnival-ticketrio.com\/<\/a>\n10<\/li>\n<li><a href=\"http:\/\/www.ingressoscarnavalticketrio.com.br\/\" rel=\"noopener\" target=\"_blank\">http:\/\/www.ingressoscarnavalticketrio.com.br\/<\/a>\n10<\/li>\n<li><a href=\"http:\/\/carnaval.ticketrio.com.br\/\" rel=\"noopener\" target=\"_blank\">http:\/\/www.ticketrio.com.br<\/a>\n10<\/li>\n<li><a href=\"https:\/\/www.carnavalticketrio.com\/\" rel=\"noopener\" target=\"_blank\">https:\/\/www.carnavalticketrio.com\/<\/a>\n10<\/li>\n\n\t<\/ul>\n<\/div>\n<\/div><div class=\"panel-grid-cell\" id=\"pgc-1-1\"><div class=\"panel widget widget_siteorigin-image panel-first-child\" id=\"panel-1-1-0\"><img decoding=\"async\" src=\"http:\/\/carnaval.ticketrio.com.br\/wp-content\/uploads\/2013\/03\/team_ticketrio_menor1.jpg\" \/><\/div><div class=\"panel widget widget_siteorigin-image panel-last-child\" id=\"panel-1-1-1\"><img decoding=\"async\" src=\"http:\/\/carnaval.ticketrio.com.br\/wp-content\/uploads\/2015\/05\/loja-fisica_google.jpg\" \/><\/div><\/div>\t<div class=\"clear\"><\/div><\/div><div class=\"panel-grid\" id=\"pg-2\"><div class=\"panel-grid-cell\" id=\"pgc-2-0\"><div class=\"panel widget widget_siteorigin-image panel-first-child panel-last-child\" id=\"panel-2-0-0\"><img decoding=\"async\" src=\"http:\/\/carnaval.ticketrio.com.br\/wp-content\/uploads\/2013\/03\/logo-barramidia-13anos.png\" \/><\/div><\/div><div class=\"panel-grid-cell\" id=\"pgc-2-1\"><div class=\"panel widget widget_siteorigin-image panel-first-child panel-last-child\" id=\"panel-2-1-0\"><img decoding=\"async\" src=\"http:\/\/carnaval.ticketrio.com.br\/wp-content\/uploads\/2015\/05\/cadastro_embratur.png\" \/><\/div><\/div><div class=\"panel-grid-cell\" id=\"pgc-2-2\"><div class=\"panel widget widget_siteorigin-image panel-first-child panel-last-child\" id=\"panel-2-2-0\"><img decoding=\"async\" src=\"http:\/\/carnaval.ticketrio.com.br\/wp-content\/uploads\/2015\/05\/associado_abav-3.png\" \/><\/div><\/div>\t<div class=\"clear\"><\/div><\/div>","protected":false},"excerpt":{"rendered":"<p>The Company Ticket Rio Travel agency specializes in selling packages for major events like Carnival, Theme Parks, and Shows, adding the reception services, transportation, and guide. We offer tours for groups to Corcovado, Sugar Loaf, beaches, Angra dos Reis and Ilha Grande, as well as cruises, city tours, booking hotels, transfers, among others. To purchase [&hellip;]<\/p>\n","protected":false},"author":1,"featured_media":0,"parent":0,"menu_order":0,"comment_status":"closed","ping_status":"closed","template":"page-full.php","meta":{"ngg_post_thumbnail":0,"footnotes":""},"class_list":["post-1055","page","type-page","status-publish","hentry"],"yoast_head":"<!-- This site is optimized with the Yoast SEO plugin v23.5 - https:\/\/yoast.com\/wordpress\/plugins\/seo\/ -->\n<title>Ticket Rio - Ticket Rio - Billets Carnaval Rio, Karneval Rio de Janeiro Tickets, Tickets for Rio Carnival Sambadrome, Boletos Carnaval Rio, Entradas Carnaval Rio Samb\u00f3dromo<\/title>\n<meta name=\"description\" content=\"rio carnival sambadrome tickets. Rio Carnaval Samb\u00f3dromo 2018. Rio Carnaval Entradas Samb\u00f3dromo. Rio Parade Tickets. Rio Carnaval billets. Rio karneval tickets. Rio carnavales biglietti.\" \/>\n<meta name=\"robots\" content=\"index, follow, max-snippet:-1, max-image-preview:large, max-video-preview:-1\" \/>\n<link rel=\"canonical\" href=\"http:\/\/carnaval.ticketrio.com.br\/en\/ticket-rio-carnival\/\" \/>\n<meta property=\"og:locale\" content=\"en_US\" \/>\n<meta property=\"og:type\" content=\"article\" \/>\n<meta property=\"og:title\" content=\"Ticket Rio - Ticket Rio - Billets Carnaval Rio, Karneval Rio de Janeiro Tickets, Tickets for Rio Carnival Sambadrome, Boletos Carnaval Rio, Entradas Carnaval Rio Samb\u00f3dromo\" \/>\n<meta property=\"og:description\" content=\"rio carnival sambadrome tickets. Rio Carnaval Samb\u00f3dromo 2018. Rio Carnaval Entradas Samb\u00f3dromo. Rio Parade Tickets. Rio Carnaval billets. Rio karneval tickets. Rio carnavales biglietti.\" \/>\n<meta property=\"og:url\" content=\"http:\/\/carnaval.ticketrio.com.br\/en\/ticket-rio-carnival\/\" \/>\n<meta property=\"og:site_name\" content=\"Ticket Rio - Billets Carnaval Rio, Karneval Rio de Janeiro Tickets, Tickets for Rio Carnival Sambadrome, Boletos Carnaval Rio, Entradas Carnaval Rio Samb\u00f3dromo\" \/>\n<meta property=\"article:modified_time\" content=\"2018-06-19T17:16:06+00:00\" \/>\n<meta name=\"twitter:card\" content=\"summary_large_image\" \/>\n<meta name=\"twitter:label1\" content=\"Est. reading time\" \/>\n\t<meta name=\"twitter:data1\" content=\"1 minute\" \/>\n<script type=\"application\/ld+json\" class=\"yoast-schema-graph\">{\"@context\":\"https:\/\/schema.org\",\"@graph\":[{\"@type\":\"WebPage\",\"@id\":\"http:\/\/carnaval.ticketrio.com.br\/en\/ticket-rio-carnival\/\",\"url\":\"http:\/\/carnaval.ticketrio.com.br\/en\/ticket-rio-carnival\/\",\"name\":\"Ticket Rio - Ticket Rio - Billets Carnaval Rio, Karneval Rio de Janeiro Tickets, Tickets for Rio Carnival Sambadrome, Boletos Carnaval Rio, Entradas Carnaval Rio Samb\u00f3dromo\",\"isPartOf\":{\"@id\":\"https:\/\/carnaval.ticketrio.com.br\/#website\"},\"datePublished\":\"2015-05-12T17:24:21+00:00\",\"dateModified\":\"2018-06-19T17:16:06+00:00\",\"description\":\"rio carnival sambadrome tickets. Rio Carnaval Samb\u00f3dromo 2018. Rio Carnaval Entradas Samb\u00f3dromo. Rio Parade Tickets. Rio Carnaval billets. Rio karneval tickets. Rio carnavales biglietti.\",\"breadcrumb\":{\"@id\":\"http:\/\/carnaval.ticketrio.com.br\/en\/ticket-rio-carnival\/#breadcrumb\"},\"inLanguage\":\"en-US\",\"potentialAction\":[{\"@type\":\"ReadAction\",\"target\":[\"http:\/\/carnaval.ticketrio.com.br\/en\/ticket-rio-carnival\/\"]}]},{\"@type\":\"BreadcrumbList\",\"@id\":\"http:\/\/carnaval.ticketrio.com.br\/en\/ticket-rio-carnival\/#breadcrumb\",\"itemListElement\":[{\"@type\":\"ListItem\",\"position\":1,\"name\":\"In\u00edcio\",\"item\":\"https:\/\/carnaval.ticketrio.com.br\/\"},{\"@type\":\"ListItem\",\"position\":2,\"name\":\"Ticket Rio\"}]},{\"@type\":\"WebSite\",\"@id\":\"https:\/\/carnaval.ticketrio.com.br\/#website\",\"url\":\"https:\/\/carnaval.ticketrio.com.br\/\",\"name\":\"Ticket Rio - Billets Carnaval Rio, Karneval Rio de Janeiro Tickets, Tickets for Rio Carnival Sambadrome, Boletos Carnaval Rio, Entradas Carnaval Rio Samb\u00f3dromo\",\"description\":\"Billets Carnaval Rio, Karneval Rio de Janeiro Tickets, Tickets for Rio Carnival Sambadrome, Boletos Carnaval Rio, Entradas Carnaval Rio Samb\u00f3dromo\",\"potentialAction\":[{\"@type\":\"SearchAction\",\"target\":{\"@type\":\"EntryPoint\",\"urlTemplate\":\"https:\/\/carnaval.ticketrio.com.br\/?s={search_term_string}\"},\"query-input\":{\"@type\":\"PropertyValueSpecification\",\"valueRequired\":true,\"valueName\":\"search_term_string\"}}],\"inLanguage\":\"en-US\"}]}<\/script>\n<!-- \/ Yoast SEO plugin. -->","yoast_head_json":{"title":"Ticket Rio - Ticket Rio - Billets Carnaval Rio, Karneval Rio de Janeiro Tickets, Tickets for Rio Carnival Sambadrome, Boletos Carnaval Rio, Entradas Carnaval Rio Samb\u00f3dromo","description":"rio carnival sambadrome tickets. Rio Carnaval Samb\u00f3dromo 2018. Rio Carnaval Entradas Samb\u00f3dromo. Rio Parade Tickets. Rio Carnaval billets. Rio karneval tickets. Rio carnavales biglietti.","robots":{"index":"index","follow":"follow","max-snippet":"max-snippet:-1","max-image-preview":"max-image-preview:large","max-video-preview":"max-video-preview:-1"},"canonical":"http:\/\/carnaval.ticketrio.com.br\/en\/ticket-rio-carnival\/","og_locale":"en_US","og_type":"article","og_title":"Ticket Rio - Ticket Rio - Billets Carnaval Rio, Karneval Rio de Janeiro Tickets, Tickets for Rio Carnival Sambadrome, Boletos Carnaval Rio, Entradas Carnaval Rio Samb\u00f3dromo","og_description":"rio carnival sambadrome tickets. Rio Carnaval Samb\u00f3dromo 2018. Rio Carnaval Entradas Samb\u00f3dromo. Rio Parade Tickets. Rio Carnaval billets. Rio karneval tickets. Rio carnavales biglietti.","og_url":"http:\/\/carnaval.ticketrio.com.br\/en\/ticket-rio-carnival\/","og_site_name":"Ticket Rio - Billets Carnaval Rio, Karneval Rio de Janeiro Tickets, Tickets for Rio Carnival Sambadrome, Boletos Carnaval Rio, Entradas Carnaval Rio Samb\u00f3dromo","article_modified_time":"2018-06-19T17:16:06+00:00","twitter_card":"summary_large_image","twitter_misc":{"Est. reading time":"1 minute"},"schema":{"@context":"https:\/\/schema.org","@graph":[{"@type":"WebPage","@id":"http:\/\/carnaval.ticketrio.com.br\/en\/ticket-rio-carnival\/","url":"http:\/\/carnaval.ticketrio.com.br\/en\/ticket-rio-carnival\/","name":"Ticket Rio - Ticket Rio - Billets Carnaval Rio, Karneval Rio de Janeiro Tickets, Tickets for Rio Carnival Sambadrome, Boletos Carnaval Rio, Entradas Carnaval Rio Samb\u00f3dromo","isPartOf":{"@id":"https:\/\/carnaval.ticketrio.com.br\/#website"},"datePublished":"2015-05-12T17:24:21+00:00","dateModified":"2018-06-19T17:16:06+00:00","description":"rio carnival sambadrome tickets. Rio Carnaval Samb\u00f3dromo 2018. Rio Carnaval Entradas Samb\u00f3dromo. Rio Parade Tickets. Rio Carnaval billets. Rio karneval tickets. Rio carnavales biglietti.","breadcrumb":{"@id":"http:\/\/carnaval.ticketrio.com.br\/en\/ticket-rio-carnival\/#breadcrumb"},"inLanguage":"en-US","potentialAction":[{"@type":"ReadAction","target":["http:\/\/carnaval.ticketrio.com.br\/en\/ticket-rio-carnival\/"]}]},{"@type":"BreadcrumbList","@id":"http:\/\/carnaval.ticketrio.com.br\/en\/ticket-rio-carnival\/#breadcrumb","itemListElement":[{"@type":"ListItem","position":1,"name":"In\u00edcio","item":"https:\/\/carnaval.ticketrio.com.br\/"},{"@type":"ListItem","position":2,"name":"Ticket Rio"}]},{"@type":"WebSite","@id":"https:\/\/carnaval.ticketrio.com.br\/#website","url":"https:\/\/carnaval.ticketrio.com.br\/","name":"Ticket Rio - Billets Carnaval Rio, Karneval Rio de Janeiro Tickets, Tickets for Rio Carnival Sambadrome, Boletos Carnaval Rio, Entradas Carnaval Rio Samb\u00f3dromo","description":"Billets Carnaval Rio, Karneval Rio de Janeiro Tickets, Tickets for Rio Carnival Sambadrome, Boletos Carnaval Rio, Entradas Carnaval Rio Samb\u00f3dromo","potentialAction":[{"@type":"SearchAction","target":{"@type":"EntryPoint","urlTemplate":"https:\/\/carnaval.ticketrio.com.br\/?s={search_term_string}"},"query-input":{"@type":"PropertyValueSpecification","valueRequired":true,"valueName":"search_term_string"}}],"inLanguage":"en-US"}]}},"_links":{"self":[{"href":"https:\/\/carnaval.ticketrio.com.br\/en\/wp-json\/wp\/v2\/pages\/1055"}],"collection":[{"href":"https:\/\/carnaval.ticketrio.com.br\/en\/wp-json\/wp\/v2\/pages"}],"about":[{"href":"https:\/\/carnaval.ticketrio.com.br\/en\/wp-json\/wp\/v2\/types\/page"}],"author":[{"embeddable":true,"href":"https:\/\/carnaval.ticketrio.com.br\/en\/wp-json\/wp\/v2\/users\/1"}],"replies":[{"embeddable":true,"href":"https:\/\/carnaval.ticketrio.com.br\/en\/wp-json\/wp\/v2\/comments?post=1055"}],"version-history":[{"count":20,"href":"https:\/\/carnaval.ticketrio.com.br\/en\/wp-json\/wp\/v2\/pages\/1055\/revisions"}],"predecessor-version":[{"id":2498,"href":"https:\/\/carnaval.ticketrio.com.br\/en\/wp-json\/wp\/v2\/pages\/1055\/revisions\/2498"}],"wp:attachment":[{"href":"https:\/\/carnaval.ticketrio.com.br\/en\/wp-json\/wp\/v2\/media?parent=1055"}],"curies":[{"name":"wp","href":"https:\/\/api.w.org\/{rel}","templated":true}]}}