{"id":90,"date":"2013-03-07T16:06:26","date_gmt":"2013-03-07T16:06:26","guid":{"rendered":"http:\/\/www.ticketrio.com.br\/site\/?page_id=90"},"modified":"2026-03-05T18:53:34","modified_gmt":"2026-03-05T18:53:34","slug":"arquibancadas-carnaval-sambodromo","status":"publish","type":"page","link":"https:\/\/carnaval.ticketrio.com.br\/ingressos-carnaval-rio\/arquibancadas-carnaval-sambodromo\/","title":{"rendered":"Arquibancadas"},"content":{"rendered":"<div class=\"panel-grid\" id=\"pg-0\"><div class=\"panel-grid-cell\" id=\"pgc-0-0\"><div class=\"panel widget widget_button panel-first-child\" id=\"panel-0-0-0\"><div class=\"button-container align-full\">\t\t\t<a href=\"http:\/\/carnaval.ticketrio.com.br\/sambodromo\/\" class=\"cta-button button \">\r\n\t\t\t\t<span>SAMB\u00d3DROMO<\/span>\r\n\t\t\t<\/a>\r\n\t\t\t<\/div><\/div><div class=\"panel widget widget_button\" id=\"panel-0-0-1\"><div class=\"button-container align-full\">\t\t\t<a href=\"http:\/\/carnaval.ticketrio.com.br\/sambodromo\/ordem-do-desfile-sambodromo\/\" class=\"cta-button button \">\r\n\t\t\t\t<span>ORDEM DOS DESFILES<\/span>\r\n\t\t\t<\/a>\r\n\t\t\t<\/div><\/div><div class=\"panel widget widget_button\" id=\"panel-0-0-2\"><div class=\"button-container align-full\">\t\t\t<a href=\"http:\/\/carnaval.ticketrio.com.br\/servicos\/transporte\/\" class=\"cta-button button \">\r\n\t\t\t\t<span>TRANSPORTE<\/span>\r\n\t\t\t<\/a>\r\n\t\t\t<\/div><\/div><div class=\"panel widget widget_button panel-last-child\" id=\"panel-0-0-3\"><div class=\"button-container align-full\">\t\t\t<a href=\"http:\/\/carnaval.ticketrio.com.br\/sambodromo\/hoteis\/\" class=\"cta-button button \">\r\n\t\t\t\t<span>HOT\u00c9IS<\/span>\r\n\t\t\t<\/a>\r\n\t\t\t<\/div><\/div><\/div><div class=\"panel-grid-cell\" id=\"pgc-0-1\"><div class=\"panel widget widget_siteorigin-image panel-first-child panel-last-child\" id=\"panel-0-1-0\"><a href=\"http:\/\/carnaval.ticketrio.com.br\/ingresso-carnaval-rio-2014\/arquibancadas-carnaval-sambodromo\/\"><img decoding=\"async\" src=\"http:\/\/carnaval.ticketrio.com.br\/wp-content\/uploads\/2013\/03\/ARQUIBANCADAS2.jpg\" \/><\/a><\/div><\/div><div class=\"panel-grid-cell\" id=\"pgc-0-2\"><div class=\"panel widget widget_siteorigin-image panel-first-child panel-last-child\" id=\"panel-0-2-0\"><a href=\"http:\/\/carnaval.ticketrio.com.br\/ingresso-carnaval-rio-2014\/cadeiras-de-pista-sambodromo\/\"><img decoding=\"async\" src=\"http:\/\/carnaval.ticketrio.com.br\/wp-content\/uploads\/2013\/03\/CADEIRAS2.jpg\" \/><\/a><\/div><\/div><div class=\"panel-grid-cell\" id=\"pgc-0-3\"><div class=\"panel widget widget_siteorigin-image panel-first-child panel-last-child\" id=\"panel-0-3-0\"><a href=\"http:\/\/carnaval.ticketrio.com.br\/ingresso-carnaval-rio-2014\/frisas-carnaval-sambodromo\/\"><img decoding=\"async\" src=\"http:\/\/carnaval.ticketrio.com.br\/wp-content\/uploads\/2013\/03\/FRISAS2.jpg\" \/><\/a><\/div><\/div><div class=\"panel-grid-cell\" id=\"pgc-0-4\"><div class=\"panel widget widget_siteorigin-image panel-first-child panel-last-child\" id=\"panel-0-4-0\"><a href=\"http:\/\/carnaval.ticketrio.com.br\/ingresso-carnaval-rio-2014\/camarotes-carnaval-ingresso-sambodromo-2014\/\"><img decoding=\"async\" src=\"http:\/\/carnaval.ticketrio.com.br\/wp-content\/uploads\/2013\/03\/CAMAROTES2.jpg\" \/><\/a><\/div><\/div>\t<div class=\"clear\"><\/div><\/div><div class=\"panel-grid\" id=\"pg-1\"><div class=\"panel-grid-cell\" id=\"pgc-1-0\"><div class=\"panel widget widget_text panel-first-child\" id=\"panel-1-0-0\">\t\t\t<div class=\"textwidget\"><h1><span style=\"color: #003366;\"><strong>ARQUIBANCADAS<\/strong><\/span><\/h1>\n<p style=\"text-align: justify;\">As arquibancadas do Samb\u00f3dromo n\u00e3o possuem lugar marcado, com exce\u00e7\u00e3o do Setor 9*.<\/p>\n<p style=\"text-align: justify;\">Espa\u00e7o descoberto, acessado por escadas, sem numera\u00e7\u00e3o e por ordem de chegada.*<\/p>\n<p><span style=\"color: #ff0000;\">Valor por pessoa\/dia.<\/span><\/p>\n<p><strong><span style=\"color: #003366;\">Pacote inclui:<\/span> <\/strong>Tickets + gifts<\/p>\n<p><strong><span style=\"color: #003366;\">information:<\/span><\/strong> Phones: (5521) 2025-5000 \/ 3982-1515 \/ 8636-1515<\/p>\n<p><strong><span style=\"color: #003366;\">Email:<\/span> <\/strong> <a href=\"mailto:atendimento@ticketrio.com.br\"> atendimento@ticketrio.com.br <\/a> \/ <a href=\"mailto:vendas@barramidia.com.br\"> vendas@barramidia.com.br<\/a><\/p>\n<\/div>\n\t\t<\/div><div class=\"panel widget widget_button panel-last-child\" id=\"panel-1-0-1\"><div class=\"button-container align-left\">\t\t\t<a href=\"http:\/\/loja.ticketrio.com.br\/\" class=\"cta-button button \">\r\n\t\t\t\t<span>COMPRE AQUI<\/span>\r\n\t\t\t<\/a>\r\n\t\t\t<\/div><\/div><\/div><div class=\"panel-grid-cell\" id=\"pgc-1-1\"><div class=\"panel widget widget_text panel-first-child panel-last-child\" id=\"panel-1-1-0\"><h3 class=\"widget-title\">FOTOS<\/h3>\t\t\t<div class=\"textwidget\">ngg_shortcode_0_placeholder\n<\/div>\n\t\t<\/div><\/div>\t<div class=\"clear\"><\/div><\/div>","protected":false},"excerpt":{"rendered":"<p>SAMB\u00d3DROMO ORDEM DOS DESFILES TRANSPORTE HOT\u00c9IS ARQUIBANCADAS As arquibancadas do Samb\u00f3dromo n\u00e3o possuem lugar marcado, com exce\u00e7\u00e3o do Setor 9*. Espa\u00e7o descoberto, acessado por escadas, sem numera\u00e7\u00e3o e por ordem de chegada.* Valor por pessoa\/dia. Pacote inclui: Tickets + gifts information: Phones: (5521) 2025-5000 \/ 3982-1515 \/ 8636-1515 Email: atendimento@ticketrio.com.br \/ vendas@barramidia.com.br COMPRE AQUI FOTOS [&hellip;]<\/p>\n","protected":false},"author":1,"featured_media":0,"parent":2477,"menu_order":1,"comment_status":"closed","ping_status":"closed","template":"page-full.php","meta":{"ngg_post_thumbnail":0,"footnotes":""},"class_list":["post-90","page","type-page","status-publish","hentry"],"yoast_head":"<!-- This site is optimized with the Yoast SEO plugin v23.5 - https:\/\/yoast.com\/wordpress\/plugins\/seo\/ -->\n<title>Arquibancadas - Ticket Rio - Billets Carnaval Rio, Karneval Rio de Janeiro Tickets, Tickets for Rio Carnival Sambadrome, Boletos Carnaval Rio, Entradas Carnaval Rio Samb\u00f3dromo<\/title>\n<meta name=\"description\" content=\"rio carnival sambadrome tickets. Rio Carnaval Samb\u00f3dromo 2018. Rio Carnaval Entradas Samb\u00f3dromo. Rio Parade Tickets. Rio Carnaval billets. Rio karneval tickets. Rio carnavales biglietti.\" \/>\n<meta name=\"robots\" content=\"index, follow, max-snippet:-1, max-image-preview:large, max-video-preview:-1\" \/>\n<link rel=\"canonical\" href=\"https:\/\/carnaval.ticketrio.com.br\/ingressos-carnaval-rio\/arquibancadas-carnaval-sambodromo\/\" \/>\n<meta property=\"og:locale\" content=\"en_US\" \/>\n<meta property=\"og:type\" content=\"article\" \/>\n<meta property=\"og:title\" content=\"Arquibancadas - Ticket Rio - Billets Carnaval Rio, Karneval Rio de Janeiro Tickets, Tickets for Rio Carnival Sambadrome, Boletos Carnaval Rio, Entradas Carnaval Rio Samb\u00f3dromo\" \/>\n<meta property=\"og:description\" content=\"rio carnival sambadrome tickets. Rio Carnaval Samb\u00f3dromo 2018. Rio Carnaval Entradas Samb\u00f3dromo. Rio Parade Tickets. Rio Carnaval billets. Rio karneval tickets. Rio carnavales biglietti.\" \/>\n<meta property=\"og:url\" content=\"https:\/\/carnaval.ticketrio.com.br\/ingressos-carnaval-rio\/arquibancadas-carnaval-sambodromo\/\" \/>\n<meta property=\"og:site_name\" content=\"Ticket Rio - Billets Carnaval Rio, Karneval Rio de Janeiro Tickets, Tickets for Rio Carnival Sambadrome, Boletos Carnaval Rio, Entradas Carnaval Rio Samb\u00f3dromo\" \/>\n<meta property=\"article:modified_time\" content=\"2026-03-05T18:53:34+00:00\" \/>\n<meta name=\"twitter:card\" content=\"summary_large_image\" \/>\n<meta name=\"twitter:label1\" content=\"Est. reading time\" \/>\n\t<meta name=\"twitter:data1\" content=\"1 minute\" \/>\n<script type=\"application\/ld+json\" class=\"yoast-schema-graph\">{\"@context\":\"https:\/\/schema.org\",\"@graph\":[{\"@type\":\"WebPage\",\"@id\":\"https:\/\/carnaval.ticketrio.com.br\/ingressos-carnaval-rio\/arquibancadas-carnaval-sambodromo\/\",\"url\":\"https:\/\/carnaval.ticketrio.com.br\/ingressos-carnaval-rio\/arquibancadas-carnaval-sambodromo\/\",\"name\":\"Arquibancadas - Ticket Rio - Billets Carnaval Rio, Karneval Rio de Janeiro Tickets, Tickets for Rio Carnival Sambadrome, Boletos Carnaval Rio, Entradas Carnaval Rio Samb\u00f3dromo\",\"isPartOf\":{\"@id\":\"https:\/\/carnaval.ticketrio.com.br\/#website\"},\"datePublished\":\"2013-03-07T16:06:26+00:00\",\"dateModified\":\"2026-03-05T18:53:34+00:00\",\"description\":\"rio carnival sambadrome tickets. Rio Carnaval Samb\u00f3dromo 2018. Rio Carnaval Entradas Samb\u00f3dromo. Rio Parade Tickets. Rio Carnaval billets. Rio karneval tickets. Rio carnavales biglietti.\",\"breadcrumb\":{\"@id\":\"https:\/\/carnaval.ticketrio.com.br\/ingressos-carnaval-rio\/arquibancadas-carnaval-sambodromo\/#breadcrumb\"},\"inLanguage\":\"en-US\",\"potentialAction\":[{\"@type\":\"ReadAction\",\"target\":[\"https:\/\/carnaval.ticketrio.com.br\/ingressos-carnaval-rio\/arquibancadas-carnaval-sambodromo\/\"]}]},{\"@type\":\"BreadcrumbList\",\"@id\":\"https:\/\/carnaval.ticketrio.com.br\/ingressos-carnaval-rio\/arquibancadas-carnaval-sambodromo\/#breadcrumb\",\"itemListElement\":[{\"@type\":\"ListItem\",\"position\":1,\"name\":\"In\u00edcio\",\"item\":\"https:\/\/carnaval.ticketrio.com.br\/\"},{\"@type\":\"ListItem\",\"position\":2,\"name\":\"Ingressos Carnaval Rio\",\"item\":\"https:\/\/carnaval.ticketrio.com.br\/ingressos-carnaval-rio\/\"},{\"@type\":\"ListItem\",\"position\":3,\"name\":\"Arquibancadas\"}]},{\"@type\":\"WebSite\",\"@id\":\"https:\/\/carnaval.ticketrio.com.br\/#website\",\"url\":\"https:\/\/carnaval.ticketrio.com.br\/\",\"name\":\"Ticket Rio - Billets Carnaval Rio, Karneval Rio de Janeiro Tickets, Tickets for Rio Carnival Sambadrome, Boletos Carnaval Rio, Entradas Carnaval Rio Samb\u00f3dromo\",\"description\":\"Billets Carnaval Rio, Karneval Rio de Janeiro Tickets, Tickets for Rio Carnival Sambadrome, Boletos Carnaval Rio, Entradas Carnaval Rio Samb\u00f3dromo\",\"potentialAction\":[{\"@type\":\"SearchAction\",\"target\":{\"@type\":\"EntryPoint\",\"urlTemplate\":\"https:\/\/carnaval.ticketrio.com.br\/?s={search_term_string}\"},\"query-input\":{\"@type\":\"PropertyValueSpecification\",\"valueRequired\":true,\"valueName\":\"search_term_string\"}}],\"inLanguage\":\"en-US\"}]}<\/script>\n<!-- \/ Yoast SEO plugin. -->","yoast_head_json":{"title":"Arquibancadas - Ticket Rio - Billets Carnaval Rio, Karneval Rio de Janeiro Tickets, Tickets for Rio Carnival Sambadrome, Boletos Carnaval Rio, Entradas Carnaval Rio Samb\u00f3dromo","description":"rio carnival sambadrome tickets. Rio Carnaval Samb\u00f3dromo 2018. Rio Carnaval Entradas Samb\u00f3dromo. Rio Parade Tickets. Rio Carnaval billets. Rio karneval tickets. Rio carnavales biglietti.","robots":{"index":"index","follow":"follow","max-snippet":"max-snippet:-1","max-image-preview":"max-image-preview:large","max-video-preview":"max-video-preview:-1"},"canonical":"https:\/\/carnaval.ticketrio.com.br\/ingressos-carnaval-rio\/arquibancadas-carnaval-sambodromo\/","og_locale":"en_US","og_type":"article","og_title":"Arquibancadas - Ticket Rio - Billets Carnaval Rio, Karneval Rio de Janeiro Tickets, Tickets for Rio Carnival Sambadrome, Boletos Carnaval Rio, Entradas Carnaval Rio Samb\u00f3dromo","og_description":"rio carnival sambadrome tickets. Rio Carnaval Samb\u00f3dromo 2018. Rio Carnaval Entradas Samb\u00f3dromo. Rio Parade Tickets. Rio Carnaval billets. Rio karneval tickets. Rio carnavales biglietti.","og_url":"https:\/\/carnaval.ticketrio.com.br\/ingressos-carnaval-rio\/arquibancadas-carnaval-sambodromo\/","og_site_name":"Ticket Rio - Billets Carnaval Rio, Karneval Rio de Janeiro Tickets, Tickets for Rio Carnival Sambadrome, Boletos Carnaval Rio, Entradas Carnaval Rio Samb\u00f3dromo","article_modified_time":"2026-03-05T18:53:34+00:00","twitter_card":"summary_large_image","twitter_misc":{"Est. reading time":"1 minute"},"schema":{"@context":"https:\/\/schema.org","@graph":[{"@type":"WebPage","@id":"https:\/\/carnaval.ticketrio.com.br\/ingressos-carnaval-rio\/arquibancadas-carnaval-sambodromo\/","url":"https:\/\/carnaval.ticketrio.com.br\/ingressos-carnaval-rio\/arquibancadas-carnaval-sambodromo\/","name":"Arquibancadas - Ticket Rio - Billets Carnaval Rio, Karneval Rio de Janeiro Tickets, Tickets for Rio Carnival Sambadrome, Boletos Carnaval Rio, Entradas Carnaval Rio Samb\u00f3dromo","isPartOf":{"@id":"https:\/\/carnaval.ticketrio.com.br\/#website"},"datePublished":"2013-03-07T16:06:26+00:00","dateModified":"2026-03-05T18:53:34+00:00","description":"rio carnival sambadrome tickets. Rio Carnaval Samb\u00f3dromo 2018. Rio Carnaval Entradas Samb\u00f3dromo. Rio Parade Tickets. Rio Carnaval billets. Rio karneval tickets. Rio carnavales biglietti.","breadcrumb":{"@id":"https:\/\/carnaval.ticketrio.com.br\/ingressos-carnaval-rio\/arquibancadas-carnaval-sambodromo\/#breadcrumb"},"inLanguage":"en-US","potentialAction":[{"@type":"ReadAction","target":["https:\/\/carnaval.ticketrio.com.br\/ingressos-carnaval-rio\/arquibancadas-carnaval-sambodromo\/"]}]},{"@type":"BreadcrumbList","@id":"https:\/\/carnaval.ticketrio.com.br\/ingressos-carnaval-rio\/arquibancadas-carnaval-sambodromo\/#breadcrumb","itemListElement":[{"@type":"ListItem","position":1,"name":"In\u00edcio","item":"https:\/\/carnaval.ticketrio.com.br\/"},{"@type":"ListItem","position":2,"name":"Ingressos Carnaval Rio","item":"https:\/\/carnaval.ticketrio.com.br\/ingressos-carnaval-rio\/"},{"@type":"ListItem","position":3,"name":"Arquibancadas"}]},{"@type":"WebSite","@id":"https:\/\/carnaval.ticketrio.com.br\/#website","url":"https:\/\/carnaval.ticketrio.com.br\/","name":"Ticket Rio - Billets Carnaval Rio, Karneval Rio de Janeiro Tickets, Tickets for Rio Carnival Sambadrome, Boletos Carnaval Rio, Entradas Carnaval Rio Samb\u00f3dromo","description":"Billets Carnaval Rio, Karneval Rio de Janeiro Tickets, Tickets for Rio Carnival Sambadrome, Boletos Carnaval Rio, Entradas Carnaval Rio Samb\u00f3dromo","potentialAction":[{"@type":"SearchAction","target":{"@type":"EntryPoint","urlTemplate":"https:\/\/carnaval.ticketrio.com.br\/?s={search_term_string}"},"query-input":{"@type":"PropertyValueSpecification","valueRequired":true,"valueName":"search_term_string"}}],"inLanguage":"en-US"}]}},"_links":{"self":[{"href":"https:\/\/carnaval.ticketrio.com.br\/en\/wp-json\/wp\/v2\/pages\/90"}],"collection":[{"href":"https:\/\/carnaval.ticketrio.com.br\/en\/wp-json\/wp\/v2\/pages"}],"about":[{"href":"https:\/\/carnaval.ticketrio.com.br\/en\/wp-json\/wp\/v2\/types\/page"}],"author":[{"embeddable":true,"href":"https:\/\/carnaval.ticketrio.com.br\/en\/wp-json\/wp\/v2\/users\/1"}],"replies":[{"embeddable":true,"href":"https:\/\/carnaval.ticketrio.com.br\/en\/wp-json\/wp\/v2\/comments?post=90"}],"version-history":[{"count":43,"href":"https:\/\/carnaval.ticketrio.com.br\/en\/wp-json\/wp\/v2\/pages\/90\/revisions"}],"predecessor-version":[{"id":2588,"href":"https:\/\/carnaval.ticketrio.com.br\/en\/wp-json\/wp\/v2\/pages\/90\/revisions\/2588"}],"up":[{"embeddable":true,"href":"https:\/\/carnaval.ticketrio.com.br\/en\/wp-json\/wp\/v2\/pages\/2477"}],"wp:attachment":[{"href":"https:\/\/carnaval.ticketrio.com.br\/en\/wp-json\/wp\/v2\/media?parent=90"}],"curies":[{"name":"wp","href":"https:\/\/api.w.org\/{rel}","templated":true}]}}