{"id":1139,"date":"2015-05-12T20:11:18","date_gmt":"2015-05-12T20:11:18","guid":{"rendered":"http:\/\/www.ticketrio.com.br\/site\/?page_id=1139"},"modified":"2018-06-19T17:16:11","modified_gmt":"2018-06-19T17:16:11","slug":"ticket-rio-carnaval-entradas","status":"publish","type":"page","link":"https:\/\/carnaval.ticketrio.com.br\/es\/ticket-rio-carnaval-entradas\/","title":{"rendered":"Ticket Rio"},"content":{"rendered":"<div class=\"panel-grid\" id=\"pg-0\"><div class=\"panel-grid-cell\" id=\"pgc-0-0\"><div class=\"panel widget widget_text panel-first-child panel-last-child\" id=\"panel-0-0-0\">\t\t\t<div class=\"textwidget\"><p>Nuestra agencia de viajes especializada en la venta de paquetes para grandes eventos como el Carnaval, Parques de Atracciones y Espect\u00e1culos, a\u00f1adiendo el servicio de recepci\u00f3n , transporte y gu\u00eda.<\/p>\n<p>Ofrecemos tours para grupos a Corcovado , Pan de Az\u00facar , las playas , Angra dos Reis e Ilha Grande , as\u00ed como cruceros, tours por la ciudad , reserva de hoteles , traslados, entre otros.<\/p>\n<p>Para comprar nuestros productos y servicios , visite la tienda en l\u00ednea : http:\/\/loja.ticketrio.com.br\/ o hablar con nuestro servicio personalizado por tel\u00e9fono , skype , correo electr\u00f3nico o chat en l\u00ednea.<\/p>\n<p>El R\u00edo de entradas pertenece a Grupo Barra Medios de Comunicaci\u00f3n y Turismo Ltda . CNPJ 07.909.071 \/ 0001-50<\/p>\n<\/div>\n\t\t<\/div><\/div>\t<div class=\"clear\"><\/div><\/div><div class=\"panel-grid\" id=\"pg-1\"><div class=\"panel-grid-cell\" id=\"pgc-1-0\"><div class=\"panel widget widget_text panel-first-child\" id=\"panel-1-0-0\"><h3 class=\"widget-title\">Nuestro Equipo<\/h3>\t\t\t<div class=\"textwidget\">Tenemos un equipo especializado que le dar\u00e1 todo el apoyo y la atenci\u00f3n personalizada . P\u00f3ngase en contacto con nosotros por e -mail , en persona o incluso chatear . Estamos a su disposici\u00f3n!\r\n<\/div>\n\t\t<\/div><div class=\"panel widget widget_text\" id=\"panel-1-0-1\">\t\t\t<div class=\"textwidget\"><\/div>\n\t\t<\/div><div class=\"panel widget widget_links panel-last-child\" id=\"linkcat-14\"><h3 class=\"widget-title\">Nuestros Websites.<\/h3>\n\t<ul class='xoxo blogroll'>\n<li><a href=\"http:\/\/carnaval.ticketrio.com.br\/\" rel=\"met noopener\" target=\"_blank\">http:\/\/carnaval.ticketrio.com.br\/<\/a>\n10<\/li>\n<li><a href=\"http:\/\/entradascarnavalrio-ticketrio.com\/\" rel=\"me noopener\" target=\"_blank\">http:\/\/entradascarnavalrio-ticketrio.com\/<\/a>\n10<\/li>\n<li><a href=\"http:\/\/ticketrio.com\/\" rel=\"met noopener\" target=\"_blank\">http:\/\/ticketrio.com\/<\/a>\n10<\/li>\n<li><a href=\"http:\/\/ticketriocarnaval.com.br\/\" rel=\"me noopener\" target=\"_blank\">http:\/\/ticketriocarnaval.com.br\/<\/a>\n10<\/li>\n<li><a href=\"http:\/\/www.barramidia.com.br\" rel=\"me noopener\" target=\"_blank\">http:\/\/www.barramidia.com.br<\/a>\n10<\/li>\n<li><a href=\"http:\/\/www.blocofolia.com.br\/\" rel=\"me noopener\" target=\"_blank\">http:\/\/www.blocofolia.com.br\/<\/a>\n10<\/li>\n<li><a href=\"https:\/\/www.carnavalticketrio.com\" rel=\"me noopener\" target=\"_blank\">http:\/\/www.camarotescarnavalticketrio.com.br<\/a>\n10<\/li>\n<li><a href=\"http:\/\/www.carnival-ticketrio.com\/\" rel=\"contact noopener\" target=\"_blank\">http:\/\/www.carnival-ticketrio.com\/<\/a>\n10<\/li>\n<li><a href=\"http:\/\/www.ingressoscarnavalticketrio.com.br\/\" rel=\"noopener\" target=\"_blank\">http:\/\/www.ingressoscarnavalticketrio.com.br\/<\/a>\n10<\/li>\n<li><a href=\"http:\/\/carnaval.ticketrio.com.br\/\" rel=\"noopener\" target=\"_blank\">http:\/\/www.ticketrio.com.br<\/a>\n10<\/li>\n<li><a href=\"https:\/\/www.carnavalticketrio.com\/\" rel=\"noopener\" target=\"_blank\">https:\/\/www.carnavalticketrio.com\/<\/a>\n10<\/li>\n\n\t<\/ul>\n<\/div>\n<\/div><div class=\"panel-grid-cell\" id=\"pgc-1-1\"><div class=\"panel widget widget_siteorigin-image panel-first-child\" id=\"panel-1-1-0\"><img decoding=\"async\" src=\"http:\/\/carnaval.ticketrio.com.br\/wp-content\/uploads\/2013\/03\/team_ticketrio_menor1.jpg\" \/><\/div><div class=\"panel widget widget_siteorigin-image panel-last-child\" id=\"panel-1-1-1\"><img decoding=\"async\" src=\"http:\/\/carnaval.ticketrio.com.br\/wp-content\/uploads\/2015\/05\/loja-fisica_google.jpg\" \/><\/div><\/div>\t<div class=\"clear\"><\/div><\/div><div class=\"panel-grid\" id=\"pg-2\"><div class=\"panel-grid-cell\" id=\"pgc-2-0\"><div class=\"panel widget widget_siteorigin-image panel-first-child panel-last-child\" id=\"panel-2-0-0\"><img decoding=\"async\" src=\"http:\/\/carnaval.ticketrio.com.br\/wp-content\/uploads\/2013\/03\/logo-barramidia-13anos.png\" \/><\/div><\/div><div class=\"panel-grid-cell\" id=\"pgc-2-1\"><div class=\"panel widget widget_siteorigin-image panel-first-child panel-last-child\" id=\"panel-2-1-0\"><img decoding=\"async\" src=\"http:\/\/carnaval.ticketrio.com.br\/wp-content\/uploads\/2015\/05\/cadastro_embratur.png\" \/><\/div><\/div><div class=\"panel-grid-cell\" id=\"pgc-2-2\"><div class=\"panel widget widget_siteorigin-image panel-first-child panel-last-child\" id=\"panel-2-2-0\"><img decoding=\"async\" src=\"http:\/\/carnaval.ticketrio.com.br\/wp-content\/uploads\/2015\/05\/associado_abav-3.png\" \/><\/div><\/div>\t<div class=\"clear\"><\/div><\/div>","protected":false},"excerpt":{"rendered":"<p>Nuestra agencia de viajes especializada en la venta de paquetes para grandes eventos como el Carnaval, Parques de Atracciones y Espect\u00e1culos, a\u00f1adiendo el servicio de recepci\u00f3n , transporte y gu\u00eda. Ofrecemos tours para grupos a Corcovado , Pan de Az\u00facar , las playas , Angra dos Reis e Ilha Grande , as\u00ed como cruceros, tours [&hellip;]<\/p>\n","protected":false},"author":1,"featured_media":0,"parent":0,"menu_order":1,"comment_status":"closed","ping_status":"closed","template":"page-full.php","meta":{"ngg_post_thumbnail":0,"footnotes":""},"class_list":["post-1139","page","type-page","status-publish","hentry"],"yoast_head":"<!-- This site is optimized with the Yoast SEO plugin v23.5 - https:\/\/yoast.com\/wordpress\/plugins\/seo\/ -->\n<title>Ticket Rio - Ticket Rio - Billets Carnaval Rio, Karneval Rio de Janeiro Tickets, Tickets for Rio Carnival Sambadrome, Boletos Carnaval Rio, Entradas Carnaval Rio Samb\u00f3dromo<\/title>\n<meta name=\"description\" content=\"rio carnival sambadrome tickets. Rio Carnaval Samb\u00f3dromo 2018. Rio Carnaval Entradas Samb\u00f3dromo. Rio Parade Tickets. Rio Carnaval billets. Rio karneval tickets. Rio carnavales biglietti.\" \/>\n<meta name=\"robots\" content=\"index, follow, max-snippet:-1, max-image-preview:large, max-video-preview:-1\" \/>\n<link rel=\"canonical\" href=\"https:\/\/carnaval.ticketrio.com.br\/es\/ticket-rio-carnaval-entradas\/\" \/>\n<meta property=\"og:locale\" content=\"es_ES\" \/>\n<meta property=\"og:type\" content=\"article\" \/>\n<meta property=\"og:title\" content=\"Ticket Rio - Ticket Rio - Billets Carnaval Rio, Karneval Rio de Janeiro Tickets, Tickets for Rio Carnival Sambadrome, Boletos Carnaval Rio, Entradas Carnaval Rio Samb\u00f3dromo\" \/>\n<meta property=\"og:description\" content=\"rio carnival sambadrome tickets. Rio Carnaval Samb\u00f3dromo 2018. Rio Carnaval Entradas Samb\u00f3dromo. Rio Parade Tickets. Rio Carnaval billets. Rio karneval tickets. Rio carnavales biglietti.\" \/>\n<meta property=\"og:url\" content=\"https:\/\/carnaval.ticketrio.com.br\/es\/ticket-rio-carnaval-entradas\/\" \/>\n<meta property=\"og:site_name\" content=\"Ticket Rio - Billets Carnaval Rio, Karneval Rio de Janeiro Tickets, Tickets for Rio Carnival Sambadrome, Boletos Carnaval Rio, Entradas Carnaval Rio Samb\u00f3dromo\" \/>\n<meta property=\"article:modified_time\" content=\"2018-06-19T17:16:11+00:00\" \/>\n<meta name=\"twitter:card\" content=\"summary_large_image\" \/>\n<meta name=\"twitter:label1\" content=\"Tiempo de lectura\" \/>\n\t<meta name=\"twitter:data1\" content=\"1 minuto\" \/>\n<script type=\"application\/ld+json\" class=\"yoast-schema-graph\">{\"@context\":\"https:\/\/schema.org\",\"@graph\":[{\"@type\":\"WebPage\",\"@id\":\"https:\/\/carnaval.ticketrio.com.br\/es\/ticket-rio-carnaval-entradas\/\",\"url\":\"https:\/\/carnaval.ticketrio.com.br\/es\/ticket-rio-carnaval-entradas\/\",\"name\":\"Ticket Rio - Ticket Rio - Billets Carnaval Rio, Karneval Rio de Janeiro Tickets, Tickets for Rio Carnival Sambadrome, Boletos Carnaval Rio, Entradas Carnaval Rio Samb\u00f3dromo\",\"isPartOf\":{\"@id\":\"https:\/\/carnaval.ticketrio.com.br\/#website\"},\"datePublished\":\"2015-05-12T20:11:18+00:00\",\"dateModified\":\"2018-06-19T17:16:11+00:00\",\"description\":\"rio carnival sambadrome tickets. Rio Carnaval Samb\u00f3dromo 2018. Rio Carnaval Entradas Samb\u00f3dromo. Rio Parade Tickets. Rio Carnaval billets. Rio karneval tickets. Rio carnavales biglietti.\",\"breadcrumb\":{\"@id\":\"https:\/\/carnaval.ticketrio.com.br\/es\/ticket-rio-carnaval-entradas\/#breadcrumb\"},\"inLanguage\":\"es\",\"potentialAction\":[{\"@type\":\"ReadAction\",\"target\":[\"https:\/\/carnaval.ticketrio.com.br\/es\/ticket-rio-carnaval-entradas\/\"]}]},{\"@type\":\"BreadcrumbList\",\"@id\":\"https:\/\/carnaval.ticketrio.com.br\/es\/ticket-rio-carnaval-entradas\/#breadcrumb\",\"itemListElement\":[{\"@type\":\"ListItem\",\"position\":1,\"name\":\"In\u00edcio\",\"item\":\"https:\/\/carnaval.ticketrio.com.br\/\"},{\"@type\":\"ListItem\",\"position\":2,\"name\":\"Ticket Rio\"}]},{\"@type\":\"WebSite\",\"@id\":\"https:\/\/carnaval.ticketrio.com.br\/#website\",\"url\":\"https:\/\/carnaval.ticketrio.com.br\/\",\"name\":\"Ticket Rio - Billets Carnaval Rio, Karneval Rio de Janeiro Tickets, Tickets for Rio Carnival Sambadrome, Boletos Carnaval Rio, Entradas Carnaval Rio Samb\u00f3dromo\",\"description\":\"Billets Carnaval Rio, Karneval Rio de Janeiro Tickets, Tickets for Rio Carnival Sambadrome, Boletos Carnaval Rio, Entradas Carnaval Rio Samb\u00f3dromo\",\"potentialAction\":[{\"@type\":\"SearchAction\",\"target\":{\"@type\":\"EntryPoint\",\"urlTemplate\":\"https:\/\/carnaval.ticketrio.com.br\/?s={search_term_string}\"},\"query-input\":{\"@type\":\"PropertyValueSpecification\",\"valueRequired\":true,\"valueName\":\"search_term_string\"}}],\"inLanguage\":\"es\"}]}<\/script>\n<!-- \/ Yoast SEO plugin. -->","yoast_head_json":{"title":"Ticket Rio - Ticket Rio - Billets Carnaval Rio, Karneval Rio de Janeiro Tickets, Tickets for Rio Carnival Sambadrome, Boletos Carnaval Rio, Entradas Carnaval Rio Samb\u00f3dromo","description":"rio carnival sambadrome tickets. Rio Carnaval Samb\u00f3dromo 2018. Rio Carnaval Entradas Samb\u00f3dromo. Rio Parade Tickets. Rio Carnaval billets. Rio karneval tickets. Rio carnavales biglietti.","robots":{"index":"index","follow":"follow","max-snippet":"max-snippet:-1","max-image-preview":"max-image-preview:large","max-video-preview":"max-video-preview:-1"},"canonical":"https:\/\/carnaval.ticketrio.com.br\/es\/ticket-rio-carnaval-entradas\/","og_locale":"es_ES","og_type":"article","og_title":"Ticket Rio - Ticket Rio - Billets Carnaval Rio, Karneval Rio de Janeiro Tickets, Tickets for Rio Carnival Sambadrome, Boletos Carnaval Rio, Entradas Carnaval Rio Samb\u00f3dromo","og_description":"rio carnival sambadrome tickets. Rio Carnaval Samb\u00f3dromo 2018. Rio Carnaval Entradas Samb\u00f3dromo. Rio Parade Tickets. Rio Carnaval billets. Rio karneval tickets. Rio carnavales biglietti.","og_url":"https:\/\/carnaval.ticketrio.com.br\/es\/ticket-rio-carnaval-entradas\/","og_site_name":"Ticket Rio - Billets Carnaval Rio, Karneval Rio de Janeiro Tickets, Tickets for Rio Carnival Sambadrome, Boletos Carnaval Rio, Entradas Carnaval Rio Samb\u00f3dromo","article_modified_time":"2018-06-19T17:16:11+00:00","twitter_card":"summary_large_image","twitter_misc":{"Tiempo de lectura":"1 minuto"},"schema":{"@context":"https:\/\/schema.org","@graph":[{"@type":"WebPage","@id":"https:\/\/carnaval.ticketrio.com.br\/es\/ticket-rio-carnaval-entradas\/","url":"https:\/\/carnaval.ticketrio.com.br\/es\/ticket-rio-carnaval-entradas\/","name":"Ticket Rio - Ticket Rio - Billets Carnaval Rio, Karneval Rio de Janeiro Tickets, Tickets for Rio Carnival Sambadrome, Boletos Carnaval Rio, Entradas Carnaval Rio Samb\u00f3dromo","isPartOf":{"@id":"https:\/\/carnaval.ticketrio.com.br\/#website"},"datePublished":"2015-05-12T20:11:18+00:00","dateModified":"2018-06-19T17:16:11+00:00","description":"rio carnival sambadrome tickets. Rio Carnaval Samb\u00f3dromo 2018. Rio Carnaval Entradas Samb\u00f3dromo. Rio Parade Tickets. Rio Carnaval billets. Rio karneval tickets. Rio carnavales biglietti.","breadcrumb":{"@id":"https:\/\/carnaval.ticketrio.com.br\/es\/ticket-rio-carnaval-entradas\/#breadcrumb"},"inLanguage":"es","potentialAction":[{"@type":"ReadAction","target":["https:\/\/carnaval.ticketrio.com.br\/es\/ticket-rio-carnaval-entradas\/"]}]},{"@type":"BreadcrumbList","@id":"https:\/\/carnaval.ticketrio.com.br\/es\/ticket-rio-carnaval-entradas\/#breadcrumb","itemListElement":[{"@type":"ListItem","position":1,"name":"In\u00edcio","item":"https:\/\/carnaval.ticketrio.com.br\/"},{"@type":"ListItem","position":2,"name":"Ticket Rio"}]},{"@type":"WebSite","@id":"https:\/\/carnaval.ticketrio.com.br\/#website","url":"https:\/\/carnaval.ticketrio.com.br\/","name":"Ticket Rio - Billets Carnaval Rio, Karneval Rio de Janeiro Tickets, Tickets for Rio Carnival Sambadrome, Boletos Carnaval Rio, Entradas Carnaval Rio Samb\u00f3dromo","description":"Billets Carnaval Rio, Karneval Rio de Janeiro Tickets, Tickets for Rio Carnival Sambadrome, Boletos Carnaval Rio, Entradas Carnaval Rio Samb\u00f3dromo","potentialAction":[{"@type":"SearchAction","target":{"@type":"EntryPoint","urlTemplate":"https:\/\/carnaval.ticketrio.com.br\/?s={search_term_string}"},"query-input":{"@type":"PropertyValueSpecification","valueRequired":true,"valueName":"search_term_string"}}],"inLanguage":"es"}]}},"_links":{"self":[{"href":"https:\/\/carnaval.ticketrio.com.br\/es\/wp-json\/wp\/v2\/pages\/1139"}],"collection":[{"href":"https:\/\/carnaval.ticketrio.com.br\/es\/wp-json\/wp\/v2\/pages"}],"about":[{"href":"https:\/\/carnaval.ticketrio.com.br\/es\/wp-json\/wp\/v2\/types\/page"}],"author":[{"embeddable":true,"href":"https:\/\/carnaval.ticketrio.com.br\/es\/wp-json\/wp\/v2\/users\/1"}],"replies":[{"embeddable":true,"href":"https:\/\/carnaval.ticketrio.com.br\/es\/wp-json\/wp\/v2\/comments?post=1139"}],"version-history":[{"count":2,"href":"https:\/\/carnaval.ticketrio.com.br\/es\/wp-json\/wp\/v2\/pages\/1139\/revisions"}],"predecessor-version":[{"id":1932,"href":"https:\/\/carnaval.ticketrio.com.br\/es\/wp-json\/wp\/v2\/pages\/1139\/revisions\/1932"}],"wp:attachment":[{"href":"https:\/\/carnaval.ticketrio.com.br\/es\/wp-json\/wp\/v2\/media?parent=1139"}],"curies":[{"name":"wp","href":"https:\/\/api.w.org\/{rel}","templated":true}]}}