{"id":1470,"date":"2015-05-21T13:30:50","date_gmt":"2015-05-21T13:30:50","guid":{"rendered":"http:\/\/www.ticketrio.com.br\/site\/?page_id=1470"},"modified":"2017-05-05T15:39:56","modified_gmt":"2017-05-05T15:39:56","slug":"ticket-rio-brazil-carnival-tickets","status":"publish","type":"page","link":"https:\/\/carnaval.ticketrio.com.br\/en\/on-line-store-ticket-rio-carnival\/ticket-rio-brazil-carnival-tickets\/","title":{"rendered":"Ticket Rio Brazil"},"content":{"rendered":"<div class=\"panel-grid\" id=\"pg-0\"><div class=\"panel-grid-cell\" id=\"pgc-0-0\"><div class=\"panel widget widget_text panel-first-child panel-last-child\" id=\"panel-0-0-0\"><h3 class=\"widget-title\">Ticket Rio Brasil On Line Store<\/h3>\t\t\t<div class=\"textwidget\"><p>At the Brazilian On Line Store \u2013 http:\/\/www.loja.ticktrio.com.br\/<br \/>\n*CPF required. (brazilian ID)<\/p>\n<p>You can buy Carnival Tickets 2016 at our Internacional Store.<br \/>\n- Grandstands<br \/>\n- Allocated Chairs<br \/>\n- Front Boxes<br \/>\n- Lounge VIP Suites<br \/>\n- Luxury Suites<br \/>\n- Transfer In\/out Sambodrome<\/p>\n<p>Any doubt please contact us at e-mail atendimento@ticketrio.com.br.<br \/>\nShop in R$ - Reais<\/p>\n<\/div>\n\t\t<\/div><\/div><div class=\"panel-grid-cell\" id=\"pgc-0-1\"><div class=\"panel widget widget_siteorigin-image panel-first-child panel-last-child\" id=\"panel-0-1-0\"><a href=\"http:\/\/loja.ticketrio.com.br\/\"><img decoding=\"async\" src=\"http:\/\/carnaval.ticketrio.com.br\/wp-content\/uploads\/2015\/05\/Boton_Brasil.gif\" \/><\/a><\/div><\/div>\t<div class=\"clear\"><\/div><\/div>","protected":false},"excerpt":{"rendered":"<p>Ticket Rio Brasil On Line Store At the Brazilian On Line Store \u2013 http:\/\/www.loja.ticktrio.com.br\/ *CPF required. (brazilian ID) You can buy Carnival Tickets 2016 at our Internacional Store. &#8211; Grandstands &#8211; Allocated Chairs &#8211; Front Boxes &#8211; Lounge VIP Suites &#8211; Luxury Suites &#8211; Transfer In\/out Sambodrome Any doubt please contact us at e-mail atendimento@ticketrio.com.br. [&hellip;]<\/p>\n","protected":false},"author":1,"featured_media":0,"parent":1117,"menu_order":0,"comment_status":"closed","ping_status":"closed","template":"page-full.php","meta":{"ngg_post_thumbnail":0,"footnotes":""},"class_list":["post-1470","page","type-page","status-publish","hentry"],"yoast_head":"<!-- This site is optimized with the Yoast SEO plugin v23.5 - https:\/\/yoast.com\/wordpress\/plugins\/seo\/ -->\n<title>Ticket Rio Brazil - Ticket Rio - Billets Carnaval Rio, Karneval Rio de Janeiro Tickets, Tickets for Rio Carnival Sambadrome, Boletos Carnaval Rio, Entradas Carnaval Rio Samb\u00f3dromo<\/title>\n<meta name=\"description\" content=\"rio carnival sambadrome tickets. Rio Carnaval Samb\u00f3dromo 2018. Rio Carnaval Entradas Samb\u00f3dromo. Rio Parade Tickets. Rio Carnaval billets. Rio karneval tickets. Rio carnavales biglietti.\" \/>\n<meta name=\"robots\" content=\"index, follow, max-snippet:-1, max-image-preview:large, max-video-preview:-1\" \/>\n<link rel=\"canonical\" href=\"https:\/\/carnaval.ticketrio.com.br\/en\/on-line-store-ticket-rio-carnival\/ticket-rio-brazil-carnival-tickets\/\" \/>\n<meta property=\"og:locale\" content=\"es_ES\" \/>\n<meta property=\"og:type\" content=\"article\" \/>\n<meta property=\"og:title\" content=\"Ticket Rio Brazil - Ticket Rio - Billets Carnaval Rio, Karneval Rio de Janeiro Tickets, Tickets for Rio Carnival Sambadrome, Boletos Carnaval Rio, Entradas Carnaval Rio Samb\u00f3dromo\" \/>\n<meta property=\"og:description\" content=\"rio carnival sambadrome tickets. Rio Carnaval Samb\u00f3dromo 2018. Rio Carnaval Entradas Samb\u00f3dromo. Rio Parade Tickets. Rio Carnaval billets. Rio karneval tickets. Rio carnavales biglietti.\" \/>\n<meta property=\"og:url\" content=\"https:\/\/carnaval.ticketrio.com.br\/en\/on-line-store-ticket-rio-carnival\/ticket-rio-brazil-carnival-tickets\/\" \/>\n<meta property=\"og:site_name\" content=\"Ticket Rio - Billets Carnaval Rio, Karneval Rio de Janeiro Tickets, Tickets for Rio Carnival Sambadrome, Boletos Carnaval Rio, Entradas Carnaval Rio Samb\u00f3dromo\" \/>\n<meta property=\"article:modified_time\" content=\"2017-05-05T15:39:56+00:00\" \/>\n<meta name=\"twitter:card\" content=\"summary_large_image\" \/>\n<script type=\"application\/ld+json\" class=\"yoast-schema-graph\">{\"@context\":\"https:\/\/schema.org\",\"@graph\":[{\"@type\":\"WebPage\",\"@id\":\"https:\/\/carnaval.ticketrio.com.br\/en\/on-line-store-ticket-rio-carnival\/ticket-rio-brazil-carnival-tickets\/\",\"url\":\"https:\/\/carnaval.ticketrio.com.br\/en\/on-line-store-ticket-rio-carnival\/ticket-rio-brazil-carnival-tickets\/\",\"name\":\"Ticket Rio Brazil - Ticket Rio - Billets Carnaval Rio, Karneval Rio de Janeiro Tickets, Tickets for Rio Carnival Sambadrome, Boletos Carnaval Rio, Entradas Carnaval Rio Samb\u00f3dromo\",\"isPartOf\":{\"@id\":\"https:\/\/carnaval.ticketrio.com.br\/#website\"},\"datePublished\":\"2015-05-21T13:30:50+00:00\",\"dateModified\":\"2017-05-05T15:39:56+00:00\",\"description\":\"rio carnival sambadrome tickets. Rio Carnaval Samb\u00f3dromo 2018. Rio Carnaval Entradas Samb\u00f3dromo. Rio Parade Tickets. Rio Carnaval billets. Rio karneval tickets. Rio carnavales biglietti.\",\"breadcrumb\":{\"@id\":\"https:\/\/carnaval.ticketrio.com.br\/en\/on-line-store-ticket-rio-carnival\/ticket-rio-brazil-carnival-tickets\/#breadcrumb\"},\"inLanguage\":\"es\",\"potentialAction\":[{\"@type\":\"ReadAction\",\"target\":[\"https:\/\/carnaval.ticketrio.com.br\/en\/on-line-store-ticket-rio-carnival\/ticket-rio-brazil-carnival-tickets\/\"]}]},{\"@type\":\"BreadcrumbList\",\"@id\":\"https:\/\/carnaval.ticketrio.com.br\/en\/on-line-store-ticket-rio-carnival\/ticket-rio-brazil-carnival-tickets\/#breadcrumb\",\"itemListElement\":[{\"@type\":\"ListItem\",\"position\":1,\"name\":\"In\u00edcio\",\"item\":\"https:\/\/carnaval.ticketrio.com.br\/\"},{\"@type\":\"ListItem\",\"position\":2,\"name\":\"ON LINE STORE\",\"item\":\"https:\/\/carnaval.ticketrio.com.br\/en\/on-line-store-ticket-rio-carnival\/\"},{\"@type\":\"ListItem\",\"position\":3,\"name\":\"Ticket Rio Brazil\"}]},{\"@type\":\"WebSite\",\"@id\":\"https:\/\/carnaval.ticketrio.com.br\/#website\",\"url\":\"https:\/\/carnaval.ticketrio.com.br\/\",\"name\":\"Ticket Rio - Billets Carnaval Rio, Karneval Rio de Janeiro Tickets, Tickets for Rio Carnival Sambadrome, Boletos Carnaval Rio, Entradas Carnaval Rio Samb\u00f3dromo\",\"description\":\"Billets Carnaval Rio, Karneval Rio de Janeiro Tickets, Tickets for Rio Carnival Sambadrome, Boletos Carnaval Rio, Entradas Carnaval Rio Samb\u00f3dromo\",\"potentialAction\":[{\"@type\":\"SearchAction\",\"target\":{\"@type\":\"EntryPoint\",\"urlTemplate\":\"https:\/\/carnaval.ticketrio.com.br\/?s={search_term_string}\"},\"query-input\":{\"@type\":\"PropertyValueSpecification\",\"valueRequired\":true,\"valueName\":\"search_term_string\"}}],\"inLanguage\":\"es\"}]}<\/script>\n<!-- \/ Yoast SEO plugin. -->","yoast_head_json":{"title":"Ticket Rio Brazil - Ticket Rio - Billets Carnaval Rio, Karneval Rio de Janeiro Tickets, Tickets for Rio Carnival Sambadrome, Boletos Carnaval Rio, Entradas Carnaval Rio Samb\u00f3dromo","description":"rio carnival sambadrome tickets. Rio Carnaval Samb\u00f3dromo 2018. Rio Carnaval Entradas Samb\u00f3dromo. Rio Parade Tickets. Rio Carnaval billets. Rio karneval tickets. Rio carnavales biglietti.","robots":{"index":"index","follow":"follow","max-snippet":"max-snippet:-1","max-image-preview":"max-image-preview:large","max-video-preview":"max-video-preview:-1"},"canonical":"https:\/\/carnaval.ticketrio.com.br\/en\/on-line-store-ticket-rio-carnival\/ticket-rio-brazil-carnival-tickets\/","og_locale":"es_ES","og_type":"article","og_title":"Ticket Rio Brazil - Ticket Rio - Billets Carnaval Rio, Karneval Rio de Janeiro Tickets, Tickets for Rio Carnival Sambadrome, Boletos Carnaval Rio, Entradas Carnaval Rio Samb\u00f3dromo","og_description":"rio carnival sambadrome tickets. Rio Carnaval Samb\u00f3dromo 2018. Rio Carnaval Entradas Samb\u00f3dromo. Rio Parade Tickets. Rio Carnaval billets. Rio karneval tickets. Rio carnavales biglietti.","og_url":"https:\/\/carnaval.ticketrio.com.br\/en\/on-line-store-ticket-rio-carnival\/ticket-rio-brazil-carnival-tickets\/","og_site_name":"Ticket Rio - Billets Carnaval Rio, Karneval Rio de Janeiro Tickets, Tickets for Rio Carnival Sambadrome, Boletos Carnaval Rio, Entradas Carnaval Rio Samb\u00f3dromo","article_modified_time":"2017-05-05T15:39:56+00:00","twitter_card":"summary_large_image","schema":{"@context":"https:\/\/schema.org","@graph":[{"@type":"WebPage","@id":"https:\/\/carnaval.ticketrio.com.br\/en\/on-line-store-ticket-rio-carnival\/ticket-rio-brazil-carnival-tickets\/","url":"https:\/\/carnaval.ticketrio.com.br\/en\/on-line-store-ticket-rio-carnival\/ticket-rio-brazil-carnival-tickets\/","name":"Ticket Rio Brazil - Ticket Rio - Billets Carnaval Rio, Karneval Rio de Janeiro Tickets, Tickets for Rio Carnival Sambadrome, Boletos Carnaval Rio, Entradas Carnaval Rio Samb\u00f3dromo","isPartOf":{"@id":"https:\/\/carnaval.ticketrio.com.br\/#website"},"datePublished":"2015-05-21T13:30:50+00:00","dateModified":"2017-05-05T15:39:56+00:00","description":"rio carnival sambadrome tickets. Rio Carnaval Samb\u00f3dromo 2018. Rio Carnaval Entradas Samb\u00f3dromo. Rio Parade Tickets. Rio Carnaval billets. Rio karneval tickets. Rio carnavales biglietti.","breadcrumb":{"@id":"https:\/\/carnaval.ticketrio.com.br\/en\/on-line-store-ticket-rio-carnival\/ticket-rio-brazil-carnival-tickets\/#breadcrumb"},"inLanguage":"es","potentialAction":[{"@type":"ReadAction","target":["https:\/\/carnaval.ticketrio.com.br\/en\/on-line-store-ticket-rio-carnival\/ticket-rio-brazil-carnival-tickets\/"]}]},{"@type":"BreadcrumbList","@id":"https:\/\/carnaval.ticketrio.com.br\/en\/on-line-store-ticket-rio-carnival\/ticket-rio-brazil-carnival-tickets\/#breadcrumb","itemListElement":[{"@type":"ListItem","position":1,"name":"In\u00edcio","item":"https:\/\/carnaval.ticketrio.com.br\/"},{"@type":"ListItem","position":2,"name":"ON LINE STORE","item":"https:\/\/carnaval.ticketrio.com.br\/en\/on-line-store-ticket-rio-carnival\/"},{"@type":"ListItem","position":3,"name":"Ticket Rio Brazil"}]},{"@type":"WebSite","@id":"https:\/\/carnaval.ticketrio.com.br\/#website","url":"https:\/\/carnaval.ticketrio.com.br\/","name":"Ticket Rio - Billets Carnaval Rio, Karneval Rio de Janeiro Tickets, Tickets for Rio Carnival Sambadrome, Boletos Carnaval Rio, Entradas Carnaval Rio Samb\u00f3dromo","description":"Billets Carnaval Rio, Karneval Rio de Janeiro Tickets, Tickets for Rio Carnival Sambadrome, Boletos Carnaval Rio, Entradas Carnaval Rio Samb\u00f3dromo","potentialAction":[{"@type":"SearchAction","target":{"@type":"EntryPoint","urlTemplate":"https:\/\/carnaval.ticketrio.com.br\/?s={search_term_string}"},"query-input":{"@type":"PropertyValueSpecification","valueRequired":true,"valueName":"search_term_string"}}],"inLanguage":"es"}]}},"_links":{"self":[{"href":"https:\/\/carnaval.ticketrio.com.br\/es\/wp-json\/wp\/v2\/pages\/1470"}],"collection":[{"href":"https:\/\/carnaval.ticketrio.com.br\/es\/wp-json\/wp\/v2\/pages"}],"about":[{"href":"https:\/\/carnaval.ticketrio.com.br\/es\/wp-json\/wp\/v2\/types\/page"}],"author":[{"embeddable":true,"href":"https:\/\/carnaval.ticketrio.com.br\/es\/wp-json\/wp\/v2\/users\/1"}],"replies":[{"embeddable":true,"href":"https:\/\/carnaval.ticketrio.com.br\/es\/wp-json\/wp\/v2\/comments?post=1470"}],"version-history":[{"count":0,"href":"https:\/\/carnaval.ticketrio.com.br\/es\/wp-json\/wp\/v2\/pages\/1470\/revisions"}],"up":[{"embeddable":true,"href":"https:\/\/carnaval.ticketrio.com.br\/es\/wp-json\/wp\/v2\/pages\/1117"}],"wp:attachment":[{"href":"https:\/\/carnaval.ticketrio.com.br\/es\/wp-json\/wp\/v2\/media?parent=1470"}],"curies":[{"name":"wp","href":"https:\/\/api.w.org\/{rel}","templated":true}]}}