{"id":1674,"date":"2015-05-29T16:05:43","date_gmt":"2015-05-29T16:05:43","guid":{"rendered":"http:\/\/www.ticketrio.com.br\/site\/?page_id=1674"},"modified":"2017-05-05T17:14:33","modified_gmt":"2017-05-05T17:14:33","slug":"covered-boxes-luxury-suites-carnival-tickets","status":"publish","type":"page","link":"https:\/\/carnaval.ticketrio.com.br\/en\/carnival-rio-de-janeiro-sambodrome-tickets\/covered-boxes-luxury-suites-carnival-tickets\/","title":{"rendered":"Covered Boxes (Luxury Suites)"},"content":{"rendered":"<div class=\"panel-grid\" id=\"pg-0\"><div class=\"panel-grid-cell\" id=\"pgc-0-0\"><div class=\"panel widget widget_button panel-first-child\" id=\"panel-0-0-0\"><div class=\"button-container align-center\">\t\t\t<a href=\"http:\/\/www.ticketrio.com.br\/site\/en\/sambadrome\/\" class=\"cta-button button \">\r\n\t\t\t\t<span>SAMBADROME<\/span>\r\n\t\t\t<\/a>\r\n\t\t\t<\/div><\/div><div class=\"panel widget widget_button\" id=\"panel-0-0-1\"><div class=\"button-container align-center\">\t\t\t<a href=\"http:\/\/www.ticketrio.com.br\/site\/en\/sambadrome\/samba-parade\/\" class=\"cta-button button \">\r\n\t\t\t\t<span>SAMBA PARADE<\/span>\r\n\t\t\t<\/a>\r\n\t\t\t<\/div><\/div><div class=\"panel widget widget_button\" id=\"panel-0-0-2\"><div class=\"button-container align-center\">\t\t\t<a href=\"http:\/\/www.ticketrio.com.br\/site\/en\/sambadrome\/transfer-sambadrome\/\" class=\"cta-button button \">\r\n\t\t\t\t<span>TRANSFER IN\/ OUT<\/span>\r\n\t\t\t<\/a>\r\n\t\t\t<\/div><\/div><div class=\"panel widget widget_button panel-last-child\" id=\"panel-0-0-3\"><div class=\"button-container align-center\">\t\t\t<a href=\"http:\/\/www.ticketrio.com.br\/site\/en\/sambadrome\/hotels-in-rio\/\" class=\"cta-button button \">\r\n\t\t\t\t<span>HOTELS<\/span>\r\n\t\t\t<\/a>\r\n\t\t\t<\/div><\/div><\/div><div class=\"panel-grid-cell\" id=\"pgc-0-1\"><div class=\"panel widget widget_siteorigin-image panel-first-child panel-last-child\" id=\"panel-0-1-0\"><a href=\"http:\/\/www.carnavalticketrio.com\"><img decoding=\"async\" src=\"http:\/\/www.ticketrio.com.br\/site\/wp-content\/uploads\/2015\/05\/grandstands.jpg\" \/><\/a><\/div><\/div><div class=\"panel-grid-cell\" id=\"pgc-0-2\"><div class=\"panel widget widget_siteorigin-image panel-first-child panel-last-child\" id=\"panel-0-2-0\"><a href=\"http:\/\/www.carnavalticketrio.com\"><img decoding=\"async\" src=\"http:\/\/www.ticketrio.com.br\/site\/wp-content\/uploads\/2015\/05\/allocatedchairs.jpg\" \/><\/a><\/div><\/div><div class=\"panel-grid-cell\" id=\"pgc-0-3\"><div class=\"panel widget widget_siteorigin-image panel-first-child panel-last-child\" id=\"panel-0-3-0\"><a href=\"http:\/\/www.carnavalticketrio.com\"><img decoding=\"async\" src=\"http:\/\/www.ticketrio.com.br\/site\/wp-content\/uploads\/2015\/05\/frontbox1.jpg\" \/><\/a><\/div><\/div><div class=\"panel-grid-cell\" id=\"pgc-0-4\"><div class=\"panel widget widget_siteorigin-image panel-first-child panel-last-child\" id=\"panel-0-4-0\"><a href=\"http:\/\/www.carnavalticketrio.com\"><img decoding=\"async\" src=\"http:\/\/www.ticketrio.com.br\/site\/wp-content\/uploads\/2015\/05\/superviplounge.jpg\" \/><\/a><\/div><\/div>\t<div class=\"clear\"><\/div><\/div><div class=\"panel-grid\" id=\"pg-1\"><div class=\"panel-grid-cell\" id=\"pgc-1-0\"><div class=\"panel widget widget_text panel-first-child\" id=\"panel-1-0-0\"><h3 class=\"widget-title\">COVERED BOXES &#8211; LUXURY SUITES<\/h3>\t\t\t<div class=\"textwidget\"><h1><span style=\"color: #003366;\"><strong>COVERED BOXES <\/strong><\/span><\/h1>\n<p style=\"text-align: justify;\">The Cabins of the Sambadrome are the only covered areas and therefore the most coveted. They are on the even side of the Avenue at high levels with balcony thus having the best view of the parade.<\/p>\n<p style=\"text-align: justify;\"> All are specially decorated and air-conditioned, TV Led, offering absolute comfort and total security. A first class buffet served by waiters with appetizers, dinner and dessert.<\/p>\n<p style=\"text-align: justify;\">2nd level with balcony providing insider's view of the Parade<\/p>\n<p style=\"text-align: justify;\">\u00b7 Each cabin takes 18 and can be modulated to 36. We sell complete or individuals tickets.<\/p>\n<p><strong><span style=\"color: #003366;\">Package includes:<\/span><\/strong>  Tickets + exclusive transfers in\/out + Full Buffet + Open bar + bilingual guide + security + free gifts<\/p>\n<p><span style=\"color: #003366;\"><strong>Informations:<\/strong> <\/span>Phones: (5521) 2025-5000 \/ 3982-1515 \/ 8636-1515<\/p>\n<p><strong><span style=\"color: #003366;\">Email:<\/span> <\/strong> <a href=\"mailto:atendimento@ticketrio.com.br\"> atendimento@ticketrio.com.br <\/a> \/ <a href=\"mailto:vendas@barramidia.com.br\"> vendas@barramidia.com.br<\/a><\/p>\n<\/div>\n\t\t<\/div><div class=\"panel widget widget_button panel-last-child\" id=\"panel-1-0-1\"><div class=\"button-container align-center\">\t\t\t<a href=\"http:\/\/www.carnavalticketrio.com\" class=\"cta-button button \">\r\n\t\t\t\t<span>SHOP HERE<\/span>\r\n\t\t\t<\/a>\r\n\t\t\t<\/div><\/div><\/div><div class=\"panel-grid-cell\" id=\"pgc-1-1\"><div class=\"panel widget widget_text panel-first-child panel-last-child\" id=\"panel-1-1-0\"><h3 class=\"widget-title\">PICS<\/h3>\t\t\t<div class=\"textwidget\">ngg_shortcode_0_placeholder<\/div>\n\t\t<\/div><\/div>\t<div class=\"clear\"><\/div><\/div>","protected":false},"excerpt":{"rendered":"<p>SAMBADROME SAMBA PARADE TRANSFER IN\/ OUT HOTELS COVERED BOXES &#8211; LUXURY SUITES COVERED BOXES The Cabins of the Sambadrome are the only covered areas and therefore the most coveted. They are on the even side of the Avenue at high levels with balcony thus having the best view of the parade. All are specially decorated [&hellip;]<\/p>\n","protected":false},"author":1,"featured_media":0,"parent":1142,"menu_order":4,"comment_status":"closed","ping_status":"closed","template":"page-full.php","meta":{"ngg_post_thumbnail":0,"footnotes":""},"class_list":["post-1674","page","type-page","status-publish","hentry"],"yoast_head":"<!-- This site is optimized with the Yoast SEO plugin v23.5 - https:\/\/yoast.com\/wordpress\/plugins\/seo\/ -->\n<title>Covered Boxes (Luxury Suites) - Ticket Rio - Billets Carnaval Rio, Karneval Rio de Janeiro Tickets, Tickets for Rio Carnival Sambadrome, Boletos Carnaval Rio, Entradas Carnaval Rio Samb\u00f3dromo<\/title>\n<meta name=\"description\" content=\"rio carnival sambadrome tickets. Rio Carnaval Samb\u00f3dromo 2018. Rio Carnaval Entradas Samb\u00f3dromo. Rio Parade Tickets. Rio Carnaval billets. Rio karneval tickets. Rio carnavales biglietti.\" \/>\n<meta name=\"robots\" content=\"index, follow, max-snippet:-1, max-image-preview:large, max-video-preview:-1\" \/>\n<link rel=\"canonical\" href=\"https:\/\/carnaval.ticketrio.com.br\/en\/carnival-rio-de-janeiro-sambodrome-tickets\/covered-boxes-luxury-suites-carnival-tickets\/\" \/>\n<meta property=\"og:locale\" content=\"es_ES\" \/>\n<meta property=\"og:type\" content=\"article\" \/>\n<meta property=\"og:title\" content=\"Covered Boxes (Luxury Suites) - Ticket Rio - Billets Carnaval Rio, Karneval Rio de Janeiro Tickets, Tickets for Rio Carnival Sambadrome, Boletos Carnaval Rio, Entradas Carnaval Rio Samb\u00f3dromo\" \/>\n<meta property=\"og:description\" content=\"rio carnival sambadrome tickets. Rio Carnaval Samb\u00f3dromo 2018. Rio Carnaval Entradas Samb\u00f3dromo. Rio Parade Tickets. Rio Carnaval billets. Rio karneval tickets. Rio carnavales biglietti.\" \/>\n<meta property=\"og:url\" content=\"https:\/\/carnaval.ticketrio.com.br\/en\/carnival-rio-de-janeiro-sambodrome-tickets\/covered-boxes-luxury-suites-carnival-tickets\/\" \/>\n<meta property=\"og:site_name\" content=\"Ticket Rio - Billets Carnaval Rio, Karneval Rio de Janeiro Tickets, Tickets for Rio Carnival Sambadrome, Boletos Carnaval Rio, Entradas Carnaval Rio Samb\u00f3dromo\" \/>\n<meta property=\"article:modified_time\" content=\"2017-05-05T17:14:33+00:00\" \/>\n<meta name=\"twitter:card\" content=\"summary_large_image\" \/>\n<script type=\"application\/ld+json\" class=\"yoast-schema-graph\">{\"@context\":\"https:\/\/schema.org\",\"@graph\":[{\"@type\":\"WebPage\",\"@id\":\"https:\/\/carnaval.ticketrio.com.br\/en\/carnival-rio-de-janeiro-sambodrome-tickets\/covered-boxes-luxury-suites-carnival-tickets\/\",\"url\":\"https:\/\/carnaval.ticketrio.com.br\/en\/carnival-rio-de-janeiro-sambodrome-tickets\/covered-boxes-luxury-suites-carnival-tickets\/\",\"name\":\"Covered Boxes (Luxury Suites) - Ticket Rio - Billets Carnaval Rio, Karneval Rio de Janeiro Tickets, Tickets for Rio Carnival Sambadrome, Boletos Carnaval Rio, Entradas Carnaval Rio Samb\u00f3dromo\",\"isPartOf\":{\"@id\":\"https:\/\/carnaval.ticketrio.com.br\/#website\"},\"datePublished\":\"2015-05-29T16:05:43+00:00\",\"dateModified\":\"2017-05-05T17:14:33+00:00\",\"description\":\"rio carnival sambadrome tickets. Rio Carnaval Samb\u00f3dromo 2018. Rio Carnaval Entradas Samb\u00f3dromo. Rio Parade Tickets. Rio Carnaval billets. Rio karneval tickets. Rio carnavales biglietti.\",\"breadcrumb\":{\"@id\":\"https:\/\/carnaval.ticketrio.com.br\/en\/carnival-rio-de-janeiro-sambodrome-tickets\/covered-boxes-luxury-suites-carnival-tickets\/#breadcrumb\"},\"inLanguage\":\"es\",\"potentialAction\":[{\"@type\":\"ReadAction\",\"target\":[\"https:\/\/carnaval.ticketrio.com.br\/en\/carnival-rio-de-janeiro-sambodrome-tickets\/covered-boxes-luxury-suites-carnival-tickets\/\"]}]},{\"@type\":\"BreadcrumbList\",\"@id\":\"https:\/\/carnaval.ticketrio.com.br\/en\/carnival-rio-de-janeiro-sambodrome-tickets\/covered-boxes-luxury-suites-carnival-tickets\/#breadcrumb\",\"itemListElement\":[{\"@type\":\"ListItem\",\"position\":1,\"name\":\"In\u00edcio\",\"item\":\"https:\/\/carnaval.ticketrio.com.br\/\"},{\"@type\":\"ListItem\",\"position\":2,\"name\":\"Rio Carnival Tickets\",\"item\":\"https:\/\/carnaval.ticketrio.com.br\/en\/carnival-rio-de-janeiro-sambodrome-tickets\/\"},{\"@type\":\"ListItem\",\"position\":3,\"name\":\"Covered Boxes (Luxury Suites)\"}]},{\"@type\":\"WebSite\",\"@id\":\"https:\/\/carnaval.ticketrio.com.br\/#website\",\"url\":\"https:\/\/carnaval.ticketrio.com.br\/\",\"name\":\"Ticket Rio - Billets Carnaval Rio, Karneval Rio de Janeiro Tickets, Tickets for Rio Carnival Sambadrome, Boletos Carnaval Rio, Entradas Carnaval Rio Samb\u00f3dromo\",\"description\":\"Billets Carnaval Rio, Karneval Rio de Janeiro Tickets, Tickets for Rio Carnival Sambadrome, Boletos Carnaval Rio, Entradas Carnaval Rio Samb\u00f3dromo\",\"potentialAction\":[{\"@type\":\"SearchAction\",\"target\":{\"@type\":\"EntryPoint\",\"urlTemplate\":\"https:\/\/carnaval.ticketrio.com.br\/?s={search_term_string}\"},\"query-input\":{\"@type\":\"PropertyValueSpecification\",\"valueRequired\":true,\"valueName\":\"search_term_string\"}}],\"inLanguage\":\"es\"}]}<\/script>\n<!-- \/ Yoast SEO plugin. -->","yoast_head_json":{"title":"Covered Boxes (Luxury Suites) - Ticket Rio - Billets Carnaval Rio, Karneval Rio de Janeiro Tickets, Tickets for Rio Carnival Sambadrome, Boletos Carnaval Rio, Entradas Carnaval Rio Samb\u00f3dromo","description":"rio carnival sambadrome tickets. Rio Carnaval Samb\u00f3dromo 2018. Rio Carnaval Entradas Samb\u00f3dromo. Rio Parade Tickets. Rio Carnaval billets. Rio karneval tickets. Rio carnavales biglietti.","robots":{"index":"index","follow":"follow","max-snippet":"max-snippet:-1","max-image-preview":"max-image-preview:large","max-video-preview":"max-video-preview:-1"},"canonical":"https:\/\/carnaval.ticketrio.com.br\/en\/carnival-rio-de-janeiro-sambodrome-tickets\/covered-boxes-luxury-suites-carnival-tickets\/","og_locale":"es_ES","og_type":"article","og_title":"Covered Boxes (Luxury Suites) - Ticket Rio - Billets Carnaval Rio, Karneval Rio de Janeiro Tickets, Tickets for Rio Carnival Sambadrome, Boletos Carnaval Rio, Entradas Carnaval Rio Samb\u00f3dromo","og_description":"rio carnival sambadrome tickets. Rio Carnaval Samb\u00f3dromo 2018. Rio Carnaval Entradas Samb\u00f3dromo. Rio Parade Tickets. Rio Carnaval billets. Rio karneval tickets. Rio carnavales biglietti.","og_url":"https:\/\/carnaval.ticketrio.com.br\/en\/carnival-rio-de-janeiro-sambodrome-tickets\/covered-boxes-luxury-suites-carnival-tickets\/","og_site_name":"Ticket Rio - Billets Carnaval Rio, Karneval Rio de Janeiro Tickets, Tickets for Rio Carnival Sambadrome, Boletos Carnaval Rio, Entradas Carnaval Rio Samb\u00f3dromo","article_modified_time":"2017-05-05T17:14:33+00:00","twitter_card":"summary_large_image","schema":{"@context":"https:\/\/schema.org","@graph":[{"@type":"WebPage","@id":"https:\/\/carnaval.ticketrio.com.br\/en\/carnival-rio-de-janeiro-sambodrome-tickets\/covered-boxes-luxury-suites-carnival-tickets\/","url":"https:\/\/carnaval.ticketrio.com.br\/en\/carnival-rio-de-janeiro-sambodrome-tickets\/covered-boxes-luxury-suites-carnival-tickets\/","name":"Covered Boxes (Luxury Suites) - Ticket Rio - Billets Carnaval Rio, Karneval Rio de Janeiro Tickets, Tickets for Rio Carnival Sambadrome, Boletos Carnaval Rio, Entradas Carnaval Rio Samb\u00f3dromo","isPartOf":{"@id":"https:\/\/carnaval.ticketrio.com.br\/#website"},"datePublished":"2015-05-29T16:05:43+00:00","dateModified":"2017-05-05T17:14:33+00:00","description":"rio carnival sambadrome tickets. Rio Carnaval Samb\u00f3dromo 2018. Rio Carnaval Entradas Samb\u00f3dromo. Rio Parade Tickets. Rio Carnaval billets. Rio karneval tickets. Rio carnavales biglietti.","breadcrumb":{"@id":"https:\/\/carnaval.ticketrio.com.br\/en\/carnival-rio-de-janeiro-sambodrome-tickets\/covered-boxes-luxury-suites-carnival-tickets\/#breadcrumb"},"inLanguage":"es","potentialAction":[{"@type":"ReadAction","target":["https:\/\/carnaval.ticketrio.com.br\/en\/carnival-rio-de-janeiro-sambodrome-tickets\/covered-boxes-luxury-suites-carnival-tickets\/"]}]},{"@type":"BreadcrumbList","@id":"https:\/\/carnaval.ticketrio.com.br\/en\/carnival-rio-de-janeiro-sambodrome-tickets\/covered-boxes-luxury-suites-carnival-tickets\/#breadcrumb","itemListElement":[{"@type":"ListItem","position":1,"name":"In\u00edcio","item":"https:\/\/carnaval.ticketrio.com.br\/"},{"@type":"ListItem","position":2,"name":"Rio Carnival Tickets","item":"https:\/\/carnaval.ticketrio.com.br\/en\/carnival-rio-de-janeiro-sambodrome-tickets\/"},{"@type":"ListItem","position":3,"name":"Covered Boxes (Luxury Suites)"}]},{"@type":"WebSite","@id":"https:\/\/carnaval.ticketrio.com.br\/#website","url":"https:\/\/carnaval.ticketrio.com.br\/","name":"Ticket Rio - Billets Carnaval Rio, Karneval Rio de Janeiro Tickets, Tickets for Rio Carnival Sambadrome, Boletos Carnaval Rio, Entradas Carnaval Rio Samb\u00f3dromo","description":"Billets Carnaval Rio, Karneval Rio de Janeiro Tickets, Tickets for Rio Carnival Sambadrome, Boletos Carnaval Rio, Entradas Carnaval Rio Samb\u00f3dromo","potentialAction":[{"@type":"SearchAction","target":{"@type":"EntryPoint","urlTemplate":"https:\/\/carnaval.ticketrio.com.br\/?s={search_term_string}"},"query-input":{"@type":"PropertyValueSpecification","valueRequired":true,"valueName":"search_term_string"}}],"inLanguage":"es"}]}},"_links":{"self":[{"href":"https:\/\/carnaval.ticketrio.com.br\/es\/wp-json\/wp\/v2\/pages\/1674"}],"collection":[{"href":"https:\/\/carnaval.ticketrio.com.br\/es\/wp-json\/wp\/v2\/pages"}],"about":[{"href":"https:\/\/carnaval.ticketrio.com.br\/es\/wp-json\/wp\/v2\/types\/page"}],"author":[{"embeddable":true,"href":"https:\/\/carnaval.ticketrio.com.br\/es\/wp-json\/wp\/v2\/users\/1"}],"replies":[{"embeddable":true,"href":"https:\/\/carnaval.ticketrio.com.br\/es\/wp-json\/wp\/v2\/comments?post=1674"}],"version-history":[{"count":0,"href":"https:\/\/carnaval.ticketrio.com.br\/es\/wp-json\/wp\/v2\/pages\/1674\/revisions"}],"up":[{"embeddable":true,"href":"https:\/\/carnaval.ticketrio.com.br\/es\/wp-json\/wp\/v2\/pages\/1142"}],"wp:attachment":[{"href":"https:\/\/carnaval.ticketrio.com.br\/es\/wp-json\/wp\/v2\/media?parent=1674"}],"curies":[{"name":"wp","href":"https:\/\/api.w.org\/{rel}","templated":true}]}}