{"id":17,"date":"2013-03-05T16:11:38","date_gmt":"2013-03-05T16:11:38","guid":{"rendered":"http:\/\/www.ticketrio.com.br\/site\/?page_id=17"},"modified":"2025-09-05T18:45:55","modified_gmt":"2025-09-05T18:45:55","slug":"ticket-rio-carnaval","status":"publish","type":"page","link":"https:\/\/carnaval.ticketrio.com.br\/ticket-rio-carnaval\/","title":{"rendered":"Ticket Rio"},"content":{"rendered":"<div class=\"panel-grid\" id=\"pg-0\"><div class=\"panel-grid-cell\" id=\"pgc-0-0\"><div class=\"panel widget widget_text panel-first-child panel-last-child\" id=\"panel-0-0-0\"><h3 class=\"widget-title\">Ticket Rio<\/h3>\t\t\t<div class=\"textwidget\"><p>Nossa Ag\u00eancia de Viagens \u00e9 especializada em venda de pacotes para grandes eventos como Carnaval, Parques Tem\u00e1ticos e Shows, agregando os servi\u00e7os de recep\u00e7\u00e3o, transporte e guia.<\/p>\n<p>Oferecemos passeios para grupos ao Corcovado, P\u00e3o de A\u00e7\u00facar, praias, Angra dos Reis e Ilha Grande, al\u00e9m de cruzeiros mar\u00edtimos, city tours, reserva de hot\u00e9is, traslado, entre outros.<\/p>\n<p>Para comprar nosso produtos e servi\u00e7os, acesse a loja virtual: http:\/\/loja.ticketrio.com.br\/ ou fale com o nosso atendimento personalizado por telefone, skype, e-mail ou chat online.<\/p>\n<p>A Ticket Rio pertence ao Grupo Barra M\u00eddia de Comunica\u00e7\u00e3o e Turismo Ltda. CNPJ 07.909.071\/0001-50<\/p>\n<\/div>\n\t\t<\/div><\/div>\t<div class=\"clear\"><\/div><\/div><div class=\"panel-grid\" id=\"pg-1\"><div class=\"panel-grid-cell\" id=\"pgc-1-0\"><div class=\"panel widget widget_text panel-first-child\" id=\"panel-1-0-0\"><h3 class=\"widget-title\">Nossa Equipe<\/h3>\t\t\t<div class=\"textwidget\"><p>Temos uma equipe especializada que dar\u00e1 te dar\u00e1 todo suporte e atendimento personalizado. Nos contate  por e-mail, pessoalmente ou mesmo por chat. Estamos \u00e0 sua disposi\u00e7\u00e3o!<\/p>\n<\/div>\n\t\t<\/div><div class=\"panel widget widget_text\" id=\"panel-1-0-1\"><h3 class=\"widget-title\">Affiliados:<\/h3>\t\t\t<div class=\"textwidget\"><p>Embratur: 019.21211.10.0001<br \/>\nhttp:\/\/www.cadastur.turismo.gov.br<\/p>\n<p>ABAV &#8211; N\u00ba 1644<br \/>\nhttp:\/\/www.abav.com.br\/<\/p>\n<\/div>\n\t\t<\/div><div class=\"panel widget widget_links panel-last-child\" id=\"linkcat-14\"><h3 class=\"widget-title\">Nuestros Websites.<\/h3>\n\t<ul class='xoxo blogroll'>\n<li><a href=\"http:\/\/carnaval.ticketrio.com.br\/\" rel=\"met noopener\" target=\"_blank\">http:\/\/carnaval.ticketrio.com.br\/<\/a>\n10<\/li>\n<li><a href=\"http:\/\/entradascarnavalrio-ticketrio.com\/\" rel=\"me noopener\" target=\"_blank\">http:\/\/entradascarnavalrio-ticketrio.com\/<\/a>\n10<\/li>\n<li><a href=\"http:\/\/ticketrio.com\/\" rel=\"met noopener\" target=\"_blank\">http:\/\/ticketrio.com\/<\/a>\n10<\/li>\n<li><a href=\"http:\/\/ticketriocarnaval.com.br\/\" rel=\"me noopener\" target=\"_blank\">http:\/\/ticketriocarnaval.com.br\/<\/a>\n10<\/li>\n<li><a href=\"http:\/\/www.barramidia.com.br\" rel=\"me noopener\" target=\"_blank\">http:\/\/www.barramidia.com.br<\/a>\n10<\/li>\n<li><a href=\"http:\/\/www.blocofolia.com.br\/\" rel=\"me noopener\" target=\"_blank\">http:\/\/www.blocofolia.com.br\/<\/a>\n10<\/li>\n<li><a href=\"https:\/\/www.carnavalticketrio.com\" rel=\"me noopener\" target=\"_blank\">http:\/\/www.camarotescarnavalticketrio.com.br<\/a>\n10<\/li>\n<li><a href=\"http:\/\/www.carnival-ticketrio.com\/\" rel=\"contact noopener\" target=\"_blank\">http:\/\/www.carnival-ticketrio.com\/<\/a>\n10<\/li>\n<li><a href=\"http:\/\/www.ingressoscarnavalticketrio.com.br\/\" rel=\"noopener\" target=\"_blank\">http:\/\/www.ingressoscarnavalticketrio.com.br\/<\/a>\n10<\/li>\n<li><a href=\"http:\/\/carnaval.ticketrio.com.br\/\" rel=\"noopener\" target=\"_blank\">http:\/\/www.ticketrio.com.br<\/a>\n10<\/li>\n<li><a href=\"https:\/\/www.carnavalticketrio.com\/\" rel=\"noopener\" target=\"_blank\">https:\/\/www.carnavalticketrio.com\/<\/a>\n10<\/li>\n\n\t<\/ul>\n<\/div>\n<\/div><div class=\"panel-grid-cell\" id=\"pgc-1-1\"><div class=\"panel widget widget_siteorigin-image panel-first-child\" id=\"panel-1-1-0\"><img decoding=\"async\" src=\"http:\/\/carnaval.ticketrio.com.br\/wp-content\/uploads\/2013\/03\/team_ticketrio_menor1.jpg\" \/><\/div><div class=\"panel widget widget_siteorigin-image panel-last-child\" id=\"panel-1-1-1\"><img decoding=\"async\" src=\"http:\/\/carnaval.ticketrio.com.br\/wp-content\/uploads\/2015\/05\/loja-fisica_google.jpg\" \/><\/div><\/div>\t<div class=\"clear\"><\/div><\/div><div class=\"panel-grid\" id=\"pg-2\"><div class=\"panel-grid-cell\" id=\"pgc-2-0\"><div class=\"panel widget widget_siteorigin-image panel-first-child panel-last-child\" id=\"panel-2-0-0\"><img decoding=\"async\" src=\"http:\/\/carnaval.ticketrio.com.br\/wp-content\/uploads\/2013\/03\/logo-barramidia-13anos.png\" \/><\/div><\/div><div class=\"panel-grid-cell\" id=\"pgc-2-1\"><div class=\"panel widget widget_siteorigin-image panel-first-child panel-last-child\" id=\"panel-2-1-0\"><img decoding=\"async\" src=\"http:\/\/carnaval.ticketrio.com.br\/wp-content\/uploads\/2015\/05\/cadastro_embratur.png\" \/><\/div><\/div><div class=\"panel-grid-cell\" id=\"pgc-2-2\"><div class=\"panel widget widget_siteorigin-image panel-first-child panel-last-child\" id=\"panel-2-2-0\"><img decoding=\"async\" src=\"http:\/\/carnaval.ticketrio.com.br\/wp-content\/uploads\/2015\/05\/associado_abav-3.png\" \/><\/div><\/div>\t<div class=\"clear\"><\/div><\/div>","protected":false},"excerpt":{"rendered":"<p>Ticket Rio Nossa Ag\u00eancia de Viagens \u00e9 especializada em venda de pacotes para grandes eventos como Carnaval, Parques Tem\u00e1ticos e Shows, agregando os servi\u00e7os de recep\u00e7\u00e3o, transporte e guia. Oferecemos passeios para grupos ao Corcovado, P\u00e3o de A\u00e7\u00facar, praias, Angra dos Reis e Ilha Grande, al\u00e9m de cruzeiros mar\u00edtimos, city tours, reserva de hot\u00e9is, traslado, [&hellip;]<\/p>\n","protected":false},"author":1,"featured_media":1310,"parent":0,"menu_order":1,"comment_status":"closed","ping_status":"closed","template":"page-full.php","meta":{"ngg_post_thumbnail":0,"footnotes":""},"class_list":["post-17","page","type-page","status-publish","has-post-thumbnail","hentry"],"yoast_head":"<!-- This site is optimized with the Yoast SEO plugin v23.5 - https:\/\/yoast.com\/wordpress\/plugins\/seo\/ -->\n<title>Ticket Rio - Ticket Rio - Billets Carnaval Rio, Karneval Rio de Janeiro Tickets, Tickets for Rio Carnival Sambadrome, Boletos Carnaval Rio, Entradas Carnaval Rio Samb\u00f3dromo<\/title>\n<meta name=\"description\" content=\"rio carnival sambadrome tickets. Rio Carnaval Samb\u00f3dromo 2018. Rio Carnaval Entradas Samb\u00f3dromo. Rio Parade Tickets. Rio Carnaval billets. Rio karneval tickets. Rio carnavales biglietti.\" \/>\n<meta name=\"robots\" content=\"index, follow, max-snippet:-1, max-image-preview:large, max-video-preview:-1\" \/>\n<link rel=\"canonical\" href=\"https:\/\/carnaval.ticketrio.com.br\/ticket-rio-carnaval\/\" \/>\n<meta property=\"og:locale\" content=\"es_ES\" \/>\n<meta property=\"og:type\" content=\"article\" \/>\n<meta property=\"og:title\" content=\"Ticket Rio - Ticket Rio - Billets Carnaval Rio, Karneval Rio de Janeiro Tickets, Tickets for Rio Carnival Sambadrome, Boletos Carnaval Rio, Entradas Carnaval Rio Samb\u00f3dromo\" \/>\n<meta property=\"og:description\" content=\"rio carnival sambadrome tickets. Rio Carnaval Samb\u00f3dromo 2018. Rio Carnaval Entradas Samb\u00f3dromo. Rio Parade Tickets. Rio Carnaval billets. Rio karneval tickets. Rio carnavales biglietti.\" \/>\n<meta property=\"og:url\" content=\"https:\/\/carnaval.ticketrio.com.br\/ticket-rio-carnaval\/\" \/>\n<meta property=\"og:site_name\" content=\"Ticket Rio - Billets Carnaval Rio, Karneval Rio de Janeiro Tickets, Tickets for Rio Carnival Sambadrome, Boletos Carnaval Rio, Entradas Carnaval Rio Samb\u00f3dromo\" \/>\n<meta property=\"article:modified_time\" content=\"2025-09-05T18:45:55+00:00\" \/>\n<meta property=\"og:image\" content=\"https:\/\/carnaval.ticketrio.com.br\/wp-content\/uploads\/2013\/03\/team_ticketrio_menor1.jpg\" \/>\n\t<meta property=\"og:image:width\" content=\"640\" \/>\n\t<meta property=\"og:image:height\" content=\"372\" \/>\n\t<meta property=\"og:image:type\" content=\"image\/jpeg\" \/>\n<meta name=\"twitter:card\" content=\"summary_large_image\" \/>\n<meta name=\"twitter:label1\" content=\"Tiempo de lectura\" \/>\n\t<meta name=\"twitter:data1\" content=\"1 minuto\" \/>\n<script type=\"application\/ld+json\" class=\"yoast-schema-graph\">{\"@context\":\"https:\/\/schema.org\",\"@graph\":[{\"@type\":\"WebPage\",\"@id\":\"https:\/\/carnaval.ticketrio.com.br\/ticket-rio-carnaval\/\",\"url\":\"https:\/\/carnaval.ticketrio.com.br\/ticket-rio-carnaval\/\",\"name\":\"Ticket Rio - Ticket Rio - Billets Carnaval Rio, Karneval Rio de Janeiro Tickets, Tickets for Rio Carnival Sambadrome, Boletos Carnaval Rio, Entradas Carnaval Rio Samb\u00f3dromo\",\"isPartOf\":{\"@id\":\"https:\/\/carnaval.ticketrio.com.br\/#website\"},\"primaryImageOfPage\":{\"@id\":\"https:\/\/carnaval.ticketrio.com.br\/ticket-rio-carnaval\/#primaryimage\"},\"image\":{\"@id\":\"https:\/\/carnaval.ticketrio.com.br\/ticket-rio-carnaval\/#primaryimage\"},\"thumbnailUrl\":\"https:\/\/carnaval.ticketrio.com.br\/wp-content\/uploads\/2013\/03\/team_ticketrio_menor1.jpg\",\"datePublished\":\"2013-03-05T16:11:38+00:00\",\"dateModified\":\"2025-09-05T18:45:55+00:00\",\"description\":\"rio carnival sambadrome tickets. Rio Carnaval Samb\u00f3dromo 2018. Rio Carnaval Entradas Samb\u00f3dromo. Rio Parade Tickets. Rio Carnaval billets. Rio karneval tickets. Rio carnavales biglietti.\",\"breadcrumb\":{\"@id\":\"https:\/\/carnaval.ticketrio.com.br\/ticket-rio-carnaval\/#breadcrumb\"},\"inLanguage\":\"es\",\"potentialAction\":[{\"@type\":\"ReadAction\",\"target\":[\"https:\/\/carnaval.ticketrio.com.br\/ticket-rio-carnaval\/\"]}]},{\"@type\":\"ImageObject\",\"inLanguage\":\"es\",\"@id\":\"https:\/\/carnaval.ticketrio.com.br\/ticket-rio-carnaval\/#primaryimage\",\"url\":\"https:\/\/carnaval.ticketrio.com.br\/wp-content\/uploads\/2013\/03\/team_ticketrio_menor1.jpg\",\"contentUrl\":\"https:\/\/carnaval.ticketrio.com.br\/wp-content\/uploads\/2013\/03\/team_ticketrio_menor1.jpg\",\"width\":\"640\",\"height\":\"372\"},{\"@type\":\"BreadcrumbList\",\"@id\":\"https:\/\/carnaval.ticketrio.com.br\/ticket-rio-carnaval\/#breadcrumb\",\"itemListElement\":[{\"@type\":\"ListItem\",\"position\":1,\"name\":\"In\u00edcio\",\"item\":\"https:\/\/carnaval.ticketrio.com.br\/\"},{\"@type\":\"ListItem\",\"position\":2,\"name\":\"Ticket Rio\"}]},{\"@type\":\"WebSite\",\"@id\":\"https:\/\/carnaval.ticketrio.com.br\/#website\",\"url\":\"https:\/\/carnaval.ticketrio.com.br\/\",\"name\":\"Ticket Rio - Billets Carnaval Rio, Karneval Rio de Janeiro Tickets, Tickets for Rio Carnival Sambadrome, Boletos Carnaval Rio, Entradas Carnaval Rio Samb\u00f3dromo\",\"description\":\"Billets Carnaval Rio, Karneval Rio de Janeiro Tickets, Tickets for Rio Carnival Sambadrome, Boletos Carnaval Rio, Entradas Carnaval Rio Samb\u00f3dromo\",\"potentialAction\":[{\"@type\":\"SearchAction\",\"target\":{\"@type\":\"EntryPoint\",\"urlTemplate\":\"https:\/\/carnaval.ticketrio.com.br\/?s={search_term_string}\"},\"query-input\":{\"@type\":\"PropertyValueSpecification\",\"valueRequired\":true,\"valueName\":\"search_term_string\"}}],\"inLanguage\":\"es\"}]}<\/script>\n<!-- \/ Yoast SEO plugin. -->","yoast_head_json":{"title":"Ticket Rio - Ticket Rio - Billets Carnaval Rio, Karneval Rio de Janeiro Tickets, Tickets for Rio Carnival Sambadrome, Boletos Carnaval Rio, Entradas Carnaval Rio Samb\u00f3dromo","description":"rio carnival sambadrome tickets. Rio Carnaval Samb\u00f3dromo 2018. Rio Carnaval Entradas Samb\u00f3dromo. Rio Parade Tickets. Rio Carnaval billets. Rio karneval tickets. Rio carnavales biglietti.","robots":{"index":"index","follow":"follow","max-snippet":"max-snippet:-1","max-image-preview":"max-image-preview:large","max-video-preview":"max-video-preview:-1"},"canonical":"https:\/\/carnaval.ticketrio.com.br\/ticket-rio-carnaval\/","og_locale":"es_ES","og_type":"article","og_title":"Ticket Rio - Ticket Rio - Billets Carnaval Rio, Karneval Rio de Janeiro Tickets, Tickets for Rio Carnival Sambadrome, Boletos Carnaval Rio, Entradas Carnaval Rio Samb\u00f3dromo","og_description":"rio carnival sambadrome tickets. Rio Carnaval Samb\u00f3dromo 2018. Rio Carnaval Entradas Samb\u00f3dromo. Rio Parade Tickets. Rio Carnaval billets. Rio karneval tickets. Rio carnavales biglietti.","og_url":"https:\/\/carnaval.ticketrio.com.br\/ticket-rio-carnaval\/","og_site_name":"Ticket Rio - Billets Carnaval Rio, Karneval Rio de Janeiro Tickets, Tickets for Rio Carnival Sambadrome, Boletos Carnaval Rio, Entradas Carnaval Rio Samb\u00f3dromo","article_modified_time":"2025-09-05T18:45:55+00:00","og_image":[{"width":640,"height":372,"url":"https:\/\/carnaval.ticketrio.com.br\/wp-content\/uploads\/2013\/03\/team_ticketrio_menor1.jpg","type":"image\/jpeg"}],"twitter_card":"summary_large_image","twitter_misc":{"Tiempo de lectura":"1 minuto"},"schema":{"@context":"https:\/\/schema.org","@graph":[{"@type":"WebPage","@id":"https:\/\/carnaval.ticketrio.com.br\/ticket-rio-carnaval\/","url":"https:\/\/carnaval.ticketrio.com.br\/ticket-rio-carnaval\/","name":"Ticket Rio - Ticket Rio - Billets Carnaval Rio, Karneval Rio de Janeiro Tickets, Tickets for Rio Carnival Sambadrome, Boletos Carnaval Rio, Entradas Carnaval Rio Samb\u00f3dromo","isPartOf":{"@id":"https:\/\/carnaval.ticketrio.com.br\/#website"},"primaryImageOfPage":{"@id":"https:\/\/carnaval.ticketrio.com.br\/ticket-rio-carnaval\/#primaryimage"},"image":{"@id":"https:\/\/carnaval.ticketrio.com.br\/ticket-rio-carnaval\/#primaryimage"},"thumbnailUrl":"https:\/\/carnaval.ticketrio.com.br\/wp-content\/uploads\/2013\/03\/team_ticketrio_menor1.jpg","datePublished":"2013-03-05T16:11:38+00:00","dateModified":"2025-09-05T18:45:55+00:00","description":"rio carnival sambadrome tickets. Rio Carnaval Samb\u00f3dromo 2018. Rio Carnaval Entradas Samb\u00f3dromo. Rio Parade Tickets. Rio Carnaval billets. Rio karneval tickets. Rio carnavales biglietti.","breadcrumb":{"@id":"https:\/\/carnaval.ticketrio.com.br\/ticket-rio-carnaval\/#breadcrumb"},"inLanguage":"es","potentialAction":[{"@type":"ReadAction","target":["https:\/\/carnaval.ticketrio.com.br\/ticket-rio-carnaval\/"]}]},{"@type":"ImageObject","inLanguage":"es","@id":"https:\/\/carnaval.ticketrio.com.br\/ticket-rio-carnaval\/#primaryimage","url":"https:\/\/carnaval.ticketrio.com.br\/wp-content\/uploads\/2013\/03\/team_ticketrio_menor1.jpg","contentUrl":"https:\/\/carnaval.ticketrio.com.br\/wp-content\/uploads\/2013\/03\/team_ticketrio_menor1.jpg","width":"640","height":"372"},{"@type":"BreadcrumbList","@id":"https:\/\/carnaval.ticketrio.com.br\/ticket-rio-carnaval\/#breadcrumb","itemListElement":[{"@type":"ListItem","position":1,"name":"In\u00edcio","item":"https:\/\/carnaval.ticketrio.com.br\/"},{"@type":"ListItem","position":2,"name":"Ticket Rio"}]},{"@type":"WebSite","@id":"https:\/\/carnaval.ticketrio.com.br\/#website","url":"https:\/\/carnaval.ticketrio.com.br\/","name":"Ticket Rio - Billets Carnaval Rio, Karneval Rio de Janeiro Tickets, Tickets for Rio Carnival Sambadrome, Boletos Carnaval Rio, Entradas Carnaval Rio Samb\u00f3dromo","description":"Billets Carnaval Rio, Karneval Rio de Janeiro Tickets, Tickets for Rio Carnival Sambadrome, Boletos Carnaval Rio, Entradas Carnaval Rio Samb\u00f3dromo","potentialAction":[{"@type":"SearchAction","target":{"@type":"EntryPoint","urlTemplate":"https:\/\/carnaval.ticketrio.com.br\/?s={search_term_string}"},"query-input":{"@type":"PropertyValueSpecification","valueRequired":true,"valueName":"search_term_string"}}],"inLanguage":"es"}]}},"_links":{"self":[{"href":"https:\/\/carnaval.ticketrio.com.br\/es\/wp-json\/wp\/v2\/pages\/17"}],"collection":[{"href":"https:\/\/carnaval.ticketrio.com.br\/es\/wp-json\/wp\/v2\/pages"}],"about":[{"href":"https:\/\/carnaval.ticketrio.com.br\/es\/wp-json\/wp\/v2\/types\/page"}],"author":[{"embeddable":true,"href":"https:\/\/carnaval.ticketrio.com.br\/es\/wp-json\/wp\/v2\/users\/1"}],"replies":[{"embeddable":true,"href":"https:\/\/carnaval.ticketrio.com.br\/es\/wp-json\/wp\/v2\/comments?post=17"}],"version-history":[{"count":36,"href":"https:\/\/carnaval.ticketrio.com.br\/es\/wp-json\/wp\/v2\/pages\/17\/revisions"}],"predecessor-version":[{"id":2574,"href":"https:\/\/carnaval.ticketrio.com.br\/es\/wp-json\/wp\/v2\/pages\/17\/revisions\/2574"}],"wp:featuredmedia":[{"embeddable":true,"href":"https:\/\/carnaval.ticketrio.com.br\/es\/wp-json\/wp\/v2\/media\/1310"}],"wp:attachment":[{"href":"https:\/\/carnaval.ticketrio.com.br\/es\/wp-json\/wp\/v2\/media?parent=17"}],"curies":[{"name":"wp","href":"https:\/\/api.w.org\/{rel}","templated":true}]}}