{"id":1819,"date":"2015-06-15T20:50:45","date_gmt":"2015-06-15T20:50:45","guid":{"rendered":"http:\/\/www.ticketrio.com.br\/site\/?page_id=1819"},"modified":"2018-06-19T15:24:54","modified_gmt":"2018-06-19T15:24:54","slug":"carnaval-rio-entradas-sambodromo","status":"publish","type":"page","link":"https:\/\/carnaval.ticketrio.com.br\/es\/carnaval-rio-entradas-sambodromo\/","title":{"rendered":"Samb\u00f3dromo"},"content":{"rendered":"<div class=\"panel-grid\" id=\"pg-0\"><div class=\"panel-grid-cell\" id=\"pgc-0-0\"><div class=\"panel widget widget_siteorigin-image panel-first-child\" id=\"panel-0-0-0\"><img decoding=\"async\" src=\"http:\/\/carnaval.ticketrio.com.br\/wp-content\/uploads\/2015\/05\/mapa-sambodromo-english21.jpg\" \/><\/div><div class=\"panel widget widget_text panel-last-child\" id=\"panel-0-0-1\">\t\t\t<div class=\"textwidget\"><p>El Samb\u00f3dromo se divide en 13 sectores. El valor de las entradas de cada sector depende de la posici\u00f3n y vistas al bulevar. Los sectores impares en un lado y el otro par. Los n\u00fameros aumentan hacia el final de la avenida.<\/p>\n<p>Todos los sectores constan de stands, puestos de venta y caba\u00f1as. Los frisos est\u00e1n delante de las gradas, tomando su cola de A, m\u00e1s cerca de la tira desfile Samb\u00f3dromo. Las caba\u00f1as se encuentran entre los sectores, y tambi\u00e9n por encima de los puestos de venta, justo detr\u00e1s de la l\u00ednea D, proporcionando una gran vista de la zona del desfile.<\/p>\n<p>S\u00f3lo la industria representa 9, popularmente conocido como Sector Turismo o noble sector, lugares ofertas numeradas, todas las dem\u00e1s tribunas no est\u00e1n numeradas. El sector 09 tiene gran vista. Precio de las entradas para este sector es m\u00e1s alto porque es m\u00e1s organizado, y tiene su lugar marcado toda la noche, a diferencia de otros soportes.<\/p>\n<p>Llegar al Samb\u00f3dromo<br \/>\nComo sugerencia para su llegada en el Samb\u00f3dromo es la mejor manera posible y tambi\u00e9n m\u00e1s seguro, le ofrecemos un servicio de traslado desde el Samb\u00f3dromo. Compruebe nuestras tarifas.<br \/>\nTambi\u00e9n se puede llegar en metro, autob\u00fas o simplemente tomar un taxi. Recuerde que estos medios de transporte se ir\u00e1n a una distancia desde el Samb\u00f3dromo requerir\u00e1 alg\u00fan tiempo para caminar.<br \/>\nNo hay conexi\u00f3n entre las partes par e impar. Su camino hacia el Samb\u00f3dromo depender\u00e1 de su industria.<\/p>\n<p>Metro<br \/>\nFunciona en los d\u00edas de Carnaval hasta las 23h el martes, con intervalos de 10 minutos. Es r\u00e1pido, pero lleno en los d\u00edas de Carnaval. Es la mejor opci\u00f3n para que sea m\u00e1s cerca del Samb\u00f3dromo, en comparaci\u00f3n con los autobuses de l\u00ednea y taxis sin credenciales, que dejar\u00e1n a una distancia razonable de su industria en el Samb\u00f3dromo.<\/p>\n<p>Sectores Parejas<br \/>\nEl mejor acceso a los sectores incluso es la estaci\u00f3n Pra\u00e7a Onze. Una vez fuera de la estaci\u00f3n, gire a la derecha dos veces y luego seguir adelante. Para los sectores 10 y 12 toman la Rua do Carmo Neto y caminar por Av. Sa Salvador. Ver\u00e1 el Samb\u00f3dromo r\u00e1pidamente.<\/p>\n<p>Sectores impares<br \/>\nLa estaci\u00f3n m\u00e1s cercana es Central. Bajar carta que y seguir el flujo de personas, porque seguramente la mayor\u00eda se dirige al mismo lugar que usted. La estaci\u00f3n esta a menos de un kil\u00f3metro del Samb\u00f3dromo, y en el camino podr\u00e1s ver las carrozas famosas y Terreir\u00e3o Samba. Despu\u00e9s de pasar por ellos, gire a la izquierda y continuar hasta encontrar su industria, identificado por grandes placas de gran visibilidad.<\/p>\n<p>Ubicaci\u00f3n<br \/>\nEl Samb\u00f3dromo se encuentra en la regi\u00f3n conocida a la cuna de la samba. Comienza en la Avenida Presidente Vargas, cerca de la Pra\u00e7a Quinze y termina en la Rua Frei Taza. La gran plaza al final de la avenida est\u00e1 coronada por un arco inmenso y memorable de hormig\u00f3n, llamada la Plaza de la Apoteosis. La avenida fue nombrado Profesor Darcy Ribeiro, considerando Que fue \u00e9l quien concibi\u00f3 los desfiles en una estructura fija, debido a que las estructuras se reunieron previamente para el evento. Es una pista de unos 700 metros de largo.<\/p>\n<p>Comodidades<br \/>\nHay bares con comida y bebidas, ba\u00f1os en cada sector Samb\u00f3dromo. Adem\u00e1s, todos tienen acceso, la zona libre, existe la cola espacio detr\u00e1s de las tribunas en el Samb\u00f3dromo, donde con restaurantes, helader\u00edas, tiendas de recuerdos y m\u00e1s ba\u00f1os.<\/p>\n<p>Seguridad<br \/>\nEn el programa de hoy, el Samb\u00f3dromo es considerado el lugar m\u00e1s seguro de Am\u00e9rica del Sur. Hay una muy alta concentraci\u00f3n de celebridades internacionales, pol\u00edticos y miembros de familias reales entre la multitud. El Samb\u00f3dromo est\u00e1 rodeado de enormes cajas en la que ninguno puede pasar sin ser buscado por razones comerciales y de seguridad.<\/p>\n<\/div>\n\t\t<\/div><\/div>\t<div class=\"clear\"><\/div><\/div>","protected":false},"excerpt":{"rendered":"<p>El Samb\u00f3dromo se divide en 13 sectores. El valor de las entradas de cada sector depende de la posici\u00f3n y vistas al bulevar. Los sectores impares en un lado y el otro par. Los n\u00fameros aumentan hacia el final de la avenida. Todos los sectores constan de stands, puestos de venta y caba\u00f1as. Los frisos [&hellip;]<\/p>\n","protected":false},"author":1,"featured_media":0,"parent":0,"menu_order":3,"comment_status":"closed","ping_status":"closed","template":"page-full.php","meta":{"ngg_post_thumbnail":0,"footnotes":""},"class_list":["post-1819","page","type-page","status-publish","hentry"],"yoast_head":"<!-- This site is optimized with the Yoast SEO plugin v23.5 - https:\/\/yoast.com\/wordpress\/plugins\/seo\/ -->\n<title>Compre entradas para el Carnaval de Rio de Janeiro Samb\u00f3dromo<\/title>\n<meta name=\"description\" content=\"rio de janeiro carnaval entradas samb\u00f3dromo\" \/>\n<meta name=\"robots\" content=\"index, follow, max-snippet:-1, max-image-preview:large, max-video-preview:-1\" \/>\n<link rel=\"canonical\" href=\"https:\/\/carnaval.ticketrio.com.br\/es\/carnaval-rio-entradas-sambodromo\/\" \/>\n<meta property=\"og:locale\" content=\"es_ES\" \/>\n<meta property=\"og:type\" content=\"article\" \/>\n<meta property=\"og:title\" content=\"Compre entradas para el Carnaval de Rio de Janeiro Samb\u00f3dromo\" \/>\n<meta property=\"og:description\" content=\"rio de janeiro carnaval entradas samb\u00f3dromo\" \/>\n<meta property=\"og:url\" content=\"https:\/\/carnaval.ticketrio.com.br\/es\/carnaval-rio-entradas-sambodromo\/\" \/>\n<meta property=\"og:site_name\" content=\"Ticket Rio - Billets Carnaval Rio, Karneval Rio de Janeiro Tickets, Tickets for Rio Carnival Sambadrome, Boletos Carnaval Rio, Entradas Carnaval Rio Samb\u00f3dromo\" \/>\n<meta property=\"article:modified_time\" content=\"2018-06-19T15:24:54+00:00\" \/>\n<meta name=\"twitter:card\" content=\"summary_large_image\" \/>\n<script type=\"application\/ld+json\" class=\"yoast-schema-graph\">{\"@context\":\"https:\/\/schema.org\",\"@graph\":[{\"@type\":\"WebPage\",\"@id\":\"https:\/\/carnaval.ticketrio.com.br\/es\/carnaval-rio-entradas-sambodromo\/\",\"url\":\"https:\/\/carnaval.ticketrio.com.br\/es\/carnaval-rio-entradas-sambodromo\/\",\"name\":\"Compre entradas para el Carnaval de Rio de Janeiro Samb\u00f3dromo\",\"isPartOf\":{\"@id\":\"https:\/\/carnaval.ticketrio.com.br\/#website\"},\"datePublished\":\"2015-06-15T20:50:45+00:00\",\"dateModified\":\"2018-06-19T15:24:54+00:00\",\"description\":\"rio de janeiro carnaval entradas samb\u00f3dromo\",\"breadcrumb\":{\"@id\":\"https:\/\/carnaval.ticketrio.com.br\/es\/carnaval-rio-entradas-sambodromo\/#breadcrumb\"},\"inLanguage\":\"es\",\"potentialAction\":[{\"@type\":\"ReadAction\",\"target\":[\"https:\/\/carnaval.ticketrio.com.br\/es\/carnaval-rio-entradas-sambodromo\/\"]}]},{\"@type\":\"BreadcrumbList\",\"@id\":\"https:\/\/carnaval.ticketrio.com.br\/es\/carnaval-rio-entradas-sambodromo\/#breadcrumb\",\"itemListElement\":[{\"@type\":\"ListItem\",\"position\":1,\"name\":\"In\u00edcio\",\"item\":\"https:\/\/carnaval.ticketrio.com.br\/\"},{\"@type\":\"ListItem\",\"position\":2,\"name\":\"Samb\u00f3dromo\"}]},{\"@type\":\"WebSite\",\"@id\":\"https:\/\/carnaval.ticketrio.com.br\/#website\",\"url\":\"https:\/\/carnaval.ticketrio.com.br\/\",\"name\":\"Ticket Rio - Billets Carnaval Rio, Karneval Rio de Janeiro Tickets, Tickets for Rio Carnival Sambadrome, Boletos Carnaval Rio, Entradas Carnaval Rio Samb\u00f3dromo\",\"description\":\"Billets Carnaval Rio, Karneval Rio de Janeiro Tickets, Tickets for Rio Carnival Sambadrome, Boletos Carnaval Rio, Entradas Carnaval Rio Samb\u00f3dromo\",\"potentialAction\":[{\"@type\":\"SearchAction\",\"target\":{\"@type\":\"EntryPoint\",\"urlTemplate\":\"https:\/\/carnaval.ticketrio.com.br\/?s={search_term_string}\"},\"query-input\":{\"@type\":\"PropertyValueSpecification\",\"valueRequired\":true,\"valueName\":\"search_term_string\"}}],\"inLanguage\":\"es\"}]}<\/script>\n<!-- \/ Yoast SEO plugin. -->","yoast_head_json":{"title":"Compre entradas para el Carnaval de Rio de Janeiro Samb\u00f3dromo","description":"rio de janeiro carnaval entradas samb\u00f3dromo","robots":{"index":"index","follow":"follow","max-snippet":"max-snippet:-1","max-image-preview":"max-image-preview:large","max-video-preview":"max-video-preview:-1"},"canonical":"https:\/\/carnaval.ticketrio.com.br\/es\/carnaval-rio-entradas-sambodromo\/","og_locale":"es_ES","og_type":"article","og_title":"Compre entradas para el Carnaval de Rio de Janeiro Samb\u00f3dromo","og_description":"rio de janeiro carnaval entradas samb\u00f3dromo","og_url":"https:\/\/carnaval.ticketrio.com.br\/es\/carnaval-rio-entradas-sambodromo\/","og_site_name":"Ticket Rio - Billets Carnaval Rio, Karneval Rio de Janeiro Tickets, Tickets for Rio Carnival Sambadrome, Boletos Carnaval Rio, Entradas Carnaval Rio Samb\u00f3dromo","article_modified_time":"2018-06-19T15:24:54+00:00","twitter_card":"summary_large_image","schema":{"@context":"https:\/\/schema.org","@graph":[{"@type":"WebPage","@id":"https:\/\/carnaval.ticketrio.com.br\/es\/carnaval-rio-entradas-sambodromo\/","url":"https:\/\/carnaval.ticketrio.com.br\/es\/carnaval-rio-entradas-sambodromo\/","name":"Compre entradas para el Carnaval de Rio de Janeiro Samb\u00f3dromo","isPartOf":{"@id":"https:\/\/carnaval.ticketrio.com.br\/#website"},"datePublished":"2015-06-15T20:50:45+00:00","dateModified":"2018-06-19T15:24:54+00:00","description":"rio de janeiro carnaval entradas samb\u00f3dromo","breadcrumb":{"@id":"https:\/\/carnaval.ticketrio.com.br\/es\/carnaval-rio-entradas-sambodromo\/#breadcrumb"},"inLanguage":"es","potentialAction":[{"@type":"ReadAction","target":["https:\/\/carnaval.ticketrio.com.br\/es\/carnaval-rio-entradas-sambodromo\/"]}]},{"@type":"BreadcrumbList","@id":"https:\/\/carnaval.ticketrio.com.br\/es\/carnaval-rio-entradas-sambodromo\/#breadcrumb","itemListElement":[{"@type":"ListItem","position":1,"name":"In\u00edcio","item":"https:\/\/carnaval.ticketrio.com.br\/"},{"@type":"ListItem","position":2,"name":"Samb\u00f3dromo"}]},{"@type":"WebSite","@id":"https:\/\/carnaval.ticketrio.com.br\/#website","url":"https:\/\/carnaval.ticketrio.com.br\/","name":"Ticket Rio - Billets Carnaval Rio, Karneval Rio de Janeiro Tickets, Tickets for Rio Carnival Sambadrome, Boletos Carnaval Rio, Entradas Carnaval Rio Samb\u00f3dromo","description":"Billets Carnaval Rio, Karneval Rio de Janeiro Tickets, Tickets for Rio Carnival Sambadrome, Boletos Carnaval Rio, Entradas Carnaval Rio Samb\u00f3dromo","potentialAction":[{"@type":"SearchAction","target":{"@type":"EntryPoint","urlTemplate":"https:\/\/carnaval.ticketrio.com.br\/?s={search_term_string}"},"query-input":{"@type":"PropertyValueSpecification","valueRequired":true,"valueName":"search_term_string"}}],"inLanguage":"es"}]}},"_links":{"self":[{"href":"https:\/\/carnaval.ticketrio.com.br\/es\/wp-json\/wp\/v2\/pages\/1819"}],"collection":[{"href":"https:\/\/carnaval.ticketrio.com.br\/es\/wp-json\/wp\/v2\/pages"}],"about":[{"href":"https:\/\/carnaval.ticketrio.com.br\/es\/wp-json\/wp\/v2\/types\/page"}],"author":[{"embeddable":true,"href":"https:\/\/carnaval.ticketrio.com.br\/es\/wp-json\/wp\/v2\/users\/1"}],"replies":[{"embeddable":true,"href":"https:\/\/carnaval.ticketrio.com.br\/es\/wp-json\/wp\/v2\/comments?post=1819"}],"version-history":[{"count":2,"href":"https:\/\/carnaval.ticketrio.com.br\/es\/wp-json\/wp\/v2\/pages\/1819\/revisions"}],"predecessor-version":[{"id":1933,"href":"https:\/\/carnaval.ticketrio.com.br\/es\/wp-json\/wp\/v2\/pages\/1819\/revisions\/1933"}],"wp:attachment":[{"href":"https:\/\/carnaval.ticketrio.com.br\/es\/wp-json\/wp\/v2\/media?parent=1819"}],"curies":[{"name":"wp","href":"https:\/\/api.w.org\/{rel}","templated":true}]}}