{"id":1830,"date":"2015-06-17T15:26:49","date_gmt":"2015-06-17T15:26:49","guid":{"rendered":"http:\/\/www.ticketrio.com.br\/site\/?page_id=1830"},"modified":"2018-06-19T17:14:14","modified_gmt":"2018-06-19T17:14:14","slug":"kontakt-ticket-rio-karneval","status":"publish","type":"page","link":"https:\/\/carnaval.ticketrio.com.br\/de\/kontakt-ticket-rio-karneval\/","title":{"rendered":"Kontakt"},"content":{"rendered":"<div class=\"panel-grid\" id=\"pg-0\"><div class=\"panel-grid-cell\" id=\"pgc-0-0\"><div class=\"panel widget widget_text panel-first-child\" id=\"panel-0-0-0\">\t\t\t<div class=\"textwidget\"><h1><span style=\"color: #003366;\">PHONES<\/span><\/h1>\n<h2><span style=\"color: #003366;\">:<\/span> 55 21 3982-1515 \/ 2025-5000<\/h2>\n<h2><span style=\"color: #003366;\">Mobile Nextel:<\/span> 55 21 97879-0895 \/ ID.: 12*30571<\/h2>\n<h2><span style=\"color: #003366;\">Mobile Vivo:<\/span> 55 21 98636-1515<\/h2>\n<h2><span style=\"color: #003366;\">Mobile Tim:<\/span> 55 21 98215-7172<\/h2>\n<h2><span style=\"color: #003366;\">Mobile Claro:<\/span> 55 21 99293-2333<\/h2>\n<h2><span style=\"color: #003366;\">Mobile Oi:<\/span> 55 21 98502-7519<\/h2>\n<h2><span style=\"color: #003366;\">E-mail:<\/span> atendimento@ticketrio.com.br<\/h2>\n<\/div>\n\t\t<\/div><div class=\"panel widget widget_text panel-last-child\" id=\"panel-0-0-1\"><h3 class=\"widget-title\">Oder wenn Sie bevorzugen, f\u00fcllen Sie das folgende Formular aus und bald werden wir Sie kontaktieren.<\/h3>\t\t\t<div class=\"textwidget\"><div role=\"form\" class=\"wpcf7\" id=\"wpcf7-f2505-o1\" dir=\"ltr\">\n<div class=\"screen-reader-response\"><\/div>\n<form action=\"\/es\/wp-json\/wp\/v2\/pages\/1830#wpcf7-f2505-o1\" method=\"post\" class=\"wpcf7-form\" novalidate=\"novalidate\">\n<div style=\"display: none;\">\n<input type=\"hidden\" name=\"_wpcf7\" value=\"2505\" \/><br \/>\n<input type=\"hidden\" name=\"_wpcf7_version\" value=\"5.0.1\" \/><br \/>\n<input type=\"hidden\" name=\"_wpcf7_locale\" value=\"\" \/><br \/>\n<input type=\"hidden\" name=\"_wpcf7_unit_tag\" value=\"wpcf7-f2505-o1\" \/><br \/>\n<input type=\"hidden\" name=\"_wpcf7_container_post\" value=\"0\" \/>\n<\/div>\n<p>Nome (*): <span class=\"wpcf7-form-control-wrap your-name\"><input type=\"text\" name=\"your-name\" value=\"\" size=\"40\" class=\"wpcf7-form-control wpcf7-text wpcf7-validates-as-required\" aria-required=\"true\" aria-invalid=\"false\" \/><\/span> <\/p>\n<p>E-mail (*): <span class=\"wpcf7-form-control-wrap your-email\"><input type=\"email\" name=\"your-email\" value=\"\" size=\"40\" class=\"wpcf7-form-control wpcf7-text wpcf7-email wpcf7-validates-as-required wpcf7-validates-as-email\" aria-required=\"true\" aria-invalid=\"false\" \/><\/span> <\/p>\n<p>Assunto: <span class=\"wpcf7-form-control-wrap menuassunto\"><select name=\"menuassunto\" class=\"wpcf7-form-control wpcf7-select\" aria-invalid=\"false\"><option value=\"Informa\u00e7\u00f5es\">Informa\u00e7\u00f5es<\/option><option value=\"D\u00favidas\">D\u00favidas<\/option><option value=\"Cr\u00edticas \/ Sugest\u00f5es\">Cr\u00edticas \/ Sugest\u00f5es<\/option><\/select><\/span> <\/p>\n<p>Mensagem<br \/>\n    <span class=\"wpcf7-form-control-wrap your-message\"><textarea name=\"your-message\" cols=\"40\" rows=\"10\" class=\"wpcf7-form-control wpcf7-textarea\" aria-invalid=\"false\"><\/textarea><\/span> <\/p>\n<p><input type=\"submit\" value=\"Enviar\" class=\"wpcf7-form-control wpcf7-submit\" \/><\/p>\n<div class=\"wpcf7-response-output wpcf7-display-none\"><\/div>\n<\/form>\n<\/div>\n<\/div>\n\t\t<\/div><\/div><div class=\"panel-grid-cell\" id=\"pgc-0-1\"><div class=\"panel widget widget_text panel-first-child\" id=\"panel-0-1-0\"><h3 class=\"widget-title\">Sprechen Sie unsere Experten!<\/h3>\t\t\t<div class=\"textwidget\"><p>Dienst von Montag bis Freitag von 09h bis 18h (mit Anschlag f\u00fcr Mittagspause)<\/p>\n<p><script language=\"JavaScript\" src=\"https:\/\/www.chatcomercial.com.br\/livehelp\/lib\/javascript\/support_status.php?COMPANY_ID=13537&#038;SITE_ID=15904&#038;ssl=1\"><\/script><br \/>\n<!--IN\u00cdCIO RASTREADOR - TRACK --><br \/>\n<script language=\"JavaScript\" >\nvar _webtrack_domain = \"https:\/\/www.chatcomercial.com.br\/livehelp\/\";\nvar _webtrack_company_id = 13537;\nvar _webtrack_site_id = 15904;\nvar _webtrack_domain_chatwindow = \"https:\/\/www.chatcomercial.com.br\/livehelp\/\";\nvar _webtrack_variables = new Array();\nvar _webtrack_ssl = 1;\n<\/script><br \/>\n<script language='JavaScript' src='https:\/\/www.chatcomercial.com.br\/livehelp\/lib\/javascript\/webtrack.js'><\/script><br \/>\n<!--FIM RASTREADOR --><\/p>\n<\/div>\n\t\t<\/div><div class=\"panel widget widget_icon-text\" id=\"panel-0-1-1\"><h3 class=\"widget-title\">Telefonkonferenz verf\u00fcgbar! F\u00fcgen Sie uns \u00fcber Skype.<\/h3><div class=\"feature-icon\"><img loading=\"lazy\" decoding=\"async\" width=\"150\" height=\"150\" src=\"https:\/\/carnaval.ticketrio.com.br\/wp-content\/uploads\/2015\/05\/images-1-150x150.jpg\" class=\"attachment-thumbnail size-thumbnail\" alt=\"\" srcset=\"https:\/\/carnaval.ticketrio.com.br\/wp-content\/uploads\/2015\/05\/images-1-150x150.jpg 150w, https:\/\/carnaval.ticketrio.com.br\/wp-content\/uploads\/2015\/05\/images-1.jpg 225w\" sizes=\"(max-width: 150px) 100vw, 150px\" \/><\/div><div class=\"widget-text entry-content\"><p>Skype: ticketrioturismo<\/p>\n<\/div><\/div><div class=\"panel widget widget_text\" id=\"panel-0-1-2\"><h3 class=\"widget-title\">Adresse<\/h3>\t\t\t<div class=\"textwidget\"><p>Av. das Am\u00e9ricas, 700 Loja 201 A Bl. 8 Shopping Citt\u00e1 Am\u00e9rica &#8211; Barra da Tijuca &#8211; Rio de Janeiro<\/p>\n<\/div>\n\t\t<\/div><div class=\"panel widget widget_text panel-last-child\" id=\"panel-0-1-3\"><h3 class=\"widget-title\">Map<\/h3>\t\t\t<div class=\"textwidget\"><p><iframe src=\"https:\/\/www.google.com\/maps\/embed?pb=!1m14!1m12!1m3!1d235198.6814263698!2d-43.44598205000001!3d-22.91413074999999!2m3!1f0!2f0!3f0!3m2!1i1024!2i768!4f13.1!5e0!3m2!1sen!2sbr!4v1432923632131\" frameborder=\"0\" style=\"border:0\"><\/iframe><\/p>\n<\/div>\n\t\t<\/div><\/div>\t<div class=\"clear\"><\/div><\/div>","protected":false},"excerpt":{"rendered":"<p>PHONES : 55 21 3982-1515 \/ 2025-5000 Mobile Nextel: 55 21 97879-0895 \/ ID.: 12*30571 Mobile Vivo: 55 21 98636-1515 Mobile Tim: 55 21 98215-7172 Mobile Claro: 55 21 99293-2333 Mobile Oi: 55 21 98502-7519 E-mail: atendimento@ticketrio.com.br Oder wenn Sie bevorzugen, f\u00fcllen Sie das folgende Formular aus und bald werden wir Sie kontaktieren. Nome (*): [&hellip;]<\/p>\n","protected":false},"author":1,"featured_media":0,"parent":0,"menu_order":6,"comment_status":"closed","ping_status":"closed","template":"page-full.php","meta":{"ngg_post_thumbnail":0,"footnotes":""},"class_list":["post-1830","page","type-page","status-publish","hentry"],"yoast_head":"<!-- This site is optimized with the Yoast SEO plugin v23.5 - https:\/\/yoast.com\/wordpress\/plugins\/seo\/ -->\n<title>Kontact Rio karneval tickets. Ladengesch\u00e4ft rio carnival Tickets zu kaufen<\/title>\n<meta name=\"description\" content=\"Rio de Janeiro Karneval Karten Kontakt\" \/>\n<meta name=\"robots\" content=\"index, follow, max-snippet:-1, max-image-preview:large, max-video-preview:-1\" \/>\n<link rel=\"canonical\" href=\"https:\/\/carnaval.ticketrio.com.br\/de\/kontakt-ticket-rio-karneval\/\" \/>\n<meta property=\"og:locale\" content=\"es_ES\" \/>\n<meta property=\"og:type\" content=\"article\" \/>\n<meta property=\"og:title\" content=\"Kontact Rio karneval tickets. Ladengesch\u00e4ft rio carnival Tickets zu kaufen\" \/>\n<meta property=\"og:description\" content=\"Rio de Janeiro Karneval Karten Kontakt\" \/>\n<meta property=\"og:url\" content=\"https:\/\/carnaval.ticketrio.com.br\/de\/kontakt-ticket-rio-karneval\/\" \/>\n<meta property=\"og:site_name\" content=\"Ticket Rio - Billets Carnaval Rio, Karneval Rio de Janeiro Tickets, Tickets for Rio Carnival Sambadrome, Boletos Carnaval Rio, Entradas Carnaval Rio Samb\u00f3dromo\" \/>\n<meta property=\"article:modified_time\" content=\"2018-06-19T17:14:14+00:00\" \/>\n<meta name=\"twitter:card\" content=\"summary_large_image\" \/>\n<script type=\"application\/ld+json\" class=\"yoast-schema-graph\">{\"@context\":\"https:\/\/schema.org\",\"@graph\":[{\"@type\":\"WebPage\",\"@id\":\"https:\/\/carnaval.ticketrio.com.br\/de\/kontakt-ticket-rio-karneval\/\",\"url\":\"https:\/\/carnaval.ticketrio.com.br\/de\/kontakt-ticket-rio-karneval\/\",\"name\":\"Kontact Rio karneval tickets. Ladengesch\u00e4ft rio carnival Tickets zu kaufen\",\"isPartOf\":{\"@id\":\"https:\/\/carnaval.ticketrio.com.br\/#website\"},\"datePublished\":\"2015-06-17T15:26:49+00:00\",\"dateModified\":\"2018-06-19T17:14:14+00:00\",\"description\":\"Rio de Janeiro Karneval Karten Kontakt\",\"breadcrumb\":{\"@id\":\"https:\/\/carnaval.ticketrio.com.br\/de\/kontakt-ticket-rio-karneval\/#breadcrumb\"},\"inLanguage\":\"es\",\"potentialAction\":[{\"@type\":\"ReadAction\",\"target\":[\"https:\/\/carnaval.ticketrio.com.br\/de\/kontakt-ticket-rio-karneval\/\"]}]},{\"@type\":\"BreadcrumbList\",\"@id\":\"https:\/\/carnaval.ticketrio.com.br\/de\/kontakt-ticket-rio-karneval\/#breadcrumb\",\"itemListElement\":[{\"@type\":\"ListItem\",\"position\":1,\"name\":\"In\u00edcio\",\"item\":\"https:\/\/carnaval.ticketrio.com.br\/\"},{\"@type\":\"ListItem\",\"position\":2,\"name\":\"Kontakt\"}]},{\"@type\":\"WebSite\",\"@id\":\"https:\/\/carnaval.ticketrio.com.br\/#website\",\"url\":\"https:\/\/carnaval.ticketrio.com.br\/\",\"name\":\"Ticket Rio - Billets Carnaval Rio, Karneval Rio de Janeiro Tickets, Tickets for Rio Carnival Sambadrome, Boletos Carnaval Rio, Entradas Carnaval Rio Samb\u00f3dromo\",\"description\":\"Billets Carnaval Rio, Karneval Rio de Janeiro Tickets, Tickets for Rio Carnival Sambadrome, Boletos Carnaval Rio, Entradas Carnaval Rio Samb\u00f3dromo\",\"potentialAction\":[{\"@type\":\"SearchAction\",\"target\":{\"@type\":\"EntryPoint\",\"urlTemplate\":\"https:\/\/carnaval.ticketrio.com.br\/?s={search_term_string}\"},\"query-input\":{\"@type\":\"PropertyValueSpecification\",\"valueRequired\":true,\"valueName\":\"search_term_string\"}}],\"inLanguage\":\"es\"}]}<\/script>\n<!-- \/ Yoast SEO plugin. -->","yoast_head_json":{"title":"Kontact Rio karneval tickets. Ladengesch\u00e4ft rio carnival Tickets zu kaufen","description":"Rio de Janeiro Karneval Karten Kontakt","robots":{"index":"index","follow":"follow","max-snippet":"max-snippet:-1","max-image-preview":"max-image-preview:large","max-video-preview":"max-video-preview:-1"},"canonical":"https:\/\/carnaval.ticketrio.com.br\/de\/kontakt-ticket-rio-karneval\/","og_locale":"es_ES","og_type":"article","og_title":"Kontact Rio karneval tickets. Ladengesch\u00e4ft rio carnival Tickets zu kaufen","og_description":"Rio de Janeiro Karneval Karten Kontakt","og_url":"https:\/\/carnaval.ticketrio.com.br\/de\/kontakt-ticket-rio-karneval\/","og_site_name":"Ticket Rio - Billets Carnaval Rio, Karneval Rio de Janeiro Tickets, Tickets for Rio Carnival Sambadrome, Boletos Carnaval Rio, Entradas Carnaval Rio Samb\u00f3dromo","article_modified_time":"2018-06-19T17:14:14+00:00","twitter_card":"summary_large_image","schema":{"@context":"https:\/\/schema.org","@graph":[{"@type":"WebPage","@id":"https:\/\/carnaval.ticketrio.com.br\/de\/kontakt-ticket-rio-karneval\/","url":"https:\/\/carnaval.ticketrio.com.br\/de\/kontakt-ticket-rio-karneval\/","name":"Kontact Rio karneval tickets. Ladengesch\u00e4ft rio carnival Tickets zu kaufen","isPartOf":{"@id":"https:\/\/carnaval.ticketrio.com.br\/#website"},"datePublished":"2015-06-17T15:26:49+00:00","dateModified":"2018-06-19T17:14:14+00:00","description":"Rio de Janeiro Karneval Karten Kontakt","breadcrumb":{"@id":"https:\/\/carnaval.ticketrio.com.br\/de\/kontakt-ticket-rio-karneval\/#breadcrumb"},"inLanguage":"es","potentialAction":[{"@type":"ReadAction","target":["https:\/\/carnaval.ticketrio.com.br\/de\/kontakt-ticket-rio-karneval\/"]}]},{"@type":"BreadcrumbList","@id":"https:\/\/carnaval.ticketrio.com.br\/de\/kontakt-ticket-rio-karneval\/#breadcrumb","itemListElement":[{"@type":"ListItem","position":1,"name":"In\u00edcio","item":"https:\/\/carnaval.ticketrio.com.br\/"},{"@type":"ListItem","position":2,"name":"Kontakt"}]},{"@type":"WebSite","@id":"https:\/\/carnaval.ticketrio.com.br\/#website","url":"https:\/\/carnaval.ticketrio.com.br\/","name":"Ticket Rio - Billets Carnaval Rio, Karneval Rio de Janeiro Tickets, Tickets for Rio Carnival Sambadrome, Boletos Carnaval Rio, Entradas Carnaval Rio Samb\u00f3dromo","description":"Billets Carnaval Rio, Karneval Rio de Janeiro Tickets, Tickets for Rio Carnival Sambadrome, Boletos Carnaval Rio, Entradas Carnaval Rio Samb\u00f3dromo","potentialAction":[{"@type":"SearchAction","target":{"@type":"EntryPoint","urlTemplate":"https:\/\/carnaval.ticketrio.com.br\/?s={search_term_string}"},"query-input":{"@type":"PropertyValueSpecification","valueRequired":true,"valueName":"search_term_string"}}],"inLanguage":"es"}]}},"_links":{"self":[{"href":"https:\/\/carnaval.ticketrio.com.br\/es\/wp-json\/wp\/v2\/pages\/1830"}],"collection":[{"href":"https:\/\/carnaval.ticketrio.com.br\/es\/wp-json\/wp\/v2\/pages"}],"about":[{"href":"https:\/\/carnaval.ticketrio.com.br\/es\/wp-json\/wp\/v2\/types\/page"}],"author":[{"embeddable":true,"href":"https:\/\/carnaval.ticketrio.com.br\/es\/wp-json\/wp\/v2\/users\/1"}],"replies":[{"embeddable":true,"href":"https:\/\/carnaval.ticketrio.com.br\/es\/wp-json\/wp\/v2\/comments?post=1830"}],"version-history":[{"count":0,"href":"https:\/\/carnaval.ticketrio.com.br\/es\/wp-json\/wp\/v2\/pages\/1830\/revisions"}],"wp:attachment":[{"href":"https:\/\/carnaval.ticketrio.com.br\/es\/wp-json\/wp\/v2\/media?parent=1830"}],"curies":[{"name":"wp","href":"https:\/\/api.w.org\/{rel}","templated":true}]}}