{"id":1903,"date":"2015-06-18T19:47:54","date_gmt":"2015-06-18T19:47:54","guid":{"rendered":"http:\/\/www.ticketrio.com.br\/site\/?page_id=1903"},"modified":"2018-04-02T14:14:07","modified_gmt":"2018-04-02T14:14:07","slug":"samba-defile","status":"publish","type":"page","link":"https:\/\/carnaval.ticketrio.com.br\/fr\/rio-carnaval-sambodrome-billets\/samba-defile\/","title":{"rendered":"Samba D\u00e9fil\u00e9"},"content":{"rendered":"<div class=\"panel-grid\" id=\"pg-0\"><div class=\"panel-grid-cell\" id=\"pgc-0-0\"><div class=\"panel widget widget_text panel-first-child panel-last-child\" id=\"panel-0-0-0\"><h3 class=\"widget-title\">SAMBA D\u00c9FIL\u00c9<\/h3>\t\t\t<div class=\"textwidget\"><p>Les d\u00e9fil\u00e9s officiels (\"d\u00e9fil\u00e9\") pendant le carnaval, le ph\u00e9nom\u00e8ne typiquement br\u00e9silienne, sont une vitrine de chaque principale \u00ab\u00e9cole\u00bb renforc\u00e9e par la participation de c\u00e9l\u00e9brit\u00e9s, les fans et les clients qui paient de grosses sommes d'argent souvent est leur costumes \u00e9labor\u00e9s. A Rio de Janeiro et de S\u00e3o Paulo, les parades officielles sont organis\u00e9es dans des ar\u00e8nes sp\u00e9cialement construites appel\u00e9s Sambadromes (Marques de Sapucai Sambodrome de Rio, et le Sambodrome d'Anhembi \u00e0 S\u00e3o Paulo) con\u00e7u par l'architecte influent, Oscar Niemeyer. Le Samabadromes sont con\u00e7us pour accueillir toutes les classes sociales, avec des salons VIP, sections touristiques, et divers types de si\u00e8ges jusqu'aux places les moins ch\u00e8res pour les sections les plus pauvres de la communaut\u00e9. Ceux qui choisissent de seulement regarder le d\u00e9fil\u00e9 peuvent \u00e9galement \u00eatre factur\u00e9s pour les meilleures places. Chaque affiche scolaires glamour en costumes color\u00e9s et flotte avec des effets sp\u00e9ciaux et est organis\u00e9 en diff\u00e9rents segments ou \u00abailes\u00bb. Les \"ailes\" repr\u00e9sentent diff\u00e9rentes composantes du th\u00e8me de l'\u00e9cole, ou \"complot\", l'acte Ils OUT Un hommage au mythe, \u00e9v\u00e9nement historique ou une figure, ou expriment leur point de vue sur la question sociale, environnementale ou international. Les \"ailes\" affichent coutumes distincts ou \u00abfantasmes\u00bb et \u00e9galement refl\u00e9ter les r\u00f4les traditionnels des \u00e9coles de samba d\u00e9velopp\u00e9s ann\u00e9es en Ao\u00fbt Ainsi, chaque d\u00e9fil\u00e9 de l'\u00e9cole de samba a la \u00abcommission avant\"; Les personnes qui ouvrent le d\u00e9fil\u00e9 en marchant dans atours sociaux, saluant la foule; l '\u00abaile de Baianas\", ou le segment traditionnel des robes de dames de Bahia afro-br\u00e9siliens avec impressionnante filature ronde dans l'avenue; les \u00abpoign\u00e9es\u00bb (chanteurs plomb) en chantant la \"samba\" ou chanson-th\u00e8me tout Ils jouent le \u00abcavaquinho\u00bb ou d'autres instruments \u00e0 cordes; la \u00abvieille garde\u00bb, ou les anciens combattants qui ont fait l'histoire \u00e0 l'\u00e9cole; la \u00abpile\u00bb ou groupe de samba avec des tambours, \"cuicas\" et d'autres instruments, Pr\u00e9c\u00e9d\u00e9 par la \"marraine de la batterie\", ou de la bande marraine qui est souvent une c\u00e9l\u00e9brit\u00e9 f\u00e9minine sexy. Le \"porte-\u00e9tendard\", ou le titulaire du pavillon des femmes, et le \"ma\u00eetre de c\u00e9r\u00e9monie\", ou cortsy m\u00e2le, affichage et saluent le drapeau de l'\u00e9cole, comme ils dansent et nous nous effor\u00e7ons de montrer l'harmonie et de la samba expertise, le Leur performance est soigneusement observ\u00e9 et marqu\u00e9 par les juges.<\/p>\n<\/div>\n\t\t<\/div><\/div>\t<div class=\"clear\"><\/div><\/div><div class=\"panel-grid\" id=\"pg-1\"><div class=\"panel-grid-cell\" id=\"pgc-1-0\"><div class=\"panel widget widget_siteorigin-image panel-first-child\" id=\"panel-1-0-0\"><img decoding=\"async\" src=\"http:\/\/www.ticketrio.com.br\/site\/wp-content\/uploads\/2015\/05\/porta_bandeira.jpg\" \/><\/div><div class=\"panel widget widget_siteorigin-image panel-last-child\" id=\"panel-1-0-1\"><img decoding=\"async\" src=\"http:\/\/www.ticketrio.com.br\/site\/wp-content\/uploads\/2015\/05\/comissao_de_frente.jpg\" \/><\/div><\/div><div class=\"panel-grid-cell\" id=\"pgc-1-1\"><div class=\"panel widget widget_siteorigin-image panel-first-child\" id=\"panel-1-1-0\"><img decoding=\"async\" src=\"http:\/\/www.ticketrio.com.br\/site\/wp-content\/uploads\/2015\/05\/slide_403634_5016100_compressed1.jpg\" \/><\/div><div class=\"panel widget widget_siteorigin-image panel-last-child\" id=\"panel-1-1-1\"><img decoding=\"async\" src=\"http:\/\/www.ticketrio.com.br\/site\/wp-content\/uploads\/2015\/05\/img_8265.jpg\" \/><\/div><\/div>\t<div class=\"clear\"><\/div><\/div>","protected":false},"excerpt":{"rendered":"<p>SAMBA D\u00c9FIL\u00c9 Les d\u00e9fil\u00e9s officiels (\u00abd\u00e9fil\u00e9\u00bb) pendant le carnaval, le ph\u00e9nom\u00e8ne typiquement br\u00e9silienne, sont une vitrine de chaque principale \u00ab\u00e9cole\u00bb renforc\u00e9e par la participation de c\u00e9l\u00e9brit\u00e9s, les fans et les clients qui paient de grosses sommes d&#8217;argent souvent est leur costumes \u00e9labor\u00e9s. A Rio de Janeiro et de S\u00e3o Paulo, les parades officielles sont organis\u00e9es [&hellip;]<\/p>\n","protected":false},"author":1,"featured_media":0,"parent":1762,"menu_order":1,"comment_status":"closed","ping_status":"closed","template":"page-full.php","meta":{"ngg_post_thumbnail":0,"footnotes":""},"class_list":["post-1903","page","type-page","status-publish","hentry"],"yoast_head":"<!-- This site is optimized with the Yoast SEO plugin v23.5 - https:\/\/yoast.com\/wordpress\/plugins\/seo\/ -->\n<title>Samba D\u00e9fil\u00e9 - Ticket Rio - Billets Carnaval Rio, Karneval Rio de Janeiro Tickets, Tickets for Rio Carnival Sambadrome, Boletos Carnaval Rio, Entradas Carnaval Rio Samb\u00f3dromo<\/title>\n<meta name=\"description\" content=\"rio carnival sambadrome tickets. Rio Carnaval Samb\u00f3dromo 2018. Rio Carnaval Entradas Samb\u00f3dromo. Rio Parade Tickets. Rio Carnaval billets. Rio karneval tickets. Rio carnavales biglietti.\" \/>\n<meta name=\"robots\" content=\"index, follow, max-snippet:-1, max-image-preview:large, max-video-preview:-1\" \/>\n<link rel=\"canonical\" href=\"https:\/\/carnaval.ticketrio.com.br\/fr\/rio-carnaval-sambodrome-billets\/samba-defile\/\" \/>\n<meta property=\"og:locale\" content=\"es_ES\" \/>\n<meta property=\"og:type\" content=\"article\" \/>\n<meta property=\"og:title\" content=\"Samba D\u00e9fil\u00e9 - Ticket Rio - Billets Carnaval Rio, Karneval Rio de Janeiro Tickets, Tickets for Rio Carnival Sambadrome, Boletos Carnaval Rio, Entradas Carnaval Rio Samb\u00f3dromo\" \/>\n<meta property=\"og:description\" content=\"rio carnival sambadrome tickets. Rio Carnaval Samb\u00f3dromo 2018. Rio Carnaval Entradas Samb\u00f3dromo. Rio Parade Tickets. Rio Carnaval billets. Rio karneval tickets. Rio carnavales biglietti.\" \/>\n<meta property=\"og:url\" content=\"https:\/\/carnaval.ticketrio.com.br\/fr\/rio-carnaval-sambodrome-billets\/samba-defile\/\" \/>\n<meta property=\"og:site_name\" content=\"Ticket Rio - Billets Carnaval Rio, Karneval Rio de Janeiro Tickets, Tickets for Rio Carnival Sambadrome, Boletos Carnaval Rio, Entradas Carnaval Rio Samb\u00f3dromo\" \/>\n<meta property=\"article:modified_time\" content=\"2018-04-02T14:14:07+00:00\" \/>\n<meta name=\"twitter:card\" content=\"summary_large_image\" \/>\n<script type=\"application\/ld+json\" class=\"yoast-schema-graph\">{\"@context\":\"https:\/\/schema.org\",\"@graph\":[{\"@type\":\"WebPage\",\"@id\":\"https:\/\/carnaval.ticketrio.com.br\/fr\/rio-carnaval-sambodrome-billets\/samba-defile\/\",\"url\":\"https:\/\/carnaval.ticketrio.com.br\/fr\/rio-carnaval-sambodrome-billets\/samba-defile\/\",\"name\":\"Samba D\u00e9fil\u00e9 - Ticket Rio - Billets Carnaval Rio, Karneval Rio de Janeiro Tickets, Tickets for Rio Carnival Sambadrome, Boletos Carnaval Rio, Entradas Carnaval Rio Samb\u00f3dromo\",\"isPartOf\":{\"@id\":\"https:\/\/carnaval.ticketrio.com.br\/#website\"},\"datePublished\":\"2015-06-18T19:47:54+00:00\",\"dateModified\":\"2018-04-02T14:14:07+00:00\",\"description\":\"rio carnival sambadrome tickets. Rio Carnaval Samb\u00f3dromo 2018. Rio Carnaval Entradas Samb\u00f3dromo. Rio Parade Tickets. Rio Carnaval billets. Rio karneval tickets. Rio carnavales biglietti.\",\"breadcrumb\":{\"@id\":\"https:\/\/carnaval.ticketrio.com.br\/fr\/rio-carnaval-sambodrome-billets\/samba-defile\/#breadcrumb\"},\"inLanguage\":\"es\",\"potentialAction\":[{\"@type\":\"ReadAction\",\"target\":[\"https:\/\/carnaval.ticketrio.com.br\/fr\/rio-carnaval-sambodrome-billets\/samba-defile\/\"]}]},{\"@type\":\"BreadcrumbList\",\"@id\":\"https:\/\/carnaval.ticketrio.com.br\/fr\/rio-carnaval-sambodrome-billets\/samba-defile\/#breadcrumb\",\"itemListElement\":[{\"@type\":\"ListItem\",\"position\":1,\"name\":\"In\u00edcio\",\"item\":\"https:\/\/carnaval.ticketrio.com.br\/\"},{\"@type\":\"ListItem\",\"position\":2,\"name\":\"Sambodrome\",\"item\":\"https:\/\/carnaval.ticketrio.com.br\/fr\/rio-carnaval-sambodrome-billets\/\"},{\"@type\":\"ListItem\",\"position\":3,\"name\":\"Samba D\u00e9fil\u00e9\"}]},{\"@type\":\"WebSite\",\"@id\":\"https:\/\/carnaval.ticketrio.com.br\/#website\",\"url\":\"https:\/\/carnaval.ticketrio.com.br\/\",\"name\":\"Ticket Rio - Billets Carnaval Rio, Karneval Rio de Janeiro Tickets, Tickets for Rio Carnival Sambadrome, Boletos Carnaval Rio, Entradas Carnaval Rio Samb\u00f3dromo\",\"description\":\"Billets Carnaval Rio, Karneval Rio de Janeiro Tickets, Tickets for Rio Carnival Sambadrome, Boletos Carnaval Rio, Entradas Carnaval Rio Samb\u00f3dromo\",\"potentialAction\":[{\"@type\":\"SearchAction\",\"target\":{\"@type\":\"EntryPoint\",\"urlTemplate\":\"https:\/\/carnaval.ticketrio.com.br\/?s={search_term_string}\"},\"query-input\":{\"@type\":\"PropertyValueSpecification\",\"valueRequired\":true,\"valueName\":\"search_term_string\"}}],\"inLanguage\":\"es\"}]}<\/script>\n<!-- \/ Yoast SEO plugin. -->","yoast_head_json":{"title":"Samba D\u00e9fil\u00e9 - Ticket Rio - Billets Carnaval Rio, Karneval Rio de Janeiro Tickets, Tickets for Rio Carnival Sambadrome, Boletos Carnaval Rio, Entradas Carnaval Rio Samb\u00f3dromo","description":"rio carnival sambadrome tickets. Rio Carnaval Samb\u00f3dromo 2018. Rio Carnaval Entradas Samb\u00f3dromo. Rio Parade Tickets. Rio Carnaval billets. Rio karneval tickets. Rio carnavales biglietti.","robots":{"index":"index","follow":"follow","max-snippet":"max-snippet:-1","max-image-preview":"max-image-preview:large","max-video-preview":"max-video-preview:-1"},"canonical":"https:\/\/carnaval.ticketrio.com.br\/fr\/rio-carnaval-sambodrome-billets\/samba-defile\/","og_locale":"es_ES","og_type":"article","og_title":"Samba D\u00e9fil\u00e9 - Ticket Rio - Billets Carnaval Rio, Karneval Rio de Janeiro Tickets, Tickets for Rio Carnival Sambadrome, Boletos Carnaval Rio, Entradas Carnaval Rio Samb\u00f3dromo","og_description":"rio carnival sambadrome tickets. Rio Carnaval Samb\u00f3dromo 2018. Rio Carnaval Entradas Samb\u00f3dromo. Rio Parade Tickets. Rio Carnaval billets. Rio karneval tickets. Rio carnavales biglietti.","og_url":"https:\/\/carnaval.ticketrio.com.br\/fr\/rio-carnaval-sambodrome-billets\/samba-defile\/","og_site_name":"Ticket Rio - Billets Carnaval Rio, Karneval Rio de Janeiro Tickets, Tickets for Rio Carnival Sambadrome, Boletos Carnaval Rio, Entradas Carnaval Rio Samb\u00f3dromo","article_modified_time":"2018-04-02T14:14:07+00:00","twitter_card":"summary_large_image","schema":{"@context":"https:\/\/schema.org","@graph":[{"@type":"WebPage","@id":"https:\/\/carnaval.ticketrio.com.br\/fr\/rio-carnaval-sambodrome-billets\/samba-defile\/","url":"https:\/\/carnaval.ticketrio.com.br\/fr\/rio-carnaval-sambodrome-billets\/samba-defile\/","name":"Samba D\u00e9fil\u00e9 - Ticket Rio - Billets Carnaval Rio, Karneval Rio de Janeiro Tickets, Tickets for Rio Carnival Sambadrome, Boletos Carnaval Rio, Entradas Carnaval Rio Samb\u00f3dromo","isPartOf":{"@id":"https:\/\/carnaval.ticketrio.com.br\/#website"},"datePublished":"2015-06-18T19:47:54+00:00","dateModified":"2018-04-02T14:14:07+00:00","description":"rio carnival sambadrome tickets. Rio Carnaval Samb\u00f3dromo 2018. Rio Carnaval Entradas Samb\u00f3dromo. Rio Parade Tickets. Rio Carnaval billets. Rio karneval tickets. Rio carnavales biglietti.","breadcrumb":{"@id":"https:\/\/carnaval.ticketrio.com.br\/fr\/rio-carnaval-sambodrome-billets\/samba-defile\/#breadcrumb"},"inLanguage":"es","potentialAction":[{"@type":"ReadAction","target":["https:\/\/carnaval.ticketrio.com.br\/fr\/rio-carnaval-sambodrome-billets\/samba-defile\/"]}]},{"@type":"BreadcrumbList","@id":"https:\/\/carnaval.ticketrio.com.br\/fr\/rio-carnaval-sambodrome-billets\/samba-defile\/#breadcrumb","itemListElement":[{"@type":"ListItem","position":1,"name":"In\u00edcio","item":"https:\/\/carnaval.ticketrio.com.br\/"},{"@type":"ListItem","position":2,"name":"Sambodrome","item":"https:\/\/carnaval.ticketrio.com.br\/fr\/rio-carnaval-sambodrome-billets\/"},{"@type":"ListItem","position":3,"name":"Samba D\u00e9fil\u00e9"}]},{"@type":"WebSite","@id":"https:\/\/carnaval.ticketrio.com.br\/#website","url":"https:\/\/carnaval.ticketrio.com.br\/","name":"Ticket Rio - Billets Carnaval Rio, Karneval Rio de Janeiro Tickets, Tickets for Rio Carnival Sambadrome, Boletos Carnaval Rio, Entradas Carnaval Rio Samb\u00f3dromo","description":"Billets Carnaval Rio, Karneval Rio de Janeiro Tickets, Tickets for Rio Carnival Sambadrome, Boletos Carnaval Rio, Entradas Carnaval Rio Samb\u00f3dromo","potentialAction":[{"@type":"SearchAction","target":{"@type":"EntryPoint","urlTemplate":"https:\/\/carnaval.ticketrio.com.br\/?s={search_term_string}"},"query-input":{"@type":"PropertyValueSpecification","valueRequired":true,"valueName":"search_term_string"}}],"inLanguage":"es"}]}},"_links":{"self":[{"href":"https:\/\/carnaval.ticketrio.com.br\/es\/wp-json\/wp\/v2\/pages\/1903"}],"collection":[{"href":"https:\/\/carnaval.ticketrio.com.br\/es\/wp-json\/wp\/v2\/pages"}],"about":[{"href":"https:\/\/carnaval.ticketrio.com.br\/es\/wp-json\/wp\/v2\/types\/page"}],"author":[{"embeddable":true,"href":"https:\/\/carnaval.ticketrio.com.br\/es\/wp-json\/wp\/v2\/users\/1"}],"replies":[{"embeddable":true,"href":"https:\/\/carnaval.ticketrio.com.br\/es\/wp-json\/wp\/v2\/comments?post=1903"}],"version-history":[{"count":0,"href":"https:\/\/carnaval.ticketrio.com.br\/es\/wp-json\/wp\/v2\/pages\/1903\/revisions"}],"up":[{"embeddable":true,"href":"https:\/\/carnaval.ticketrio.com.br\/es\/wp-json\/wp\/v2\/pages\/1762"}],"wp:attachment":[{"href":"https:\/\/carnaval.ticketrio.com.br\/es\/wp-json\/wp\/v2\/media?parent=1903"}],"curies":[{"name":"wp","href":"https:\/\/api.w.org\/{rel}","templated":true}]}}