{"id":1912,"date":"2015-06-18T20:02:44","date_gmt":"2015-06-18T20:02:44","guid":{"rendered":"http:\/\/www.ticketrio.com.br\/site\/?page_id=1912"},"modified":"2017-05-05T16:17:31","modified_gmt":"2017-05-05T16:17:31","slug":"transfert-sambodrome","status":"publish","type":"page","link":"https:\/\/carnaval.ticketrio.com.br\/fr\/rio-carnaval-sambodrome-billets\/transfert-sambodrome\/","title":{"rendered":"Transfert Sambodrome"},"content":{"rendered":"<div class=\"panel-grid\" id=\"pg-0\"><div class=\"panel-grid-cell\" id=\"pgc-0-0\"><div class=\"panel widget widget_text panel-first-child\" id=\"panel-0-0-0\">\t\t\t<div class=\"textwidget\"><p>TRANSFERT IN \/ OUT RIO Sambodrome<\/p>\n<p>Nous offrons des services de transport H\u00f4tel \/ Sambodrome \/ h\u00f4tel.<\/p>\n<p>Dans notre flotte nous avons bus , minibus, les fourgonnettes et les frais de port.<\/p>\n<p>SECTEURS ODD<\/p>\n<p>Transfert in \/ out + Guide + s\u00e9curit\u00e9 pour le Sambodrome<\/p>\n<p>description<\/p>\n<p>SECTEURS ODD - Transfert in \/ out + Guide + s\u00e9curit\u00e9 pour le Sambodrome<\/p>\n<p>Les bus disposent de la climatisation , TV, vid\u00e9o et inclinables .<br \/>\nTransferts individuels , prend les grands h\u00f4tels du centre -ville , la zone Sud et Barra da Tijuca , est Sambodrome et retourne \u00e0 l'h\u00f4tel .<\/p>\n<p>Le forfait comprend : Transfert in \/ out + Guide + S\u00e9curit\u00e9 - SEULEMENT c\u00f4t\u00e9 impair (secteurs 3, 5, 7, 9, 11 )<br \/>\nValeur individuelle pour chaque jour de l'\u00e9v\u00e9nement .<\/p>\n<p>Voir le script de transfert - H\u00f4tels et heures d'embarquement . ( Cliquez ci-dessous )<\/p>\n<p>SECTEURS PAIR<\/p>\n<p>Transfert in \/ out + Guide + s\u00e9curit\u00e9 pour le Sambodrome<\/p>\n<p>description<\/p>\n<p>PAIRS SECTEURS : Transfert in \/ out + Guide + s\u00e9curit\u00e9 pour le Sambodrome C\u00d4T\u00c9 PAR<\/p>\n<p>Transferts individuels , prend les grands h\u00f4tels du centre -ville , la zone Sud et Barra da Tijuca , \u00e0 l' Sambodrome et retourne \u00e0 l'h\u00f4tel .<\/p>\n<p>Le forfait comprend : Transfert in \/ out + Guide + S\u00e9curit\u00e9 - SEULEMENT PAR C\u00d4T\u00c9 ( secteurs 2 , 4, 6 , 8, 10 )<br \/>\nValeur individuelle pour chaque jour de l'\u00e9v\u00e9nement .<\/p>\n<p>Voir le script de transfert - H\u00f4tels et heures d'embarquement . ( Cliquez ci-dessous )<\/p>\n<p>Vans<\/p>\n<p>descriptions<\/p>\n<p>Dans notre flotte , nous avons fourgons avec 16-20 places avec air conditionn\u00e9, rideaux et DVD.<\/p>\n<\/div>\n\t\t<\/div><div class=\"panel widget widget_button panel-last-child\" id=\"panel-0-0-1\"><div class=\"button-container align-center\">\t\t\t<a href=\"http:\/\/www.carnivalticketrio.com\/categorias\/CARNIVAL-SERVICES\/Transfer-to-Sambodrome\/\" class=\"cta-button button \">\r\n\t\t\t\t<span>acheter ici<\/span>\r\n\t\t\t<\/a>\r\n\t\t\t<\/div><\/div><\/div><div class=\"panel-grid-cell\" id=\"pgc-0-1\"><div class=\"panel widget widget_cececepml-widget-text panel-first-child\" id=\"panel-0-1-0\"><\/div><div class=\"panel widget widget_siteorigin-image\" id=\"panel-0-1-1\"><a href=\"http:\/\/www.ticketrio.com.br\/site\/wp-content\/uploads\/2015\/06\/roteiros-carnaval-2016_TicketRio_ENGLISH.pdf\"><img decoding=\"async\" src=\"http:\/\/www.ticketrio.com.br\/site\/wp-content\/uploads\/2015\/07\/roteiros-carnaval-2016_TicketRio_ENGLISH-1.gif\" \/><\/a><\/div><div class=\"panel widget widget_text panel-last-child\" id=\"panel-0-1-2\">\t\t\t<div class=\"textwidget\">ngg_shortcode_0_placeholder<\/div>\n\t\t<\/div><\/div>\t<div class=\"clear\"><\/div><\/div>","protected":false},"excerpt":{"rendered":"<p>TRANSFERT IN \/ OUT RIO Sambodrome Nous offrons des services de transport H\u00f4tel \/ Sambodrome \/ h\u00f4tel. Dans notre flotte nous avons bus , minibus, les fourgonnettes et les frais de port. SECTEURS ODD Transfert in \/ out + Guide + s\u00e9curit\u00e9 pour le Sambodrome description SECTEURS ODD &#8211; Transfert in \/ out + Guide [&hellip;]<\/p>\n","protected":false},"author":1,"featured_media":0,"parent":1762,"menu_order":3,"comment_status":"closed","ping_status":"closed","template":"page-full.php","meta":{"ngg_post_thumbnail":0,"footnotes":""},"class_list":["post-1912","page","type-page","status-publish","hentry"],"yoast_head":"<!-- This site is optimized with the Yoast SEO plugin v23.5 - https:\/\/yoast.com\/wordpress\/plugins\/seo\/ -->\n<title>Transfert Sambodrome - Ticket Rio - Billets Carnaval Rio, Karneval Rio de Janeiro Tickets, Tickets for Rio Carnival Sambadrome, Boletos Carnaval Rio, Entradas Carnaval Rio Samb\u00f3dromo<\/title>\n<meta name=\"description\" content=\"rio carnival sambadrome tickets. Rio Carnaval Samb\u00f3dromo 2018. Rio Carnaval Entradas Samb\u00f3dromo. Rio Parade Tickets. Rio Carnaval billets. Rio karneval tickets. Rio carnavales biglietti.\" \/>\n<meta name=\"robots\" content=\"index, follow, max-snippet:-1, max-image-preview:large, max-video-preview:-1\" \/>\n<link rel=\"canonical\" href=\"https:\/\/carnaval.ticketrio.com.br\/fr\/rio-carnaval-sambodrome-billets\/transfert-sambodrome\/\" \/>\n<meta property=\"og:locale\" content=\"es_ES\" \/>\n<meta property=\"og:type\" content=\"article\" \/>\n<meta property=\"og:title\" content=\"Transfert Sambodrome - Ticket Rio - Billets Carnaval Rio, Karneval Rio de Janeiro Tickets, Tickets for Rio Carnival Sambadrome, Boletos Carnaval Rio, Entradas Carnaval Rio Samb\u00f3dromo\" \/>\n<meta property=\"og:description\" content=\"rio carnival sambadrome tickets. Rio Carnaval Samb\u00f3dromo 2018. Rio Carnaval Entradas Samb\u00f3dromo. Rio Parade Tickets. Rio Carnaval billets. Rio karneval tickets. Rio carnavales biglietti.\" \/>\n<meta property=\"og:url\" content=\"https:\/\/carnaval.ticketrio.com.br\/fr\/rio-carnaval-sambodrome-billets\/transfert-sambodrome\/\" \/>\n<meta property=\"og:site_name\" content=\"Ticket Rio - Billets Carnaval Rio, Karneval Rio de Janeiro Tickets, Tickets for Rio Carnival Sambadrome, Boletos Carnaval Rio, Entradas Carnaval Rio Samb\u00f3dromo\" \/>\n<meta property=\"article:modified_time\" content=\"2017-05-05T16:17:31+00:00\" \/>\n<meta name=\"twitter:card\" content=\"summary_large_image\" \/>\n<script type=\"application\/ld+json\" class=\"yoast-schema-graph\">{\"@context\":\"https:\/\/schema.org\",\"@graph\":[{\"@type\":\"WebPage\",\"@id\":\"https:\/\/carnaval.ticketrio.com.br\/fr\/rio-carnaval-sambodrome-billets\/transfert-sambodrome\/\",\"url\":\"https:\/\/carnaval.ticketrio.com.br\/fr\/rio-carnaval-sambodrome-billets\/transfert-sambodrome\/\",\"name\":\"Transfert Sambodrome - Ticket Rio - Billets Carnaval Rio, Karneval Rio de Janeiro Tickets, Tickets for Rio Carnival Sambadrome, Boletos Carnaval Rio, Entradas Carnaval Rio Samb\u00f3dromo\",\"isPartOf\":{\"@id\":\"https:\/\/carnaval.ticketrio.com.br\/#website\"},\"datePublished\":\"2015-06-18T20:02:44+00:00\",\"dateModified\":\"2017-05-05T16:17:31+00:00\",\"description\":\"rio carnival sambadrome tickets. Rio Carnaval Samb\u00f3dromo 2018. Rio Carnaval Entradas Samb\u00f3dromo. Rio Parade Tickets. Rio Carnaval billets. Rio karneval tickets. Rio carnavales biglietti.\",\"breadcrumb\":{\"@id\":\"https:\/\/carnaval.ticketrio.com.br\/fr\/rio-carnaval-sambodrome-billets\/transfert-sambodrome\/#breadcrumb\"},\"inLanguage\":\"es\",\"potentialAction\":[{\"@type\":\"ReadAction\",\"target\":[\"https:\/\/carnaval.ticketrio.com.br\/fr\/rio-carnaval-sambodrome-billets\/transfert-sambodrome\/\"]}]},{\"@type\":\"BreadcrumbList\",\"@id\":\"https:\/\/carnaval.ticketrio.com.br\/fr\/rio-carnaval-sambodrome-billets\/transfert-sambodrome\/#breadcrumb\",\"itemListElement\":[{\"@type\":\"ListItem\",\"position\":1,\"name\":\"In\u00edcio\",\"item\":\"https:\/\/carnaval.ticketrio.com.br\/\"},{\"@type\":\"ListItem\",\"position\":2,\"name\":\"Sambodrome\",\"item\":\"https:\/\/carnaval.ticketrio.com.br\/fr\/rio-carnaval-sambodrome-billets\/\"},{\"@type\":\"ListItem\",\"position\":3,\"name\":\"Transfert Sambodrome\"}]},{\"@type\":\"WebSite\",\"@id\":\"https:\/\/carnaval.ticketrio.com.br\/#website\",\"url\":\"https:\/\/carnaval.ticketrio.com.br\/\",\"name\":\"Ticket Rio - Billets Carnaval Rio, Karneval Rio de Janeiro Tickets, Tickets for Rio Carnival Sambadrome, Boletos Carnaval Rio, Entradas Carnaval Rio Samb\u00f3dromo\",\"description\":\"Billets Carnaval Rio, Karneval Rio de Janeiro Tickets, Tickets for Rio Carnival Sambadrome, Boletos Carnaval Rio, Entradas Carnaval Rio Samb\u00f3dromo\",\"potentialAction\":[{\"@type\":\"SearchAction\",\"target\":{\"@type\":\"EntryPoint\",\"urlTemplate\":\"https:\/\/carnaval.ticketrio.com.br\/?s={search_term_string}\"},\"query-input\":{\"@type\":\"PropertyValueSpecification\",\"valueRequired\":true,\"valueName\":\"search_term_string\"}}],\"inLanguage\":\"es\"}]}<\/script>\n<!-- \/ Yoast SEO plugin. -->","yoast_head_json":{"title":"Transfert Sambodrome - Ticket Rio - Billets Carnaval Rio, Karneval Rio de Janeiro Tickets, Tickets for Rio Carnival Sambadrome, Boletos Carnaval Rio, Entradas Carnaval Rio Samb\u00f3dromo","description":"rio carnival sambadrome tickets. Rio Carnaval Samb\u00f3dromo 2018. Rio Carnaval Entradas Samb\u00f3dromo. Rio Parade Tickets. Rio Carnaval billets. Rio karneval tickets. Rio carnavales biglietti.","robots":{"index":"index","follow":"follow","max-snippet":"max-snippet:-1","max-image-preview":"max-image-preview:large","max-video-preview":"max-video-preview:-1"},"canonical":"https:\/\/carnaval.ticketrio.com.br\/fr\/rio-carnaval-sambodrome-billets\/transfert-sambodrome\/","og_locale":"es_ES","og_type":"article","og_title":"Transfert Sambodrome - Ticket Rio - Billets Carnaval Rio, Karneval Rio de Janeiro Tickets, Tickets for Rio Carnival Sambadrome, Boletos Carnaval Rio, Entradas Carnaval Rio Samb\u00f3dromo","og_description":"rio carnival sambadrome tickets. Rio Carnaval Samb\u00f3dromo 2018. Rio Carnaval Entradas Samb\u00f3dromo. Rio Parade Tickets. Rio Carnaval billets. Rio karneval tickets. Rio carnavales biglietti.","og_url":"https:\/\/carnaval.ticketrio.com.br\/fr\/rio-carnaval-sambodrome-billets\/transfert-sambodrome\/","og_site_name":"Ticket Rio - Billets Carnaval Rio, Karneval Rio de Janeiro Tickets, Tickets for Rio Carnival Sambadrome, Boletos Carnaval Rio, Entradas Carnaval Rio Samb\u00f3dromo","article_modified_time":"2017-05-05T16:17:31+00:00","twitter_card":"summary_large_image","schema":{"@context":"https:\/\/schema.org","@graph":[{"@type":"WebPage","@id":"https:\/\/carnaval.ticketrio.com.br\/fr\/rio-carnaval-sambodrome-billets\/transfert-sambodrome\/","url":"https:\/\/carnaval.ticketrio.com.br\/fr\/rio-carnaval-sambodrome-billets\/transfert-sambodrome\/","name":"Transfert Sambodrome - Ticket Rio - Billets Carnaval Rio, Karneval Rio de Janeiro Tickets, Tickets for Rio Carnival Sambadrome, Boletos Carnaval Rio, Entradas Carnaval Rio Samb\u00f3dromo","isPartOf":{"@id":"https:\/\/carnaval.ticketrio.com.br\/#website"},"datePublished":"2015-06-18T20:02:44+00:00","dateModified":"2017-05-05T16:17:31+00:00","description":"rio carnival sambadrome tickets. Rio Carnaval Samb\u00f3dromo 2018. Rio Carnaval Entradas Samb\u00f3dromo. Rio Parade Tickets. Rio Carnaval billets. Rio karneval tickets. Rio carnavales biglietti.","breadcrumb":{"@id":"https:\/\/carnaval.ticketrio.com.br\/fr\/rio-carnaval-sambodrome-billets\/transfert-sambodrome\/#breadcrumb"},"inLanguage":"es","potentialAction":[{"@type":"ReadAction","target":["https:\/\/carnaval.ticketrio.com.br\/fr\/rio-carnaval-sambodrome-billets\/transfert-sambodrome\/"]}]},{"@type":"BreadcrumbList","@id":"https:\/\/carnaval.ticketrio.com.br\/fr\/rio-carnaval-sambodrome-billets\/transfert-sambodrome\/#breadcrumb","itemListElement":[{"@type":"ListItem","position":1,"name":"In\u00edcio","item":"https:\/\/carnaval.ticketrio.com.br\/"},{"@type":"ListItem","position":2,"name":"Sambodrome","item":"https:\/\/carnaval.ticketrio.com.br\/fr\/rio-carnaval-sambodrome-billets\/"},{"@type":"ListItem","position":3,"name":"Transfert Sambodrome"}]},{"@type":"WebSite","@id":"https:\/\/carnaval.ticketrio.com.br\/#website","url":"https:\/\/carnaval.ticketrio.com.br\/","name":"Ticket Rio - Billets Carnaval Rio, Karneval Rio de Janeiro Tickets, Tickets for Rio Carnival Sambadrome, Boletos Carnaval Rio, Entradas Carnaval Rio Samb\u00f3dromo","description":"Billets Carnaval Rio, Karneval Rio de Janeiro Tickets, Tickets for Rio Carnival Sambadrome, Boletos Carnaval Rio, Entradas Carnaval Rio Samb\u00f3dromo","potentialAction":[{"@type":"SearchAction","target":{"@type":"EntryPoint","urlTemplate":"https:\/\/carnaval.ticketrio.com.br\/?s={search_term_string}"},"query-input":{"@type":"PropertyValueSpecification","valueRequired":true,"valueName":"search_term_string"}}],"inLanguage":"es"}]}},"_links":{"self":[{"href":"https:\/\/carnaval.ticketrio.com.br\/es\/wp-json\/wp\/v2\/pages\/1912"}],"collection":[{"href":"https:\/\/carnaval.ticketrio.com.br\/es\/wp-json\/wp\/v2\/pages"}],"about":[{"href":"https:\/\/carnaval.ticketrio.com.br\/es\/wp-json\/wp\/v2\/types\/page"}],"author":[{"embeddable":true,"href":"https:\/\/carnaval.ticketrio.com.br\/es\/wp-json\/wp\/v2\/users\/1"}],"replies":[{"embeddable":true,"href":"https:\/\/carnaval.ticketrio.com.br\/es\/wp-json\/wp\/v2\/comments?post=1912"}],"version-history":[{"count":0,"href":"https:\/\/carnaval.ticketrio.com.br\/es\/wp-json\/wp\/v2\/pages\/1912\/revisions"}],"up":[{"embeddable":true,"href":"https:\/\/carnaval.ticketrio.com.br\/es\/wp-json\/wp\/v2\/pages\/1762"}],"wp:attachment":[{"href":"https:\/\/carnaval.ticketrio.com.br\/es\/wp-json\/wp\/v2\/media?parent=1912"}],"curies":[{"name":"wp","href":"https:\/\/api.w.org\/{rel}","templated":true}]}}