{"id":2098,"date":"2015-06-26T14:49:41","date_gmt":"2015-06-26T14:49:41","guid":{"rendered":"http:\/\/www.ticketrio.com.br\/site\/?page_id=2098"},"modified":"2018-06-19T17:20:00","modified_gmt":"2018-06-19T17:20:00","slug":"zugeordnet-stuhle","status":"publish","type":"page","link":"https:\/\/carnaval.ticketrio.com.br\/de\/karneval-rio-karten-tickets\/zugeordnet-stuhle\/","title":{"rendered":"Zugeordnet St\u00fchle"},"content":{"rendered":"<div class=\"panel-grid\" id=\"pg-0\"><div class=\"panel-grid-cell\" id=\"pgc-0-0\"><div class=\"panel widget widget_siteorigin-image panel-first-child panel-last-child\" id=\"panel-0-0-0\"><a href=\"http:\/\/www.carnavalticketrio.com\/\"><img decoding=\"async\" src=\"http:\/\/carnaval.ticketrio.com.br\/wp-content\/uploads\/2015\/06\/zugeordnetstuhle.jpg\" \/><\/a><\/div><\/div><div class=\"panel-grid-cell\" id=\"pgc-0-1\"><div class=\"panel widget widget_siteorigin-image panel-first-child panel-last-child\" id=\"panel-0-1-0\"><a href=\"http:\/\/www.carnavalticketrio.com\/\"><img decoding=\"async\" src=\"http:\/\/carnaval.ticketrio.com.br\/wp-content\/uploads\/2015\/06\/tribunen.jpg\" \/><\/a><\/div><\/div><div class=\"panel-grid-cell\" id=\"pgc-0-2\"><div class=\"panel widget widget_siteorigin-image panel-first-child panel-last-child\" id=\"panel-0-2-0\"><a href=\"http:\/\/www.carnavalticketrio.com\/\"><img decoding=\"async\" src=\"http:\/\/carnaval.ticketrio.com.br\/wp-content\/uploads\/2015\/06\/frontbox.jpg\" \/><\/a><\/div><\/div><div class=\"panel-grid-cell\" id=\"pgc-0-3\"><div class=\"panel widget widget_siteorigin-image panel-first-child panel-last-child\" id=\"panel-0-3-0\"><a href=\"http:\/\/www.carnavalticketrio.com\/\"><img decoding=\"async\" src=\"http:\/\/carnaval.ticketrio.com.br\/wp-content\/uploads\/2015\/06\/luxes-suites1.jpg\" \/><\/a><\/div><\/div><div class=\"panel-grid-cell\" id=\"pgc-0-4\"><div class=\"panel widget widget_siteorigin-image panel-first-child panel-last-child\" id=\"panel-0-4-0\"><a href=\"http:\/\/www.carnavalticketrio.com\/\"><img decoding=\"async\" src=\"http:\/\/carnaval.ticketrio.com.br\/wp-content\/uploads\/2015\/06\/superviplounge2.jpg\" \/><\/a><\/div><\/div>\t<div class=\"clear\"><\/div><\/div><div class=\"panel-grid\" id=\"pg-1\"><div class=\"panel-grid-cell\" id=\"pgc-1-0\"><div class=\"panel widget widget_text panel-first-child\" id=\"panel-1-0-0\">\t\t\t<div class=\"textwidget\"><h1><span style=\"color: #003366;\"><strong>Zugeordnet St\u00fchle<\/strong><\/span><\/h1>\n<p style=\"text-align: justify;\">Sambadrome Trib\u00fcnen haben keine markierten Stelle, mit Ausnahme von Sector 9*.<\/p>\n<p style=\"text-align: justify;\">Freiraum, \u00fcber eine Treppe zug\u00e4nglich, nicht numeriert und in der Reihenfolge der Ankunft.*<\/p>\n<p><span style=\"color: #ff0000;\">Preis pro Person \/ Tag.<\/span><\/p>\n<p><strong><span style=\"color: #003366;\">Das Paket beinhaltet:<\/span> <\/strong>Tickets + Geschenke<\/p>\n<p><strong><span style=\"color: #003366;\">Informationen:<\/span><\/strong> Phones: (5521) 2025-5000 \/ 3982-1515 \/ 8636-1515<\/p>\n<p><strong><span style=\"color: #003366;\">Email:<\/span> <\/strong> <a href=\"mailto:atendimento@ticketrio.com.br\"> atendimento@ticketrio.com.br <\/a> \/ <a href=\"mailto:vendas@barramidia.com.br\"> vendas@barramidia.com.br<\/a><\/p>\n<\/div>\n\t\t<\/div><div class=\"panel widget widget_button panel-last-child\" id=\"panel-1-0-1\"><div class=\"button-container align-center\">\t\t\t<a href=\"http:\/\/carnavalticketrio.com\/\" class=\"cta-button button \">\r\n\t\t\t\t<span>HIER KAUFEN<\/span>\r\n\t\t\t<\/a>\r\n\t\t\t<\/div><\/div><\/div><div class=\"panel-grid-cell\" id=\"pgc-1-1\"><div class=\"panel widget widget_text panel-first-child panel-last-child\" id=\"panel-1-1-0\">\t\t\t<div class=\"textwidget\">ngg_shortcode_0_placeholder\n<\/div>\n\t\t<\/div><\/div>\t<div class=\"clear\"><\/div><\/div>","protected":false},"excerpt":{"rendered":"<p>Zugeordnet St\u00fchle Sambadrome Trib\u00fcnen haben keine markierten Stelle, mit Ausnahme von Sector 9*. Freiraum, \u00fcber eine Treppe zug\u00e4nglich, nicht numeriert und in der Reihenfolge der Ankunft.* Preis pro Person \/ Tag. Das Paket beinhaltet: Tickets + Geschenke Informationen: Phones: (5521) 2025-5000 \/ 3982-1515 \/ 8636-1515 Email: atendimento@ticketrio.com.br \/ vendas@barramidia.com.br HIER KAUFEN ngg_shortcode_1_placeholder<\/p>\n","protected":false},"author":1,"featured_media":0,"parent":1752,"menu_order":2,"comment_status":"closed","ping_status":"closed","template":"page-full.php","meta":{"ngg_post_thumbnail":0,"footnotes":""},"class_list":["post-2098","page","type-page","status-publish","hentry"],"yoast_head":"<!-- This site is optimized with the Yoast SEO plugin v23.5 - https:\/\/yoast.com\/wordpress\/plugins\/seo\/ -->\n<title>rio karneval sambodromo karten<\/title>\n<meta name=\"description\" content=\"rio karneval sambodromo karten\" \/>\n<meta name=\"robots\" content=\"index, follow, max-snippet:-1, max-image-preview:large, max-video-preview:-1\" \/>\n<link rel=\"canonical\" href=\"https:\/\/carnaval.ticketrio.com.br\/de\/karneval-rio-karten-tickets\/zugeordnet-stuhle\/\" \/>\n<meta property=\"og:locale\" content=\"es_ES\" \/>\n<meta property=\"og:type\" content=\"article\" \/>\n<meta property=\"og:title\" content=\"rio karneval sambodromo karten\" \/>\n<meta property=\"og:description\" content=\"rio karneval sambodromo karten\" \/>\n<meta property=\"og:url\" content=\"https:\/\/carnaval.ticketrio.com.br\/de\/karneval-rio-karten-tickets\/zugeordnet-stuhle\/\" \/>\n<meta property=\"og:site_name\" content=\"Ticket Rio - Billets Carnaval Rio, Karneval Rio de Janeiro Tickets, Tickets for Rio Carnival Sambadrome, Boletos Carnaval Rio, Entradas Carnaval Rio Samb\u00f3dromo\" \/>\n<meta property=\"article:modified_time\" content=\"2018-06-19T17:20:00+00:00\" \/>\n<meta name=\"twitter:card\" content=\"summary_large_image\" \/>\n<script type=\"application\/ld+json\" class=\"yoast-schema-graph\">{\"@context\":\"https:\/\/schema.org\",\"@graph\":[{\"@type\":\"WebPage\",\"@id\":\"https:\/\/carnaval.ticketrio.com.br\/de\/karneval-rio-karten-tickets\/zugeordnet-stuhle\/\",\"url\":\"https:\/\/carnaval.ticketrio.com.br\/de\/karneval-rio-karten-tickets\/zugeordnet-stuhle\/\",\"name\":\"rio karneval sambodromo karten\",\"isPartOf\":{\"@id\":\"https:\/\/carnaval.ticketrio.com.br\/#website\"},\"datePublished\":\"2015-06-26T14:49:41+00:00\",\"dateModified\":\"2018-06-19T17:20:00+00:00\",\"description\":\"rio karneval sambodromo karten\",\"breadcrumb\":{\"@id\":\"https:\/\/carnaval.ticketrio.com.br\/de\/karneval-rio-karten-tickets\/zugeordnet-stuhle\/#breadcrumb\"},\"inLanguage\":\"es\",\"potentialAction\":[{\"@type\":\"ReadAction\",\"target\":[\"https:\/\/carnaval.ticketrio.com.br\/de\/karneval-rio-karten-tickets\/zugeordnet-stuhle\/\"]}]},{\"@type\":\"BreadcrumbList\",\"@id\":\"https:\/\/carnaval.ticketrio.com.br\/de\/karneval-rio-karten-tickets\/zugeordnet-stuhle\/#breadcrumb\",\"itemListElement\":[{\"@type\":\"ListItem\",\"position\":1,\"name\":\"In\u00edcio\",\"item\":\"https:\/\/carnaval.ticketrio.com.br\/\"},{\"@type\":\"ListItem\",\"position\":2,\"name\":\"Rio Karneval Tickets\",\"item\":\"https:\/\/carnaval.ticketrio.com.br\/de\/karneval-rio-karten-tickets\/\"},{\"@type\":\"ListItem\",\"position\":3,\"name\":\"Zugeordnet St\u00fchle\"}]},{\"@type\":\"WebSite\",\"@id\":\"https:\/\/carnaval.ticketrio.com.br\/#website\",\"url\":\"https:\/\/carnaval.ticketrio.com.br\/\",\"name\":\"Ticket Rio - Billets Carnaval Rio, Karneval Rio de Janeiro Tickets, Tickets for Rio Carnival Sambadrome, Boletos Carnaval Rio, Entradas Carnaval Rio Samb\u00f3dromo\",\"description\":\"Billets Carnaval Rio, Karneval Rio de Janeiro Tickets, Tickets for Rio Carnival Sambadrome, Boletos Carnaval Rio, Entradas Carnaval Rio Samb\u00f3dromo\",\"potentialAction\":[{\"@type\":\"SearchAction\",\"target\":{\"@type\":\"EntryPoint\",\"urlTemplate\":\"https:\/\/carnaval.ticketrio.com.br\/?s={search_term_string}\"},\"query-input\":{\"@type\":\"PropertyValueSpecification\",\"valueRequired\":true,\"valueName\":\"search_term_string\"}}],\"inLanguage\":\"es\"}]}<\/script>\n<!-- \/ Yoast SEO plugin. -->","yoast_head_json":{"title":"rio karneval sambodromo karten","description":"rio karneval sambodromo karten","robots":{"index":"index","follow":"follow","max-snippet":"max-snippet:-1","max-image-preview":"max-image-preview:large","max-video-preview":"max-video-preview:-1"},"canonical":"https:\/\/carnaval.ticketrio.com.br\/de\/karneval-rio-karten-tickets\/zugeordnet-stuhle\/","og_locale":"es_ES","og_type":"article","og_title":"rio karneval sambodromo karten","og_description":"rio karneval sambodromo karten","og_url":"https:\/\/carnaval.ticketrio.com.br\/de\/karneval-rio-karten-tickets\/zugeordnet-stuhle\/","og_site_name":"Ticket Rio - Billets Carnaval Rio, Karneval Rio de Janeiro Tickets, Tickets for Rio Carnival Sambadrome, Boletos Carnaval Rio, Entradas Carnaval Rio Samb\u00f3dromo","article_modified_time":"2018-06-19T17:20:00+00:00","twitter_card":"summary_large_image","schema":{"@context":"https:\/\/schema.org","@graph":[{"@type":"WebPage","@id":"https:\/\/carnaval.ticketrio.com.br\/de\/karneval-rio-karten-tickets\/zugeordnet-stuhle\/","url":"https:\/\/carnaval.ticketrio.com.br\/de\/karneval-rio-karten-tickets\/zugeordnet-stuhle\/","name":"rio karneval sambodromo karten","isPartOf":{"@id":"https:\/\/carnaval.ticketrio.com.br\/#website"},"datePublished":"2015-06-26T14:49:41+00:00","dateModified":"2018-06-19T17:20:00+00:00","description":"rio karneval sambodromo karten","breadcrumb":{"@id":"https:\/\/carnaval.ticketrio.com.br\/de\/karneval-rio-karten-tickets\/zugeordnet-stuhle\/#breadcrumb"},"inLanguage":"es","potentialAction":[{"@type":"ReadAction","target":["https:\/\/carnaval.ticketrio.com.br\/de\/karneval-rio-karten-tickets\/zugeordnet-stuhle\/"]}]},{"@type":"BreadcrumbList","@id":"https:\/\/carnaval.ticketrio.com.br\/de\/karneval-rio-karten-tickets\/zugeordnet-stuhle\/#breadcrumb","itemListElement":[{"@type":"ListItem","position":1,"name":"In\u00edcio","item":"https:\/\/carnaval.ticketrio.com.br\/"},{"@type":"ListItem","position":2,"name":"Rio Karneval Tickets","item":"https:\/\/carnaval.ticketrio.com.br\/de\/karneval-rio-karten-tickets\/"},{"@type":"ListItem","position":3,"name":"Zugeordnet St\u00fchle"}]},{"@type":"WebSite","@id":"https:\/\/carnaval.ticketrio.com.br\/#website","url":"https:\/\/carnaval.ticketrio.com.br\/","name":"Ticket Rio - Billets Carnaval Rio, Karneval Rio de Janeiro Tickets, Tickets for Rio Carnival Sambadrome, Boletos Carnaval Rio, Entradas Carnaval Rio Samb\u00f3dromo","description":"Billets Carnaval Rio, Karneval Rio de Janeiro Tickets, Tickets for Rio Carnival Sambadrome, Boletos Carnaval Rio, Entradas Carnaval Rio Samb\u00f3dromo","potentialAction":[{"@type":"SearchAction","target":{"@type":"EntryPoint","urlTemplate":"https:\/\/carnaval.ticketrio.com.br\/?s={search_term_string}"},"query-input":{"@type":"PropertyValueSpecification","valueRequired":true,"valueName":"search_term_string"}}],"inLanguage":"es"}]}},"_links":{"self":[{"href":"https:\/\/carnaval.ticketrio.com.br\/es\/wp-json\/wp\/v2\/pages\/2098"}],"collection":[{"href":"https:\/\/carnaval.ticketrio.com.br\/es\/wp-json\/wp\/v2\/pages"}],"about":[{"href":"https:\/\/carnaval.ticketrio.com.br\/es\/wp-json\/wp\/v2\/types\/page"}],"author":[{"embeddable":true,"href":"https:\/\/carnaval.ticketrio.com.br\/es\/wp-json\/wp\/v2\/users\/1"}],"replies":[{"embeddable":true,"href":"https:\/\/carnaval.ticketrio.com.br\/es\/wp-json\/wp\/v2\/comments?post=2098"}],"version-history":[{"count":0,"href":"https:\/\/carnaval.ticketrio.com.br\/es\/wp-json\/wp\/v2\/pages\/2098\/revisions"}],"up":[{"embeddable":true,"href":"https:\/\/carnaval.ticketrio.com.br\/es\/wp-json\/wp\/v2\/pages\/1752"}],"wp:attachment":[{"href":"https:\/\/carnaval.ticketrio.com.br\/es\/wp-json\/wp\/v2\/media?parent=2098"}],"curies":[{"name":"wp","href":"https:\/\/api.w.org\/{rel}","templated":true}]}}