{"id":2110,"date":"2015-06-26T18:38:37","date_gmt":"2015-06-26T18:38:37","guid":{"rendered":"http:\/\/www.ticketrio.com.br\/site\/?page_id=2110"},"modified":"2016-05-23T18:14:07","modified_gmt":"2016-05-23T18:14:07","slug":"luxus-suites","status":"publish","type":"page","link":"https:\/\/carnaval.ticketrio.com.br\/de\/karneval-rio-karten-tickets\/luxus-suites\/","title":{"rendered":"Luxus-Suites"},"content":{"rendered":"<div class=\"panel-grid\" id=\"pg-0\"><div class=\"panel-grid-cell\" id=\"pgc-0-0\"><div class=\"panel widget widget_siteorigin-image panel-first-child panel-last-child\" id=\"panel-0-0-0\"><a href=\"http:\/\/www.carnavalticketrio.com\/\"><img decoding=\"async\" src=\"http:\/\/carnaval.ticketrio.com.br\/wp-content\/uploads\/2015\/06\/luxes-suites1.jpg\" \/><\/a><\/div><\/div><div class=\"panel-grid-cell\" id=\"pgc-0-1\"><div class=\"panel widget widget_siteorigin-image panel-first-child panel-last-child\" id=\"panel-0-1-0\"><a href=\"http:\/\/www.carnavalticketrio.com\/\"><img decoding=\"async\" src=\"http:\/\/carnaval.ticketrio.com.br\/wp-content\/uploads\/2015\/06\/frontbox.jpg\" \/><\/a><\/div><\/div><div class=\"panel-grid-cell\" id=\"pgc-0-2\"><div class=\"panel widget widget_siteorigin-image panel-first-child panel-last-child\" id=\"panel-0-2-0\"><a href=\"http:\/\/www.carnavalticketrio.com\/\"><img decoding=\"async\" src=\"http:\/\/carnaval.ticketrio.com.br\/wp-content\/uploads\/2015\/06\/superviplounge2.jpg\" \/><\/a><\/div><\/div><div class=\"panel-grid-cell\" id=\"pgc-0-3\"><div class=\"panel widget widget_siteorigin-image panel-first-child panel-last-child\" id=\"panel-0-3-0\"><a href=\"http:\/\/www.carnavalticketrio.com\/\"><img decoding=\"async\" src=\"http:\/\/carnaval.ticketrio.com.br\/wp-content\/uploads\/2015\/06\/zugeordnetstuhle.jpg\" \/><\/a><\/div><\/div><div class=\"panel-grid-cell\" id=\"pgc-0-4\"><div class=\"panel widget widget_siteorigin-image panel-first-child panel-last-child\" id=\"panel-0-4-0\"><a href=\"http:\/\/www.carnavalticketrio.com\/\"><img decoding=\"async\" src=\"http:\/\/carnaval.ticketrio.com.br\/wp-content\/uploads\/2015\/06\/tribunen.jpg\" \/><\/a><\/div><\/div>\t<div class=\"clear\"><\/div><\/div><div class=\"panel-grid\" id=\"pg-1\"><div class=\"panel-grid-cell\" id=\"pgc-1-0\"><div class=\"panel widget widget_text panel-first-child\" id=\"panel-1-0-0\">\t\t\t<div class=\"textwidget\"><h1><span style=\"color: #003366;\"><strong>Cabins or Luxus-Suites<\/strong><\/span><\/h1>\n<p style=\"text-align: justify;\">Die Kabinen der Sambadrome sind die einzigen Bereiche abgedeckt und damit die begehrtesten. Sie sind auf der Seite der sogar Avenue auf hohem Niveau mit Balkon also mit den besten Blick auf die Parade.<\/p>\n<p style=\"text-align: justify;\"> Alle sind speziell eingerichtet und klimatisiert, TV Led bietet absoluten Komfort und absolute Sicherheit. Ein erstklassiges Buffet von Kellnern mit Vorspeisen, Abendessen und Dessert serviert.<\/p>\n<p style=\"text-align: justify;\">2 Etagen mit Balkon mit Insider-Blick auf die Parade<\/p>\n<p style=\"text-align: justify;\">\u00b7 Jede Kabine nimmt 18 und kann bis 36 moduliert Wir verkaufen komplette oder Einzelpersonen Tickets werden.<\/p>\n<p><strong><span style=\"color: #003366;\">Das Paket beinhaltet:<\/span><\/strong> Tickets + exklusive Transfers in \/ out + Full Buffet + Open Bar + Reiseleiter + Sicherheit + free Geschenke<\/p>\n<p><span style=\"color: #003366;\"><strong>Informations:<\/strong> <\/span>Phones: (5521) 2025-5000 \/ 3982-1515 \/ 8636-1515<\/p>\n<p><strong><span style=\"color: #003366;\">Email:<\/span> <\/strong> <a href=\"mailto:atendimento@ticketrio.com.br\"> atendimento@ticketrio.com.br <\/a> \/ <a href=\"mailto:vendas@barramidia.com.br\"> vendas@barramidia.com.br<\/a\n<\/p>\n<\/div>\n\t\t<\/div><div class=\"panel widget widget_button panel-last-child\" id=\"panel-1-0-1\"><div class=\"button-container align-center\">\t\t\t<a href=\"http:\/\/www.carnavalticketrio.com\/\" class=\"cta-button button \">\r\n\t\t\t\t<span>HIER KAUFEN<\/span>\r\n\t\t\t<\/a>\r\n\t\t\t<\/div><\/div><\/div><div class=\"panel-grid-cell\" id=\"pgc-1-1\"><div class=\"panel widget widget_text panel-first-child panel-last-child\" id=\"panel-1-1-0\">\t\t\t<div class=\"textwidget\">ngg_shortcode_0_placeholder<\/div>\n\t\t<\/div><\/div>\t<div class=\"clear\"><\/div><\/div>","protected":false},"excerpt":{"rendered":"<p>Cabins or Luxus-Suites Die Kabinen der Sambadrome sind die einzigen Bereiche abgedeckt und damit die begehrtesten. Sie sind auf der Seite der sogar Avenue auf hohem Niveau mit Balkon also mit den besten Blick auf die Parade. Alle sind speziell eingerichtet und klimatisiert, TV Led bietet absoluten Komfort und absolute Sicherheit. Ein erstklassiges Buffet von [&hellip;]<\/p>\n","protected":false},"author":1,"featured_media":0,"parent":1752,"menu_order":4,"comment_status":"closed","ping_status":"closed","template":"page-full.php","meta":{"ngg_post_thumbnail":0,"footnotes":""},"class_list":["post-2110","page","type-page","status-publish","hentry"],"yoast_head":"<!-- This site is optimized with the Yoast SEO plugin v23.5 - https:\/\/yoast.com\/wordpress\/plugins\/seo\/ -->\n<title>Luxus-Suites - Ticket Rio - Billets Carnaval Rio, Karneval Rio de Janeiro Tickets, Tickets for Rio Carnival Sambadrome, Boletos Carnaval Rio, Entradas Carnaval Rio Samb\u00f3dromo<\/title>\n<meta name=\"description\" content=\"rio carnival sambadrome tickets. Rio Carnaval Samb\u00f3dromo 2018. Rio Carnaval Entradas Samb\u00f3dromo. Rio Parade Tickets. Rio Carnaval billets. Rio karneval tickets. Rio carnavales biglietti.\" \/>\n<meta name=\"robots\" content=\"index, follow, max-snippet:-1, max-image-preview:large, max-video-preview:-1\" \/>\n<link rel=\"canonical\" href=\"https:\/\/carnaval.ticketrio.com.br\/de\/karneval-rio-karten-tickets\/luxus-suites\/\" \/>\n<meta property=\"og:locale\" content=\"es_ES\" \/>\n<meta property=\"og:type\" content=\"article\" \/>\n<meta property=\"og:title\" content=\"Luxus-Suites - Ticket Rio - Billets Carnaval Rio, Karneval Rio de Janeiro Tickets, Tickets for Rio Carnival Sambadrome, Boletos Carnaval Rio, Entradas Carnaval Rio Samb\u00f3dromo\" \/>\n<meta property=\"og:description\" content=\"rio carnival sambadrome tickets. Rio Carnaval Samb\u00f3dromo 2018. Rio Carnaval Entradas Samb\u00f3dromo. Rio Parade Tickets. Rio Carnaval billets. Rio karneval tickets. Rio carnavales biglietti.\" \/>\n<meta property=\"og:url\" content=\"https:\/\/carnaval.ticketrio.com.br\/de\/karneval-rio-karten-tickets\/luxus-suites\/\" \/>\n<meta property=\"og:site_name\" content=\"Ticket Rio - Billets Carnaval Rio, Karneval Rio de Janeiro Tickets, Tickets for Rio Carnival Sambadrome, Boletos Carnaval Rio, Entradas Carnaval Rio Samb\u00f3dromo\" \/>\n<meta property=\"article:modified_time\" content=\"2016-05-23T18:14:07+00:00\" \/>\n<meta name=\"twitter:card\" content=\"summary_large_image\" \/>\n<script type=\"application\/ld+json\" class=\"yoast-schema-graph\">{\"@context\":\"https:\/\/schema.org\",\"@graph\":[{\"@type\":\"WebPage\",\"@id\":\"https:\/\/carnaval.ticketrio.com.br\/de\/karneval-rio-karten-tickets\/luxus-suites\/\",\"url\":\"https:\/\/carnaval.ticketrio.com.br\/de\/karneval-rio-karten-tickets\/luxus-suites\/\",\"name\":\"Luxus-Suites - Ticket Rio - Billets Carnaval Rio, Karneval Rio de Janeiro Tickets, Tickets for Rio Carnival Sambadrome, Boletos Carnaval Rio, Entradas Carnaval Rio Samb\u00f3dromo\",\"isPartOf\":{\"@id\":\"https:\/\/carnaval.ticketrio.com.br\/#website\"},\"datePublished\":\"2015-06-26T18:38:37+00:00\",\"dateModified\":\"2016-05-23T18:14:07+00:00\",\"description\":\"rio carnival sambadrome tickets. Rio Carnaval Samb\u00f3dromo 2018. Rio Carnaval Entradas Samb\u00f3dromo. Rio Parade Tickets. Rio Carnaval billets. Rio karneval tickets. Rio carnavales biglietti.\",\"breadcrumb\":{\"@id\":\"https:\/\/carnaval.ticketrio.com.br\/de\/karneval-rio-karten-tickets\/luxus-suites\/#breadcrumb\"},\"inLanguage\":\"es\",\"potentialAction\":[{\"@type\":\"ReadAction\",\"target\":[\"https:\/\/carnaval.ticketrio.com.br\/de\/karneval-rio-karten-tickets\/luxus-suites\/\"]}]},{\"@type\":\"BreadcrumbList\",\"@id\":\"https:\/\/carnaval.ticketrio.com.br\/de\/karneval-rio-karten-tickets\/luxus-suites\/#breadcrumb\",\"itemListElement\":[{\"@type\":\"ListItem\",\"position\":1,\"name\":\"In\u00edcio\",\"item\":\"https:\/\/carnaval.ticketrio.com.br\/\"},{\"@type\":\"ListItem\",\"position\":2,\"name\":\"Rio Karneval Tickets\",\"item\":\"https:\/\/carnaval.ticketrio.com.br\/de\/karneval-rio-karten-tickets\/\"},{\"@type\":\"ListItem\",\"position\":3,\"name\":\"Luxus-Suites\"}]},{\"@type\":\"WebSite\",\"@id\":\"https:\/\/carnaval.ticketrio.com.br\/#website\",\"url\":\"https:\/\/carnaval.ticketrio.com.br\/\",\"name\":\"Ticket Rio - Billets Carnaval Rio, Karneval Rio de Janeiro Tickets, Tickets for Rio Carnival Sambadrome, Boletos Carnaval Rio, Entradas Carnaval Rio Samb\u00f3dromo\",\"description\":\"Billets Carnaval Rio, Karneval Rio de Janeiro Tickets, Tickets for Rio Carnival Sambadrome, Boletos Carnaval Rio, Entradas Carnaval Rio Samb\u00f3dromo\",\"potentialAction\":[{\"@type\":\"SearchAction\",\"target\":{\"@type\":\"EntryPoint\",\"urlTemplate\":\"https:\/\/carnaval.ticketrio.com.br\/?s={search_term_string}\"},\"query-input\":{\"@type\":\"PropertyValueSpecification\",\"valueRequired\":true,\"valueName\":\"search_term_string\"}}],\"inLanguage\":\"es\"}]}<\/script>\n<!-- \/ Yoast SEO plugin. -->","yoast_head_json":{"title":"Luxus-Suites - Ticket Rio - Billets Carnaval Rio, Karneval Rio de Janeiro Tickets, Tickets for Rio Carnival Sambadrome, Boletos Carnaval Rio, Entradas Carnaval Rio Samb\u00f3dromo","description":"rio carnival sambadrome tickets. Rio Carnaval Samb\u00f3dromo 2018. Rio Carnaval Entradas Samb\u00f3dromo. Rio Parade Tickets. Rio Carnaval billets. Rio karneval tickets. Rio carnavales biglietti.","robots":{"index":"index","follow":"follow","max-snippet":"max-snippet:-1","max-image-preview":"max-image-preview:large","max-video-preview":"max-video-preview:-1"},"canonical":"https:\/\/carnaval.ticketrio.com.br\/de\/karneval-rio-karten-tickets\/luxus-suites\/","og_locale":"es_ES","og_type":"article","og_title":"Luxus-Suites - Ticket Rio - Billets Carnaval Rio, Karneval Rio de Janeiro Tickets, Tickets for Rio Carnival Sambadrome, Boletos Carnaval Rio, Entradas Carnaval Rio Samb\u00f3dromo","og_description":"rio carnival sambadrome tickets. Rio Carnaval Samb\u00f3dromo 2018. Rio Carnaval Entradas Samb\u00f3dromo. Rio Parade Tickets. Rio Carnaval billets. Rio karneval tickets. Rio carnavales biglietti.","og_url":"https:\/\/carnaval.ticketrio.com.br\/de\/karneval-rio-karten-tickets\/luxus-suites\/","og_site_name":"Ticket Rio - Billets Carnaval Rio, Karneval Rio de Janeiro Tickets, Tickets for Rio Carnival Sambadrome, Boletos Carnaval Rio, Entradas Carnaval Rio Samb\u00f3dromo","article_modified_time":"2016-05-23T18:14:07+00:00","twitter_card":"summary_large_image","schema":{"@context":"https:\/\/schema.org","@graph":[{"@type":"WebPage","@id":"https:\/\/carnaval.ticketrio.com.br\/de\/karneval-rio-karten-tickets\/luxus-suites\/","url":"https:\/\/carnaval.ticketrio.com.br\/de\/karneval-rio-karten-tickets\/luxus-suites\/","name":"Luxus-Suites - Ticket Rio - Billets Carnaval Rio, Karneval Rio de Janeiro Tickets, Tickets for Rio Carnival Sambadrome, Boletos Carnaval Rio, Entradas Carnaval Rio Samb\u00f3dromo","isPartOf":{"@id":"https:\/\/carnaval.ticketrio.com.br\/#website"},"datePublished":"2015-06-26T18:38:37+00:00","dateModified":"2016-05-23T18:14:07+00:00","description":"rio carnival sambadrome tickets. Rio Carnaval Samb\u00f3dromo 2018. Rio Carnaval Entradas Samb\u00f3dromo. Rio Parade Tickets. Rio Carnaval billets. Rio karneval tickets. Rio carnavales biglietti.","breadcrumb":{"@id":"https:\/\/carnaval.ticketrio.com.br\/de\/karneval-rio-karten-tickets\/luxus-suites\/#breadcrumb"},"inLanguage":"es","potentialAction":[{"@type":"ReadAction","target":["https:\/\/carnaval.ticketrio.com.br\/de\/karneval-rio-karten-tickets\/luxus-suites\/"]}]},{"@type":"BreadcrumbList","@id":"https:\/\/carnaval.ticketrio.com.br\/de\/karneval-rio-karten-tickets\/luxus-suites\/#breadcrumb","itemListElement":[{"@type":"ListItem","position":1,"name":"In\u00edcio","item":"https:\/\/carnaval.ticketrio.com.br\/"},{"@type":"ListItem","position":2,"name":"Rio Karneval Tickets","item":"https:\/\/carnaval.ticketrio.com.br\/de\/karneval-rio-karten-tickets\/"},{"@type":"ListItem","position":3,"name":"Luxus-Suites"}]},{"@type":"WebSite","@id":"https:\/\/carnaval.ticketrio.com.br\/#website","url":"https:\/\/carnaval.ticketrio.com.br\/","name":"Ticket Rio - Billets Carnaval Rio, Karneval Rio de Janeiro Tickets, Tickets for Rio Carnival Sambadrome, Boletos Carnaval Rio, Entradas Carnaval Rio Samb\u00f3dromo","description":"Billets Carnaval Rio, Karneval Rio de Janeiro Tickets, Tickets for Rio Carnival Sambadrome, Boletos Carnaval Rio, Entradas Carnaval Rio Samb\u00f3dromo","potentialAction":[{"@type":"SearchAction","target":{"@type":"EntryPoint","urlTemplate":"https:\/\/carnaval.ticketrio.com.br\/?s={search_term_string}"},"query-input":{"@type":"PropertyValueSpecification","valueRequired":true,"valueName":"search_term_string"}}],"inLanguage":"es"}]}},"_links":{"self":[{"href":"https:\/\/carnaval.ticketrio.com.br\/es\/wp-json\/wp\/v2\/pages\/2110"}],"collection":[{"href":"https:\/\/carnaval.ticketrio.com.br\/es\/wp-json\/wp\/v2\/pages"}],"about":[{"href":"https:\/\/carnaval.ticketrio.com.br\/es\/wp-json\/wp\/v2\/types\/page"}],"author":[{"embeddable":true,"href":"https:\/\/carnaval.ticketrio.com.br\/es\/wp-json\/wp\/v2\/users\/1"}],"replies":[{"embeddable":true,"href":"https:\/\/carnaval.ticketrio.com.br\/es\/wp-json\/wp\/v2\/comments?post=2110"}],"version-history":[{"count":0,"href":"https:\/\/carnaval.ticketrio.com.br\/es\/wp-json\/wp\/v2\/pages\/2110\/revisions"}],"up":[{"embeddable":true,"href":"https:\/\/carnaval.ticketrio.com.br\/es\/wp-json\/wp\/v2\/pages\/1752"}],"wp:attachment":[{"href":"https:\/\/carnaval.ticketrio.com.br\/es\/wp-json\/wp\/v2\/media?parent=2110"}],"curies":[{"name":"wp","href":"https:\/\/api.w.org\/{rel}","templated":true}]}}