{"id":740,"date":"2013-09-02T14:22:42","date_gmt":"2013-09-02T14:22:42","guid":{"rendered":"http:\/\/www.ticketrio.com.br\/site\/?page_id=740"},"modified":"2017-05-05T18:04:55","modified_gmt":"2017-05-05T18:04:55","slug":"supercamarotes","status":"publish","type":"page","link":"https:\/\/carnaval.ticketrio.com.br\/ingressos-carnaval-rio\/supercamarotes\/","title":{"rendered":"SuperCamarotes"},"content":{"rendered":"<div class=\"panel-grid\" id=\"pg-0\"><div class=\"panel-grid-cell\" id=\"pgc-0-0\"><div class=\"panel widget widget_button panel-first-child\" id=\"panel-0-0-0\"><div class=\"button-container align-center\">\t\t\t<a href=\"http:\/\/carnaval.ticketrio.com.br\/sambodromo\/\" class=\"cta-button button \">\r\n\t\t\t\t<span>SAMB\u00d3DROMO<\/span>\r\n\t\t\t<\/a>\r\n\t\t\t<\/div><\/div><div class=\"panel widget widget_button\" id=\"panel-0-0-1\"><div class=\"button-container align-center\">\t\t\t<a href=\"http:\/\/carnaval.ticketrio.com.br\/sambodromo\/ordem-do-desfile-sambodromo\/\" class=\"cta-button button \">\r\n\t\t\t\t<span>ORDEM DOS DESFILES<\/span>\r\n\t\t\t<\/a>\r\n\t\t\t<\/div><\/div><div class=\"panel widget widget_button\" id=\"panel-0-0-2\"><div class=\"button-container align-center\">\t\t\t<a href=\"http:\/\/carnaval.ticketrio.com.br\/sambodromo\/transporte-sambdromo-hotel-carnaval\/\" class=\"cta-button button \">\r\n\t\t\t\t<span>TRANSFER<\/span>\r\n\t\t\t<\/a>\r\n\t\t\t<\/div><\/div><div class=\"panel widget widget_button panel-last-child\" id=\"panel-0-0-3\"><div class=\"button-container align-center\">\t\t\t<a href=\"http:\/\/carnaval.ticketrio.com.br\/sambodromo\/hoteis\/\" class=\"cta-button button \">\r\n\t\t\t\t<span>HOT\u00c9IS<\/span>\r\n\t\t\t<\/a>\r\n\t\t\t<\/div><\/div><\/div><div class=\"panel-grid-cell\" id=\"pgc-0-1\"><div class=\"panel widget widget_siteorigin-image panel-first-child panel-last-child\" id=\"panel-0-1-0\"><a href=\"http:\/\/carnaval.ticketrio.com.br\/ingresso-carnaval-rio-2014\/supercamarotes\/\"><img decoding=\"async\" src=\"http:\/\/carnaval.ticketrio.com.br\/wp-content\/uploads\/2013\/08\/supercamarote.jpg\" \/><\/a><\/div><\/div><div class=\"panel-grid-cell\" id=\"pgc-0-2\"><div class=\"panel widget widget_siteorigin-image panel-first-child panel-last-child\" id=\"panel-0-2-0\"><a href=\"http:\/\/carnaval.ticketrio.com.br\/ingresso-carnaval-rio-2014\/camarotes-carnaval-ingresso-sambodromo-2014\/\"><img decoding=\"async\" src=\"http:\/\/carnaval.ticketrio.com.br\/wp-content\/uploads\/2013\/03\/CAMAROTES2.jpg\" \/><\/a><\/div><\/div><div class=\"panel-grid-cell\" id=\"pgc-0-3\"><div class=\"panel widget widget_siteorigin-image panel-first-child panel-last-child\" id=\"panel-0-3-0\"><a href=\"http:\/\/carnaval.ticketrio.com.br\/ingresso-carnaval-rio-2014\/frisas-carnaval-sambodromo\/\"><img decoding=\"async\" src=\"http:\/\/carnaval.ticketrio.com.br\/wp-content\/uploads\/2013\/03\/FRISAS2.jpg\" \/><\/a><\/div><\/div><div class=\"panel-grid-cell\" id=\"pgc-0-4\"><div class=\"panel widget widget_siteorigin-image panel-first-child panel-last-child\" id=\"panel-0-4-0\"><a href=\"http:\/\/carnaval.ticketrio.com.br\/ingresso-carnaval-rio-2014\/arquibancadas-carnaval-sambodromo\/\"><img decoding=\"async\" src=\"http:\/\/carnaval.ticketrio.com.br\/wp-content\/uploads\/2013\/03\/ARQUIBANCADAS2.jpg\" \/><\/a><\/div><\/div>\t<div class=\"clear\"><\/div><\/div><div class=\"panel-grid\" id=\"pg-1\"><div class=\"panel-grid-cell\" id=\"pgc-1-0\"><div class=\"panel widget widget_text panel-first-child\" id=\"panel-1-0-0\">\t\t\t<div class=\"textwidget\"><h1><span style=\"color: #003366;\"><strong>SUPER CAMAROTES<\/strong><\/span><\/h1>\n<p style=\"text-align: justify;\">SUPER CAMAROTE TICKET RIO - Localizado no Setor 09 ao lado do recuo de bateria. Melhor lugar do Samb\u00f3dromo.<\/p>\n<p style=\"text-align: justify;\">Especialmente decorados possuem Ar condicionado, TV de LED, Poltrona e Parapeito acolchoado.<\/p>\n<p style=\"text-align: justify;\">2\u00ba n\u00edvel com varanda proporcionando vis\u00e3o privilegiada do Desfile<\/p>\n<p style=\"text-align: justify;\">\u00b7 Cada camarote acomoda 18, podendo ser modulados para 36. Vendemos completo ou vagas.<\/p>\n<p><strong><span style=\"color: #003366;\">Pacote inclui:<\/span><\/strong> Ingresso Individual + brindes<\/p>\n<p><span style=\"color: #003366;\"><strong>Informa\u00e7\u00f5es:<\/strong> <\/span>Tel: (21) 2025-5000 \/ 3982-1515 \/ 98636-1515<\/p>\n<p><strong><span style=\"color: #003366;\">E-mail:<\/span> <\/strong> <a href=\"mailto:atendimento@ticketrio.com.br\"> atendimento@ticketrio.com.br <\/a> \/ <a href=\"mailto:vendas@barramidia.com.br\"> vendas@barramidia.com.br<\/a><\/p>\n<\/div>\n\t\t<\/div><div class=\"panel widget widget_button panel-last-child\" id=\"panel-1-0-1\"><div class=\"button-container align-center\">\t\t\t<a href=\"http:\/\/loja.ticketrio.com.br\/\" class=\"cta-button button \">\r\n\t\t\t\t<span>COMPRE AQUI<\/span>\r\n\t\t\t<\/a>\r\n\t\t\t<\/div><\/div><\/div><div class=\"panel-grid-cell\" id=\"pgc-1-1\"><div class=\"panel widget widget_text panel-first-child panel-last-child\" id=\"panel-1-1-0\">\t\t\t<div class=\"textwidget\"> ngg_shortcode_0_placeholder<\/div>\n\t\t<\/div><\/div>\t<div class=\"clear\"><\/div><\/div>","protected":false},"excerpt":{"rendered":"<p>SAMB\u00d3DROMO ORDEM DOS DESFILES TRANSFER HOT\u00c9IS SUPER CAMAROTES SUPER CAMAROTE TICKET RIO &#8211; Localizado no Setor 09 ao lado do recuo de bateria. Melhor lugar do Samb\u00f3dromo. Especialmente decorados possuem Ar condicionado, TV de LED, Poltrona e Parapeito acolchoado. 2\u00ba n\u00edvel com varanda proporcionando vis\u00e3o privilegiada do Desfile \u00b7 Cada camarote acomoda 18, podendo ser [&hellip;]<\/p>\n","protected":false},"author":1,"featured_media":0,"parent":2477,"menu_order":6,"comment_status":"closed","ping_status":"open","template":"page-full.php","meta":{"ngg_post_thumbnail":0,"footnotes":""},"class_list":["post-740","page","type-page","status-publish","hentry"],"yoast_head":"<!-- This site is optimized with the Yoast SEO plugin v23.5 - https:\/\/yoast.com\/wordpress\/plugins\/seo\/ -->\n<title>SuperCamarotes - Ticket Rio - Billets Carnaval Rio, Karneval Rio de Janeiro Tickets, Tickets for Rio Carnival Sambadrome, Boletos Carnaval Rio, Entradas Carnaval Rio Samb\u00f3dromo<\/title>\n<meta name=\"description\" content=\"rio carnival sambadrome tickets. Rio Carnaval Samb\u00f3dromo 2018. Rio Carnaval Entradas Samb\u00f3dromo. Rio Parade Tickets. Rio Carnaval billets. Rio karneval tickets. Rio carnavales biglietti.\" \/>\n<meta name=\"robots\" content=\"index, follow, max-snippet:-1, max-image-preview:large, max-video-preview:-1\" \/>\n<link rel=\"canonical\" href=\"https:\/\/carnaval.ticketrio.com.br\/ingressos-carnaval-rio\/supercamarotes\/\" \/>\n<meta property=\"og:locale\" content=\"es_ES\" \/>\n<meta property=\"og:type\" content=\"article\" \/>\n<meta property=\"og:title\" content=\"SuperCamarotes - Ticket Rio - Billets Carnaval Rio, Karneval Rio de Janeiro Tickets, Tickets for Rio Carnival Sambadrome, Boletos Carnaval Rio, Entradas Carnaval Rio Samb\u00f3dromo\" \/>\n<meta property=\"og:description\" content=\"rio carnival sambadrome tickets. Rio Carnaval Samb\u00f3dromo 2018. Rio Carnaval Entradas Samb\u00f3dromo. Rio Parade Tickets. Rio Carnaval billets. Rio karneval tickets. Rio carnavales biglietti.\" \/>\n<meta property=\"og:url\" content=\"https:\/\/carnaval.ticketrio.com.br\/ingressos-carnaval-rio\/supercamarotes\/\" \/>\n<meta property=\"og:site_name\" content=\"Ticket Rio - Billets Carnaval Rio, Karneval Rio de Janeiro Tickets, Tickets for Rio Carnival Sambadrome, Boletos Carnaval Rio, Entradas Carnaval Rio Samb\u00f3dromo\" \/>\n<meta property=\"article:modified_time\" content=\"2017-05-05T18:04:55+00:00\" \/>\n<meta name=\"twitter:card\" content=\"summary_large_image\" \/>\n<script type=\"application\/ld+json\" class=\"yoast-schema-graph\">{\"@context\":\"https:\/\/schema.org\",\"@graph\":[{\"@type\":\"WebPage\",\"@id\":\"https:\/\/carnaval.ticketrio.com.br\/ingressos-carnaval-rio\/supercamarotes\/\",\"url\":\"https:\/\/carnaval.ticketrio.com.br\/ingressos-carnaval-rio\/supercamarotes\/\",\"name\":\"SuperCamarotes - Ticket Rio - Billets Carnaval Rio, Karneval Rio de Janeiro Tickets, Tickets for Rio Carnival Sambadrome, Boletos Carnaval Rio, Entradas Carnaval Rio Samb\u00f3dromo\",\"isPartOf\":{\"@id\":\"https:\/\/carnaval.ticketrio.com.br\/#website\"},\"datePublished\":\"2013-09-02T14:22:42+00:00\",\"dateModified\":\"2017-05-05T18:04:55+00:00\",\"description\":\"rio carnival sambadrome tickets. Rio Carnaval Samb\u00f3dromo 2018. Rio Carnaval Entradas Samb\u00f3dromo. Rio Parade Tickets. Rio Carnaval billets. Rio karneval tickets. Rio carnavales biglietti.\",\"breadcrumb\":{\"@id\":\"https:\/\/carnaval.ticketrio.com.br\/ingressos-carnaval-rio\/supercamarotes\/#breadcrumb\"},\"inLanguage\":\"es\",\"potentialAction\":[{\"@type\":\"ReadAction\",\"target\":[\"https:\/\/carnaval.ticketrio.com.br\/ingressos-carnaval-rio\/supercamarotes\/\"]}]},{\"@type\":\"BreadcrumbList\",\"@id\":\"https:\/\/carnaval.ticketrio.com.br\/ingressos-carnaval-rio\/supercamarotes\/#breadcrumb\",\"itemListElement\":[{\"@type\":\"ListItem\",\"position\":1,\"name\":\"In\u00edcio\",\"item\":\"https:\/\/carnaval.ticketrio.com.br\/\"},{\"@type\":\"ListItem\",\"position\":2,\"name\":\"Ingressos Carnaval Rio\",\"item\":\"https:\/\/carnaval.ticketrio.com.br\/ingressos-carnaval-rio\/\"},{\"@type\":\"ListItem\",\"position\":3,\"name\":\"SuperCamarotes\"}]},{\"@type\":\"WebSite\",\"@id\":\"https:\/\/carnaval.ticketrio.com.br\/#website\",\"url\":\"https:\/\/carnaval.ticketrio.com.br\/\",\"name\":\"Ticket Rio - Billets Carnaval Rio, Karneval Rio de Janeiro Tickets, Tickets for Rio Carnival Sambadrome, Boletos Carnaval Rio, Entradas Carnaval Rio Samb\u00f3dromo\",\"description\":\"Billets Carnaval Rio, Karneval Rio de Janeiro Tickets, Tickets for Rio Carnival Sambadrome, Boletos Carnaval Rio, Entradas Carnaval Rio Samb\u00f3dromo\",\"potentialAction\":[{\"@type\":\"SearchAction\",\"target\":{\"@type\":\"EntryPoint\",\"urlTemplate\":\"https:\/\/carnaval.ticketrio.com.br\/?s={search_term_string}\"},\"query-input\":{\"@type\":\"PropertyValueSpecification\",\"valueRequired\":true,\"valueName\":\"search_term_string\"}}],\"inLanguage\":\"es\"}]}<\/script>\n<!-- \/ Yoast SEO plugin. -->","yoast_head_json":{"title":"SuperCamarotes - Ticket Rio - Billets Carnaval Rio, Karneval Rio de Janeiro Tickets, Tickets for Rio Carnival Sambadrome, Boletos Carnaval Rio, Entradas Carnaval Rio Samb\u00f3dromo","description":"rio carnival sambadrome tickets. Rio Carnaval Samb\u00f3dromo 2018. Rio Carnaval Entradas Samb\u00f3dromo. Rio Parade Tickets. Rio Carnaval billets. Rio karneval tickets. Rio carnavales biglietti.","robots":{"index":"index","follow":"follow","max-snippet":"max-snippet:-1","max-image-preview":"max-image-preview:large","max-video-preview":"max-video-preview:-1"},"canonical":"https:\/\/carnaval.ticketrio.com.br\/ingressos-carnaval-rio\/supercamarotes\/","og_locale":"es_ES","og_type":"article","og_title":"SuperCamarotes - Ticket Rio - Billets Carnaval Rio, Karneval Rio de Janeiro Tickets, Tickets for Rio Carnival Sambadrome, Boletos Carnaval Rio, Entradas Carnaval Rio Samb\u00f3dromo","og_description":"rio carnival sambadrome tickets. Rio Carnaval Samb\u00f3dromo 2018. Rio Carnaval Entradas Samb\u00f3dromo. Rio Parade Tickets. Rio Carnaval billets. Rio karneval tickets. Rio carnavales biglietti.","og_url":"https:\/\/carnaval.ticketrio.com.br\/ingressos-carnaval-rio\/supercamarotes\/","og_site_name":"Ticket Rio - Billets Carnaval Rio, Karneval Rio de Janeiro Tickets, Tickets for Rio Carnival Sambadrome, Boletos Carnaval Rio, Entradas Carnaval Rio Samb\u00f3dromo","article_modified_time":"2017-05-05T18:04:55+00:00","twitter_card":"summary_large_image","schema":{"@context":"https:\/\/schema.org","@graph":[{"@type":"WebPage","@id":"https:\/\/carnaval.ticketrio.com.br\/ingressos-carnaval-rio\/supercamarotes\/","url":"https:\/\/carnaval.ticketrio.com.br\/ingressos-carnaval-rio\/supercamarotes\/","name":"SuperCamarotes - Ticket Rio - Billets Carnaval Rio, Karneval Rio de Janeiro Tickets, Tickets for Rio Carnival Sambadrome, Boletos Carnaval Rio, Entradas Carnaval Rio Samb\u00f3dromo","isPartOf":{"@id":"https:\/\/carnaval.ticketrio.com.br\/#website"},"datePublished":"2013-09-02T14:22:42+00:00","dateModified":"2017-05-05T18:04:55+00:00","description":"rio carnival sambadrome tickets. Rio Carnaval Samb\u00f3dromo 2018. Rio Carnaval Entradas Samb\u00f3dromo. Rio Parade Tickets. Rio Carnaval billets. Rio karneval tickets. Rio carnavales biglietti.","breadcrumb":{"@id":"https:\/\/carnaval.ticketrio.com.br\/ingressos-carnaval-rio\/supercamarotes\/#breadcrumb"},"inLanguage":"es","potentialAction":[{"@type":"ReadAction","target":["https:\/\/carnaval.ticketrio.com.br\/ingressos-carnaval-rio\/supercamarotes\/"]}]},{"@type":"BreadcrumbList","@id":"https:\/\/carnaval.ticketrio.com.br\/ingressos-carnaval-rio\/supercamarotes\/#breadcrumb","itemListElement":[{"@type":"ListItem","position":1,"name":"In\u00edcio","item":"https:\/\/carnaval.ticketrio.com.br\/"},{"@type":"ListItem","position":2,"name":"Ingressos Carnaval Rio","item":"https:\/\/carnaval.ticketrio.com.br\/ingressos-carnaval-rio\/"},{"@type":"ListItem","position":3,"name":"SuperCamarotes"}]},{"@type":"WebSite","@id":"https:\/\/carnaval.ticketrio.com.br\/#website","url":"https:\/\/carnaval.ticketrio.com.br\/","name":"Ticket Rio - Billets Carnaval Rio, Karneval Rio de Janeiro Tickets, Tickets for Rio Carnival Sambadrome, Boletos Carnaval Rio, Entradas Carnaval Rio Samb\u00f3dromo","description":"Billets Carnaval Rio, Karneval Rio de Janeiro Tickets, Tickets for Rio Carnival Sambadrome, Boletos Carnaval Rio, Entradas Carnaval Rio Samb\u00f3dromo","potentialAction":[{"@type":"SearchAction","target":{"@type":"EntryPoint","urlTemplate":"https:\/\/carnaval.ticketrio.com.br\/?s={search_term_string}"},"query-input":{"@type":"PropertyValueSpecification","valueRequired":true,"valueName":"search_term_string"}}],"inLanguage":"es"}]}},"_links":{"self":[{"href":"https:\/\/carnaval.ticketrio.com.br\/es\/wp-json\/wp\/v2\/pages\/740"}],"collection":[{"href":"https:\/\/carnaval.ticketrio.com.br\/es\/wp-json\/wp\/v2\/pages"}],"about":[{"href":"https:\/\/carnaval.ticketrio.com.br\/es\/wp-json\/wp\/v2\/types\/page"}],"author":[{"embeddable":true,"href":"https:\/\/carnaval.ticketrio.com.br\/es\/wp-json\/wp\/v2\/users\/1"}],"replies":[{"embeddable":true,"href":"https:\/\/carnaval.ticketrio.com.br\/es\/wp-json\/wp\/v2\/comments?post=740"}],"version-history":[{"count":17,"href":"https:\/\/carnaval.ticketrio.com.br\/es\/wp-json\/wp\/v2\/pages\/740\/revisions"}],"predecessor-version":[{"id":976,"href":"https:\/\/carnaval.ticketrio.com.br\/es\/wp-json\/wp\/v2\/pages\/740\/revisions\/976"}],"up":[{"embeddable":true,"href":"https:\/\/carnaval.ticketrio.com.br\/es\/wp-json\/wp\/v2\/pages\/2477"}],"wp:attachment":[{"href":"https:\/\/carnaval.ticketrio.com.br\/es\/wp-json\/wp\/v2\/media?parent=740"}],"curies":[{"name":"wp","href":"https:\/\/api.w.org\/{rel}","templated":true}]}}