{"id":99,"date":"2013-03-07T17:07:41","date_gmt":"2013-03-07T17:07:41","guid":{"rendered":"http:\/\/www.ticketrio.com.br\/site\/?page_id=99"},"modified":"2018-06-19T17:21:48","modified_gmt":"2018-06-19T17:21:48","slug":"frisas-carnaval-sambodromo","status":"publish","type":"page","link":"https:\/\/carnaval.ticketrio.com.br\/ingressos-carnaval-rio\/frisas-carnaval-sambodromo\/","title":{"rendered":"Frisas Carnaval"},"content":{"rendered":"<div class=\"panel-grid\" id=\"pg-0\"><div class=\"panel-grid-cell\" id=\"pgc-0-0\"><div class=\"panel widget widget_button panel-first-child\" id=\"panel-0-0-0\"><div class=\"button-container align-full\">\t\t\t<a href=\"http:\/\/carnaval.ticketrio.com.br\/sambodromo\/\" class=\"cta-button button \">\r\n\t\t\t\t<span>SAMB\u00d3DROMO<\/span>\r\n\t\t\t<\/a>\r\n\t\t\t<\/div><\/div><div class=\"panel widget widget_button\" id=\"panel-0-0-1\"><div class=\"button-container align-full\">\t\t\t<a href=\"http:\/\/carnaval.ticketrio.com.br\/sambodromo\/ordem-do-desfile-sambodromo\/\" class=\"cta-button button \">\r\n\t\t\t\t<span>ORDEM DOS DESFILES<\/span>\r\n\t\t\t<\/a>\r\n\t\t\t<\/div><\/div><div class=\"panel widget widget_button\" id=\"panel-0-0-2\"><div class=\"button-container align-full\">\t\t\t<a href=\"http:\/\/carnaval.ticketrio.com.br\/sambodromo\/transporte-sambdromo-hotel-carnaval\/\" class=\"cta-button button \">\r\n\t\t\t\t<span>TRANSPORTE<\/span>\r\n\t\t\t<\/a>\r\n\t\t\t<\/div><\/div><div class=\"panel widget widget_button panel-last-child\" id=\"panel-0-0-3\"><div class=\"button-container align-full\">\t\t\t<a href=\"http:\/\/carnaval.ticketrio.com.br\/sambodromo\/hoteis\/\" class=\"cta-button button \">\r\n\t\t\t\t<span>HOT\u00c9IS<\/span>\r\n\t\t\t<\/a>\r\n\t\t\t<\/div><\/div><\/div><div class=\"panel-grid-cell\" id=\"pgc-0-1\"><div class=\"panel widget widget_siteorigin-image panel-first-child panel-last-child\" id=\"panel-0-1-0\"><a href=\"http:\/\/carnaval.ticketrio.com.br\/ingresso-carnaval-rio-2014\/frisas-carnaval-sambodromo\/\"><img decoding=\"async\" src=\"http:\/\/carnaval.ticketrio.com.br\/wp-content\/uploads\/2013\/03\/FRISAS2.jpg\" \/><\/a><\/div><\/div><div class=\"panel-grid-cell\" id=\"pgc-0-2\"><div class=\"panel widget widget_siteorigin-image panel-first-child panel-last-child\" id=\"panel-0-2-0\"><a href=\"http:\/\/carnaval.ticketrio.com.br\/ingresso-carnaval-rio-2014\/arquibancadas-carnaval-sambodromo\/\"><img decoding=\"async\" src=\"http:\/\/carnaval.ticketrio.com.br\/wp-content\/uploads\/2013\/03\/ARQUIBANCADAS2.jpg\" \/><\/a><\/div><\/div><div class=\"panel-grid-cell\" id=\"pgc-0-3\"><div class=\"panel widget widget_siteorigin-image panel-first-child panel-last-child\" id=\"panel-0-3-0\"><a href=\"http:\/\/carnaval.ticketrio.com.br\/ingresso-carnaval-rio-2014\/cadeiras-de-pista-sambodromo\/\"><img decoding=\"async\" src=\"http:\/\/carnaval.ticketrio.com.br\/wp-content\/uploads\/2013\/03\/CADEIRAS2.jpg\" \/><\/a><\/div><\/div><div class=\"panel-grid-cell\" id=\"pgc-0-4\"><div class=\"panel widget widget_siteorigin-image panel-first-child panel-last-child\" id=\"panel-0-4-0\"><a href=\"http:\/\/carnaval.ticketrio.com.br\/ingresso-carnaval-rio-2014\/camarotes-carnaval-ingresso-sambodromo-2014\/\"><img decoding=\"async\" src=\"http:\/\/carnaval.ticketrio.com.br\/wp-content\/uploads\/2013\/03\/CAMAROTES2.jpg\" \/><\/a><\/div><\/div>\t<div class=\"clear\"><\/div><\/div><div class=\"panel-grid\" id=\"pg-1\"><div class=\"panel-grid-cell\" id=\"pgc-1-0\"><div class=\"panel widget widget_text panel-first-child panel-last-child\" id=\"panel-1-0-0\">\t\t\t<div class=\"textwidget\"><h1><span style=\"color: #003366;\"><strong>FRISAS<\/strong><\/span><\/h1>\n<h2>Box descoberto com 6 lugares, fechado, com entrada privativa e pra\u00e7a de alimenta\u00e7\u00e3o.<\/h2>\n<p style=\"text-align: justify;\">Todas as frisas do Samb\u00f3dromo est\u00e3o localizadas ao longo da passarela do samba dos setores \u00edmpares e pares, em quatro filas (A, B, C &amp; D). A Fila A est\u00e1 ao mesmo n\u00edvel e mais pr\u00f3xima da Avenida. Cada frisa possui 6 cadeiras. Os ingressos para as frisas s\u00e3o adquiridos individualmente ou pelo conjunto de 6 lugares.<\/p>\n<p>\u00b7 Box descoberto com 6 lugares, fechado, com entrada privativa e servi\u00e7o de gar\u00e7om.<\/p>\n<p>\u00b7 Vacant or full<\/p>\n<p><span style=\"color: #003366;\"><strong>Package includes:<\/strong> <\/span>Tickets + gifts<\/p>\n<p><strong><span style=\"color: #003366;\">Informantins:<\/span><\/strong> Phones: (5521) 2025-5000 \/ 3982-1515 \/ 8636-1515\/ 7879-0895\/ ID: 12*30571<\/p>\n<p><strong><span style=\"color: #003366;\">Email:<\/span> <\/strong> <a href=\"mailto:atendimento@ticketrio.com.br\"> atendimento@ticketrio.com.br <\/a> \/ <a href=\"mailto:vendas@barramidia.com.br\"> vendas@barramidia.com.br<\/a><\/p>\n<\/div>\n\t\t<\/div><\/div><div class=\"panel-grid-cell\" id=\"pgc-1-1\"><div class=\"panel widget widget_text panel-first-child panel-last-child\" id=\"panel-1-1-0\">\t\t\t<div class=\"textwidget\">ngg_shortcode_0_placeholder<\/div>\n\t\t<\/div><\/div>\t<div class=\"clear\"><\/div><\/div><div class=\"panel-grid\" id=\"pg-2\"><div class=\"panel-grid-cell\" id=\"pgc-2-0\"><div class=\"panel widget widget_text panel-first-child panel-last-child\" id=\"panel-2-0-0\">\t\t\t<div class=\"textwidget\"><a href=\"http:\/\/loja.ticketrio.com.br\/\" target=\"_blank\" rel=\"noopener\"><img decoding=\"async\" class=\"alignright size-full wp-image-179\" title=\"CLIQUE AQUI\" src=\"http:\/\/carnaval.ticketrio.com.br\/wp-content\/uploads\/2013\/03\/compreaqui.png\"\/><\/a><h1><span style=\"color: #003366;\">FRISAS FILA A\/B <\/span><\/h1><\/div>\n\t\t<\/div><\/div><div class=\"panel-grid-cell\" id=\"pgc-2-1\"><div class=\"panel widget widget_text panel-first-child panel-last-child\" id=\"panel-2-1-0\">\t\t\t<div class=\"textwidget\"><a href=\"http:\/\/loja.ticketrio.com.br\/frisa-filas-c-d\"_blank\"><img decoding=\"async\" class=\"alignright size-full wp-image-179\" title=\"CLIQUE AQUI\" src=\"http:\/\/carnaval.ticketrio.com.br\/wp-content\/uploads\/2013\/03\/compreaqui.png\"\/><\/a><h1><span style=\"color: #003366;\">FRISAS FILA C\/D <\/span><\/h1><\/div>\n\t\t<\/div><\/div>\t<div class=\"clear\"><\/div><\/div>","protected":false},"excerpt":{"rendered":"<p>SAMB\u00d3DROMO ORDEM DOS DESFILES TRANSPORTE HOT\u00c9IS FRISAS Box descoberto com 6 lugares, fechado, com entrada privativa e pra\u00e7a de alimenta\u00e7\u00e3o. Todas as frisas do Samb\u00f3dromo est\u00e3o localizadas ao longo da passarela do samba dos setores \u00edmpares e pares, em quatro filas (A, B, C &amp; D). A Fila A est\u00e1 ao mesmo n\u00edvel e mais [&hellip;]<\/p>\n","protected":false},"author":1,"featured_media":0,"parent":2477,"menu_order":3,"comment_status":"closed","ping_status":"closed","template":"page-full.php","meta":{"ngg_post_thumbnail":0,"footnotes":""},"class_list":["post-99","page","type-page","status-publish","hentry"],"yoast_head":"<!-- This site is optimized with the Yoast SEO plugin v23.5 - https:\/\/yoast.com\/wordpress\/plugins\/seo\/ -->\n<title>Frisas Carnaval - Ticket Rio - Billets Carnaval Rio, Karneval Rio de Janeiro Tickets, Tickets for Rio Carnival Sambadrome, Boletos Carnaval Rio, Entradas Carnaval Rio Samb\u00f3dromo<\/title>\n<meta name=\"description\" content=\"rio carnival sambadrome tickets. Rio Carnaval Samb\u00f3dromo 2018. Rio Carnaval Entradas Samb\u00f3dromo. Rio Parade Tickets. Rio Carnaval billets. Rio karneval tickets. Rio carnavales biglietti.\" \/>\n<meta name=\"robots\" content=\"index, follow, max-snippet:-1, max-image-preview:large, max-video-preview:-1\" \/>\n<link rel=\"canonical\" href=\"https:\/\/carnaval.ticketrio.com.br\/ingressos-carnaval-rio\/frisas-carnaval-sambodromo\/\" \/>\n<meta property=\"og:locale\" content=\"es_ES\" \/>\n<meta property=\"og:type\" content=\"article\" \/>\n<meta property=\"og:title\" content=\"Frisas Carnaval - Ticket Rio - Billets Carnaval Rio, Karneval Rio de Janeiro Tickets, Tickets for Rio Carnival Sambadrome, Boletos Carnaval Rio, Entradas Carnaval Rio Samb\u00f3dromo\" \/>\n<meta property=\"og:description\" content=\"rio carnival sambadrome tickets. Rio Carnaval Samb\u00f3dromo 2018. Rio Carnaval Entradas Samb\u00f3dromo. Rio Parade Tickets. Rio Carnaval billets. Rio karneval tickets. Rio carnavales biglietti.\" \/>\n<meta property=\"og:url\" content=\"https:\/\/carnaval.ticketrio.com.br\/ingressos-carnaval-rio\/frisas-carnaval-sambodromo\/\" \/>\n<meta property=\"og:site_name\" content=\"Ticket Rio - Billets Carnaval Rio, Karneval Rio de Janeiro Tickets, Tickets for Rio Carnival Sambadrome, Boletos Carnaval Rio, Entradas Carnaval Rio Samb\u00f3dromo\" \/>\n<meta property=\"article:modified_time\" content=\"2018-06-19T17:21:48+00:00\" \/>\n<meta property=\"og:image\" content=\"http:\/\/carnaval.ticketrio.com.brwp-content\/uploads\/2013\/03\/compreaqui.png\" \/>\n<meta name=\"twitter:card\" content=\"summary_large_image\" \/>\n<meta name=\"twitter:label1\" content=\"Tiempo de lectura\" \/>\n\t<meta name=\"twitter:data1\" content=\"1 minuto\" \/>\n<script type=\"application\/ld+json\" class=\"yoast-schema-graph\">{\"@context\":\"https:\/\/schema.org\",\"@graph\":[{\"@type\":\"WebPage\",\"@id\":\"https:\/\/carnaval.ticketrio.com.br\/ingressos-carnaval-rio\/frisas-carnaval-sambodromo\/\",\"url\":\"https:\/\/carnaval.ticketrio.com.br\/ingressos-carnaval-rio\/frisas-carnaval-sambodromo\/\",\"name\":\"Frisas Carnaval - Ticket Rio - Billets Carnaval Rio, Karneval Rio de Janeiro Tickets, Tickets for Rio Carnival Sambadrome, Boletos Carnaval Rio, Entradas Carnaval Rio Samb\u00f3dromo\",\"isPartOf\":{\"@id\":\"https:\/\/carnaval.ticketrio.com.br\/#website\"},\"primaryImageOfPage\":{\"@id\":\"https:\/\/carnaval.ticketrio.com.br\/ingressos-carnaval-rio\/frisas-carnaval-sambodromo\/#primaryimage\"},\"image\":{\"@id\":\"https:\/\/carnaval.ticketrio.com.br\/ingressos-carnaval-rio\/frisas-carnaval-sambodromo\/#primaryimage\"},\"thumbnailUrl\":\"http:\/\/carnaval.ticketrio.com.brwp-content\/uploads\/2013\/03\/compreaqui.png\",\"datePublished\":\"2013-03-07T17:07:41+00:00\",\"dateModified\":\"2018-06-19T17:21:48+00:00\",\"description\":\"rio carnival sambadrome tickets. Rio Carnaval Samb\u00f3dromo 2018. Rio Carnaval Entradas Samb\u00f3dromo. Rio Parade Tickets. Rio Carnaval billets. Rio karneval tickets. Rio carnavales biglietti.\",\"breadcrumb\":{\"@id\":\"https:\/\/carnaval.ticketrio.com.br\/ingressos-carnaval-rio\/frisas-carnaval-sambodromo\/#breadcrumb\"},\"inLanguage\":\"es\",\"potentialAction\":[{\"@type\":\"ReadAction\",\"target\":[\"https:\/\/carnaval.ticketrio.com.br\/ingressos-carnaval-rio\/frisas-carnaval-sambodromo\/\"]}]},{\"@type\":\"ImageObject\",\"inLanguage\":\"es\",\"@id\":\"https:\/\/carnaval.ticketrio.com.br\/ingressos-carnaval-rio\/frisas-carnaval-sambodromo\/#primaryimage\",\"url\":\"http:\/\/carnaval.ticketrio.com.brwp-content\/uploads\/2013\/03\/compreaqui.png\",\"contentUrl\":\"http:\/\/carnaval.ticketrio.com.brwp-content\/uploads\/2013\/03\/compreaqui.png\"},{\"@type\":\"BreadcrumbList\",\"@id\":\"https:\/\/carnaval.ticketrio.com.br\/ingressos-carnaval-rio\/frisas-carnaval-sambodromo\/#breadcrumb\",\"itemListElement\":[{\"@type\":\"ListItem\",\"position\":1,\"name\":\"In\u00edcio\",\"item\":\"https:\/\/carnaval.ticketrio.com.br\/\"},{\"@type\":\"ListItem\",\"position\":2,\"name\":\"Ingressos Carnaval Rio\",\"item\":\"https:\/\/carnaval.ticketrio.com.br\/ingressos-carnaval-rio\/\"},{\"@type\":\"ListItem\",\"position\":3,\"name\":\"Frisas Carnaval\"}]},{\"@type\":\"WebSite\",\"@id\":\"https:\/\/carnaval.ticketrio.com.br\/#website\",\"url\":\"https:\/\/carnaval.ticketrio.com.br\/\",\"name\":\"Ticket Rio - Billets Carnaval Rio, Karneval Rio de Janeiro Tickets, Tickets for Rio Carnival Sambadrome, Boletos Carnaval Rio, Entradas Carnaval Rio Samb\u00f3dromo\",\"description\":\"Billets Carnaval Rio, Karneval Rio de Janeiro Tickets, Tickets for Rio Carnival Sambadrome, Boletos Carnaval Rio, Entradas Carnaval Rio Samb\u00f3dromo\",\"potentialAction\":[{\"@type\":\"SearchAction\",\"target\":{\"@type\":\"EntryPoint\",\"urlTemplate\":\"https:\/\/carnaval.ticketrio.com.br\/?s={search_term_string}\"},\"query-input\":{\"@type\":\"PropertyValueSpecification\",\"valueRequired\":true,\"valueName\":\"search_term_string\"}}],\"inLanguage\":\"es\"}]}<\/script>\n<!-- \/ Yoast SEO plugin. -->","yoast_head_json":{"title":"Frisas Carnaval - Ticket Rio - Billets Carnaval Rio, Karneval Rio de Janeiro Tickets, Tickets for Rio Carnival Sambadrome, Boletos Carnaval Rio, Entradas Carnaval Rio Samb\u00f3dromo","description":"rio carnival sambadrome tickets. Rio Carnaval Samb\u00f3dromo 2018. Rio Carnaval Entradas Samb\u00f3dromo. Rio Parade Tickets. Rio Carnaval billets. Rio karneval tickets. Rio carnavales biglietti.","robots":{"index":"index","follow":"follow","max-snippet":"max-snippet:-1","max-image-preview":"max-image-preview:large","max-video-preview":"max-video-preview:-1"},"canonical":"https:\/\/carnaval.ticketrio.com.br\/ingressos-carnaval-rio\/frisas-carnaval-sambodromo\/","og_locale":"es_ES","og_type":"article","og_title":"Frisas Carnaval - Ticket Rio - Billets Carnaval Rio, Karneval Rio de Janeiro Tickets, Tickets for Rio Carnival Sambadrome, Boletos Carnaval Rio, Entradas Carnaval Rio Samb\u00f3dromo","og_description":"rio carnival sambadrome tickets. Rio Carnaval Samb\u00f3dromo 2018. Rio Carnaval Entradas Samb\u00f3dromo. Rio Parade Tickets. Rio Carnaval billets. Rio karneval tickets. Rio carnavales biglietti.","og_url":"https:\/\/carnaval.ticketrio.com.br\/ingressos-carnaval-rio\/frisas-carnaval-sambodromo\/","og_site_name":"Ticket Rio - Billets Carnaval Rio, Karneval Rio de Janeiro Tickets, Tickets for Rio Carnival Sambadrome, Boletos Carnaval Rio, Entradas Carnaval Rio Samb\u00f3dromo","article_modified_time":"2018-06-19T17:21:48+00:00","og_image":[{"url":"http:\/\/carnaval.ticketrio.com.brwp-content\/uploads\/2013\/03\/compreaqui.png"}],"twitter_card":"summary_large_image","twitter_misc":{"Tiempo de lectura":"1 minuto"},"schema":{"@context":"https:\/\/schema.org","@graph":[{"@type":"WebPage","@id":"https:\/\/carnaval.ticketrio.com.br\/ingressos-carnaval-rio\/frisas-carnaval-sambodromo\/","url":"https:\/\/carnaval.ticketrio.com.br\/ingressos-carnaval-rio\/frisas-carnaval-sambodromo\/","name":"Frisas Carnaval - Ticket Rio - Billets Carnaval Rio, Karneval Rio de Janeiro Tickets, Tickets for Rio Carnival Sambadrome, Boletos Carnaval Rio, Entradas Carnaval Rio Samb\u00f3dromo","isPartOf":{"@id":"https:\/\/carnaval.ticketrio.com.br\/#website"},"primaryImageOfPage":{"@id":"https:\/\/carnaval.ticketrio.com.br\/ingressos-carnaval-rio\/frisas-carnaval-sambodromo\/#primaryimage"},"image":{"@id":"https:\/\/carnaval.ticketrio.com.br\/ingressos-carnaval-rio\/frisas-carnaval-sambodromo\/#primaryimage"},"thumbnailUrl":"http:\/\/carnaval.ticketrio.com.brwp-content\/uploads\/2013\/03\/compreaqui.png","datePublished":"2013-03-07T17:07:41+00:00","dateModified":"2018-06-19T17:21:48+00:00","description":"rio carnival sambadrome tickets. Rio Carnaval Samb\u00f3dromo 2018. Rio Carnaval Entradas Samb\u00f3dromo. Rio Parade Tickets. Rio Carnaval billets. Rio karneval tickets. Rio carnavales biglietti.","breadcrumb":{"@id":"https:\/\/carnaval.ticketrio.com.br\/ingressos-carnaval-rio\/frisas-carnaval-sambodromo\/#breadcrumb"},"inLanguage":"es","potentialAction":[{"@type":"ReadAction","target":["https:\/\/carnaval.ticketrio.com.br\/ingressos-carnaval-rio\/frisas-carnaval-sambodromo\/"]}]},{"@type":"ImageObject","inLanguage":"es","@id":"https:\/\/carnaval.ticketrio.com.br\/ingressos-carnaval-rio\/frisas-carnaval-sambodromo\/#primaryimage","url":"http:\/\/carnaval.ticketrio.com.brwp-content\/uploads\/2013\/03\/compreaqui.png","contentUrl":"http:\/\/carnaval.ticketrio.com.brwp-content\/uploads\/2013\/03\/compreaqui.png"},{"@type":"BreadcrumbList","@id":"https:\/\/carnaval.ticketrio.com.br\/ingressos-carnaval-rio\/frisas-carnaval-sambodromo\/#breadcrumb","itemListElement":[{"@type":"ListItem","position":1,"name":"In\u00edcio","item":"https:\/\/carnaval.ticketrio.com.br\/"},{"@type":"ListItem","position":2,"name":"Ingressos Carnaval Rio","item":"https:\/\/carnaval.ticketrio.com.br\/ingressos-carnaval-rio\/"},{"@type":"ListItem","position":3,"name":"Frisas Carnaval"}]},{"@type":"WebSite","@id":"https:\/\/carnaval.ticketrio.com.br\/#website","url":"https:\/\/carnaval.ticketrio.com.br\/","name":"Ticket Rio - Billets Carnaval Rio, Karneval Rio de Janeiro Tickets, Tickets for Rio Carnival Sambadrome, Boletos Carnaval Rio, Entradas Carnaval Rio Samb\u00f3dromo","description":"Billets Carnaval Rio, Karneval Rio de Janeiro Tickets, Tickets for Rio Carnival Sambadrome, Boletos Carnaval Rio, Entradas Carnaval Rio Samb\u00f3dromo","potentialAction":[{"@type":"SearchAction","target":{"@type":"EntryPoint","urlTemplate":"https:\/\/carnaval.ticketrio.com.br\/?s={search_term_string}"},"query-input":{"@type":"PropertyValueSpecification","valueRequired":true,"valueName":"search_term_string"}}],"inLanguage":"es"}]}},"_links":{"self":[{"href":"https:\/\/carnaval.ticketrio.com.br\/es\/wp-json\/wp\/v2\/pages\/99"}],"collection":[{"href":"https:\/\/carnaval.ticketrio.com.br\/es\/wp-json\/wp\/v2\/pages"}],"about":[{"href":"https:\/\/carnaval.ticketrio.com.br\/es\/wp-json\/wp\/v2\/types\/page"}],"author":[{"embeddable":true,"href":"https:\/\/carnaval.ticketrio.com.br\/es\/wp-json\/wp\/v2\/users\/1"}],"replies":[{"embeddable":true,"href":"https:\/\/carnaval.ticketrio.com.br\/es\/wp-json\/wp\/v2\/comments?post=99"}],"version-history":[{"count":46,"href":"https:\/\/carnaval.ticketrio.com.br\/es\/wp-json\/wp\/v2\/pages\/99\/revisions"}],"predecessor-version":[{"id":978,"href":"https:\/\/carnaval.ticketrio.com.br\/es\/wp-json\/wp\/v2\/pages\/99\/revisions\/978"}],"up":[{"embeddable":true,"href":"https:\/\/carnaval.ticketrio.com.br\/es\/wp-json\/wp\/v2\/pages\/2477"}],"wp:attachment":[{"href":"https:\/\/carnaval.ticketrio.com.br\/es\/wp-json\/wp\/v2\/media?parent=99"}],"curies":[{"name":"wp","href":"https:\/\/api.w.org\/{rel}","templated":true}]}}