{"id":147,"date":"2013-03-11T13:27:28","date_gmt":"2013-03-11T13:27:28","guid":{"rendered":"http:\/\/www.ticketrio.com.br\/site\/?page_id=147"},"modified":"2018-06-19T15:24:57","modified_gmt":"2018-06-19T15:24:57","slug":"ingressos-carnaval-sambodromo-rj","status":"publish","type":"page","link":"https:\/\/carnaval.ticketrio.com.br\/ingressos-carnaval-sambodromo-rj\/","title":{"rendered":"Samb\u00f3dromo"},"content":{"rendered":"<div class=\"panel-grid\" id=\"pg-0\"><div class=\"panel-grid-cell\" id=\"pgc-0-0\"><div class=\"panel widget widget_button panel-first-child panel-last-child\" id=\"panel-0-0-0\"><div class=\"button-container align-center\">\t\t\t<a href=\"http:\/\/carnaval.ticketrio.com.br\/ingresso-carnaval-rio-2014\/\" class=\"cta-button button \">\r\n\t\t\t\t<span>INGRESSOS<\/span>\r\n\t\t\t<\/a>\r\n\t\t\t<\/div><\/div><\/div><div class=\"panel-grid-cell\" id=\"pgc-0-1\"><div class=\"panel widget widget_button panel-first-child panel-last-child\" id=\"panel-0-1-0\"><div class=\"button-container align-full\">\t\t\t<a href=\"http:\/\/carnaval.ticketrio.com.br\/sambodromo\/ordem-do-desfile-sambodromo\/\" class=\"cta-button button \">\r\n\t\t\t\t<span>ORDEM DOS DESFILE<\/span>\r\n\t\t\t<\/a>\r\n\t\t\t<\/div><\/div><\/div><div class=\"panel-grid-cell\" id=\"pgc-0-2\"><div class=\"panel widget widget_button panel-first-child panel-last-child\" id=\"panel-0-2-0\"><div class=\"button-container align-full\">\t\t\t<a href=\"http:\/\/carnaval.ticketrio.com.br\/sambodromo\/mapa-sambodromo\/\" class=\"cta-button button \">\r\n\t\t\t\t<span>MAPA SAMB\u00d3DROMO<\/span>\r\n\t\t\t<\/a>\r\n\t\t\t<\/div><\/div><\/div><div class=\"panel-grid-cell\" id=\"pgc-0-3\"><div class=\"panel widget widget_button panel-first-child panel-last-child\" id=\"panel-0-3-0\"><div class=\"button-container align-full\">\t\t\t<a href=\"http:\/\/carnaval.ticketrio.com.br\/servicos\/transporte-sambdromo-hotel-carnaval\/\" class=\"cta-button button \">\r\n\t\t\t\t<span>TRANSPORTE<\/span>\r\n\t\t\t<\/a>\r\n\t\t\t<\/div><\/div><\/div><div class=\"panel-grid-cell\" id=\"pgc-0-4\"><div class=\"panel widget widget_button panel-first-child panel-last-child\" id=\"panel-0-4-0\"><div class=\"button-container align-full\">\t\t\t<a href=\"http:\/\/carnaval.ticketrio.com.br\/sambodromo\/hoteis\/\" class=\"cta-button button \">\r\n\t\t\t\t<span>HOT\u00c9IS<\/span>\r\n\t\t\t<\/a>\r\n\t\t\t<\/div><\/div><\/div>\t<div class=\"clear\"><\/div><\/div><div class=\"panel-grid\" id=\"pg-1\"><div class=\"panel-grid-cell\" id=\"pgc-1-0\"><div class=\"panel widget widget_text panel-first-child\" id=\"panel-1-0-0\">\t\t\t<div class=\"textwidget\"><h1><span style=\"color: #003366;\"><strong>INFORMA\u00c7\u00d5ES GERAIS SAMB\u00d3DROMO<\/strong><\/span><\/h1>\n<p style=\"text-align: justify;\"><span style=\"line-height: 1.6em;\">O Samb\u00f3dromo \u00e9 dividido em 13 setores. O valor dos ingressos de cada setor depende do posicionamento e da vista para a Avenida. Os setores \u00edmpares de um lado e os pares do outro. Os n\u00fameros aumentam em dire\u00e7\u00e3o ao final da Avenida.<\/span><\/p>\n<p style=\"text-align: justify;\">Todos os setores consistem de arquibancadas, frisas e camarotes. As frisas se encontram \u00e0 frente das arquibancadas, tendo sua fila A, mais pr\u00f3xima da pista de desfiles do Samb\u00f3dromo. Os camarotes est\u00e3o localizados entre os setores, e tamb\u00e9m acima das frisas, logo atr\u00e1s da fila D, proporcionando uma excelente vista da \u00e1rea de desfile.<\/p>\n<p style=\"text-align: justify;\">Somente a arquibancada do setor 9, popularmente conhecido como Setor Tur\u00edstico ou Setor nobre, oferece lugares numerados, todos as outras arquibancadas n\u00e3o s\u00e3o numeradas. O setor 09 possui excelente vista. O pre\u00e7o do ingresso para este setor \u00e9 mais elevado porque \u00e9 mais organizado, e voc\u00ea ter\u00e1 seu lugar marcado por toda a noite, diferente das outras arquibancadas.<\/p>\n<p style=\"text-align: justify;\"><span style=\"color: #003366;\"><strong>Como Chegar ao Samb\u00f3dromo<\/strong><\/span><br \/>\nComo sugest\u00e3o para que sua chegada ao Samb\u00f3dromo seja da melhor forma poss\u00edvel e tamb\u00e9m mais segura, oferecemos um Servi\u00e7o de Transfer do Samb\u00f3dromo. Verifique nossos pre\u00e7os.<br \/>\nVoc\u00ea tamb\u00e9m pode chegar de metr\u00f4, \u00f4nibus ou simplesmente tomando um t\u00e1xi. Lembre-se de que estes meios de transporte o deixar\u00e3o a uma distancia do Samb\u00f3dromo que requerer\u00e1 algum tempo de caminhada.<br \/>\nN\u00e3o h\u00e1 conex\u00e3o entre os lados par e \u00edmpar. Sua rota para o Samb\u00f3dromo vai depender do seu setor.<\/p>\n<p style=\"text-align: justify;\"><span style=\"color: #003366;\"><strong>Metr\u00f4<\/strong><\/span><br \/>\nFunciona nos dias de Carnaval at\u00e9 as 23h de ter\u00e7a-feira, com intervalos de 10 minutos. \u00c9 r\u00e1pido, por\u00e9m lotado nos dias de Carnaval. \u00c9 a melhor op\u00e7\u00e3o para deix\u00e1-lo mais perto do Samb\u00f3dromo, comparado com os \u00f4nibus de linha e t\u00e1xis sem credenciais, que o deixar\u00e3o a uma dist\u00e2ncia razo\u00e1vel do seu setor no Samb\u00f3dromo.<\/p>\n<p style=\"text-align: justify;\"><span style=\"color: #003366;\"><strong>Setores Pares<\/strong><\/span><br \/>\nO melhor acesso aos setores pares \u00e9 a esta\u00e7\u00e3o Pra\u00e7a Onze. Uma vez fora da esta\u00e7\u00e3o, vire duas vezes \u00e0 direita e depois siga em frente. Para os setores 10 e 12, tomar Rua Carmo Neto e caminhar pela Av. Prof. Salvador de S\u00e1. Voc\u00ea ver\u00e1 o Samb\u00f3dromo rapidamente.<\/p>\n<p style=\"text-align: justify;\"><span style=\"color: #003366;\"><strong>Setores \u00cdmpares<\/strong><\/span><br \/>\nA esta\u00e7\u00e3o mais pr\u00f3xima \u00e9 a Central. Des\u00e7a nessa parada e siga o fluxo das pessoas, pois certamente a maioria estar\u00e1 se dirigindo ao mesmo local que voc\u00ea. A esta\u00e7\u00e3o esta a menos de um quilometro do samb\u00f3dromo, e ao longo do caminho voc\u00ea ver\u00e1 carros aleg\u00f3ricos e o famoso Terreir\u00e3o do Samba. Depois de passar por eles, dobre \u00e0 esquerda e continue at\u00e9 achar o seu setor, identificado por grandes placas bastante vis\u00edveis.<\/p>\n<p style=\"text-align: justify;\"><span style=\"color: #003366;\"><strong>Quando chegar<\/strong><\/span><br \/>\nAs portas abrem \u00e0s 17h00. Algumas pessoas que n\u00e3o possuem ingressos para lugares numerados costumam chegar cedo para garantir os melhores lugares.<br \/>\nA abertura dos desfiles \u00e9 feita pelo Rei Momo, que atravessa a avenida saudando os espectadores.<br \/>\nEm m\u00e9dia uma pessoa assiste a um numero que varia de 3 a 5 escolas de samba. Assim, chegando por volta das 22:00h voc\u00ea chegara no momento em que a festa ter\u00e1 atingido o seu auge. Se voc\u00ea possuir um ingresso de arquibancada, sem lugar marcado e est\u00e1 saud\u00e1vel o suficiente para a maratona de 12 horas, chegue cedo e sente-se onde quiser.<\/p>\n<p style=\"text-align: justify;\"><span style=\"color: #003366;\"><strong>Localiza\u00e7\u00e3o<\/strong><\/span><br \/>\nO Samb\u00f3dromo localiza-se na regi\u00e3o conhecida como ber\u00e7o do samba. Come\u00e7a na Avenida Presidente Vargas, perto da Pra\u00e7a Quinze e termina na Rua Frei Caneca. A grande pra\u00e7a ao final da avenida \u00e9 coroada por um imenso e memor\u00e1vel arco de concreto, chamada de Pra\u00e7a da Apoteose. A avenida foi batizada Professor Darcy Ribeiro, tendo em vista que foi ele quem idealizou os desfiles em uma estrutura fixa, pois anteriormente as estruturas eram montadas para o evento. Trata-se de uma passarela de aproximadamente 700 metros de extens\u00e3o.<\/p>\n<p style=\"text-align: justify;\"><span style=\"color: #003366;\"><strong>Facilidades<\/strong><\/span><br \/>\nH\u00e1 bares com comidas e bebidas, banheiros em cada setor Samb\u00f3dromo. Al\u00e9m disso, todos t\u00eam acesso, a \u00e1rea livre, um espa\u00e7o que existe por tr\u00e1s das arquibancadas no Samb\u00f3dromo, onde com restaurantes, sorveterias, lojas de souvenirs e mais banheiros.<\/p>\n<p style=\"text-align: justify;\"><span style=\"color: #003366;\"><strong>Seguran\u00e7a<\/strong><\/span><br \/>\nNos dias de desfile, o Samb\u00f3dromo \u00e9 considerado o lugar mais seguro na Am\u00e9rica do Sul. H\u00e1 uma concentra\u00e7\u00e3o muito elevada de celebridades internacionais, pol\u00edticos e membros de fam\u00edlias reais entre a multid\u00e3o. O Samb\u00f3dromo \u00e9 cercado por grades enormes pelas quais ningu\u00e9m pode passar sem ser revistado, por raz\u00f5es comerciais e de seguran\u00e7a.<\/p>\n<p style=\"text-align: justify;\"><span style=\"color: #003366;\"><strong>O que levar<\/strong><\/span><br \/>\nEsteja preparado para o fato de que apenas sandu\u00edches estar\u00e3o dispon\u00edveis no Samb\u00f3dromo. Voc\u00ea pode tamb\u00e9m levar recipientes de pl\u00e1stico com bebidas e alguns alimentos, como sandu\u00edches e frutas. Isopor, garrafas, vidros e fogos de artif\u00edcios s\u00e3o proibidos.<br \/>\nGuarda-chuvas n\u00e3o s\u00e3o uma boa id\u00e9ia, pois podem facilmente atrapalhar a vis\u00e3o de quem estiver atr\u00e1s de voc\u00ea assistindo aos desfiles.<br \/>\nComo a noite do desfile \u00e9 muito longa e vai at\u00e9 o amanhecer, algumas pessoas levam pequenas almofadas para sentar e assistir mais comodamente ao espet\u00e1culo.<br \/>\n.<\/p>\n<\/div>\n\t\t<\/div><div class=\"panel widget widget_siteorigin-image panel-last-child\" id=\"panel-1-0-1\"><img decoding=\"async\" src=\"http:\/\/carnaval.ticketrio.com.br\/wp-content\/uploads\/2015\/05\/2012_LIESA_MAPA-SAMBODROMO_Normal.jpg\" \/><\/div><\/div>\t<div class=\"clear\"><\/div><\/div>","protected":false},"excerpt":{"rendered":"<p>INGRESSOS ORDEM DOS DESFILE MAPA SAMB\u00d3DROMO TRANSPORTE HOT\u00c9IS INFORMA\u00c7\u00d5ES GERAIS SAMB\u00d3DROMO O Samb\u00f3dromo \u00e9 dividido em 13 setores. O valor dos ingressos de cada setor depende do posicionamento e da vista para a Avenida. Os setores \u00edmpares de um lado e os pares do outro. Os n\u00fameros aumentam em dire\u00e7\u00e3o ao final da Avenida. Todos [&hellip;]<\/p>\n","protected":false},"author":1,"featured_media":0,"parent":0,"menu_order":3,"comment_status":"closed","ping_status":"closed","template":"page-full.php","meta":{"ngg_post_thumbnail":0,"footnotes":""},"class_list":["post-147","page","type-page","status-publish","hentry"],"yoast_head":"<!-- This site is optimized with the Yoast SEO plugin v23.5 - https:\/\/yoast.com\/wordpress\/plugins\/seo\/ -->\n<title>Samb\u00f3dromo - Ticket Rio - Billets Carnaval Rio, Karneval Rio de Janeiro Tickets, Tickets for Rio Carnival Sambadrome, Boletos Carnaval Rio, Entradas Carnaval Rio Samb\u00f3dromo<\/title>\n<meta name=\"description\" content=\"rio carnival sambadrome tickets. Rio Carnaval Samb\u00f3dromo 2018. Rio Carnaval Entradas Samb\u00f3dromo. Rio Parade Tickets. Rio Carnaval billets. Rio karneval tickets. Rio carnavales biglietti.\" \/>\n<meta name=\"robots\" content=\"index, follow, max-snippet:-1, max-image-preview:large, max-video-preview:-1\" \/>\n<link rel=\"canonical\" href=\"https:\/\/carnaval.ticketrio.com.br\/ingressos-carnaval-sambodromo-rj\/\" \/>\n<meta property=\"og:locale\" content=\"fr_FR\" \/>\n<meta property=\"og:type\" content=\"article\" \/>\n<meta property=\"og:title\" content=\"Samb\u00f3dromo - Ticket Rio - Billets Carnaval Rio, Karneval Rio de Janeiro Tickets, Tickets for Rio Carnival Sambadrome, Boletos Carnaval Rio, Entradas Carnaval Rio Samb\u00f3dromo\" \/>\n<meta property=\"og:description\" content=\"rio carnival sambadrome tickets. Rio Carnaval Samb\u00f3dromo 2018. Rio Carnaval Entradas Samb\u00f3dromo. Rio Parade Tickets. Rio Carnaval billets. Rio karneval tickets. Rio carnavales biglietti.\" \/>\n<meta property=\"og:url\" content=\"https:\/\/carnaval.ticketrio.com.br\/ingressos-carnaval-sambodromo-rj\/\" \/>\n<meta property=\"og:site_name\" content=\"Ticket Rio - Billets Carnaval Rio, Karneval Rio de Janeiro Tickets, Tickets for Rio Carnival Sambadrome, Boletos Carnaval Rio, Entradas Carnaval Rio Samb\u00f3dromo\" \/>\n<meta property=\"article:modified_time\" content=\"2018-06-19T15:24:57+00:00\" \/>\n<meta name=\"twitter:card\" content=\"summary_large_image\" \/>\n<script type=\"application\/ld+json\" class=\"yoast-schema-graph\">{\"@context\":\"https:\/\/schema.org\",\"@graph\":[{\"@type\":\"WebPage\",\"@id\":\"https:\/\/carnaval.ticketrio.com.br\/ingressos-carnaval-sambodromo-rj\/\",\"url\":\"https:\/\/carnaval.ticketrio.com.br\/ingressos-carnaval-sambodromo-rj\/\",\"name\":\"Samb\u00f3dromo - Ticket Rio - Billets Carnaval Rio, Karneval Rio de Janeiro Tickets, Tickets for Rio Carnival Sambadrome, Boletos Carnaval Rio, Entradas Carnaval Rio Samb\u00f3dromo\",\"isPartOf\":{\"@id\":\"https:\/\/carnaval.ticketrio.com.br\/#website\"},\"datePublished\":\"2013-03-11T13:27:28+00:00\",\"dateModified\":\"2018-06-19T15:24:57+00:00\",\"description\":\"rio carnival sambadrome tickets. Rio Carnaval Samb\u00f3dromo 2018. Rio Carnaval Entradas Samb\u00f3dromo. Rio Parade Tickets. Rio Carnaval billets. Rio karneval tickets. Rio carnavales biglietti.\",\"breadcrumb\":{\"@id\":\"https:\/\/carnaval.ticketrio.com.br\/ingressos-carnaval-sambodromo-rj\/#breadcrumb\"},\"inLanguage\":\"fr-FR\",\"potentialAction\":[{\"@type\":\"ReadAction\",\"target\":[\"https:\/\/carnaval.ticketrio.com.br\/ingressos-carnaval-sambodromo-rj\/\"]}]},{\"@type\":\"BreadcrumbList\",\"@id\":\"https:\/\/carnaval.ticketrio.com.br\/ingressos-carnaval-sambodromo-rj\/#breadcrumb\",\"itemListElement\":[{\"@type\":\"ListItem\",\"position\":1,\"name\":\"In\u00edcio\",\"item\":\"https:\/\/carnaval.ticketrio.com.br\/\"},{\"@type\":\"ListItem\",\"position\":2,\"name\":\"Samb\u00f3dromo\"}]},{\"@type\":\"WebSite\",\"@id\":\"https:\/\/carnaval.ticketrio.com.br\/#website\",\"url\":\"https:\/\/carnaval.ticketrio.com.br\/\",\"name\":\"Ticket Rio - Billets Carnaval Rio, Karneval Rio de Janeiro Tickets, Tickets for Rio Carnival Sambadrome, Boletos Carnaval Rio, Entradas Carnaval Rio Samb\u00f3dromo\",\"description\":\"Billets Carnaval Rio, Karneval Rio de Janeiro Tickets, Tickets for Rio Carnival Sambadrome, Boletos Carnaval Rio, Entradas Carnaval Rio Samb\u00f3dromo\",\"potentialAction\":[{\"@type\":\"SearchAction\",\"target\":{\"@type\":\"EntryPoint\",\"urlTemplate\":\"https:\/\/carnaval.ticketrio.com.br\/?s={search_term_string}\"},\"query-input\":{\"@type\":\"PropertyValueSpecification\",\"valueRequired\":true,\"valueName\":\"search_term_string\"}}],\"inLanguage\":\"fr-FR\"}]}<\/script>\n<!-- \/ Yoast SEO plugin. -->","yoast_head_json":{"title":"Samb\u00f3dromo - Ticket Rio - Billets Carnaval Rio, Karneval Rio de Janeiro Tickets, Tickets for Rio Carnival Sambadrome, Boletos Carnaval Rio, Entradas Carnaval Rio Samb\u00f3dromo","description":"rio carnival sambadrome tickets. Rio Carnaval Samb\u00f3dromo 2018. Rio Carnaval Entradas Samb\u00f3dromo. Rio Parade Tickets. Rio Carnaval billets. Rio karneval tickets. Rio carnavales biglietti.","robots":{"index":"index","follow":"follow","max-snippet":"max-snippet:-1","max-image-preview":"max-image-preview:large","max-video-preview":"max-video-preview:-1"},"canonical":"https:\/\/carnaval.ticketrio.com.br\/ingressos-carnaval-sambodromo-rj\/","og_locale":"fr_FR","og_type":"article","og_title":"Samb\u00f3dromo - Ticket Rio - Billets Carnaval Rio, Karneval Rio de Janeiro Tickets, Tickets for Rio Carnival Sambadrome, Boletos Carnaval Rio, Entradas Carnaval Rio Samb\u00f3dromo","og_description":"rio carnival sambadrome tickets. Rio Carnaval Samb\u00f3dromo 2018. Rio Carnaval Entradas Samb\u00f3dromo. Rio Parade Tickets. Rio Carnaval billets. Rio karneval tickets. Rio carnavales biglietti.","og_url":"https:\/\/carnaval.ticketrio.com.br\/ingressos-carnaval-sambodromo-rj\/","og_site_name":"Ticket Rio - Billets Carnaval Rio, Karneval Rio de Janeiro Tickets, Tickets for Rio Carnival Sambadrome, Boletos Carnaval Rio, Entradas Carnaval Rio Samb\u00f3dromo","article_modified_time":"2018-06-19T15:24:57+00:00","twitter_card":"summary_large_image","schema":{"@context":"https:\/\/schema.org","@graph":[{"@type":"WebPage","@id":"https:\/\/carnaval.ticketrio.com.br\/ingressos-carnaval-sambodromo-rj\/","url":"https:\/\/carnaval.ticketrio.com.br\/ingressos-carnaval-sambodromo-rj\/","name":"Samb\u00f3dromo - Ticket Rio - Billets Carnaval Rio, Karneval Rio de Janeiro Tickets, Tickets for Rio Carnival Sambadrome, Boletos Carnaval Rio, Entradas Carnaval Rio Samb\u00f3dromo","isPartOf":{"@id":"https:\/\/carnaval.ticketrio.com.br\/#website"},"datePublished":"2013-03-11T13:27:28+00:00","dateModified":"2018-06-19T15:24:57+00:00","description":"rio carnival sambadrome tickets. Rio Carnaval Samb\u00f3dromo 2018. Rio Carnaval Entradas Samb\u00f3dromo. Rio Parade Tickets. Rio Carnaval billets. Rio karneval tickets. Rio carnavales biglietti.","breadcrumb":{"@id":"https:\/\/carnaval.ticketrio.com.br\/ingressos-carnaval-sambodromo-rj\/#breadcrumb"},"inLanguage":"fr-FR","potentialAction":[{"@type":"ReadAction","target":["https:\/\/carnaval.ticketrio.com.br\/ingressos-carnaval-sambodromo-rj\/"]}]},{"@type":"BreadcrumbList","@id":"https:\/\/carnaval.ticketrio.com.br\/ingressos-carnaval-sambodromo-rj\/#breadcrumb","itemListElement":[{"@type":"ListItem","position":1,"name":"In\u00edcio","item":"https:\/\/carnaval.ticketrio.com.br\/"},{"@type":"ListItem","position":2,"name":"Samb\u00f3dromo"}]},{"@type":"WebSite","@id":"https:\/\/carnaval.ticketrio.com.br\/#website","url":"https:\/\/carnaval.ticketrio.com.br\/","name":"Ticket Rio - Billets Carnaval Rio, Karneval Rio de Janeiro Tickets, Tickets for Rio Carnival Sambadrome, Boletos Carnaval Rio, Entradas Carnaval Rio Samb\u00f3dromo","description":"Billets Carnaval Rio, Karneval Rio de Janeiro Tickets, Tickets for Rio Carnival Sambadrome, Boletos Carnaval Rio, Entradas Carnaval Rio Samb\u00f3dromo","potentialAction":[{"@type":"SearchAction","target":{"@type":"EntryPoint","urlTemplate":"https:\/\/carnaval.ticketrio.com.br\/?s={search_term_string}"},"query-input":{"@type":"PropertyValueSpecification","valueRequired":true,"valueName":"search_term_string"}}],"inLanguage":"fr-FR"}]}},"_links":{"self":[{"href":"https:\/\/carnaval.ticketrio.com.br\/fr\/wp-json\/wp\/v2\/pages\/147"}],"collection":[{"href":"https:\/\/carnaval.ticketrio.com.br\/fr\/wp-json\/wp\/v2\/pages"}],"about":[{"href":"https:\/\/carnaval.ticketrio.com.br\/fr\/wp-json\/wp\/v2\/types\/page"}],"author":[{"embeddable":true,"href":"https:\/\/carnaval.ticketrio.com.br\/fr\/wp-json\/wp\/v2\/users\/1"}],"replies":[{"embeddable":true,"href":"https:\/\/carnaval.ticketrio.com.br\/fr\/wp-json\/wp\/v2\/comments?post=147"}],"version-history":[{"count":21,"href":"https:\/\/carnaval.ticketrio.com.br\/fr\/wp-json\/wp\/v2\/pages\/147\/revisions"}],"predecessor-version":[{"id":981,"href":"https:\/\/carnaval.ticketrio.com.br\/fr\/wp-json\/wp\/v2\/pages\/147\/revisions\/981"}],"wp:attachment":[{"href":"https:\/\/carnaval.ticketrio.com.br\/fr\/wp-json\/wp\/v2\/media?parent=147"}],"curies":[{"name":"wp","href":"https:\/\/api.w.org\/{rel}","templated":true}]}}