{"id":1576,"date":"2015-05-22T17:54:52","date_gmt":"2015-05-22T17:54:52","guid":{"rendered":"http:\/\/www.ticketrio.com.br\/site\/?page_id=1576"},"modified":"2017-05-05T16:43:39","modified_gmt":"2017-05-05T16:43:39","slug":"hotels-in-rio-carnival-package","status":"publish","type":"page","link":"https:\/\/carnaval.ticketrio.com.br\/en\/rio-sambadrome-carnival-tickets\/hotels-in-rio-carnival-package\/","title":{"rendered":"Hotels in Rio"},"content":{"rendered":"<div class=\"panel-grid\" id=\"pg-0\"><div class=\"panel-grid-cell\" id=\"pgc-0-0\"><div class=\"panel widget widget_button panel-first-child panel-last-child\" id=\"panel-0-0-0\"><div class=\"button-container align-center\">\t\t\t<a href=\"http:\/\/www.ticketrio.com.br\/site\/en\/sambadrome\/\" class=\"cta-button button \">\r\n\t\t\t\t<span>SAMBADROME<\/span>\r\n\t\t\t<\/a>\r\n\t\t\t<\/div><\/div><\/div><div class=\"panel-grid-cell\" id=\"pgc-0-1\"><div class=\"panel widget widget_button panel-first-child panel-last-child\" id=\"panel-0-1-0\"><div class=\"button-container align-center\">\t\t\t<a href=\"http:\/\/www.ticketrio.com.br\/site\/en\/sambadrome\/samba-parade\/\" class=\"cta-button button \">\r\n\t\t\t\t<span>SAMBA PARADE<\/span>\r\n\t\t\t<\/a>\r\n\t\t\t<\/div><\/div><\/div><div class=\"panel-grid-cell\" id=\"pgc-0-2\"><div class=\"panel widget widget_button panel-first-child panel-last-child\" id=\"panel-0-2-0\"><div class=\"button-container align-center\">\t\t\t<a href=\"http:\/\/www.ticketrio.com.br\/site\/en\/rio-carnival-sambodrome-tickets\/\" class=\"cta-button button \">\r\n\t\t\t\t<span>TICKETS<\/span>\r\n\t\t\t<\/a>\r\n\t\t\t<\/div><\/div><\/div><div class=\"panel-grid-cell\" id=\"pgc-0-3\"><div class=\"panel widget widget_button panel-first-child panel-last-child\" id=\"panel-0-3-0\"><div class=\"button-container align-center\">\t\t\t<a href=\"http:\/\/www.ticketrio.com.br\/site\/en\/sambadrome\/transfer-sambadrome\/\" class=\"cta-button button \">\r\n\t\t\t\t<span>TRANSFER SAMBODROME<\/span>\r\n\t\t\t<\/a>\r\n\t\t\t<\/div><\/div><\/div>\t<div class=\"clear\"><\/div><\/div><div class=\"panel-grid\" id=\"pg-1\"><div class=\"panel-grid-cell\" id=\"pgc-1-0\"><div class=\"panel widget widget_text panel-first-child panel-last-child\" id=\"panel-1-0-0\">\t\t\t<div class=\"textwidget\"><h1><span style=\"color: #003366;\"><strong>HOTELS<\/strong><\/span><\/h1>\n<p>In order to meet and provide their customers comfort and convenience, Ticket Rio  sought partnership with the largest hotel chains in the city of Rio de Janeiro, and looking for ways to better serve them.<\/p>\n<h3><strong style=\"line-height: 1.6em;\">Rede Othon<\/strong><\/h3>\n<p>In the market since 1943 Othon Network offers its customers luxury, comfort and excellence in providing their services, thus being considered one of the largest hotel chains in South America.<\/p>\n<p>The Network Othon Hotels are divided into the following categories: Othon Palace, Othon Classic, Othon Travel, Othon Suites, and Othon Pousadas.<\/p>\n<h3><strong style=\"line-height: 1.6em;\">Rede Windsor<\/strong><\/h3>\n<p>In the city of Rio de Janeiro is one of the market leaders.<\/p>\n<p><span style=\"line-height: 1.6em;\">Offering guests hospitality services and events with excellence. Currently the network is more dedicated to meeting the business public, with their hotels in major parts of the city.<\/span><\/p>\n<p>The Windsor Network Hotels in the city are: Leme Windsor Hotel, Windsor Barra Windsor Atlantic, Windsor Excelsior Windsor Miramar, Windsor Plaza, Windsor Palace, Windsor Martinique Copa Hotel Windsor, Windsor Florida, Windsor Asturias and Windsor Guanabara.<\/p>\n<h3><strong style=\"line-height: 1.6em;\">Hotel Royalty Barra<\/strong><\/h3>\n<p>Located in Barra da Tijuca, the Royalty Barra Hotel is facing the beach, with a modern and comfortable 4-star hotel where you will enjoy wonderful days, with plenty of comfort and tranquility.<\/p>\n<h3><strong style=\"line-height: 1.6em;\">Hotel Ritz<\/strong><\/h3>\n<p><strong style=\"line-height: 1.6em;\"><\/strong><span style=\"line-height: 1.6em;\">Located in Leblon, the Hotel Ritz has a complete structure to meet its customers offering a lodging in the standard 4 stars comfortable and self-catering apartments. The hotel's leisure area offers sauna, pool, fitness room and a charming tropical Bar in the hotel lobby.<\/span><\/p>\n<h3><strong style=\"line-height: 1.6em;\">Mercure Arpoador<\/strong><\/h3>\n<p><strong>\u00a0<\/strong><span style=\"line-height: 1.6em;\">The Mercure Rio de Janeiro Arpoador is located in Francisco Octavian, which links Av. Vieira Souto in Ipanema to Av. Atlantica in Copacabana, next to the Arpoador Stone and Copacabana Fort, which is Confeitaria Colombo. Next to the hotel are the best options in the city shops, bars and restaurants. The hotel is close to Pra\u00e7a General Os\u00f3rio which on Sundays receives the famous handicraft fair. Easy access to the main sights of the city.<\/span><\/p>\n<p>&nbsp;<\/p>\n<\/div>\n\t\t<\/div><\/div><div class=\"panel-grid-cell\" id=\"pgc-1-1\"><div class=\"panel widget widget_text panel-first-child\" id=\"panel-1-1-0\">\t\t\t<div class=\"textwidget\">ngg_shortcode_0_placeholder\nngg_shortcode_1_placeholder\n<\/div>\n\t\t<\/div><div class=\"panel widget widget_siteorigin-image panel-last-child\" id=\"panel-1-1-1\"><img decoding=\"async\" src=\"http:\/\/www.ticketrio.com.br\/site\/wp-content\/uploads\/2015\/05\/mapa-turistico-rio-by-setur.jpg\" \/><\/div><\/div>\t<div class=\"clear\"><\/div><\/div>","protected":false},"excerpt":{"rendered":"<p>SAMBADROME SAMBA PARADE TICKETS TRANSFER SAMBODROME HOTELS In order to meet and provide their customers comfort and convenience, Ticket Rio sought partnership with the largest hotel chains in the city of Rio de Janeiro, and looking for ways to better serve them. Rede Othon In the market since 1943 Othon Network offers its customers luxury, [&hellip;]<\/p>\n","protected":false},"author":1,"featured_media":0,"parent":1600,"menu_order":4,"comment_status":"closed","ping_status":"closed","template":"page-full.php","meta":{"ngg_post_thumbnail":0,"footnotes":""},"class_list":["post-1576","page","type-page","status-publish","hentry"],"yoast_head":"<!-- This site is optimized with the Yoast SEO plugin v23.5 - https:\/\/yoast.com\/wordpress\/plugins\/seo\/ -->\n<title>Hotels in Rio - Ticket Rio - Billets Carnaval Rio, Karneval Rio de Janeiro Tickets, Tickets for Rio Carnival Sambadrome, Boletos Carnaval Rio, Entradas Carnaval Rio Samb\u00f3dromo<\/title>\n<meta name=\"description\" content=\"rio carnival sambadrome tickets. Rio Carnaval Samb\u00f3dromo 2018. Rio Carnaval Entradas Samb\u00f3dromo. Rio Parade Tickets. Rio Carnaval billets. Rio karneval tickets. Rio carnavales biglietti.\" \/>\n<meta name=\"robots\" content=\"index, follow, max-snippet:-1, max-image-preview:large, max-video-preview:-1\" \/>\n<link rel=\"canonical\" href=\"http:\/\/carnaval.ticketrio.com.br\/en\/rio-sambadrome-carnival-tickets\/hotels-in-rio-carnival-package\/\" \/>\n<meta property=\"og:locale\" content=\"fr_FR\" \/>\n<meta property=\"og:type\" content=\"article\" \/>\n<meta property=\"og:title\" content=\"Hotels in Rio - Ticket Rio - Billets Carnaval Rio, Karneval Rio de Janeiro Tickets, Tickets for Rio Carnival Sambadrome, Boletos Carnaval Rio, Entradas Carnaval Rio Samb\u00f3dromo\" \/>\n<meta property=\"og:description\" content=\"rio carnival sambadrome tickets. Rio Carnaval Samb\u00f3dromo 2018. Rio Carnaval Entradas Samb\u00f3dromo. Rio Parade Tickets. Rio Carnaval billets. Rio karneval tickets. Rio carnavales biglietti.\" \/>\n<meta property=\"og:url\" content=\"http:\/\/carnaval.ticketrio.com.br\/en\/rio-sambadrome-carnival-tickets\/hotels-in-rio-carnival-package\/\" \/>\n<meta property=\"og:site_name\" content=\"Ticket Rio - Billets Carnaval Rio, Karneval Rio de Janeiro Tickets, Tickets for Rio Carnival Sambadrome, Boletos Carnaval Rio, Entradas Carnaval Rio Samb\u00f3dromo\" \/>\n<meta property=\"article:modified_time\" content=\"2017-05-05T16:43:39+00:00\" \/>\n<meta name=\"twitter:card\" content=\"summary_large_image\" \/>\n<script type=\"application\/ld+json\" class=\"yoast-schema-graph\">{\"@context\":\"https:\/\/schema.org\",\"@graph\":[{\"@type\":\"WebPage\",\"@id\":\"http:\/\/carnaval.ticketrio.com.br\/en\/rio-sambadrome-carnival-tickets\/hotels-in-rio-carnival-package\/\",\"url\":\"http:\/\/carnaval.ticketrio.com.br\/en\/rio-sambadrome-carnival-tickets\/hotels-in-rio-carnival-package\/\",\"name\":\"Hotels in Rio - Ticket Rio - Billets Carnaval Rio, Karneval Rio de Janeiro Tickets, Tickets for Rio Carnival Sambadrome, Boletos Carnaval Rio, Entradas Carnaval Rio Samb\u00f3dromo\",\"isPartOf\":{\"@id\":\"https:\/\/carnaval.ticketrio.com.br\/#website\"},\"datePublished\":\"2015-05-22T17:54:52+00:00\",\"dateModified\":\"2017-05-05T16:43:39+00:00\",\"description\":\"rio carnival sambadrome tickets. Rio Carnaval Samb\u00f3dromo 2018. Rio Carnaval Entradas Samb\u00f3dromo. Rio Parade Tickets. Rio Carnaval billets. Rio karneval tickets. Rio carnavales biglietti.\",\"breadcrumb\":{\"@id\":\"http:\/\/carnaval.ticketrio.com.br\/en\/rio-sambadrome-carnival-tickets\/hotels-in-rio-carnival-package\/#breadcrumb\"},\"inLanguage\":\"fr-FR\",\"potentialAction\":[{\"@type\":\"ReadAction\",\"target\":[\"http:\/\/carnaval.ticketrio.com.br\/en\/rio-sambadrome-carnival-tickets\/hotels-in-rio-carnival-package\/\"]}]},{\"@type\":\"BreadcrumbList\",\"@id\":\"http:\/\/carnaval.ticketrio.com.br\/en\/rio-sambadrome-carnival-tickets\/hotels-in-rio-carnival-package\/#breadcrumb\",\"itemListElement\":[{\"@type\":\"ListItem\",\"position\":1,\"name\":\"In\u00edcio\",\"item\":\"https:\/\/carnaval.ticketrio.com.br\/\"},{\"@type\":\"ListItem\",\"position\":2,\"name\":\"Sambadrome\",\"item\":\"https:\/\/carnaval.ticketrio.com.br\/en\/rio-sambadrome-carnival-tickets\/\"},{\"@type\":\"ListItem\",\"position\":3,\"name\":\"Hotels in Rio\"}]},{\"@type\":\"WebSite\",\"@id\":\"https:\/\/carnaval.ticketrio.com.br\/#website\",\"url\":\"https:\/\/carnaval.ticketrio.com.br\/\",\"name\":\"Ticket Rio - Billets Carnaval Rio, Karneval Rio de Janeiro Tickets, Tickets for Rio Carnival Sambadrome, Boletos Carnaval Rio, Entradas Carnaval Rio Samb\u00f3dromo\",\"description\":\"Billets Carnaval Rio, Karneval Rio de Janeiro Tickets, Tickets for Rio Carnival Sambadrome, Boletos Carnaval Rio, Entradas Carnaval Rio Samb\u00f3dromo\",\"potentialAction\":[{\"@type\":\"SearchAction\",\"target\":{\"@type\":\"EntryPoint\",\"urlTemplate\":\"https:\/\/carnaval.ticketrio.com.br\/?s={search_term_string}\"},\"query-input\":{\"@type\":\"PropertyValueSpecification\",\"valueRequired\":true,\"valueName\":\"search_term_string\"}}],\"inLanguage\":\"fr-FR\"}]}<\/script>\n<!-- \/ Yoast SEO plugin. -->","yoast_head_json":{"title":"Hotels in Rio - Ticket Rio - Billets Carnaval Rio, Karneval Rio de Janeiro Tickets, Tickets for Rio Carnival Sambadrome, Boletos Carnaval Rio, Entradas Carnaval Rio Samb\u00f3dromo","description":"rio carnival sambadrome tickets. Rio Carnaval Samb\u00f3dromo 2018. Rio Carnaval Entradas Samb\u00f3dromo. Rio Parade Tickets. Rio Carnaval billets. Rio karneval tickets. Rio carnavales biglietti.","robots":{"index":"index","follow":"follow","max-snippet":"max-snippet:-1","max-image-preview":"max-image-preview:large","max-video-preview":"max-video-preview:-1"},"canonical":"http:\/\/carnaval.ticketrio.com.br\/en\/rio-sambadrome-carnival-tickets\/hotels-in-rio-carnival-package\/","og_locale":"fr_FR","og_type":"article","og_title":"Hotels in Rio - Ticket Rio - Billets Carnaval Rio, Karneval Rio de Janeiro Tickets, Tickets for Rio Carnival Sambadrome, Boletos Carnaval Rio, Entradas Carnaval Rio Samb\u00f3dromo","og_description":"rio carnival sambadrome tickets. Rio Carnaval Samb\u00f3dromo 2018. Rio Carnaval Entradas Samb\u00f3dromo. Rio Parade Tickets. Rio Carnaval billets. Rio karneval tickets. Rio carnavales biglietti.","og_url":"http:\/\/carnaval.ticketrio.com.br\/en\/rio-sambadrome-carnival-tickets\/hotels-in-rio-carnival-package\/","og_site_name":"Ticket Rio - Billets Carnaval Rio, Karneval Rio de Janeiro Tickets, Tickets for Rio Carnival Sambadrome, Boletos Carnaval Rio, Entradas Carnaval Rio Samb\u00f3dromo","article_modified_time":"2017-05-05T16:43:39+00:00","twitter_card":"summary_large_image","schema":{"@context":"https:\/\/schema.org","@graph":[{"@type":"WebPage","@id":"http:\/\/carnaval.ticketrio.com.br\/en\/rio-sambadrome-carnival-tickets\/hotels-in-rio-carnival-package\/","url":"http:\/\/carnaval.ticketrio.com.br\/en\/rio-sambadrome-carnival-tickets\/hotels-in-rio-carnival-package\/","name":"Hotels in Rio - Ticket Rio - Billets Carnaval Rio, Karneval Rio de Janeiro Tickets, Tickets for Rio Carnival Sambadrome, Boletos Carnaval Rio, Entradas Carnaval Rio Samb\u00f3dromo","isPartOf":{"@id":"https:\/\/carnaval.ticketrio.com.br\/#website"},"datePublished":"2015-05-22T17:54:52+00:00","dateModified":"2017-05-05T16:43:39+00:00","description":"rio carnival sambadrome tickets. Rio Carnaval Samb\u00f3dromo 2018. Rio Carnaval Entradas Samb\u00f3dromo. Rio Parade Tickets. Rio Carnaval billets. Rio karneval tickets. Rio carnavales biglietti.","breadcrumb":{"@id":"http:\/\/carnaval.ticketrio.com.br\/en\/rio-sambadrome-carnival-tickets\/hotels-in-rio-carnival-package\/#breadcrumb"},"inLanguage":"fr-FR","potentialAction":[{"@type":"ReadAction","target":["http:\/\/carnaval.ticketrio.com.br\/en\/rio-sambadrome-carnival-tickets\/hotels-in-rio-carnival-package\/"]}]},{"@type":"BreadcrumbList","@id":"http:\/\/carnaval.ticketrio.com.br\/en\/rio-sambadrome-carnival-tickets\/hotels-in-rio-carnival-package\/#breadcrumb","itemListElement":[{"@type":"ListItem","position":1,"name":"In\u00edcio","item":"https:\/\/carnaval.ticketrio.com.br\/"},{"@type":"ListItem","position":2,"name":"Sambadrome","item":"https:\/\/carnaval.ticketrio.com.br\/en\/rio-sambadrome-carnival-tickets\/"},{"@type":"ListItem","position":3,"name":"Hotels in Rio"}]},{"@type":"WebSite","@id":"https:\/\/carnaval.ticketrio.com.br\/#website","url":"https:\/\/carnaval.ticketrio.com.br\/","name":"Ticket Rio - Billets Carnaval Rio, Karneval Rio de Janeiro Tickets, Tickets for Rio Carnival Sambadrome, Boletos Carnaval Rio, Entradas Carnaval Rio Samb\u00f3dromo","description":"Billets Carnaval Rio, Karneval Rio de Janeiro Tickets, Tickets for Rio Carnival Sambadrome, Boletos Carnaval Rio, Entradas Carnaval Rio Samb\u00f3dromo","potentialAction":[{"@type":"SearchAction","target":{"@type":"EntryPoint","urlTemplate":"https:\/\/carnaval.ticketrio.com.br\/?s={search_term_string}"},"query-input":{"@type":"PropertyValueSpecification","valueRequired":true,"valueName":"search_term_string"}}],"inLanguage":"fr-FR"}]}},"_links":{"self":[{"href":"https:\/\/carnaval.ticketrio.com.br\/fr\/wp-json\/wp\/v2\/pages\/1576"}],"collection":[{"href":"https:\/\/carnaval.ticketrio.com.br\/fr\/wp-json\/wp\/v2\/pages"}],"about":[{"href":"https:\/\/carnaval.ticketrio.com.br\/fr\/wp-json\/wp\/v2\/types\/page"}],"author":[{"embeddable":true,"href":"https:\/\/carnaval.ticketrio.com.br\/fr\/wp-json\/wp\/v2\/users\/1"}],"replies":[{"embeddable":true,"href":"https:\/\/carnaval.ticketrio.com.br\/fr\/wp-json\/wp\/v2\/comments?post=1576"}],"version-history":[{"count":0,"href":"https:\/\/carnaval.ticketrio.com.br\/fr\/wp-json\/wp\/v2\/pages\/1576\/revisions"}],"up":[{"embeddable":true,"href":"https:\/\/carnaval.ticketrio.com.br\/fr\/wp-json\/wp\/v2\/pages\/1600"}],"wp:attachment":[{"href":"https:\/\/carnaval.ticketrio.com.br\/fr\/wp-json\/wp\/v2\/media?parent=1576"}],"curies":[{"name":"wp","href":"https:\/\/api.w.org\/{rel}","templated":true}]}}