{"id":1762,"date":"2015-06-01T20:03:12","date_gmt":"2015-06-01T20:03:12","guid":{"rendered":"http:\/\/www.ticketrio.com.br\/site\/?page_id=1762"},"modified":"2018-06-19T15:24:52","modified_gmt":"2018-06-19T15:24:52","slug":"rio-carnaval-sambodrome-billets","status":"publish","type":"page","link":"https:\/\/carnaval.ticketrio.com.br\/fr\/rio-carnaval-sambodrome-billets\/","title":{"rendered":"Sambodrome"},"content":{"rendered":"<div class=\"panel-grid\" id=\"pg-0\"><div class=\"panel-grid-cell\" id=\"pgc-0-0\"><div class=\"panel widget widget_siteorigin-image panel-first-child panel-last-child\" id=\"panel-0-0-0\"><img decoding=\"async\" src=\"http:\/\/www.ticketrio.com.br\/site\/wp-content\/uploads\/2015\/05\/mapa-sambodromo-english2.gif\" \/><\/div><\/div>\t<div class=\"clear\"><\/div><\/div><div class=\"panel-grid\" id=\"pg-1\"><div class=\"panel-grid-cell\" id=\"pgc-1-0\"><div class=\"panel widget widget_text panel-first-child panel-last-child\" id=\"panel-1-0-0\">\t\t\t<div class=\"textwidget\"><h1><span style=\"color: #003366;\"><strong>INFORMATIONS G\u00c9N\u00c9RALES Samb\u00f3dromo<\/strong><\/span><\/h1>\n<p style=\"text-align: justify;\"><span style=\"line-height: 1.6em;\">Le Sambodrome est divis\u00e9e en 13 secteurs . La valeur des billets de chaque secteur d\u00e9pend de la position et la vue sur le boulevard . Les secteurs impaires sur un c\u00f4t\u00e9 et l'autre paire . Les chiffres augmentent vers la fin de l'avenue<\/span><\/p>\n<p style=\"text-align: justify;\">Tous les secteurs sont constitu\u00e9s de stands , des stands et cabines . Les frises sont en face des stands , prenant sa file d'attente A, la plus proche de la bande de parade Sambodrome . Les chalets sont situ\u00e9s entre les secteurs , et \u00e9galement au-dessus des stands , juste derri\u00e8re la ligne D , offrant une vue magnifique sur la r\u00e9gion de parade.<\/span><\/p>\n<p style=\"text-align: justify;\">Seulement Sector 9 , populairement connu comme secteur du tourisme ou noble secteur , lieux offres num\u00e9rot\u00e9es , toutes les autres tribunes ne sont pas num\u00e9rot\u00e9es . Le secteur 09 a une vue superbe. Les prix des billets pour ce secteur est plus \u00e9lev\u00e9 parce qu'il est plus organis\u00e9 , et vous avez votre place marqu\u00e9 toute la nuit , contrairement \u00e0 d'autres stands.<\/span><\/p>\n<p style=\"text-align: justify;\"><span style=\"color: #003366;\"><strong>Se rendre \u00e0 l' Sambodrome<\/strong><\/span><br \/>\nComme une suggestion pour votre arriv\u00e9e au Sambodrome ( la meilleure fa\u00e7on possible et aussi plus s\u00fbr ) , nous offrons un service de transfert depuis le Sambodrome . Consultez nos tarifs .<br \/>\nVous pouvez aussi arriver en m\u00e9tro , en bus ou tout simplement prendre un taxi . Rappelez-vous que ces moyens de transport partiront \u00e0 une distance de la Sambodrome , il faudra un certain temps pour marcher.<br \/>\nIl n'y a aucune connexion entre les c\u00f4t\u00e9s pair et impair.<\/span><\/p>\n<p style=\"text-align: justify;\"><span style=\"color: #003366;\"><strong>m\u00e9tro<\/strong><\/span><br \/>\nIl fonctionne dans les jours de Carnaval jusqu'\u00e0 23h le mardi , avec des intervalles de 10 minutes . Il est rapide , mais emball\u00e9 dans les jours de carnaval . Il est la meilleure option pour le rendre plus proche du Sambodrome , par rapport aux lignes de bus et les taxis ne sont pas accr\u00e9dit\u00e9s , qui laissera \u00e0 une distance raisonnable de votre industrie dans le Sambodrome.<\/span><\/p>\n<p style=\"text-align: justify;\"><span style=\"color: #003366;\"><strong>Par secteur<\/strong><\/span><br \/>\nLe meilleur acc\u00e8s \u00e0 des secteurs m\u00eame est la station Pra\u00e7a Onze . Une fois en dehors de la gare, tourner deux fois \u00e0 droite et de passer ensuite . Pour les secteurs 10 et 12 prennent Rua do Carmo Neto et descendre Av . Sa Salvador . Vous verrez le Sambodrome rapidement.<\/span><\/p>\n<p style=\"text-align: justify;\"><span style=\"color: #003366;\"><strong>secteur Odd<\/strong><\/span><br \/>\nLa gare la plus proche est centrale . Descendre tableau de file et suivre la circulation des personnes , pour la plupart s\u00fbrement se rendra \u00e0 la m\u00eame place que vous. La station pr\u00e9sente moins d'un kilom\u00e8tre du Sambodrome , et le long du chemin , vous verrez les flotteurs c\u00e9l\u00e8bres et Terreir\u00e3o Samba . Apr\u00e8s avoir travers\u00e9 Them , tournez \u00e0 gauche et continuez jusqu'\u00e0 ce que vous trouverez votre industrie , identifi\u00e9 par grandes plaques tr\u00e8s visible<\/span><\/p>\n<p style=\"text-align: justify;\"><span style=\"color: #003366;\"><strong>emplacement<\/strong><\/span><br \/>\nLe Sambodrome est situ\u00e9 dans la r\u00e9gion connue pour le berceau de la samba. Commence \u00e0 Avenida Presidente Vargas , pr\u00e8s de la Pra\u00e7a Quinze et se termine \u00e0 Rua Frei Tasse . La grande place \u00e0 la fin de l'avenue est couronn\u00e9 par un arc immense et m\u00e9morable de b\u00e9ton, appel\u00e9 la Place Apoth\u00e9ose . L'avenue a \u00e9t\u00e9 nomm\u00e9 Professeur Darcy Ribeiro , consid\u00e9rant Que ce fut lui qui a con\u00e7u les d\u00e9fil\u00e9s dans une structure fixe , parce que les structures ont d\u00e9j\u00e0 \u00e9t\u00e9 assembl\u00e9s pour l'\u00e9v\u00e9nement . Il est une piste \u00e0 environ 700 m\u00e8tres de long.<\/p>\n<p style=\"text-align: justify;\"><span style=\"color: #003366;\"><strong>am\u00e9nagements<\/strong><\/span><br \/>\nIl ya des bars avec de la nourriture et des boissons , des toilettes dans chaque secteur Sambodrome . En outre, tous ont acc\u00e8s , la zone libre, le Qu\u00e9bec de l'espace qui existe derri\u00e8re les tribunes au Sambodrome , o\u00f9, avec des restaurants, des salons de cr\u00e8me glac\u00e9e , des boutiques de souvenirs et de plusieurs salles de bains.<\/p>\n<p style=\"text-align: justify;\"><span style=\"color: #003366;\">s\u00e9curit\u00e9<\/strong><\/span><br \/>\nDans l'\u00e9mission d'aujourd'hui , le Sambodrome est consid\u00e9r\u00e9 comme l' endroit le plus s\u00fbr en Am\u00e9rique du Sud . Il ya une tr\u00e8s forte concentration de c\u00e9l\u00e9brit\u00e9s internationales , des politiciens et des membres de familles royales parmi la foule . Le Sambodrome est entour\u00e9 par d'\u00e9normes caisses dans lesquels personne ne peut passer sans \u00eatre recherch\u00e9 pour des raisons commerciales et de s\u00e9curit\u00e9.<\/p>\n<\/div>\n\t\t<\/div><\/div>\t<div class=\"clear\"><\/div><\/div>","protected":false},"excerpt":{"rendered":"<p>INFORMATIONS G\u00c9N\u00c9RALES Samb\u00f3dromo Le Sambodrome est divis\u00e9e en 13 secteurs . La valeur des billets de chaque secteur d\u00e9pend de la position et la vue sur le boulevard . Les secteurs impaires sur un c\u00f4t\u00e9 et l&#8217;autre paire . Les chiffres augmentent vers la fin de l&#8217;avenue Tous les secteurs sont constitu\u00e9s de stands , [&hellip;]<\/p>\n","protected":false},"author":1,"featured_media":0,"parent":0,"menu_order":3,"comment_status":"closed","ping_status":"closed","template":"page-full.php","meta":{"ngg_post_thumbnail":0,"footnotes":""},"class_list":["post-1762","page","type-page","status-publish","hentry"],"yoast_head":"<!-- This site is optimized with the Yoast SEO plugin v23.5 - https:\/\/yoast.com\/wordpress\/plugins\/seo\/ -->\n<title>Sambodrome - Ticket Rio - Billets Carnaval Rio, Karneval Rio de Janeiro Tickets, Tickets for Rio Carnival Sambadrome, Boletos Carnaval Rio, Entradas Carnaval Rio Samb\u00f3dromo<\/title>\n<meta name=\"description\" content=\"rio carnival sambadrome tickets. Rio Carnaval Samb\u00f3dromo 2018. Rio Carnaval Entradas Samb\u00f3dromo. Rio Parade Tickets. Rio Carnaval billets. Rio karneval tickets. Rio carnavales biglietti.\" \/>\n<meta name=\"robots\" content=\"index, follow, max-snippet:-1, max-image-preview:large, max-video-preview:-1\" \/>\n<link rel=\"canonical\" href=\"https:\/\/carnaval.ticketrio.com.br\/fr\/rio-carnaval-sambodrome-billets\/\" \/>\n<meta property=\"og:locale\" content=\"fr_FR\" \/>\n<meta property=\"og:type\" content=\"article\" \/>\n<meta property=\"og:title\" content=\"Sambodrome - Ticket Rio - Billets Carnaval Rio, Karneval Rio de Janeiro Tickets, Tickets for Rio Carnival Sambadrome, Boletos Carnaval Rio, Entradas Carnaval Rio Samb\u00f3dromo\" \/>\n<meta property=\"og:description\" content=\"rio carnival sambadrome tickets. Rio Carnaval Samb\u00f3dromo 2018. Rio Carnaval Entradas Samb\u00f3dromo. Rio Parade Tickets. Rio Carnaval billets. Rio karneval tickets. Rio carnavales biglietti.\" \/>\n<meta property=\"og:url\" content=\"https:\/\/carnaval.ticketrio.com.br\/fr\/rio-carnaval-sambodrome-billets\/\" \/>\n<meta property=\"og:site_name\" content=\"Ticket Rio - Billets Carnaval Rio, Karneval Rio de Janeiro Tickets, Tickets for Rio Carnival Sambadrome, Boletos Carnaval Rio, Entradas Carnaval Rio Samb\u00f3dromo\" \/>\n<meta property=\"article:modified_time\" content=\"2018-06-19T15:24:52+00:00\" \/>\n<meta name=\"twitter:card\" content=\"summary_large_image\" \/>\n<script type=\"application\/ld+json\" class=\"yoast-schema-graph\">{\"@context\":\"https:\/\/schema.org\",\"@graph\":[{\"@type\":\"WebPage\",\"@id\":\"https:\/\/carnaval.ticketrio.com.br\/fr\/rio-carnaval-sambodrome-billets\/\",\"url\":\"https:\/\/carnaval.ticketrio.com.br\/fr\/rio-carnaval-sambodrome-billets\/\",\"name\":\"Sambodrome - Ticket Rio - Billets Carnaval Rio, Karneval Rio de Janeiro Tickets, Tickets for Rio Carnival Sambadrome, Boletos Carnaval Rio, Entradas Carnaval Rio Samb\u00f3dromo\",\"isPartOf\":{\"@id\":\"https:\/\/carnaval.ticketrio.com.br\/#website\"},\"datePublished\":\"2015-06-01T20:03:12+00:00\",\"dateModified\":\"2018-06-19T15:24:52+00:00\",\"description\":\"rio carnival sambadrome tickets. Rio Carnaval Samb\u00f3dromo 2018. Rio Carnaval Entradas Samb\u00f3dromo. Rio Parade Tickets. Rio Carnaval billets. Rio karneval tickets. Rio carnavales biglietti.\",\"breadcrumb\":{\"@id\":\"https:\/\/carnaval.ticketrio.com.br\/fr\/rio-carnaval-sambodrome-billets\/#breadcrumb\"},\"inLanguage\":\"fr-FR\",\"potentialAction\":[{\"@type\":\"ReadAction\",\"target\":[\"https:\/\/carnaval.ticketrio.com.br\/fr\/rio-carnaval-sambodrome-billets\/\"]}]},{\"@type\":\"BreadcrumbList\",\"@id\":\"https:\/\/carnaval.ticketrio.com.br\/fr\/rio-carnaval-sambodrome-billets\/#breadcrumb\",\"itemListElement\":[{\"@type\":\"ListItem\",\"position\":1,\"name\":\"In\u00edcio\",\"item\":\"https:\/\/carnaval.ticketrio.com.br\/\"},{\"@type\":\"ListItem\",\"position\":2,\"name\":\"Sambodrome\"}]},{\"@type\":\"WebSite\",\"@id\":\"https:\/\/carnaval.ticketrio.com.br\/#website\",\"url\":\"https:\/\/carnaval.ticketrio.com.br\/\",\"name\":\"Ticket Rio - Billets Carnaval Rio, Karneval Rio de Janeiro Tickets, Tickets for Rio Carnival Sambadrome, Boletos Carnaval Rio, Entradas Carnaval Rio Samb\u00f3dromo\",\"description\":\"Billets Carnaval Rio, Karneval Rio de Janeiro Tickets, Tickets for Rio Carnival Sambadrome, Boletos Carnaval Rio, Entradas Carnaval Rio Samb\u00f3dromo\",\"potentialAction\":[{\"@type\":\"SearchAction\",\"target\":{\"@type\":\"EntryPoint\",\"urlTemplate\":\"https:\/\/carnaval.ticketrio.com.br\/?s={search_term_string}\"},\"query-input\":{\"@type\":\"PropertyValueSpecification\",\"valueRequired\":true,\"valueName\":\"search_term_string\"}}],\"inLanguage\":\"fr-FR\"}]}<\/script>\n<!-- \/ Yoast SEO plugin. -->","yoast_head_json":{"title":"Sambodrome - Ticket Rio - Billets Carnaval Rio, Karneval Rio de Janeiro Tickets, Tickets for Rio Carnival Sambadrome, Boletos Carnaval Rio, Entradas Carnaval Rio Samb\u00f3dromo","description":"rio carnival sambadrome tickets. Rio Carnaval Samb\u00f3dromo 2018. Rio Carnaval Entradas Samb\u00f3dromo. Rio Parade Tickets. Rio Carnaval billets. Rio karneval tickets. Rio carnavales biglietti.","robots":{"index":"index","follow":"follow","max-snippet":"max-snippet:-1","max-image-preview":"max-image-preview:large","max-video-preview":"max-video-preview:-1"},"canonical":"https:\/\/carnaval.ticketrio.com.br\/fr\/rio-carnaval-sambodrome-billets\/","og_locale":"fr_FR","og_type":"article","og_title":"Sambodrome - Ticket Rio - Billets Carnaval Rio, Karneval Rio de Janeiro Tickets, Tickets for Rio Carnival Sambadrome, Boletos Carnaval Rio, Entradas Carnaval Rio Samb\u00f3dromo","og_description":"rio carnival sambadrome tickets. Rio Carnaval Samb\u00f3dromo 2018. Rio Carnaval Entradas Samb\u00f3dromo. Rio Parade Tickets. Rio Carnaval billets. Rio karneval tickets. Rio carnavales biglietti.","og_url":"https:\/\/carnaval.ticketrio.com.br\/fr\/rio-carnaval-sambodrome-billets\/","og_site_name":"Ticket Rio - Billets Carnaval Rio, Karneval Rio de Janeiro Tickets, Tickets for Rio Carnival Sambadrome, Boletos Carnaval Rio, Entradas Carnaval Rio Samb\u00f3dromo","article_modified_time":"2018-06-19T15:24:52+00:00","twitter_card":"summary_large_image","schema":{"@context":"https:\/\/schema.org","@graph":[{"@type":"WebPage","@id":"https:\/\/carnaval.ticketrio.com.br\/fr\/rio-carnaval-sambodrome-billets\/","url":"https:\/\/carnaval.ticketrio.com.br\/fr\/rio-carnaval-sambodrome-billets\/","name":"Sambodrome - Ticket Rio - Billets Carnaval Rio, Karneval Rio de Janeiro Tickets, Tickets for Rio Carnival Sambadrome, Boletos Carnaval Rio, Entradas Carnaval Rio Samb\u00f3dromo","isPartOf":{"@id":"https:\/\/carnaval.ticketrio.com.br\/#website"},"datePublished":"2015-06-01T20:03:12+00:00","dateModified":"2018-06-19T15:24:52+00:00","description":"rio carnival sambadrome tickets. Rio Carnaval Samb\u00f3dromo 2018. Rio Carnaval Entradas Samb\u00f3dromo. Rio Parade Tickets. Rio Carnaval billets. Rio karneval tickets. Rio carnavales biglietti.","breadcrumb":{"@id":"https:\/\/carnaval.ticketrio.com.br\/fr\/rio-carnaval-sambodrome-billets\/#breadcrumb"},"inLanguage":"fr-FR","potentialAction":[{"@type":"ReadAction","target":["https:\/\/carnaval.ticketrio.com.br\/fr\/rio-carnaval-sambodrome-billets\/"]}]},{"@type":"BreadcrumbList","@id":"https:\/\/carnaval.ticketrio.com.br\/fr\/rio-carnaval-sambodrome-billets\/#breadcrumb","itemListElement":[{"@type":"ListItem","position":1,"name":"In\u00edcio","item":"https:\/\/carnaval.ticketrio.com.br\/"},{"@type":"ListItem","position":2,"name":"Sambodrome"}]},{"@type":"WebSite","@id":"https:\/\/carnaval.ticketrio.com.br\/#website","url":"https:\/\/carnaval.ticketrio.com.br\/","name":"Ticket Rio - Billets Carnaval Rio, Karneval Rio de Janeiro Tickets, Tickets for Rio Carnival Sambadrome, Boletos Carnaval Rio, Entradas Carnaval Rio Samb\u00f3dromo","description":"Billets Carnaval Rio, Karneval Rio de Janeiro Tickets, Tickets for Rio Carnival Sambadrome, Boletos Carnaval Rio, Entradas Carnaval Rio Samb\u00f3dromo","potentialAction":[{"@type":"SearchAction","target":{"@type":"EntryPoint","urlTemplate":"https:\/\/carnaval.ticketrio.com.br\/?s={search_term_string}"},"query-input":{"@type":"PropertyValueSpecification","valueRequired":true,"valueName":"search_term_string"}}],"inLanguage":"fr-FR"}]}},"_links":{"self":[{"href":"https:\/\/carnaval.ticketrio.com.br\/fr\/wp-json\/wp\/v2\/pages\/1762"}],"collection":[{"href":"https:\/\/carnaval.ticketrio.com.br\/fr\/wp-json\/wp\/v2\/pages"}],"about":[{"href":"https:\/\/carnaval.ticketrio.com.br\/fr\/wp-json\/wp\/v2\/types\/page"}],"author":[{"embeddable":true,"href":"https:\/\/carnaval.ticketrio.com.br\/fr\/wp-json\/wp\/v2\/users\/1"}],"replies":[{"embeddable":true,"href":"https:\/\/carnaval.ticketrio.com.br\/fr\/wp-json\/wp\/v2\/comments?post=1762"}],"version-history":[{"count":6,"href":"https:\/\/carnaval.ticketrio.com.br\/fr\/wp-json\/wp\/v2\/pages\/1762\/revisions"}],"predecessor-version":[{"id":2242,"href":"https:\/\/carnaval.ticketrio.com.br\/fr\/wp-json\/wp\/v2\/pages\/1762\/revisions\/2242"}],"wp:attachment":[{"href":"https:\/\/carnaval.ticketrio.com.br\/fr\/wp-json\/wp\/v2\/media?parent=1762"}],"curies":[{"name":"wp","href":"https:\/\/api.w.org\/{rel}","templated":true}]}}