{"id":1827,"date":"2015-06-17T15:25:21","date_gmt":"2015-06-17T15:25:21","guid":{"rendered":"http:\/\/www.ticketrio.com.br\/site\/?page_id=1827"},"modified":"2018-06-19T15:24:56","modified_gmt":"2018-06-19T15:24:56","slug":"karneval-rio-sambadrome-tickets","status":"publish","type":"page","link":"https:\/\/carnaval.ticketrio.com.br\/de\/karneval-rio-sambadrome-tickets\/","title":{"rendered":"Sambadrome"},"content":{"rendered":"<div class=\"panel-grid\" id=\"pg-0\"><div class=\"panel-grid-cell\" id=\"pgc-0-0\"><div class=\"panel widget widget_siteorigin-image panel-first-child\" id=\"panel-0-0-0\"><img decoding=\"async\" src=\"http:\/\/carnaval.ticketrio.com.br\/wp-content\/uploads\/2015\/05\/mapa-sambodromo-english21.jpg\" \/><\/div><div class=\"panel widget widget_text panel-last-child\" id=\"panel-0-0-1\">\t\t\t<div class=\"textwidget\"><h1><span style=\"color: #003366;\"><strong>ALLGEMEINE INFORMATIONEN Samb\u00f3dromo<\/strong><\/span><\/h1>\n<p style=\"text-align: justify;\"><span style=\"line-height: 1.6em;\">Die Sambadrome ist in 13 Sektoren unterteilt. Der Wert der Karten der einzelnen Sektoren h\u00e4ngt von der Position und Blick auf den Boulevard. Die ungeradzahligen Sektoren auf der einen Seite und das andere Paar. Die Zahlen erh\u00f6hen gegen Ende der Allee.<\/span><\/p>\n<p style=\"text-align: justify;\">Alle Sektoren bestehen aus St\u00e4nden, Buden und H\u00fctten. Die Friesen sind vor den St\u00e4nden unter seiner Warteschlange A, in der N\u00e4he des Sambadrome Paradestreifen. Die Kabinen sind zwischen den Sektoren, und auch \u00fcber die St\u00e4nde, gleich hinter der D-Linie und bietet einen tollen Blick auf die Parade Bereich.<\/span><\/p>\n<p style=\"text-align: justify;\">Nur die Industrie steht 9, im Volksmund bekannt Tourismussektor oder Edelsektor bietet nummerierten Pl\u00e4tzen, werden alle anderen Trib\u00fcnen nicht nummeriert. Der Sektor 09 hat gro\u00dfe Aussicht. Ticketpreise f\u00fcr diesen Sektor ist h\u00f6her, weil es besser organisiert, und Sie haben Ihren Platz die ganze Nacht markiert, im Gegensatz zu anderen St\u00e4nden.<\/span><\/p>\n<p style=\"text-align: justify;\"><span style=\"color: #003366;\"><strong>Anreise zum Sambadrome<\/strong><\/span><br \/>\nAls Anregung f\u00fcr Ihre Ankunft im Sambadrome ist die beste Art und Weise und sicherer Dar\u00fcber hinaus bieten wir einen Transfer-Service vom Sambadrome. Berechnen Sie unsere Preise.<br \/>\nSie k\u00f6nnen auch ankommen bis zum U-Bahn, Bus oder ein Taxi zu nehmen. Denken Sie daran, que dieser Transportmittel wird in einem Abstand von dem Sambadrome verlassen wird einige Zeit zu Fu\u00df gehen m\u00fcssen.<br \/>\nEs ist die Verbindung zwischen den Seiten gerade und ungerade. Sein Weg zum Sambadrome auf Ihrer Branche abh\u00e4ngig.<\/span><\/p>\n<p style=\"text-align: justify;\"><span style=\"color: #003366;\"><strong>Subway<\/strong><\/span><br \/>\nEs funktioniert in den Tagen des Karnevals, bis 23 Uhr am Dienstag, mit 10-Minuten-Takt. Es ist schnell, aber verpackt in den Tagen des Karnevals. Es ist die beste Option, sie n\u00e4her an die Sambadrome, verglichen mit den Linienbussen und Taxis ohne Anmeldeinformationen zu machen, die innerhalb einer angemessenen Entfernung von Ihrer Branche in der Sambadrome verlassen wird.<\/span><\/p>\n<p style=\"text-align: justify;\"><span style=\"color: #003366;\"><strong>Couples sectors<\/strong><\/span><br \/>\nDer beste Zugang zu noch Sektoren Pra\u00e7a Onze Station. Einmal vor dem Bahnhof biegen Sie rechts zweimal und dann weiterziehen. F\u00fcr die Sektoren 10 und 12 nehmen Rua do Carmo Neto und gehen Sie die Av. Sa Salvador. Sie werden schnell sehen, das Sambadrome.<\/span><\/p>\n<p style=\"text-align: justify;\"><span style=\"color: #003366;\"><strong>Odd sectors<\/strong><\/span><br \/>\nDie n\u00e4chste Station ist Central. Steigen Sie que Diagramm und folgen dem Strom von Menschen, f\u00fcr die meisten werden sicherlich \u00dcberschrift werden an der gleichen Stelle, wie Sie. Die Station dieses weniger als einen Kilometer vom Sambadrome, und auf dem Weg werden Sie die ber\u00fchmte Schwimmer und Terreir\u00e3o Samba zu sehen. Nachdem man durch Them, biegen Sie links ab und fahren bis Sie Ihre Branche aus, um gut sichtbare gro\u00dfe Platten identifiziert.<\/span><\/p>\n<p style=\"text-align: justify;\"><span style=\"color: #003366;\"><strong>Location<\/strong><\/span><br \/>\nDie Sambadrome liegt in der Region zur Wiege der Samba bekannt ist. Beginnt an der Avenida Presidente Vargas, in der N\u00e4he der Pra\u00e7a Quinze und endet bei Rua Frei Becher. Der gro\u00dfe Platz am Ende der Allee wird von einem riesigen und unvergesslichen Bogen aus Beton, die so genannte Apotheose Platz gekr\u00f6nt. Die Allee wurde zum Professor Darcy Ribeiro, wenn man bedenkt que er war es, in einer festen Struktur die Paraden gedacht, weil die Strukturen wurden bisher f\u00fcr das Ereignis zusammengebaut. Es ist eine Start- und Landebahn ca. 700 Meter lang.<\/p>\n<p style=\"text-align: justify;\"><span style=\"color: #003366;\"><strong>Facilities<\/strong><\/span><br \/>\nEs gibt Bars mit Speisen und Getr\u00e4nken, Toiletten in jedem Sambodromo Sektor. Dar\u00fcber hinaus haben alle Zugang, die freie Fl\u00e4che, hinter den Trib\u00fcnen an der Sambadrome, existiert der Raum que wo mit Restaurants, Eisdielen, Souvenirl\u00e4den und weitere B\u00e4der.<\/p>\n<p style=\"text-align: justify;\"><span style=\"color: #003366;\">Security<\/strong><\/span><br \/>\nIn der heutigen Show wird die Sambadrome der sicherste Ort in S\u00fcdamerika ber\u00fccksichtigt. Es gibt eine sehr hohe Konzentration von internationalen Stars, Politiker und Mitglieder der k\u00f6niglichen Familien unter die Menge. Die Sambadrome ist von riesigen Kisten, in denen keiner kann, ohne zu kommerziellen und sicherheitstechnischen Gr\u00fcnden gesucht passieren umgeben.<\/p>\n<\/div>\n\t\t<\/div><\/div>\t<div class=\"clear\"><\/div><\/div>","protected":false},"excerpt":{"rendered":"<p>ALLGEMEINE INFORMATIONEN Samb\u00f3dromo Die Sambadrome ist in 13 Sektoren unterteilt. Der Wert der Karten der einzelnen Sektoren h\u00e4ngt von der Position und Blick auf den Boulevard. Die ungeradzahligen Sektoren auf der einen Seite und das andere Paar. Die Zahlen erh\u00f6hen gegen Ende der Allee. Alle Sektoren bestehen aus St\u00e4nden, Buden und H\u00fctten. Die Friesen sind [&hellip;]<\/p>\n","protected":false},"author":1,"featured_media":0,"parent":0,"menu_order":4,"comment_status":"closed","ping_status":"closed","template":"page-full.php","meta":{"ngg_post_thumbnail":0,"footnotes":""},"class_list":["post-1827","page","type-page","status-publish","hentry"],"yoast_head":"<!-- This site is optimized with the Yoast SEO plugin v23.5 - https:\/\/yoast.com\/wordpress\/plugins\/seo\/ -->\n<title>Sambadrome - Ticket Rio - Billets Carnaval Rio, Karneval Rio de Janeiro Tickets, Tickets for Rio Carnival Sambadrome, Boletos Carnaval Rio, Entradas Carnaval Rio Samb\u00f3dromo<\/title>\n<meta name=\"description\" content=\"rio carnival sambadrome tickets. Rio Carnaval Samb\u00f3dromo 2018. Rio Carnaval Entradas Samb\u00f3dromo. Rio Parade Tickets. Rio Carnaval billets. Rio karneval tickets. Rio carnavales biglietti.\" \/>\n<meta name=\"robots\" content=\"index, follow, max-snippet:-1, max-image-preview:large, max-video-preview:-1\" \/>\n<link rel=\"canonical\" href=\"https:\/\/carnaval.ticketrio.com.br\/de\/karneval-rio-sambadrome-tickets\/\" \/>\n<meta property=\"og:locale\" content=\"fr_FR\" \/>\n<meta property=\"og:type\" content=\"article\" \/>\n<meta property=\"og:title\" content=\"Sambadrome - Ticket Rio - Billets Carnaval Rio, Karneval Rio de Janeiro Tickets, Tickets for Rio Carnival Sambadrome, Boletos Carnaval Rio, Entradas Carnaval Rio Samb\u00f3dromo\" \/>\n<meta property=\"og:description\" content=\"rio carnival sambadrome tickets. Rio Carnaval Samb\u00f3dromo 2018. Rio Carnaval Entradas Samb\u00f3dromo. Rio Parade Tickets. Rio Carnaval billets. Rio karneval tickets. Rio carnavales biglietti.\" \/>\n<meta property=\"og:url\" content=\"https:\/\/carnaval.ticketrio.com.br\/de\/karneval-rio-sambadrome-tickets\/\" \/>\n<meta property=\"og:site_name\" content=\"Ticket Rio - Billets Carnaval Rio, Karneval Rio de Janeiro Tickets, Tickets for Rio Carnival Sambadrome, Boletos Carnaval Rio, Entradas Carnaval Rio Samb\u00f3dromo\" \/>\n<meta property=\"article:modified_time\" content=\"2018-06-19T15:24:56+00:00\" \/>\n<meta name=\"twitter:card\" content=\"summary_large_image\" \/>\n<script type=\"application\/ld+json\" class=\"yoast-schema-graph\">{\"@context\":\"https:\/\/schema.org\",\"@graph\":[{\"@type\":\"WebPage\",\"@id\":\"https:\/\/carnaval.ticketrio.com.br\/de\/karneval-rio-sambadrome-tickets\/\",\"url\":\"https:\/\/carnaval.ticketrio.com.br\/de\/karneval-rio-sambadrome-tickets\/\",\"name\":\"Sambadrome - Ticket Rio - Billets Carnaval Rio, Karneval Rio de Janeiro Tickets, Tickets for Rio Carnival Sambadrome, Boletos Carnaval Rio, Entradas Carnaval Rio Samb\u00f3dromo\",\"isPartOf\":{\"@id\":\"https:\/\/carnaval.ticketrio.com.br\/#website\"},\"datePublished\":\"2015-06-17T15:25:21+00:00\",\"dateModified\":\"2018-06-19T15:24:56+00:00\",\"description\":\"rio carnival sambadrome tickets. Rio Carnaval Samb\u00f3dromo 2018. Rio Carnaval Entradas Samb\u00f3dromo. Rio Parade Tickets. Rio Carnaval billets. Rio karneval tickets. Rio carnavales biglietti.\",\"breadcrumb\":{\"@id\":\"https:\/\/carnaval.ticketrio.com.br\/de\/karneval-rio-sambadrome-tickets\/#breadcrumb\"},\"inLanguage\":\"fr-FR\",\"potentialAction\":[{\"@type\":\"ReadAction\",\"target\":[\"https:\/\/carnaval.ticketrio.com.br\/de\/karneval-rio-sambadrome-tickets\/\"]}]},{\"@type\":\"BreadcrumbList\",\"@id\":\"https:\/\/carnaval.ticketrio.com.br\/de\/karneval-rio-sambadrome-tickets\/#breadcrumb\",\"itemListElement\":[{\"@type\":\"ListItem\",\"position\":1,\"name\":\"In\u00edcio\",\"item\":\"https:\/\/carnaval.ticketrio.com.br\/\"},{\"@type\":\"ListItem\",\"position\":2,\"name\":\"Sambadrome\"}]},{\"@type\":\"WebSite\",\"@id\":\"https:\/\/carnaval.ticketrio.com.br\/#website\",\"url\":\"https:\/\/carnaval.ticketrio.com.br\/\",\"name\":\"Ticket Rio - Billets Carnaval Rio, Karneval Rio de Janeiro Tickets, Tickets for Rio Carnival Sambadrome, Boletos Carnaval Rio, Entradas Carnaval Rio Samb\u00f3dromo\",\"description\":\"Billets Carnaval Rio, Karneval Rio de Janeiro Tickets, Tickets for Rio Carnival Sambadrome, Boletos Carnaval Rio, Entradas Carnaval Rio Samb\u00f3dromo\",\"potentialAction\":[{\"@type\":\"SearchAction\",\"target\":{\"@type\":\"EntryPoint\",\"urlTemplate\":\"https:\/\/carnaval.ticketrio.com.br\/?s={search_term_string}\"},\"query-input\":{\"@type\":\"PropertyValueSpecification\",\"valueRequired\":true,\"valueName\":\"search_term_string\"}}],\"inLanguage\":\"fr-FR\"}]}<\/script>\n<!-- \/ Yoast SEO plugin. -->","yoast_head_json":{"title":"Sambadrome - Ticket Rio - Billets Carnaval Rio, Karneval Rio de Janeiro Tickets, Tickets for Rio Carnival Sambadrome, Boletos Carnaval Rio, Entradas Carnaval Rio Samb\u00f3dromo","description":"rio carnival sambadrome tickets. Rio Carnaval Samb\u00f3dromo 2018. Rio Carnaval Entradas Samb\u00f3dromo. Rio Parade Tickets. Rio Carnaval billets. Rio karneval tickets. Rio carnavales biglietti.","robots":{"index":"index","follow":"follow","max-snippet":"max-snippet:-1","max-image-preview":"max-image-preview:large","max-video-preview":"max-video-preview:-1"},"canonical":"https:\/\/carnaval.ticketrio.com.br\/de\/karneval-rio-sambadrome-tickets\/","og_locale":"fr_FR","og_type":"article","og_title":"Sambadrome - Ticket Rio - Billets Carnaval Rio, Karneval Rio de Janeiro Tickets, Tickets for Rio Carnival Sambadrome, Boletos Carnaval Rio, Entradas Carnaval Rio Samb\u00f3dromo","og_description":"rio carnival sambadrome tickets. Rio Carnaval Samb\u00f3dromo 2018. Rio Carnaval Entradas Samb\u00f3dromo. Rio Parade Tickets. Rio Carnaval billets. Rio karneval tickets. Rio carnavales biglietti.","og_url":"https:\/\/carnaval.ticketrio.com.br\/de\/karneval-rio-sambadrome-tickets\/","og_site_name":"Ticket Rio - Billets Carnaval Rio, Karneval Rio de Janeiro Tickets, Tickets for Rio Carnival Sambadrome, Boletos Carnaval Rio, Entradas Carnaval Rio Samb\u00f3dromo","article_modified_time":"2018-06-19T15:24:56+00:00","twitter_card":"summary_large_image","schema":{"@context":"https:\/\/schema.org","@graph":[{"@type":"WebPage","@id":"https:\/\/carnaval.ticketrio.com.br\/de\/karneval-rio-sambadrome-tickets\/","url":"https:\/\/carnaval.ticketrio.com.br\/de\/karneval-rio-sambadrome-tickets\/","name":"Sambadrome - Ticket Rio - Billets Carnaval Rio, Karneval Rio de Janeiro Tickets, Tickets for Rio Carnival Sambadrome, Boletos Carnaval Rio, Entradas Carnaval Rio Samb\u00f3dromo","isPartOf":{"@id":"https:\/\/carnaval.ticketrio.com.br\/#website"},"datePublished":"2015-06-17T15:25:21+00:00","dateModified":"2018-06-19T15:24:56+00:00","description":"rio carnival sambadrome tickets. Rio Carnaval Samb\u00f3dromo 2018. Rio Carnaval Entradas Samb\u00f3dromo. Rio Parade Tickets. Rio Carnaval billets. Rio karneval tickets. Rio carnavales biglietti.","breadcrumb":{"@id":"https:\/\/carnaval.ticketrio.com.br\/de\/karneval-rio-sambadrome-tickets\/#breadcrumb"},"inLanguage":"fr-FR","potentialAction":[{"@type":"ReadAction","target":["https:\/\/carnaval.ticketrio.com.br\/de\/karneval-rio-sambadrome-tickets\/"]}]},{"@type":"BreadcrumbList","@id":"https:\/\/carnaval.ticketrio.com.br\/de\/karneval-rio-sambadrome-tickets\/#breadcrumb","itemListElement":[{"@type":"ListItem","position":1,"name":"In\u00edcio","item":"https:\/\/carnaval.ticketrio.com.br\/"},{"@type":"ListItem","position":2,"name":"Sambadrome"}]},{"@type":"WebSite","@id":"https:\/\/carnaval.ticketrio.com.br\/#website","url":"https:\/\/carnaval.ticketrio.com.br\/","name":"Ticket Rio - Billets Carnaval Rio, Karneval Rio de Janeiro Tickets, Tickets for Rio Carnival Sambadrome, Boletos Carnaval Rio, Entradas Carnaval Rio Samb\u00f3dromo","description":"Billets Carnaval Rio, Karneval Rio de Janeiro Tickets, Tickets for Rio Carnival Sambadrome, Boletos Carnaval Rio, Entradas Carnaval Rio Samb\u00f3dromo","potentialAction":[{"@type":"SearchAction","target":{"@type":"EntryPoint","urlTemplate":"https:\/\/carnaval.ticketrio.com.br\/?s={search_term_string}"},"query-input":{"@type":"PropertyValueSpecification","valueRequired":true,"valueName":"search_term_string"}}],"inLanguage":"fr-FR"}]}},"_links":{"self":[{"href":"https:\/\/carnaval.ticketrio.com.br\/fr\/wp-json\/wp\/v2\/pages\/1827"}],"collection":[{"href":"https:\/\/carnaval.ticketrio.com.br\/fr\/wp-json\/wp\/v2\/pages"}],"about":[{"href":"https:\/\/carnaval.ticketrio.com.br\/fr\/wp-json\/wp\/v2\/types\/page"}],"author":[{"embeddable":true,"href":"https:\/\/carnaval.ticketrio.com.br\/fr\/wp-json\/wp\/v2\/users\/1"}],"replies":[{"embeddable":true,"href":"https:\/\/carnaval.ticketrio.com.br\/fr\/wp-json\/wp\/v2\/comments?post=1827"}],"version-history":[{"count":0,"href":"https:\/\/carnaval.ticketrio.com.br\/fr\/wp-json\/wp\/v2\/pages\/1827\/revisions"}],"wp:attachment":[{"href":"https:\/\/carnaval.ticketrio.com.br\/fr\/wp-json\/wp\/v2\/media?parent=1827"}],"curies":[{"name":"wp","href":"https:\/\/api.w.org\/{rel}","templated":true}]}}