{"id":19,"date":"2013-03-05T16:11:56","date_gmt":"2013-03-05T16:11:56","guid":{"rendered":"http:\/\/www.ticketrio.com.br\/site\/?page_id=19"},"modified":"2025-09-26T00:35:46","modified_gmt":"2025-09-26T00:35:46","slug":"fale-conosco-ticket-rio-carnaval","status":"publish","type":"page","link":"https:\/\/carnaval.ticketrio.com.br\/fale-conosco-ticket-rio-carnaval\/","title":{"rendered":"Contato"},"content":{"rendered":"<div class=\"panel-grid\" id=\"pg-0\"><div class=\"panel-grid-cell\" id=\"pgc-0-0\"><div class=\"panel widget widget_text panel-first-child\" id=\"panel-0-0-0\">\t\t\t<div class=\"textwidget\"><h1><span style=\"color: #003366;\">TELEFONES<\/span><\/h1>\n<h2><span style=\"color: #003366;\">Fixos:<\/span> 55 21 3982-1515 \/ 2025-5000<\/h2>\n<h2><span style=\"color: #003366;\">Nextel:<\/span> 55 21 97879-0895 \/ ID.: 12*30571<\/h2>\n<h2><span style=\"color: #003366;\">Vivo:<\/span> 55 21 98636-1515<\/h2>\n<h2><span style=\"color: #003366;\">Tim:<\/span> 55 21 98215-7172<\/h2>\n<h2><span style=\"color: #003366;\">Claro:<\/span> 55 21 99293-2333<\/h2>\n<h2><span style=\"color: #003366;\">Oi:<\/span> 55 21 98502-7519<\/h2>\n<h2><span style=\"color: #003366;\">Nosso E-mail:<\/span> atendimento@ticketrio.com.br<\/h2>\n<\/div>\n\t\t<\/div><div class=\"panel widget widget_text panel-last-child\" id=\"panel-0-0-1\"><h3 class=\"widget-title\">Ou se preferir preencha o formul\u00e1rio abaixo e em breve entraremos em contato.<\/h3>\t\t\t<div class=\"textwidget\"><div role=\"form\" class=\"wpcf7\" id=\"wpcf7-f2505-o1\" dir=\"ltr\">\n<div class=\"screen-reader-response\"><\/div>\n<form action=\"\/fr\/wp-json\/wp\/v2\/pages\/19#wpcf7-f2505-o1\" method=\"post\" class=\"wpcf7-form\" novalidate=\"novalidate\">\n<div style=\"display: none;\">\n<input type=\"hidden\" name=\"_wpcf7\" value=\"2505\" \/><br \/>\n<input type=\"hidden\" name=\"_wpcf7_version\" value=\"5.0.1\" \/><br \/>\n<input type=\"hidden\" name=\"_wpcf7_locale\" value=\"\" \/><br \/>\n<input type=\"hidden\" name=\"_wpcf7_unit_tag\" value=\"wpcf7-f2505-o1\" \/><br \/>\n<input type=\"hidden\" name=\"_wpcf7_container_post\" value=\"0\" \/>\n<\/div>\n<p>Nome (*): <span class=\"wpcf7-form-control-wrap your-name\"><input type=\"text\" name=\"your-name\" value=\"\" size=\"40\" class=\"wpcf7-form-control wpcf7-text wpcf7-validates-as-required\" aria-required=\"true\" aria-invalid=\"false\" \/><\/span> <\/p>\n<p>E-mail (*): <span class=\"wpcf7-form-control-wrap your-email\"><input type=\"email\" name=\"your-email\" value=\"\" size=\"40\" class=\"wpcf7-form-control wpcf7-text wpcf7-email wpcf7-validates-as-required wpcf7-validates-as-email\" aria-required=\"true\" aria-invalid=\"false\" \/><\/span> <\/p>\n<p>Assunto: <span class=\"wpcf7-form-control-wrap menuassunto\"><select name=\"menuassunto\" class=\"wpcf7-form-control wpcf7-select\" aria-invalid=\"false\"><option value=\"Informa\u00e7\u00f5es\">Informa\u00e7\u00f5es<\/option><option value=\"D\u00favidas\">D\u00favidas<\/option><option value=\"Cr\u00edticas \/ Sugest\u00f5es\">Cr\u00edticas \/ Sugest\u00f5es<\/option><\/select><\/span> <\/p>\n<p>Mensagem<br \/>\n    <span class=\"wpcf7-form-control-wrap your-message\"><textarea name=\"your-message\" cols=\"40\" rows=\"10\" class=\"wpcf7-form-control wpcf7-textarea\" aria-invalid=\"false\"><\/textarea><\/span> <\/p>\n<p><input type=\"submit\" value=\"Enviar\" class=\"wpcf7-form-control wpcf7-submit\" \/><\/p>\n<div class=\"wpcf7-response-output wpcf7-display-none\"><\/div>\n<\/form>\n<\/div>\n<\/div>\n\t\t<\/div><\/div><div class=\"panel-grid-cell\" id=\"pgc-0-1\"><div class=\"panel widget widget_text panel-first-child\" id=\"panel-0-1-0\"><h3 class=\"widget-title\">Chat on Line com Nossos Especialistas!<\/h3>\t\t\t<div class=\"textwidget\"><p>Atendimento de Seg a Sexta: das 09h \u00e0s 18h (com parada para hor\u00e1rio de almo\u00e7o)<\/p>\n<p><script language=\"JavaScript\" src=\"https:\/\/www.chatcomercial.com.br\/livehelp\/lib\/javascript\/support_status.php?COMPANY_ID=13537&#038;SITE_ID=15904&#038;ssl=1\"><\/script><br \/>\n<!--IN\u00cdCIO RASTREADOR - TRACK --><br \/>\n<script language=\"JavaScript\" >\nvar _webtrack_domain = \"https:\/\/www.chatcomercial.com.br\/livehelp\/\";\nvar _webtrack_company_id = 13537;\nvar _webtrack_site_id = 15904;\nvar _webtrack_domain_chatwindow = \"https:\/\/www.chatcomercial.com.br\/livehelp\/\";\nvar _webtrack_variables = new Array();\nvar _webtrack_ssl = 1;\n<\/script><br \/>\n<script language='JavaScript' src='https:\/\/www.chatcomercial.com.br\/livehelp\/lib\/javascript\/webtrack.js'><\/script><br \/>\n<!--FIM RASTREADOR --><\/p>\n<\/div>\n\t\t<\/div><div class=\"panel widget widget_icon-text\" id=\"panel-0-1-1\"><h3 class=\"widget-title\">Conference Call Dispon\u00edvel! Nos adicione no Skype.<\/h3><div class=\"feature-icon\"><img loading=\"lazy\" decoding=\"async\" width=\"150\" height=\"150\" src=\"https:\/\/carnaval.ticketrio.com.br\/wp-content\/uploads\/2015\/05\/skype_question-150x150.png\" class=\"attachment-thumbnail size-thumbnail\" alt=\"\" \/><\/div><div class=\"widget-text entry-content\"><p>Skype: ticketrioturismo<\/p>\n<\/div><\/div><div class=\"panel widget widget_text\" id=\"panel-0-1-2\"><h3 class=\"widget-title\">Endere\u00e7o:<\/h3>\t\t\t<div class=\"textwidget\"><p>Av. das Am\u00e9ricas, 700 Loja 201 A Bl. 8 Shopping Citt\u00e1 Am\u00e9rica &#8211; Barra da Tijuca &#8211; Rio de Janeiro<\/p>\n<\/div>\n\t\t<\/div><div class=\"panel widget widget_text panel-last-child\" id=\"panel-0-1-3\"><h3 class=\"widget-title\">Nos encontre no Mapa!<\/h3>\t\t\t<div class=\"textwidget\"><p><iframe src=\"https:\/\/www.google.com\/maps\/embed?pb=!1m14!1m12!1m3!1d235198.6814263698!2d-43.44598205000001!3d-22.91413074999999!2m3!1f0!2f0!3f0!3m2!1i1024!2i768!4f13.1!5e0!3m2!1sen!2sbr!4v1432923632131\" frameborder=\"0\" style=\"border:0\"><\/iframe><\/p>\n<\/div>\n\t\t<\/div><\/div>\t<div class=\"clear\"><\/div><\/div>","protected":false},"excerpt":{"rendered":"<p>TELEFONES Fixos: 55 21 3982-1515 \/ 2025-5000 Nextel: 55 21 97879-0895 \/ ID.: 12*30571 Vivo: 55 21 98636-1515 Tim: 55 21 98215-7172 Claro: 55 21 99293-2333 Oi: 55 21 98502-7519 Nosso E-mail: atendimento@ticketrio.com.br Ou se preferir preencha o formul\u00e1rio abaixo e em breve entraremos em contato. Nome (*): E-mail (*): Assunto: Informa\u00e7\u00f5esD\u00favidasCr\u00edticas \/ Sugest\u00f5es Mensagem [&hellip;]<\/p>\n","protected":false},"author":1,"featured_media":0,"parent":0,"menu_order":5,"comment_status":"closed","ping_status":"closed","template":"page-full.php","meta":{"ngg_post_thumbnail":0,"footnotes":""},"class_list":["post-19","page","type-page","status-publish","hentry"],"yoast_head":"<!-- This site is optimized with the Yoast SEO plugin v23.5 - https:\/\/yoast.com\/wordpress\/plugins\/seo\/ -->\n<title>Contato - Ticket Rio - Billets Carnaval Rio, Karneval Rio de Janeiro Tickets, Tickets for Rio Carnival Sambadrome, Boletos Carnaval Rio, Entradas Carnaval Rio Samb\u00f3dromo<\/title>\n<meta name=\"description\" content=\"rio carnival sambadrome tickets. Rio Carnaval Samb\u00f3dromo 2018. Rio Carnaval Entradas Samb\u00f3dromo. Rio Parade Tickets. Rio Carnaval billets. Rio karneval tickets. Rio carnavales biglietti.\" \/>\n<meta name=\"robots\" content=\"index, follow, max-snippet:-1, max-image-preview:large, max-video-preview:-1\" \/>\n<link rel=\"canonical\" href=\"https:\/\/carnaval.ticketrio.com.br\/fale-conosco-ticket-rio-carnaval\/\" \/>\n<meta property=\"og:locale\" content=\"fr_FR\" \/>\n<meta property=\"og:type\" content=\"article\" \/>\n<meta property=\"og:title\" content=\"Contato - Ticket Rio - Billets Carnaval Rio, Karneval Rio de Janeiro Tickets, Tickets for Rio Carnival Sambadrome, Boletos Carnaval Rio, Entradas Carnaval Rio Samb\u00f3dromo\" \/>\n<meta property=\"og:description\" content=\"rio carnival sambadrome tickets. Rio Carnaval Samb\u00f3dromo 2018. Rio Carnaval Entradas Samb\u00f3dromo. Rio Parade Tickets. Rio Carnaval billets. Rio karneval tickets. Rio carnavales biglietti.\" \/>\n<meta property=\"og:url\" content=\"https:\/\/carnaval.ticketrio.com.br\/fale-conosco-ticket-rio-carnaval\/\" \/>\n<meta property=\"og:site_name\" content=\"Ticket Rio - Billets Carnaval Rio, Karneval Rio de Janeiro Tickets, Tickets for Rio Carnival Sambadrome, Boletos Carnaval Rio, Entradas Carnaval Rio Samb\u00f3dromo\" \/>\n<meta property=\"article:modified_time\" content=\"2025-09-26T00:35:46+00:00\" \/>\n<meta name=\"twitter:card\" content=\"summary_large_image\" \/>\n<meta name=\"twitter:label1\" content=\"Est. reading time\" \/>\n\t<meta name=\"twitter:data1\" content=\"1 minute\" \/>\n<script type=\"application\/ld+json\" class=\"yoast-schema-graph\">{\"@context\":\"https:\/\/schema.org\",\"@graph\":[{\"@type\":\"WebPage\",\"@id\":\"https:\/\/carnaval.ticketrio.com.br\/fale-conosco-ticket-rio-carnaval\/\",\"url\":\"https:\/\/carnaval.ticketrio.com.br\/fale-conosco-ticket-rio-carnaval\/\",\"name\":\"Contato - Ticket Rio - Billets Carnaval Rio, Karneval Rio de Janeiro Tickets, Tickets for Rio Carnival Sambadrome, Boletos Carnaval Rio, Entradas Carnaval Rio Samb\u00f3dromo\",\"isPartOf\":{\"@id\":\"https:\/\/carnaval.ticketrio.com.br\/#website\"},\"datePublished\":\"2013-03-05T16:11:56+00:00\",\"dateModified\":\"2025-09-26T00:35:46+00:00\",\"description\":\"rio carnival sambadrome tickets. Rio Carnaval Samb\u00f3dromo 2018. Rio Carnaval Entradas Samb\u00f3dromo. Rio Parade Tickets. Rio Carnaval billets. Rio karneval tickets. Rio carnavales biglietti.\",\"breadcrumb\":{\"@id\":\"https:\/\/carnaval.ticketrio.com.br\/fale-conosco-ticket-rio-carnaval\/#breadcrumb\"},\"inLanguage\":\"fr-FR\",\"potentialAction\":[{\"@type\":\"ReadAction\",\"target\":[\"https:\/\/carnaval.ticketrio.com.br\/fale-conosco-ticket-rio-carnaval\/\"]}]},{\"@type\":\"BreadcrumbList\",\"@id\":\"https:\/\/carnaval.ticketrio.com.br\/fale-conosco-ticket-rio-carnaval\/#breadcrumb\",\"itemListElement\":[{\"@type\":\"ListItem\",\"position\":1,\"name\":\"In\u00edcio\",\"item\":\"https:\/\/carnaval.ticketrio.com.br\/\"},{\"@type\":\"ListItem\",\"position\":2,\"name\":\"Contato\"}]},{\"@type\":\"WebSite\",\"@id\":\"https:\/\/carnaval.ticketrio.com.br\/#website\",\"url\":\"https:\/\/carnaval.ticketrio.com.br\/\",\"name\":\"Ticket Rio - Billets Carnaval Rio, Karneval Rio de Janeiro Tickets, Tickets for Rio Carnival Sambadrome, Boletos Carnaval Rio, Entradas Carnaval Rio Samb\u00f3dromo\",\"description\":\"Billets Carnaval Rio, Karneval Rio de Janeiro Tickets, Tickets for Rio Carnival Sambadrome, Boletos Carnaval Rio, Entradas Carnaval Rio Samb\u00f3dromo\",\"potentialAction\":[{\"@type\":\"SearchAction\",\"target\":{\"@type\":\"EntryPoint\",\"urlTemplate\":\"https:\/\/carnaval.ticketrio.com.br\/?s={search_term_string}\"},\"query-input\":{\"@type\":\"PropertyValueSpecification\",\"valueRequired\":true,\"valueName\":\"search_term_string\"}}],\"inLanguage\":\"fr-FR\"}]}<\/script>\n<!-- \/ Yoast SEO plugin. -->","yoast_head_json":{"title":"Contato - Ticket Rio - Billets Carnaval Rio, Karneval Rio de Janeiro Tickets, Tickets for Rio Carnival Sambadrome, Boletos Carnaval Rio, Entradas Carnaval Rio Samb\u00f3dromo","description":"rio carnival sambadrome tickets. Rio Carnaval Samb\u00f3dromo 2018. Rio Carnaval Entradas Samb\u00f3dromo. Rio Parade Tickets. Rio Carnaval billets. Rio karneval tickets. Rio carnavales biglietti.","robots":{"index":"index","follow":"follow","max-snippet":"max-snippet:-1","max-image-preview":"max-image-preview:large","max-video-preview":"max-video-preview:-1"},"canonical":"https:\/\/carnaval.ticketrio.com.br\/fale-conosco-ticket-rio-carnaval\/","og_locale":"fr_FR","og_type":"article","og_title":"Contato - Ticket Rio - Billets Carnaval Rio, Karneval Rio de Janeiro Tickets, Tickets for Rio Carnival Sambadrome, Boletos Carnaval Rio, Entradas Carnaval Rio Samb\u00f3dromo","og_description":"rio carnival sambadrome tickets. Rio Carnaval Samb\u00f3dromo 2018. Rio Carnaval Entradas Samb\u00f3dromo. Rio Parade Tickets. Rio Carnaval billets. Rio karneval tickets. Rio carnavales biglietti.","og_url":"https:\/\/carnaval.ticketrio.com.br\/fale-conosco-ticket-rio-carnaval\/","og_site_name":"Ticket Rio - Billets Carnaval Rio, Karneval Rio de Janeiro Tickets, Tickets for Rio Carnival Sambadrome, Boletos Carnaval Rio, Entradas Carnaval Rio Samb\u00f3dromo","article_modified_time":"2025-09-26T00:35:46+00:00","twitter_card":"summary_large_image","twitter_misc":{"Est. reading time":"1 minute"},"schema":{"@context":"https:\/\/schema.org","@graph":[{"@type":"WebPage","@id":"https:\/\/carnaval.ticketrio.com.br\/fale-conosco-ticket-rio-carnaval\/","url":"https:\/\/carnaval.ticketrio.com.br\/fale-conosco-ticket-rio-carnaval\/","name":"Contato - Ticket Rio - Billets Carnaval Rio, Karneval Rio de Janeiro Tickets, Tickets for Rio Carnival Sambadrome, Boletos Carnaval Rio, Entradas Carnaval Rio Samb\u00f3dromo","isPartOf":{"@id":"https:\/\/carnaval.ticketrio.com.br\/#website"},"datePublished":"2013-03-05T16:11:56+00:00","dateModified":"2025-09-26T00:35:46+00:00","description":"rio carnival sambadrome tickets. Rio Carnaval Samb\u00f3dromo 2018. Rio Carnaval Entradas Samb\u00f3dromo. Rio Parade Tickets. Rio Carnaval billets. Rio karneval tickets. Rio carnavales biglietti.","breadcrumb":{"@id":"https:\/\/carnaval.ticketrio.com.br\/fale-conosco-ticket-rio-carnaval\/#breadcrumb"},"inLanguage":"fr-FR","potentialAction":[{"@type":"ReadAction","target":["https:\/\/carnaval.ticketrio.com.br\/fale-conosco-ticket-rio-carnaval\/"]}]},{"@type":"BreadcrumbList","@id":"https:\/\/carnaval.ticketrio.com.br\/fale-conosco-ticket-rio-carnaval\/#breadcrumb","itemListElement":[{"@type":"ListItem","position":1,"name":"In\u00edcio","item":"https:\/\/carnaval.ticketrio.com.br\/"},{"@type":"ListItem","position":2,"name":"Contato"}]},{"@type":"WebSite","@id":"https:\/\/carnaval.ticketrio.com.br\/#website","url":"https:\/\/carnaval.ticketrio.com.br\/","name":"Ticket Rio - Billets Carnaval Rio, Karneval Rio de Janeiro Tickets, Tickets for Rio Carnival Sambadrome, Boletos Carnaval Rio, Entradas Carnaval Rio Samb\u00f3dromo","description":"Billets Carnaval Rio, Karneval Rio de Janeiro Tickets, Tickets for Rio Carnival Sambadrome, Boletos Carnaval Rio, Entradas Carnaval Rio Samb\u00f3dromo","potentialAction":[{"@type":"SearchAction","target":{"@type":"EntryPoint","urlTemplate":"https:\/\/carnaval.ticketrio.com.br\/?s={search_term_string}"},"query-input":{"@type":"PropertyValueSpecification","valueRequired":true,"valueName":"search_term_string"}}],"inLanguage":"fr-FR"}]}},"_links":{"self":[{"href":"https:\/\/carnaval.ticketrio.com.br\/fr\/wp-json\/wp\/v2\/pages\/19"}],"collection":[{"href":"https:\/\/carnaval.ticketrio.com.br\/fr\/wp-json\/wp\/v2\/pages"}],"about":[{"href":"https:\/\/carnaval.ticketrio.com.br\/fr\/wp-json\/wp\/v2\/types\/page"}],"author":[{"embeddable":true,"href":"https:\/\/carnaval.ticketrio.com.br\/fr\/wp-json\/wp\/v2\/users\/1"}],"replies":[{"embeddable":true,"href":"https:\/\/carnaval.ticketrio.com.br\/fr\/wp-json\/wp\/v2\/comments?post=19"}],"version-history":[{"count":18,"href":"https:\/\/carnaval.ticketrio.com.br\/fr\/wp-json\/wp\/v2\/pages\/19\/revisions"}],"predecessor-version":[{"id":2579,"href":"https:\/\/carnaval.ticketrio.com.br\/fr\/wp-json\/wp\/v2\/pages\/19\/revisions\/2579"}],"wp:attachment":[{"href":"https:\/\/carnaval.ticketrio.com.br\/fr\/wp-json\/wp\/v2\/media?parent=19"}],"curies":[{"name":"wp","href":"https:\/\/api.w.org\/{rel}","templated":true}]}}