{"id":191,"date":"2013-03-14T16:40:56","date_gmt":"2013-03-14T16:40:56","guid":{"rendered":"http:\/\/www.ticketrio.com.br\/site\/?page_id=191"},"modified":"2015-06-30T18:00:26","modified_gmt":"2015-06-30T18:00:26","slug":"transporte-sambdromo-hotel-carnaval","status":"publish","type":"page","link":"https:\/\/carnaval.ticketrio.com.br\/ingressos-carnaval-sambodromo-rj\/transporte-sambdromo-hotel-carnaval\/","title":{"rendered":"Transfer Samb\u00f3dromo"},"content":{"rendered":"<div class=\"panel-grid\" id=\"pg-0\"><div class=\"panel-grid-cell\" id=\"pgc-0-0\"><div class=\"panel widget widget_button panel-first-child panel-last-child\" id=\"panel-0-0-0\"><div class=\"button-container align-center\">\t\t\t<a href=\"http:\/\/carnaval.ticketrio.com.br\/ingresso-carnaval-rio-2014\/\" class=\"cta-button button \">\r\n\t\t\t\t<span>INGRESSOS<\/span>\r\n\t\t\t<\/a>\r\n\t\t\t<\/div><\/div><\/div><div class=\"panel-grid-cell\" id=\"pgc-0-1\"><div class=\"panel widget widget_button panel-first-child panel-last-child\" id=\"panel-0-1-0\"><div class=\"button-container align-full\">\t\t\t<a href=\"http:\/\/carnaval.ticketrio.com.br\/sambodromo\/\" class=\"cta-button button \">\r\n\t\t\t\t<span>SAMB\u00d3DROMO<\/span>\r\n\t\t\t<\/a>\r\n\t\t\t<\/div><\/div><\/div><div class=\"panel-grid-cell\" id=\"pgc-0-2\"><div class=\"panel widget widget_button panel-first-child panel-last-child\" id=\"panel-0-2-0\"><div class=\"button-container align-full\">\t\t\t<a href=\"http:\/\/carnaval.ticketrio.com.br\/sambodromo\/ordem-do-desfile-sambodromo\/\" class=\"cta-button button \">\r\n\t\t\t\t<span>ORDEM DOS DESFILES<\/span>\r\n\t\t\t<\/a>\r\n\t\t\t<\/div><\/div><\/div><div class=\"panel-grid-cell\" id=\"pgc-0-3\"><div class=\"panel widget widget_button panel-first-child panel-last-child\" id=\"panel-0-3-0\"><div class=\"button-container align-full\">\t\t\t<a href=\"http:\/\/carnaval.ticketrio.com.br\/sambodromo\/mapa-sambodromo\/\" class=\"cta-button button \">\r\n\t\t\t\t<span>MAPA SAMB\u00d3DROMO<\/span>\r\n\t\t\t<\/a>\r\n\t\t\t<\/div><\/div><\/div><div class=\"panel-grid-cell\" id=\"pgc-0-4\"><div class=\"panel widget widget_button panel-first-child panel-last-child\" id=\"panel-0-4-0\"><div class=\"button-container align-full\">\t\t\t<a href=\"http:\/\/carnaval.ticketrio.com.br\/sambodromo\/hoteis\/\" class=\"cta-button button \">\r\n\t\t\t\t<span>HOT\u00c9IS<\/span>\r\n\t\t\t<\/a>\r\n\t\t\t<\/div><\/div><\/div>\t<div class=\"clear\"><\/div><\/div><div class=\"panel-grid\" id=\"pg-1\"><div class=\"panel-grid-cell\" id=\"pgc-1-0\"><div class=\"panel widget widget_text panel-first-child\" id=\"panel-1-0-0\">\t\t\t<div class=\"textwidget\"><h1><span style=\"color: #003366;\">Setores \u00cdMPARES ou PARES<\/span><\/h1>\n<h1 style=\"text-align: center;\"><span style=\"color: #ff6600; line-height: 1.6em;\">Transfer in\/out + guia + seguran\u00e7a para o samb\u00f3dromo<\/span><\/h1>\n<h2 style=\"text-align: justify;\"><span style=\"color: #003366;\"><strong>Descri\u00e7\u00e3o<\/strong><\/span><\/h2>\n<p style=\"text-align: justify;\"><strong><\/strong>  Transfer in\/out + guia + seguran\u00e7a para o samb\u00f3dromo<\/p>\n<p style=\"text-align: justify;\">Os \u00f4nibus de 46 lugares possuem ar condicionado, tv, v\u00eddeo e poltronas reclin\u00e1veis.<br \/>\nTraslado individual, leva dos principais hot\u00e9is do Centro da Cidade, da Zona Sul e da Barra da Tijuca, para o sambodromo e retorna para o hotel.<\/p>\n<p style=\"text-align: justify;\"><span style=\"color: #003366;\"><strong>Pacote inclui:<\/strong><\/span> Transfer in\/out + Guia + Seguran\u00e7a<br \/>\nValor individual para cada dia de evento.<\/p>\n<p style=\"text-align: justify;\">Veja o Roteiro de Transfer - Hot\u00e9is e hor\u00e1rios de embarque. (clique na imagem ao lado<\/p>\n<p style=\"text-align: justify;\">Para comprar v\u00e1 para a nossa loja virtual<\/p>\n<\/div>\n\t\t<\/div><div class=\"panel widget widget_text\" id=\"panel-1-0-1\">\t\t\t<div class=\"textwidget\"><center><a href=\"http:\/\/loja.ticketrio.com.br\/carnaval-transfer-sambodromo\" target=\"_blank\" rel=\"noopener\"><img decoding=\"async\" class=\"alignright size-full wp-image-179\" title=\"CLIQUE AQUI\" src=\"http:\/\/carnaval.ticketrio.com.br\/wp-content\/uploads\/2013\/03\/compreaqui.png\"\/><\/a><\/center><\/div>\n\t\t<\/div><div class=\"panel widget widget_button panel-last-child\" id=\"panel-1-0-2\"><div class=\"button-container align-center\">\t\t\t<a href=\"http:\/\/loja.ticketrio.com.br\/carnaval-transfer-sambodromo\" class=\"cta-button button \">\r\n\t\t\t\t<span>COMPRE AQUI<\/span>\r\n\t\t\t<\/a>\r\n\t\t\t<\/div><\/div><\/div><div class=\"panel-grid-cell\" id=\"pgc-1-1\"><div class=\"panel widget widget_text panel-first-child\" id=\"panel-1-1-0\">\t\t\t<div class=\"textwidget\">ngg_shortcode_0_placeholder<\/div>\n\t\t<\/div><div class=\"panel widget widget_text\" id=\"panel-1-1-1\"><h3 class=\"widget-title\">Roteiro Transfer Samb\u00f3dromo 2016<\/h3>\t\t\t<div class=\"textwidget\">- Clique na imagem abaixo para visualizar todo o itiner\u00e1rio e hor\u00e1rios.<\/div>\n\t\t<\/div><div class=\"panel widget widget_siteorigin-image panel-last-child\" id=\"panel-1-1-2\"><a href=\"http:\/\/carnaval.ticketrio.com.br\/wp-content\/uploads\/2015\/06\/Estamos-operando-durante-o-per\u00edodo-do-Carnaval-de-2016-o-servi\u00e7o-de-SHUTTLE-SERVICE-para-levar-nossos-turistas-ao-Samb\u00f3dromo.pdf\"><img decoding=\"async\" src=\"http:\/\/carnaval.ticketrio.com.br\/wp-content\/uploads\/2015\/06\/roteiros-carnaval-2016_TicketRio-1.jpg\" \/><\/a><\/div><\/div>\t<div class=\"clear\"><\/div><\/div>","protected":false},"excerpt":{"rendered":"<p>INGRESSOS SAMB\u00d3DROMO ORDEM DOS DESFILES MAPA SAMB\u00d3DROMO HOT\u00c9IS Setores \u00cdMPARES ou PARES Transfer in\/out + guia + seguran\u00e7a para o samb\u00f3dromo Descri\u00e7\u00e3o Transfer in\/out + guia + seguran\u00e7a para o samb\u00f3dromo Os \u00f4nibus de 46 lugares possuem ar condicionado, tv, v\u00eddeo e poltronas reclin\u00e1veis. Traslado individual, leva dos principais hot\u00e9is do Centro da Cidade, da [&hellip;]<\/p>\n","protected":false},"author":1,"featured_media":0,"parent":147,"menu_order":7,"comment_status":"closed","ping_status":"closed","template":"page-full.php","meta":{"ngg_post_thumbnail":0,"footnotes":""},"class_list":["post-191","page","type-page","status-publish","hentry"],"yoast_head":"<!-- This site is optimized with the Yoast SEO plugin v23.5 - https:\/\/yoast.com\/wordpress\/plugins\/seo\/ -->\n<title>Transfer Samb\u00f3dromo  - Ticket Rio - Billets Carnaval Rio, Karneval Rio de Janeiro Tickets, Tickets for Rio Carnival Sambadrome, Boletos Carnaval Rio, Entradas Carnaval Rio Samb\u00f3dromo<\/title>\n<meta name=\"description\" content=\"rio carnival sambadrome tickets. Rio Carnaval Samb\u00f3dromo 2018. Rio Carnaval Entradas Samb\u00f3dromo. Rio Parade Tickets. Rio Carnaval billets. Rio karneval tickets. Rio carnavales biglietti.\" \/>\n<meta name=\"robots\" content=\"index, follow, max-snippet:-1, max-image-preview:large, max-video-preview:-1\" \/>\n<link rel=\"canonical\" href=\"https:\/\/carnaval.ticketrio.com.br\/ingressos-carnaval-sambodromo-rj\/transporte-sambdromo-hotel-carnaval\/\" \/>\n<meta property=\"og:locale\" content=\"fr_FR\" \/>\n<meta property=\"og:type\" content=\"article\" \/>\n<meta property=\"og:title\" content=\"Transfer Samb\u00f3dromo  - Ticket Rio - Billets Carnaval Rio, Karneval Rio de Janeiro Tickets, Tickets for Rio Carnival Sambadrome, Boletos Carnaval Rio, Entradas Carnaval Rio Samb\u00f3dromo\" \/>\n<meta property=\"og:description\" content=\"rio carnival sambadrome tickets. Rio Carnaval Samb\u00f3dromo 2018. Rio Carnaval Entradas Samb\u00f3dromo. Rio Parade Tickets. Rio Carnaval billets. Rio karneval tickets. Rio carnavales biglietti.\" \/>\n<meta property=\"og:url\" content=\"https:\/\/carnaval.ticketrio.com.br\/ingressos-carnaval-sambodromo-rj\/transporte-sambdromo-hotel-carnaval\/\" \/>\n<meta property=\"og:site_name\" content=\"Ticket Rio - Billets Carnaval Rio, Karneval Rio de Janeiro Tickets, Tickets for Rio Carnival Sambadrome, Boletos Carnaval Rio, Entradas Carnaval Rio Samb\u00f3dromo\" \/>\n<meta property=\"article:modified_time\" content=\"2015-06-30T18:00:26+00:00\" \/>\n<meta name=\"twitter:card\" content=\"summary_large_image\" \/>\n<meta name=\"twitter:label1\" content=\"Est. reading time\" \/>\n\t<meta name=\"twitter:data1\" content=\"1 minute\" \/>\n<script type=\"application\/ld+json\" class=\"yoast-schema-graph\">{\"@context\":\"https:\/\/schema.org\",\"@graph\":[{\"@type\":\"WebPage\",\"@id\":\"https:\/\/carnaval.ticketrio.com.br\/ingressos-carnaval-sambodromo-rj\/transporte-sambdromo-hotel-carnaval\/\",\"url\":\"https:\/\/carnaval.ticketrio.com.br\/ingressos-carnaval-sambodromo-rj\/transporte-sambdromo-hotel-carnaval\/\",\"name\":\"Transfer Samb\u00f3dromo - Ticket Rio - Billets Carnaval Rio, Karneval Rio de Janeiro Tickets, Tickets for Rio Carnival Sambadrome, Boletos Carnaval Rio, Entradas Carnaval Rio Samb\u00f3dromo\",\"isPartOf\":{\"@id\":\"https:\/\/carnaval.ticketrio.com.br\/#website\"},\"datePublished\":\"2013-03-14T16:40:56+00:00\",\"dateModified\":\"2015-06-30T18:00:26+00:00\",\"description\":\"rio carnival sambadrome tickets. Rio Carnaval Samb\u00f3dromo 2018. Rio Carnaval Entradas Samb\u00f3dromo. Rio Parade Tickets. Rio Carnaval billets. Rio karneval tickets. Rio carnavales biglietti.\",\"breadcrumb\":{\"@id\":\"https:\/\/carnaval.ticketrio.com.br\/ingressos-carnaval-sambodromo-rj\/transporte-sambdromo-hotel-carnaval\/#breadcrumb\"},\"inLanguage\":\"fr-FR\",\"potentialAction\":[{\"@type\":\"ReadAction\",\"target\":[\"https:\/\/carnaval.ticketrio.com.br\/ingressos-carnaval-sambodromo-rj\/transporte-sambdromo-hotel-carnaval\/\"]}]},{\"@type\":\"BreadcrumbList\",\"@id\":\"https:\/\/carnaval.ticketrio.com.br\/ingressos-carnaval-sambodromo-rj\/transporte-sambdromo-hotel-carnaval\/#breadcrumb\",\"itemListElement\":[{\"@type\":\"ListItem\",\"position\":1,\"name\":\"In\u00edcio\",\"item\":\"https:\/\/carnaval.ticketrio.com.br\/\"},{\"@type\":\"ListItem\",\"position\":2,\"name\":\"Samb\u00f3dromo\",\"item\":\"https:\/\/carnaval.ticketrio.com.br\/ingressos-carnaval-sambodromo-rj\/\"},{\"@type\":\"ListItem\",\"position\":3,\"name\":\"Transfer Samb\u00f3dromo\"}]},{\"@type\":\"WebSite\",\"@id\":\"https:\/\/carnaval.ticketrio.com.br\/#website\",\"url\":\"https:\/\/carnaval.ticketrio.com.br\/\",\"name\":\"Ticket Rio - Billets Carnaval Rio, Karneval Rio de Janeiro Tickets, Tickets for Rio Carnival Sambadrome, Boletos Carnaval Rio, Entradas Carnaval Rio Samb\u00f3dromo\",\"description\":\"Billets Carnaval Rio, Karneval Rio de Janeiro Tickets, Tickets for Rio Carnival Sambadrome, Boletos Carnaval Rio, Entradas Carnaval Rio Samb\u00f3dromo\",\"potentialAction\":[{\"@type\":\"SearchAction\",\"target\":{\"@type\":\"EntryPoint\",\"urlTemplate\":\"https:\/\/carnaval.ticketrio.com.br\/?s={search_term_string}\"},\"query-input\":{\"@type\":\"PropertyValueSpecification\",\"valueRequired\":true,\"valueName\":\"search_term_string\"}}],\"inLanguage\":\"fr-FR\"}]}<\/script>\n<!-- \/ Yoast SEO plugin. -->","yoast_head_json":{"title":"Transfer Samb\u00f3dromo  - Ticket Rio - Billets Carnaval Rio, Karneval Rio de Janeiro Tickets, Tickets for Rio Carnival Sambadrome, Boletos Carnaval Rio, Entradas Carnaval Rio Samb\u00f3dromo","description":"rio carnival sambadrome tickets. Rio Carnaval Samb\u00f3dromo 2018. Rio Carnaval Entradas Samb\u00f3dromo. Rio Parade Tickets. Rio Carnaval billets. Rio karneval tickets. Rio carnavales biglietti.","robots":{"index":"index","follow":"follow","max-snippet":"max-snippet:-1","max-image-preview":"max-image-preview:large","max-video-preview":"max-video-preview:-1"},"canonical":"https:\/\/carnaval.ticketrio.com.br\/ingressos-carnaval-sambodromo-rj\/transporte-sambdromo-hotel-carnaval\/","og_locale":"fr_FR","og_type":"article","og_title":"Transfer Samb\u00f3dromo  - Ticket Rio - Billets Carnaval Rio, Karneval Rio de Janeiro Tickets, Tickets for Rio Carnival Sambadrome, Boletos Carnaval Rio, Entradas Carnaval Rio Samb\u00f3dromo","og_description":"rio carnival sambadrome tickets. Rio Carnaval Samb\u00f3dromo 2018. Rio Carnaval Entradas Samb\u00f3dromo. Rio Parade Tickets. Rio Carnaval billets. Rio karneval tickets. Rio carnavales biglietti.","og_url":"https:\/\/carnaval.ticketrio.com.br\/ingressos-carnaval-sambodromo-rj\/transporte-sambdromo-hotel-carnaval\/","og_site_name":"Ticket Rio - Billets Carnaval Rio, Karneval Rio de Janeiro Tickets, Tickets for Rio Carnival Sambadrome, Boletos Carnaval Rio, Entradas Carnaval Rio Samb\u00f3dromo","article_modified_time":"2015-06-30T18:00:26+00:00","twitter_card":"summary_large_image","twitter_misc":{"Est. reading time":"1 minute"},"schema":{"@context":"https:\/\/schema.org","@graph":[{"@type":"WebPage","@id":"https:\/\/carnaval.ticketrio.com.br\/ingressos-carnaval-sambodromo-rj\/transporte-sambdromo-hotel-carnaval\/","url":"https:\/\/carnaval.ticketrio.com.br\/ingressos-carnaval-sambodromo-rj\/transporte-sambdromo-hotel-carnaval\/","name":"Transfer Samb\u00f3dromo - Ticket Rio - Billets Carnaval Rio, Karneval Rio de Janeiro Tickets, Tickets for Rio Carnival Sambadrome, Boletos Carnaval Rio, Entradas Carnaval Rio Samb\u00f3dromo","isPartOf":{"@id":"https:\/\/carnaval.ticketrio.com.br\/#website"},"datePublished":"2013-03-14T16:40:56+00:00","dateModified":"2015-06-30T18:00:26+00:00","description":"rio carnival sambadrome tickets. Rio Carnaval Samb\u00f3dromo 2018. Rio Carnaval Entradas Samb\u00f3dromo. Rio Parade Tickets. Rio Carnaval billets. Rio karneval tickets. Rio carnavales biglietti.","breadcrumb":{"@id":"https:\/\/carnaval.ticketrio.com.br\/ingressos-carnaval-sambodromo-rj\/transporte-sambdromo-hotel-carnaval\/#breadcrumb"},"inLanguage":"fr-FR","potentialAction":[{"@type":"ReadAction","target":["https:\/\/carnaval.ticketrio.com.br\/ingressos-carnaval-sambodromo-rj\/transporte-sambdromo-hotel-carnaval\/"]}]},{"@type":"BreadcrumbList","@id":"https:\/\/carnaval.ticketrio.com.br\/ingressos-carnaval-sambodromo-rj\/transporte-sambdromo-hotel-carnaval\/#breadcrumb","itemListElement":[{"@type":"ListItem","position":1,"name":"In\u00edcio","item":"https:\/\/carnaval.ticketrio.com.br\/"},{"@type":"ListItem","position":2,"name":"Samb\u00f3dromo","item":"https:\/\/carnaval.ticketrio.com.br\/ingressos-carnaval-sambodromo-rj\/"},{"@type":"ListItem","position":3,"name":"Transfer Samb\u00f3dromo"}]},{"@type":"WebSite","@id":"https:\/\/carnaval.ticketrio.com.br\/#website","url":"https:\/\/carnaval.ticketrio.com.br\/","name":"Ticket Rio - Billets Carnaval Rio, Karneval Rio de Janeiro Tickets, Tickets for Rio Carnival Sambadrome, Boletos Carnaval Rio, Entradas Carnaval Rio Samb\u00f3dromo","description":"Billets Carnaval Rio, Karneval Rio de Janeiro Tickets, Tickets for Rio Carnival Sambadrome, Boletos Carnaval Rio, Entradas Carnaval Rio Samb\u00f3dromo","potentialAction":[{"@type":"SearchAction","target":{"@type":"EntryPoint","urlTemplate":"https:\/\/carnaval.ticketrio.com.br\/?s={search_term_string}"},"query-input":{"@type":"PropertyValueSpecification","valueRequired":true,"valueName":"search_term_string"}}],"inLanguage":"fr-FR"}]}},"_links":{"self":[{"href":"https:\/\/carnaval.ticketrio.com.br\/fr\/wp-json\/wp\/v2\/pages\/191"}],"collection":[{"href":"https:\/\/carnaval.ticketrio.com.br\/fr\/wp-json\/wp\/v2\/pages"}],"about":[{"href":"https:\/\/carnaval.ticketrio.com.br\/fr\/wp-json\/wp\/v2\/types\/page"}],"author":[{"embeddable":true,"href":"https:\/\/carnaval.ticketrio.com.br\/fr\/wp-json\/wp\/v2\/users\/1"}],"replies":[{"embeddable":true,"href":"https:\/\/carnaval.ticketrio.com.br\/fr\/wp-json\/wp\/v2\/comments?post=191"}],"version-history":[{"count":30,"href":"https:\/\/carnaval.ticketrio.com.br\/fr\/wp-json\/wp\/v2\/pages\/191\/revisions"}],"predecessor-version":[{"id":900,"href":"https:\/\/carnaval.ticketrio.com.br\/fr\/wp-json\/wp\/v2\/pages\/191\/revisions\/900"}],"up":[{"embeddable":true,"href":"https:\/\/carnaval.ticketrio.com.br\/fr\/wp-json\/wp\/v2\/pages\/147"}],"wp:attachment":[{"href":"https:\/\/carnaval.ticketrio.com.br\/fr\/wp-json\/wp\/v2\/media?parent=191"}],"curies":[{"name":"wp","href":"https:\/\/api.w.org\/{rel}","templated":true}]}}