{"id":1919,"date":"2015-06-18T20:11:39","date_gmt":"2015-06-18T20:11:39","guid":{"rendered":"http:\/\/www.ticketrio.com.br\/site\/?page_id=1919"},"modified":"2017-05-05T16:19:32","modified_gmt":"2017-05-05T16:19:32","slug":"hotels-in-rio","status":"publish","type":"page","link":"https:\/\/carnaval.ticketrio.com.br\/fr\/rio-carnaval-sambodrome-billets\/hotels-in-rio\/","title":{"rendered":"Hotels in Rio"},"content":{"rendered":"<div class=\"panel-grid\" id=\"pg-0\"><div class=\"panel-grid-cell\" id=\"pgc-0-0\"><div class=\"panel widget widget_text panel-first-child panel-last-child\" id=\"panel-0-0-0\"><h3 class=\"widget-title\">HOTELS<\/h3>\t\t\t<div class=\"textwidget\"><p>HOTELS<\/p>\n<p>Afin de r\u00e9pondre et fournir leur confort des clients et de commodit\u00e9, Ticket Rio cherch\u00e9 partenariat avec les plus grandes cha\u00eenes d'h\u00f4tels dans la ville de Rio de Janeiro, et cherchent des moyens de mieux les servir.<\/p>\n<p>Othon R\u00e9seau<\/p>\n<p>Sur le march\u00e9 depuis 1943 Othon R\u00e9seau offre \u00e0 ses clients luxe, le confort et l'excellence dans la fourniture de leurs services, Ainsi est Consid\u00e9r\u00e9 comme l'un des plus grandes cha\u00eenes d'h\u00f4tels en Am\u00e9rique du Sud.<\/p>\n<p>Les Othon H\u00f4tels r\u00e9seau, sont r\u00e9parties dans les cat\u00e9gories suivantes: Othon Palace, Othon Classic, Othon Travel, Othon Suites, et Othon Pousadas.<\/p>\n<p>Windsor R\u00e9seau<\/p>\n<p>Dans la ville de Rio de Janeiro est l'un des leaders du march\u00e9.<\/p>\n<p>Offrant \u00e0 ses clients des services d'accueil et d'\u00e9v\u00e9nements avec l'excellence. Actuellement, le r\u00e9seau est plus consacr\u00e9e \u00e0 la rencontre du public de l'entreprise, avec leurs h\u00f4tels dans les grandes parties de la ville.<\/p>\n<p>Les Windsor r\u00e9seau H\u00f4tels dans la ville sont: Leme H\u00f4tel Windsor, Windsor Barra Windsor Atlantique, Windsor Excelsior Windsor Miramar, Windsor Plaza, Windsor Palace, Windsor Martinique Copa H\u00f4tel Windsor, Windsor Florida, Windsor Asturias et Windsor Guanabara.<\/p>\n<p>H\u00f4tel Royalty Barra<\/p>\n<p>Situ\u00e9 \u00e0 Barra da Tijuca, le Royalty Barra H\u00f4tel est face \u00e0 la plage, avec un h\u00f4tel 4 \u00e9toiles moderne et confortable o\u00f9 vous pourrez profiter de belles journ\u00e9es, avec beaucoup de confort et de tranquillit\u00e9.<\/p>\n<p>H\u00f4tel Ritz<\/p>\n<p>Situ\u00e9 \u00e0 Leblon, l'H\u00f4tel Ritz a une structure compl\u00e8te pour r\u00e9pondre \u00e0 ses clients en offrant un h\u00e9bergement dans les appartements standards 4 \u00e9toiles confortables et ind\u00e9pendants. La zone de loisirs de l'h\u00f4tel dispose d'un sauna, piscine, salle de fitness et un bar tropical de charme dans le hall de l'h\u00f4tel.<\/p>\n<p>Mercure Arpoador<\/p>\n<p> Le Mercure Rio de Janeiro Arpoador est situ\u00e9 dans Francisco Octave, qui relie Av. Vieira Souto \u00e0 Ipanema \u00e0 Av. Atlantica \u00e0 Copacabana, \u00e0 c\u00f4t\u00e9 de l'Arpoador Pierre et Fort de Copacabana, qui est Confeitaria Colombo. Pr\u00e8s de l'h\u00f4tel sont les meilleures options de la ville boutiques, bars et restaurants. L'h\u00f4tel est \u00e0 proximit\u00e9 de la place du G\u00e9n\u00e9ral Osorio le dimanche qui re\u00e7oit la c\u00e9l\u00e8bre foire de l'artisanat. Un acc\u00e8s facile aux principaux sites de la ville<\/p>\n<\/div>\n\t\t<\/div><\/div><div class=\"panel-grid-cell\" id=\"pgc-0-1\"><div class=\"panel widget widget_text panel-first-child\" id=\"panel-0-1-0\">\t\t\t<div class=\"textwidget\">ngg_shortcode_0_placeholder\r\n\r\nngg_shortcode_1_placeholder<\/div>\n\t\t<\/div><div class=\"panel widget widget_siteorigin-image panel-last-child\" id=\"panel-0-1-1\"><img decoding=\"async\" src=\"http:\/\/www.ticketrio.com.br\/site\/wp-content\/uploads\/2015\/05\/mapa-turistico-rio-by-setur.jpg\" \/><\/div><\/div>\t<div class=\"clear\"><\/div><\/div>","protected":false},"excerpt":{"rendered":"<p>HOTELS HOTELS Afin de r\u00e9pondre et fournir leur confort des clients et de commodit\u00e9, Ticket Rio cherch\u00e9 partenariat avec les plus grandes cha\u00eenes d&#8217;h\u00f4tels dans la ville de Rio de Janeiro, et cherchent des moyens de mieux les servir. Othon R\u00e9seau Sur le march\u00e9 depuis 1943 Othon R\u00e9seau offre \u00e0 ses clients luxe, le confort [&hellip;]<\/p>\n","protected":false},"author":1,"featured_media":0,"parent":1762,"menu_order":4,"comment_status":"closed","ping_status":"closed","template":"page-full.php","meta":{"ngg_post_thumbnail":0,"footnotes":""},"class_list":["post-1919","page","type-page","status-publish","hentry"],"yoast_head":"<!-- This site is optimized with the Yoast SEO plugin v23.5 - https:\/\/yoast.com\/wordpress\/plugins\/seo\/ -->\n<title>Hotels in Rio - Ticket Rio - Billets Carnaval Rio, Karneval Rio de Janeiro Tickets, Tickets for Rio Carnival Sambadrome, Boletos Carnaval Rio, Entradas Carnaval Rio Samb\u00f3dromo<\/title>\n<meta name=\"description\" content=\"rio carnival sambadrome tickets. Rio Carnaval Samb\u00f3dromo 2018. Rio Carnaval Entradas Samb\u00f3dromo. Rio Parade Tickets. Rio Carnaval billets. Rio karneval tickets. Rio carnavales biglietti.\" \/>\n<meta name=\"robots\" content=\"index, follow, max-snippet:-1, max-image-preview:large, max-video-preview:-1\" \/>\n<link rel=\"canonical\" href=\"https:\/\/carnaval.ticketrio.com.br\/fr\/rio-carnaval-sambodrome-billets\/hotels-in-rio\/\" \/>\n<meta property=\"og:locale\" content=\"fr_FR\" \/>\n<meta property=\"og:type\" content=\"article\" \/>\n<meta property=\"og:title\" content=\"Hotels in Rio - Ticket Rio - Billets Carnaval Rio, Karneval Rio de Janeiro Tickets, Tickets for Rio Carnival Sambadrome, Boletos Carnaval Rio, Entradas Carnaval Rio Samb\u00f3dromo\" \/>\n<meta property=\"og:description\" content=\"rio carnival sambadrome tickets. Rio Carnaval Samb\u00f3dromo 2018. Rio Carnaval Entradas Samb\u00f3dromo. Rio Parade Tickets. Rio Carnaval billets. Rio karneval tickets. Rio carnavales biglietti.\" \/>\n<meta property=\"og:url\" content=\"https:\/\/carnaval.ticketrio.com.br\/fr\/rio-carnaval-sambodrome-billets\/hotels-in-rio\/\" \/>\n<meta property=\"og:site_name\" content=\"Ticket Rio - Billets Carnaval Rio, Karneval Rio de Janeiro Tickets, Tickets for Rio Carnival Sambadrome, Boletos Carnaval Rio, Entradas Carnaval Rio Samb\u00f3dromo\" \/>\n<meta property=\"article:modified_time\" content=\"2017-05-05T16:19:32+00:00\" \/>\n<meta name=\"twitter:card\" content=\"summary_large_image\" \/>\n<script type=\"application\/ld+json\" class=\"yoast-schema-graph\">{\"@context\":\"https:\/\/schema.org\",\"@graph\":[{\"@type\":\"WebPage\",\"@id\":\"https:\/\/carnaval.ticketrio.com.br\/fr\/rio-carnaval-sambodrome-billets\/hotels-in-rio\/\",\"url\":\"https:\/\/carnaval.ticketrio.com.br\/fr\/rio-carnaval-sambodrome-billets\/hotels-in-rio\/\",\"name\":\"Hotels in Rio - Ticket Rio - Billets Carnaval Rio, Karneval Rio de Janeiro Tickets, Tickets for Rio Carnival Sambadrome, Boletos Carnaval Rio, Entradas Carnaval Rio Samb\u00f3dromo\",\"isPartOf\":{\"@id\":\"https:\/\/carnaval.ticketrio.com.br\/#website\"},\"datePublished\":\"2015-06-18T20:11:39+00:00\",\"dateModified\":\"2017-05-05T16:19:32+00:00\",\"description\":\"rio carnival sambadrome tickets. Rio Carnaval Samb\u00f3dromo 2018. Rio Carnaval Entradas Samb\u00f3dromo. Rio Parade Tickets. Rio Carnaval billets. Rio karneval tickets. Rio carnavales biglietti.\",\"breadcrumb\":{\"@id\":\"https:\/\/carnaval.ticketrio.com.br\/fr\/rio-carnaval-sambodrome-billets\/hotels-in-rio\/#breadcrumb\"},\"inLanguage\":\"fr-FR\",\"potentialAction\":[{\"@type\":\"ReadAction\",\"target\":[\"https:\/\/carnaval.ticketrio.com.br\/fr\/rio-carnaval-sambodrome-billets\/hotels-in-rio\/\"]}]},{\"@type\":\"BreadcrumbList\",\"@id\":\"https:\/\/carnaval.ticketrio.com.br\/fr\/rio-carnaval-sambodrome-billets\/hotels-in-rio\/#breadcrumb\",\"itemListElement\":[{\"@type\":\"ListItem\",\"position\":1,\"name\":\"In\u00edcio\",\"item\":\"https:\/\/carnaval.ticketrio.com.br\/\"},{\"@type\":\"ListItem\",\"position\":2,\"name\":\"Sambodrome\",\"item\":\"https:\/\/carnaval.ticketrio.com.br\/fr\/rio-carnaval-sambodrome-billets\/\"},{\"@type\":\"ListItem\",\"position\":3,\"name\":\"Hotels in Rio\"}]},{\"@type\":\"WebSite\",\"@id\":\"https:\/\/carnaval.ticketrio.com.br\/#website\",\"url\":\"https:\/\/carnaval.ticketrio.com.br\/\",\"name\":\"Ticket Rio - Billets Carnaval Rio, Karneval Rio de Janeiro Tickets, Tickets for Rio Carnival Sambadrome, Boletos Carnaval Rio, Entradas Carnaval Rio Samb\u00f3dromo\",\"description\":\"Billets Carnaval Rio, Karneval Rio de Janeiro Tickets, Tickets for Rio Carnival Sambadrome, Boletos Carnaval Rio, Entradas Carnaval Rio Samb\u00f3dromo\",\"potentialAction\":[{\"@type\":\"SearchAction\",\"target\":{\"@type\":\"EntryPoint\",\"urlTemplate\":\"https:\/\/carnaval.ticketrio.com.br\/?s={search_term_string}\"},\"query-input\":{\"@type\":\"PropertyValueSpecification\",\"valueRequired\":true,\"valueName\":\"search_term_string\"}}],\"inLanguage\":\"fr-FR\"}]}<\/script>\n<!-- \/ Yoast SEO plugin. -->","yoast_head_json":{"title":"Hotels in Rio - Ticket Rio - Billets Carnaval Rio, Karneval Rio de Janeiro Tickets, Tickets for Rio Carnival Sambadrome, Boletos Carnaval Rio, Entradas Carnaval Rio Samb\u00f3dromo","description":"rio carnival sambadrome tickets. Rio Carnaval Samb\u00f3dromo 2018. Rio Carnaval Entradas Samb\u00f3dromo. Rio Parade Tickets. Rio Carnaval billets. Rio karneval tickets. Rio carnavales biglietti.","robots":{"index":"index","follow":"follow","max-snippet":"max-snippet:-1","max-image-preview":"max-image-preview:large","max-video-preview":"max-video-preview:-1"},"canonical":"https:\/\/carnaval.ticketrio.com.br\/fr\/rio-carnaval-sambodrome-billets\/hotels-in-rio\/","og_locale":"fr_FR","og_type":"article","og_title":"Hotels in Rio - Ticket Rio - Billets Carnaval Rio, Karneval Rio de Janeiro Tickets, Tickets for Rio Carnival Sambadrome, Boletos Carnaval Rio, Entradas Carnaval Rio Samb\u00f3dromo","og_description":"rio carnival sambadrome tickets. Rio Carnaval Samb\u00f3dromo 2018. Rio Carnaval Entradas Samb\u00f3dromo. Rio Parade Tickets. Rio Carnaval billets. Rio karneval tickets. Rio carnavales biglietti.","og_url":"https:\/\/carnaval.ticketrio.com.br\/fr\/rio-carnaval-sambodrome-billets\/hotels-in-rio\/","og_site_name":"Ticket Rio - Billets Carnaval Rio, Karneval Rio de Janeiro Tickets, Tickets for Rio Carnival Sambadrome, Boletos Carnaval Rio, Entradas Carnaval Rio Samb\u00f3dromo","article_modified_time":"2017-05-05T16:19:32+00:00","twitter_card":"summary_large_image","schema":{"@context":"https:\/\/schema.org","@graph":[{"@type":"WebPage","@id":"https:\/\/carnaval.ticketrio.com.br\/fr\/rio-carnaval-sambodrome-billets\/hotels-in-rio\/","url":"https:\/\/carnaval.ticketrio.com.br\/fr\/rio-carnaval-sambodrome-billets\/hotels-in-rio\/","name":"Hotels in Rio - Ticket Rio - Billets Carnaval Rio, Karneval Rio de Janeiro Tickets, Tickets for Rio Carnival Sambadrome, Boletos Carnaval Rio, Entradas Carnaval Rio Samb\u00f3dromo","isPartOf":{"@id":"https:\/\/carnaval.ticketrio.com.br\/#website"},"datePublished":"2015-06-18T20:11:39+00:00","dateModified":"2017-05-05T16:19:32+00:00","description":"rio carnival sambadrome tickets. Rio Carnaval Samb\u00f3dromo 2018. Rio Carnaval Entradas Samb\u00f3dromo. Rio Parade Tickets. Rio Carnaval billets. Rio karneval tickets. Rio carnavales biglietti.","breadcrumb":{"@id":"https:\/\/carnaval.ticketrio.com.br\/fr\/rio-carnaval-sambodrome-billets\/hotels-in-rio\/#breadcrumb"},"inLanguage":"fr-FR","potentialAction":[{"@type":"ReadAction","target":["https:\/\/carnaval.ticketrio.com.br\/fr\/rio-carnaval-sambodrome-billets\/hotels-in-rio\/"]}]},{"@type":"BreadcrumbList","@id":"https:\/\/carnaval.ticketrio.com.br\/fr\/rio-carnaval-sambodrome-billets\/hotels-in-rio\/#breadcrumb","itemListElement":[{"@type":"ListItem","position":1,"name":"In\u00edcio","item":"https:\/\/carnaval.ticketrio.com.br\/"},{"@type":"ListItem","position":2,"name":"Sambodrome","item":"https:\/\/carnaval.ticketrio.com.br\/fr\/rio-carnaval-sambodrome-billets\/"},{"@type":"ListItem","position":3,"name":"Hotels in Rio"}]},{"@type":"WebSite","@id":"https:\/\/carnaval.ticketrio.com.br\/#website","url":"https:\/\/carnaval.ticketrio.com.br\/","name":"Ticket Rio - Billets Carnaval Rio, Karneval Rio de Janeiro Tickets, Tickets for Rio Carnival Sambadrome, Boletos Carnaval Rio, Entradas Carnaval Rio Samb\u00f3dromo","description":"Billets Carnaval Rio, Karneval Rio de Janeiro Tickets, Tickets for Rio Carnival Sambadrome, Boletos Carnaval Rio, Entradas Carnaval Rio Samb\u00f3dromo","potentialAction":[{"@type":"SearchAction","target":{"@type":"EntryPoint","urlTemplate":"https:\/\/carnaval.ticketrio.com.br\/?s={search_term_string}"},"query-input":{"@type":"PropertyValueSpecification","valueRequired":true,"valueName":"search_term_string"}}],"inLanguage":"fr-FR"}]}},"_links":{"self":[{"href":"https:\/\/carnaval.ticketrio.com.br\/fr\/wp-json\/wp\/v2\/pages\/1919"}],"collection":[{"href":"https:\/\/carnaval.ticketrio.com.br\/fr\/wp-json\/wp\/v2\/pages"}],"about":[{"href":"https:\/\/carnaval.ticketrio.com.br\/fr\/wp-json\/wp\/v2\/types\/page"}],"author":[{"embeddable":true,"href":"https:\/\/carnaval.ticketrio.com.br\/fr\/wp-json\/wp\/v2\/users\/1"}],"replies":[{"embeddable":true,"href":"https:\/\/carnaval.ticketrio.com.br\/fr\/wp-json\/wp\/v2\/comments?post=1919"}],"version-history":[{"count":1,"href":"https:\/\/carnaval.ticketrio.com.br\/fr\/wp-json\/wp\/v2\/pages\/1919\/revisions"}],"predecessor-version":[{"id":1920,"href":"https:\/\/carnaval.ticketrio.com.br\/fr\/wp-json\/wp\/v2\/pages\/1919\/revisions\/1920"}],"up":[{"embeddable":true,"href":"https:\/\/carnaval.ticketrio.com.br\/fr\/wp-json\/wp\/v2\/pages\/1762"}],"wp:attachment":[{"href":"https:\/\/carnaval.ticketrio.com.br\/fr\/wp-json\/wp\/v2\/media?parent=1919"}],"curies":[{"name":"wp","href":"https:\/\/api.w.org\/{rel}","templated":true}]}}