{"id":1951,"date":"2015-06-23T15:55:31","date_gmt":"2015-06-23T15:55:31","guid":{"rendered":"http:\/\/www.ticketrio.com.br\/site\/?page_id=1951"},"modified":"2015-07-01T18:03:12","modified_gmt":"2015-07-01T18:03:12","slug":"transfer-sambodromo","status":"publish","type":"page","link":"https:\/\/carnaval.ticketrio.com.br\/es\/carnaval-rio-entradas-sambodromo\/transfer-sambodromo\/","title":{"rendered":"Transfer Samb\u00f3dromo"},"content":{"rendered":"<div class=\"panel-grid\" id=\"pg-0\"><div class=\"panel-grid-cell\" id=\"pgc-0-0\"><div class=\"panel widget widget_text panel-first-child\" id=\"panel-0-0-0\">\t\t\t<div class=\"textwidget\"><h1><span style=\"color: #003366;\"><strong>TRANSFER IN\/ OUT SAMBADROME RIO<\/strong><\/span><\/h1>\n<p style=\"text-align: justify;\">Ofrecemos servicios de transporte Hotel \/ Samb\u00f3dromo \/ hotel.<\/p>\n<p style=\"text-align: justify;\">En nuestra flota contamos con autobuses, minibuses, furgonetas y env\u00edo exclusiva.<\/p>\n<h1><span style=\"color: #003366;\">TODOS OS SETORES<\/span><\/h1>\n<h1 style=\"text-align: center;\"><span style=\"color: #ff6600; line-height: 1.6em;\">Transfer in \/ out + gu\u00eda + seguridad para el Samb\u00f3dromo<\/span><\/h1>\n<h2 style=\"text-align: justify;\"><span style=\"color: #003366;\"><strong>DDescripci\u00f3n<\/strong><\/span><\/h2>\n<p style=\"text-align: justify;\"><strong><\/strong>TODOS LOS SECTORES - Transfer in \/ out + gu\u00eda + seguridad para el Samb\u00f3dromo<\/p>\n<p style=\"text-align: justify;\">Los autobuses cuentan con aire acondicionado, tv, video y sillones reclinables.<br \/>\nTransferencias individuales, toma los hoteles m\u00e1s importantes del centro de la ciudad, la Zona Sur y Barra da Tijuca, por Samb\u00f3dromo y devuelve al hotel.<\/p>\n<p style=\"text-align: justify;\"><span style=\"color: #003366;\"><strong>El Paquete Incluye:<\/strong><\/span> Transfer in \/ out + Gu\u00eda + Seguridad - Sectores 2,3,4, 5,6, 7,8, 9,10 o 11<br \/>\nValor individual para cada d\u00eda del evento.<\/p>\n<p style=\"text-align: justify;\">Vea la secuencia de comandos de transferencia - Hoteles y tiempos de embarque. (haga clic abajo)<\/p>\n<\/div>\n\t\t<\/div><div class=\"panel widget widget_text\" id=\"panel-0-0-1\">\t\t\t<div class=\"textwidget\">ngg_shortcode_0_placeholder<\/div>\n\t\t<\/div><div class=\"panel widget widget_button panel-last-child\" id=\"panel-0-0-2\"><div class=\"button-container align-center\">\t\t\t<a href=\"http:\/\/www.carnivalticketrio.com\/categorias\/CARNIVAL-SERVICES\/Transfer-to-Sambodrome\/\" class=\"cta-button button \">\r\n\t\t\t\t<span>COMPRE AQUI<\/span>\r\n\t\t\t<\/a>\r\n\t\t\t<\/div><\/div><\/div><div class=\"panel-grid-cell\" id=\"pgc-0-1\"><div class=\"panel widget widget_text panel-first-child\" id=\"panel-0-1-0\"><h3 class=\"widget-title\">camarilla na imagem to view o itiner\u00e1rio completo<\/h3>\t\t\t<div class=\"textwidget\"><\/div>\n\t\t<\/div><div class=\"panel widget widget_siteorigin-image panel-last-child\" id=\"panel-0-1-1\"><a href=\"http:\/\/carnaval.ticketrio.com.br\/wp-content\/uploads\/2015\/06\/roteiros-carnaval-2016_TicketRio_ENGLISH.pdf\"><img decoding=\"async\" src=\"http:\/\/carnaval.ticketrio.com.br\/wp-content\/uploads\/2015\/07\/roteiros-carnaval-2016_TicketRio_ENGLISH-1.gif\" \/><\/a><\/div><\/div>\t<div class=\"clear\"><\/div><\/div>","protected":false},"excerpt":{"rendered":"<p>TRANSFER IN\/ OUT SAMBADROME RIO Ofrecemos servicios de transporte Hotel \/ Samb\u00f3dromo \/ hotel. En nuestra flota contamos con autobuses, minibuses, furgonetas y env\u00edo exclusiva. TODOS OS SETORES Transfer in \/ out + gu\u00eda + seguridad para el Samb\u00f3dromo DDescripci\u00f3n TODOS LOS SECTORES &#8211; Transfer in \/ out + gu\u00eda + seguridad para el Samb\u00f3dromo [&hellip;]<\/p>\n","protected":false},"author":1,"featured_media":0,"parent":1819,"menu_order":3,"comment_status":"closed","ping_status":"closed","template":"page-full.php","meta":{"ngg_post_thumbnail":0,"footnotes":""},"class_list":["post-1951","page","type-page","status-publish","hentry"],"yoast_head":"<!-- This site is optimized with the Yoast SEO plugin v23.5 - https:\/\/yoast.com\/wordpress\/plugins\/seo\/ -->\n<title>Transfer Samb\u00f3dromo - Ticket Rio - Billets Carnaval Rio, Karneval Rio de Janeiro Tickets, Tickets for Rio Carnival Sambadrome, Boletos Carnaval Rio, Entradas Carnaval Rio Samb\u00f3dromo<\/title>\n<meta name=\"description\" content=\"rio carnival sambadrome tickets. Rio Carnaval Samb\u00f3dromo 2018. Rio Carnaval Entradas Samb\u00f3dromo. Rio Parade Tickets. Rio Carnaval billets. Rio karneval tickets. Rio carnavales biglietti.\" \/>\n<meta name=\"robots\" content=\"index, follow, max-snippet:-1, max-image-preview:large, max-video-preview:-1\" \/>\n<link rel=\"canonical\" href=\"https:\/\/carnaval.ticketrio.com.br\/es\/carnaval-rio-entradas-sambodromo\/transfer-sambodromo\/\" \/>\n<meta property=\"og:locale\" content=\"fr_FR\" \/>\n<meta property=\"og:type\" content=\"article\" \/>\n<meta property=\"og:title\" content=\"Transfer Samb\u00f3dromo - Ticket Rio - Billets Carnaval Rio, Karneval Rio de Janeiro Tickets, Tickets for Rio Carnival Sambadrome, Boletos Carnaval Rio, Entradas Carnaval Rio Samb\u00f3dromo\" \/>\n<meta property=\"og:description\" content=\"rio carnival sambadrome tickets. Rio Carnaval Samb\u00f3dromo 2018. Rio Carnaval Entradas Samb\u00f3dromo. Rio Parade Tickets. Rio Carnaval billets. Rio karneval tickets. Rio carnavales biglietti.\" \/>\n<meta property=\"og:url\" content=\"https:\/\/carnaval.ticketrio.com.br\/es\/carnaval-rio-entradas-sambodromo\/transfer-sambodromo\/\" \/>\n<meta property=\"og:site_name\" content=\"Ticket Rio - Billets Carnaval Rio, Karneval Rio de Janeiro Tickets, Tickets for Rio Carnival Sambadrome, Boletos Carnaval Rio, Entradas Carnaval Rio Samb\u00f3dromo\" \/>\n<meta property=\"article:modified_time\" content=\"2015-07-01T18:03:12+00:00\" \/>\n<meta name=\"twitter:card\" content=\"summary_large_image\" \/>\n<script type=\"application\/ld+json\" class=\"yoast-schema-graph\">{\"@context\":\"https:\/\/schema.org\",\"@graph\":[{\"@type\":\"WebPage\",\"@id\":\"https:\/\/carnaval.ticketrio.com.br\/es\/carnaval-rio-entradas-sambodromo\/transfer-sambodromo\/\",\"url\":\"https:\/\/carnaval.ticketrio.com.br\/es\/carnaval-rio-entradas-sambodromo\/transfer-sambodromo\/\",\"name\":\"Transfer Samb\u00f3dromo - Ticket Rio - Billets Carnaval Rio, Karneval Rio de Janeiro Tickets, Tickets for Rio Carnival Sambadrome, Boletos Carnaval Rio, Entradas Carnaval Rio Samb\u00f3dromo\",\"isPartOf\":{\"@id\":\"https:\/\/carnaval.ticketrio.com.br\/#website\"},\"datePublished\":\"2015-06-23T15:55:31+00:00\",\"dateModified\":\"2015-07-01T18:03:12+00:00\",\"description\":\"rio carnival sambadrome tickets. Rio Carnaval Samb\u00f3dromo 2018. Rio Carnaval Entradas Samb\u00f3dromo. Rio Parade Tickets. Rio Carnaval billets. Rio karneval tickets. Rio carnavales biglietti.\",\"breadcrumb\":{\"@id\":\"https:\/\/carnaval.ticketrio.com.br\/es\/carnaval-rio-entradas-sambodromo\/transfer-sambodromo\/#breadcrumb\"},\"inLanguage\":\"fr-FR\",\"potentialAction\":[{\"@type\":\"ReadAction\",\"target\":[\"https:\/\/carnaval.ticketrio.com.br\/es\/carnaval-rio-entradas-sambodromo\/transfer-sambodromo\/\"]}]},{\"@type\":\"BreadcrumbList\",\"@id\":\"https:\/\/carnaval.ticketrio.com.br\/es\/carnaval-rio-entradas-sambodromo\/transfer-sambodromo\/#breadcrumb\",\"itemListElement\":[{\"@type\":\"ListItem\",\"position\":1,\"name\":\"In\u00edcio\",\"item\":\"https:\/\/carnaval.ticketrio.com.br\/\"},{\"@type\":\"ListItem\",\"position\":2,\"name\":\"Samb\u00f3dromo\",\"item\":\"https:\/\/carnaval.ticketrio.com.br\/es\/carnaval-rio-entradas-sambodromo\/\"},{\"@type\":\"ListItem\",\"position\":3,\"name\":\"Transfer Samb\u00f3dromo\"}]},{\"@type\":\"WebSite\",\"@id\":\"https:\/\/carnaval.ticketrio.com.br\/#website\",\"url\":\"https:\/\/carnaval.ticketrio.com.br\/\",\"name\":\"Ticket Rio - Billets Carnaval Rio, Karneval Rio de Janeiro Tickets, Tickets for Rio Carnival Sambadrome, Boletos Carnaval Rio, Entradas Carnaval Rio Samb\u00f3dromo\",\"description\":\"Billets Carnaval Rio, Karneval Rio de Janeiro Tickets, Tickets for Rio Carnival Sambadrome, Boletos Carnaval Rio, Entradas Carnaval Rio Samb\u00f3dromo\",\"potentialAction\":[{\"@type\":\"SearchAction\",\"target\":{\"@type\":\"EntryPoint\",\"urlTemplate\":\"https:\/\/carnaval.ticketrio.com.br\/?s={search_term_string}\"},\"query-input\":{\"@type\":\"PropertyValueSpecification\",\"valueRequired\":true,\"valueName\":\"search_term_string\"}}],\"inLanguage\":\"fr-FR\"}]}<\/script>\n<!-- \/ Yoast SEO plugin. -->","yoast_head_json":{"title":"Transfer Samb\u00f3dromo - Ticket Rio - Billets Carnaval Rio, Karneval Rio de Janeiro Tickets, Tickets for Rio Carnival Sambadrome, Boletos Carnaval Rio, Entradas Carnaval Rio Samb\u00f3dromo","description":"rio carnival sambadrome tickets. Rio Carnaval Samb\u00f3dromo 2018. Rio Carnaval Entradas Samb\u00f3dromo. Rio Parade Tickets. Rio Carnaval billets. Rio karneval tickets. Rio carnavales biglietti.","robots":{"index":"index","follow":"follow","max-snippet":"max-snippet:-1","max-image-preview":"max-image-preview:large","max-video-preview":"max-video-preview:-1"},"canonical":"https:\/\/carnaval.ticketrio.com.br\/es\/carnaval-rio-entradas-sambodromo\/transfer-sambodromo\/","og_locale":"fr_FR","og_type":"article","og_title":"Transfer Samb\u00f3dromo - Ticket Rio - Billets Carnaval Rio, Karneval Rio de Janeiro Tickets, Tickets for Rio Carnival Sambadrome, Boletos Carnaval Rio, Entradas Carnaval Rio Samb\u00f3dromo","og_description":"rio carnival sambadrome tickets. Rio Carnaval Samb\u00f3dromo 2018. Rio Carnaval Entradas Samb\u00f3dromo. Rio Parade Tickets. Rio Carnaval billets. Rio karneval tickets. Rio carnavales biglietti.","og_url":"https:\/\/carnaval.ticketrio.com.br\/es\/carnaval-rio-entradas-sambodromo\/transfer-sambodromo\/","og_site_name":"Ticket Rio - Billets Carnaval Rio, Karneval Rio de Janeiro Tickets, Tickets for Rio Carnival Sambadrome, Boletos Carnaval Rio, Entradas Carnaval Rio Samb\u00f3dromo","article_modified_time":"2015-07-01T18:03:12+00:00","twitter_card":"summary_large_image","schema":{"@context":"https:\/\/schema.org","@graph":[{"@type":"WebPage","@id":"https:\/\/carnaval.ticketrio.com.br\/es\/carnaval-rio-entradas-sambodromo\/transfer-sambodromo\/","url":"https:\/\/carnaval.ticketrio.com.br\/es\/carnaval-rio-entradas-sambodromo\/transfer-sambodromo\/","name":"Transfer Samb\u00f3dromo - Ticket Rio - Billets Carnaval Rio, Karneval Rio de Janeiro Tickets, Tickets for Rio Carnival Sambadrome, Boletos Carnaval Rio, Entradas Carnaval Rio Samb\u00f3dromo","isPartOf":{"@id":"https:\/\/carnaval.ticketrio.com.br\/#website"},"datePublished":"2015-06-23T15:55:31+00:00","dateModified":"2015-07-01T18:03:12+00:00","description":"rio carnival sambadrome tickets. Rio Carnaval Samb\u00f3dromo 2018. Rio Carnaval Entradas Samb\u00f3dromo. Rio Parade Tickets. Rio Carnaval billets. Rio karneval tickets. Rio carnavales biglietti.","breadcrumb":{"@id":"https:\/\/carnaval.ticketrio.com.br\/es\/carnaval-rio-entradas-sambodromo\/transfer-sambodromo\/#breadcrumb"},"inLanguage":"fr-FR","potentialAction":[{"@type":"ReadAction","target":["https:\/\/carnaval.ticketrio.com.br\/es\/carnaval-rio-entradas-sambodromo\/transfer-sambodromo\/"]}]},{"@type":"BreadcrumbList","@id":"https:\/\/carnaval.ticketrio.com.br\/es\/carnaval-rio-entradas-sambodromo\/transfer-sambodromo\/#breadcrumb","itemListElement":[{"@type":"ListItem","position":1,"name":"In\u00edcio","item":"https:\/\/carnaval.ticketrio.com.br\/"},{"@type":"ListItem","position":2,"name":"Samb\u00f3dromo","item":"https:\/\/carnaval.ticketrio.com.br\/es\/carnaval-rio-entradas-sambodromo\/"},{"@type":"ListItem","position":3,"name":"Transfer Samb\u00f3dromo"}]},{"@type":"WebSite","@id":"https:\/\/carnaval.ticketrio.com.br\/#website","url":"https:\/\/carnaval.ticketrio.com.br\/","name":"Ticket Rio - Billets Carnaval Rio, Karneval Rio de Janeiro Tickets, Tickets for Rio Carnival Sambadrome, Boletos Carnaval Rio, Entradas Carnaval Rio Samb\u00f3dromo","description":"Billets Carnaval Rio, Karneval Rio de Janeiro Tickets, Tickets for Rio Carnival Sambadrome, Boletos Carnaval Rio, Entradas Carnaval Rio Samb\u00f3dromo","potentialAction":[{"@type":"SearchAction","target":{"@type":"EntryPoint","urlTemplate":"https:\/\/carnaval.ticketrio.com.br\/?s={search_term_string}"},"query-input":{"@type":"PropertyValueSpecification","valueRequired":true,"valueName":"search_term_string"}}],"inLanguage":"fr-FR"}]}},"_links":{"self":[{"href":"https:\/\/carnaval.ticketrio.com.br\/fr\/wp-json\/wp\/v2\/pages\/1951"}],"collection":[{"href":"https:\/\/carnaval.ticketrio.com.br\/fr\/wp-json\/wp\/v2\/pages"}],"about":[{"href":"https:\/\/carnaval.ticketrio.com.br\/fr\/wp-json\/wp\/v2\/types\/page"}],"author":[{"embeddable":true,"href":"https:\/\/carnaval.ticketrio.com.br\/fr\/wp-json\/wp\/v2\/users\/1"}],"replies":[{"embeddable":true,"href":"https:\/\/carnaval.ticketrio.com.br\/fr\/wp-json\/wp\/v2\/comments?post=1951"}],"version-history":[{"count":0,"href":"https:\/\/carnaval.ticketrio.com.br\/fr\/wp-json\/wp\/v2\/pages\/1951\/revisions"}],"up":[{"embeddable":true,"href":"https:\/\/carnaval.ticketrio.com.br\/fr\/wp-json\/wp\/v2\/pages\/1819"}],"wp:attachment":[{"href":"https:\/\/carnaval.ticketrio.com.br\/fr\/wp-json\/wp\/v2\/media?parent=1951"}],"curies":[{"name":"wp","href":"https:\/\/api.w.org\/{rel}","templated":true}]}}