{"id":2008,"date":"2015-06-24T19:13:59","date_gmt":"2015-06-24T19:13:59","guid":{"rendered":"http:\/\/www.ticketrio.com.br\/site\/?page_id=2008"},"modified":"2018-06-19T17:21:46","modified_gmt":"2018-06-19T17:21:46","slug":"caja-frontal","status":"publish","type":"page","link":"https:\/\/carnaval.ticketrio.com.br\/es\/entradas-rio-carnaval-sambodromo\/caja-frontal\/","title":{"rendered":"Caja Frontal"},"content":{"rendered":"<div class=\"panel-grid\" id=\"pg-0\"><div class=\"panel-grid-cell\" id=\"pgc-0-0\"><div class=\"panel widget widget_button panel-first-child\" id=\"panel-0-0-0\"><div class=\"button-container align-center\">\t\t\t<a href=\"http:\/\/carnaval.ticketrio.com.br\/es\/sambodromo\/\" class=\"cta-button button \">\r\n\t\t\t\t<span>SAMB\u00d3DROMO<\/span>\r\n\t\t\t<\/a>\r\n\t\t\t<\/div><\/div><div class=\"panel widget widget_button\" id=\"panel-0-0-1\"><div class=\"button-container align-center\">\t\t\t<a href=\"http:\/\/carnaval.ticketrio.com.br\/es\/sambodromo-2\/transfer-sambodromo\/\" class=\"cta-button button \">\r\n\t\t\t\t<span>TRANSFER <\/span>\r\n\t\t\t<\/a>\r\n\t\t\t<\/div><\/div><div class=\"panel widget widget_button\" id=\"panel-0-0-2\"><div class=\"button-container align-center\">\t\t\t<a href=\"http:\/\/carnaval.ticketrio.com.br\/es\/sambodromo-2\/mapa-do-sambodromo\/\" class=\"cta-button button \">\r\n\t\t\t\t<span>MAPA SAMB\u00d3DROMO<\/span>\r\n\t\t\t<\/a>\r\n\t\t\t<\/div><\/div><div class=\"panel widget widget_button panel-last-child\" id=\"panel-0-0-3\"><div class=\"button-container align-center\">\t\t\t<a href=\"http:\/\/carnaval.ticketrio.com.br\/es\/sambodromo-2\/desfile-de-las-escuelas-de-samba\/\" class=\"cta-button button \">\r\n\t\t\t\t<span>DESFILES<\/span>\r\n\t\t\t<\/a>\r\n\t\t\t<\/div><\/div><\/div><div class=\"panel-grid-cell\" id=\"pgc-0-1\"><div class=\"panel widget widget_siteorigin-image panel-first-child panel-last-child\" id=\"panel-0-1-0\"><a href=\"http:\/\/www.carnavalticketrio.com\"><img decoding=\"async\" src=\"http:\/\/carnaval.ticketrio.com.br\/wp-content\/uploads\/2015\/06\/cajafrontal.jpg\" \/><\/a><\/div><\/div><div class=\"panel-grid-cell\" id=\"pgc-0-2\"><div class=\"panel widget widget_siteorigin-image panel-first-child panel-last-child\" id=\"panel-0-2-0\"><a href=\"http:\/\/www.carnavalticketrio.com\"><img decoding=\"async\" src=\"http:\/\/carnaval.ticketrio.com.br\/wp-content\/uploads\/2015\/06\/tribunes2.jpg\" \/><\/a><\/div><\/div><div class=\"panel-grid-cell\" id=\"pgc-0-3\"><div class=\"panel widget widget_siteorigin-image panel-first-child panel-last-child\" id=\"panel-0-3-0\"><a href=\"http:\/\/www.carnavalticketrio.com\"><img decoding=\"async\" src=\"http:\/\/carnaval.ticketrio.com.br\/wp-content\/uploads\/2015\/06\/presidentenumeradas.jpg\" \/><\/a><\/div><\/div><div class=\"panel-grid-cell\" id=\"pgc-0-4\"><div class=\"panel widget widget_siteorigin-image panel-first-child panel-last-child\" id=\"panel-0-4-0\"><a href=\"http:\/\/www.carnavalticketrio.com\"><img decoding=\"async\" src=\"http:\/\/carnaval.ticketrio.com.br\/wp-content\/uploads\/2015\/06\/suitedelujo.jpg\" \/><\/a><\/div><\/div>\t<div class=\"clear\"><\/div><\/div><div class=\"panel-grid\" id=\"pg-1\"><div class=\"panel-grid-cell\" id=\"pgc-1-0\"><div class=\"panel widget widget_text panel-first-child\" id=\"panel-1-0-0\">\t\t\t<div class=\"textwidget\"><h1><span style=\"color: #003366;\"><strong>CAJA FRONTAL<\/strong><\/span><\/h1>\n<h2>Caja descubri\u00f3 con 6 asientos, cerrado con entrada privada y patio de comidas.<\/h2>\n<p style=\"text-align: justify;\">Todos los frisos el Samb\u00f3dromo se encuentran a lo largo de la pista de aterrizaje de samba de los sectores impares y pares en cuatro filas (A, B, C y D). La Fila es el nivel y m\u00e1s cerca de la Avenida. Cada tensiones tiene 6 sillas. Las entradas para los frisos se compran individualmente o por grupo de 6 asientos.<\/p>\n<p>\u00b7 Box descoberto com 6 lugares, fechado, com entrada privativa e servi\u00e7o de gar\u00e7om.<\/p>\n<p>\u00b7 Vacante o total<\/p>\n<p><span style=\"color: #003366;\"><strong>El paquete incluye:<\/strong> <\/span>Entradas + regalos<\/p>\n<p><strong><span style=\"color: #003366;\">informaci\u00f3n:<\/span><\/strong> Phones: (5521) 2025-5000 \/ 3982-1515 \/ 8636-1515\/ 7879-0895\/ ID: 12*30571<\/p>\n<p><strong><span style=\"color: #003366;\">Email:<\/span> <\/strong> <a href=\"mailto:atendimento@ticketrio.com.br\"> atendimento@ticketrio.com.br <\/a> \/ <a href=\"mailto:vendas@barramidia.com.br\"> vendas@barramidia.com.br<\/a><\/p>\n<\/div>\n\t\t<\/div><div class=\"panel widget widget_button panel-last-child\" id=\"panel-1-0-1\"><div class=\"button-container align-center\">\t\t\t<a href=\"http:\/\/www.carnavalticketrio.com\" class=\"cta-button button \">\r\n\t\t\t\t<span>COMPRE AQU\u00cd<\/span>\r\n\t\t\t<\/a>\r\n\t\t\t<\/div><\/div><\/div><div class=\"panel-grid-cell\" id=\"pgc-1-1\"><div class=\"panel widget widget_text panel-first-child panel-last-child\" id=\"panel-1-1-0\">\t\t\t<div class=\"textwidget\">ngg_shortcode_0_placeholder<\/div>\n\t\t<\/div><\/div>\t<div class=\"clear\"><\/div><\/div>","protected":false},"excerpt":{"rendered":"<p>SAMB\u00d3DROMO TRANSFER MAPA SAMB\u00d3DROMO DESFILES CAJA FRONTAL Caja descubri\u00f3 con 6 asientos, cerrado con entrada privada y patio de comidas. Todos los frisos el Samb\u00f3dromo se encuentran a lo largo de la pista de aterrizaje de samba de los sectores impares y pares en cuatro filas (A, B, C y D). La Fila es el [&hellip;]<\/p>\n","protected":false},"author":1,"featured_media":0,"parent":1744,"menu_order":3,"comment_status":"closed","ping_status":"closed","template":"page-full.php","meta":{"ngg_post_thumbnail":0,"footnotes":""},"class_list":["post-2008","page","type-page","status-publish","hentry"],"yoast_head":"<!-- This site is optimized with the Yoast SEO plugin v23.5 - https:\/\/yoast.com\/wordpress\/plugins\/seo\/ -->\n<title>Caja Frontal - Ticket Rio - Billets Carnaval Rio, Karneval Rio de Janeiro Tickets, Tickets for Rio Carnival Sambadrome, Boletos Carnaval Rio, Entradas Carnaval Rio Samb\u00f3dromo<\/title>\n<meta name=\"description\" content=\"rio carnival sambadrome tickets. Rio Carnaval Samb\u00f3dromo 2018. Rio Carnaval Entradas Samb\u00f3dromo. Rio Parade Tickets. Rio Carnaval billets. Rio karneval tickets. Rio carnavales biglietti.\" \/>\n<meta name=\"robots\" content=\"index, follow, max-snippet:-1, max-image-preview:large, max-video-preview:-1\" \/>\n<link rel=\"canonical\" href=\"https:\/\/carnaval.ticketrio.com.br\/es\/entradas-rio-carnaval-sambodromo\/caja-frontal\/\" \/>\n<meta property=\"og:locale\" content=\"fr_FR\" \/>\n<meta property=\"og:type\" content=\"article\" \/>\n<meta property=\"og:title\" content=\"Caja Frontal - Ticket Rio - Billets Carnaval Rio, Karneval Rio de Janeiro Tickets, Tickets for Rio Carnival Sambadrome, Boletos Carnaval Rio, Entradas Carnaval Rio Samb\u00f3dromo\" \/>\n<meta property=\"og:description\" content=\"rio carnival sambadrome tickets. Rio Carnaval Samb\u00f3dromo 2018. Rio Carnaval Entradas Samb\u00f3dromo. Rio Parade Tickets. Rio Carnaval billets. Rio karneval tickets. Rio carnavales biglietti.\" \/>\n<meta property=\"og:url\" content=\"https:\/\/carnaval.ticketrio.com.br\/es\/entradas-rio-carnaval-sambodromo\/caja-frontal\/\" \/>\n<meta property=\"og:site_name\" content=\"Ticket Rio - Billets Carnaval Rio, Karneval Rio de Janeiro Tickets, Tickets for Rio Carnival Sambadrome, Boletos Carnaval Rio, Entradas Carnaval Rio Samb\u00f3dromo\" \/>\n<meta property=\"article:modified_time\" content=\"2018-06-19T17:21:46+00:00\" \/>\n<meta name=\"twitter:card\" content=\"summary_large_image\" \/>\n<script type=\"application\/ld+json\" class=\"yoast-schema-graph\">{\"@context\":\"https:\/\/schema.org\",\"@graph\":[{\"@type\":\"WebPage\",\"@id\":\"https:\/\/carnaval.ticketrio.com.br\/es\/entradas-rio-carnaval-sambodromo\/caja-frontal\/\",\"url\":\"https:\/\/carnaval.ticketrio.com.br\/es\/entradas-rio-carnaval-sambodromo\/caja-frontal\/\",\"name\":\"Caja Frontal - Ticket Rio - Billets Carnaval Rio, Karneval Rio de Janeiro Tickets, Tickets for Rio Carnival Sambadrome, Boletos Carnaval Rio, Entradas Carnaval Rio Samb\u00f3dromo\",\"isPartOf\":{\"@id\":\"https:\/\/carnaval.ticketrio.com.br\/#website\"},\"datePublished\":\"2015-06-24T19:13:59+00:00\",\"dateModified\":\"2018-06-19T17:21:46+00:00\",\"description\":\"rio carnival sambadrome tickets. Rio Carnaval Samb\u00f3dromo 2018. Rio Carnaval Entradas Samb\u00f3dromo. Rio Parade Tickets. Rio Carnaval billets. Rio karneval tickets. Rio carnavales biglietti.\",\"breadcrumb\":{\"@id\":\"https:\/\/carnaval.ticketrio.com.br\/es\/entradas-rio-carnaval-sambodromo\/caja-frontal\/#breadcrumb\"},\"inLanguage\":\"fr-FR\",\"potentialAction\":[{\"@type\":\"ReadAction\",\"target\":[\"https:\/\/carnaval.ticketrio.com.br\/es\/entradas-rio-carnaval-sambodromo\/caja-frontal\/\"]}]},{\"@type\":\"BreadcrumbList\",\"@id\":\"https:\/\/carnaval.ticketrio.com.br\/es\/entradas-rio-carnaval-sambodromo\/caja-frontal\/#breadcrumb\",\"itemListElement\":[{\"@type\":\"ListItem\",\"position\":1,\"name\":\"In\u00edcio\",\"item\":\"https:\/\/carnaval.ticketrio.com.br\/\"},{\"@type\":\"ListItem\",\"position\":2,\"name\":\"Entradas Rio Carnaval\",\"item\":\"http:\/\/carnaval.ticketrio.com.br\/es\/entradas-rio-carnaval-sambodromo\/\"},{\"@type\":\"ListItem\",\"position\":3,\"name\":\"Caja Frontal\"}]},{\"@type\":\"WebSite\",\"@id\":\"https:\/\/carnaval.ticketrio.com.br\/#website\",\"url\":\"https:\/\/carnaval.ticketrio.com.br\/\",\"name\":\"Ticket Rio - Billets Carnaval Rio, Karneval Rio de Janeiro Tickets, Tickets for Rio Carnival Sambadrome, Boletos Carnaval Rio, Entradas Carnaval Rio Samb\u00f3dromo\",\"description\":\"Billets Carnaval Rio, Karneval Rio de Janeiro Tickets, Tickets for Rio Carnival Sambadrome, Boletos Carnaval Rio, Entradas Carnaval Rio Samb\u00f3dromo\",\"potentialAction\":[{\"@type\":\"SearchAction\",\"target\":{\"@type\":\"EntryPoint\",\"urlTemplate\":\"https:\/\/carnaval.ticketrio.com.br\/?s={search_term_string}\"},\"query-input\":{\"@type\":\"PropertyValueSpecification\",\"valueRequired\":true,\"valueName\":\"search_term_string\"}}],\"inLanguage\":\"fr-FR\"}]}<\/script>\n<!-- \/ Yoast SEO plugin. -->","yoast_head_json":{"title":"Caja Frontal - Ticket Rio - Billets Carnaval Rio, Karneval Rio de Janeiro Tickets, Tickets for Rio Carnival Sambadrome, Boletos Carnaval Rio, Entradas Carnaval Rio Samb\u00f3dromo","description":"rio carnival sambadrome tickets. Rio Carnaval Samb\u00f3dromo 2018. Rio Carnaval Entradas Samb\u00f3dromo. Rio Parade Tickets. Rio Carnaval billets. Rio karneval tickets. Rio carnavales biglietti.","robots":{"index":"index","follow":"follow","max-snippet":"max-snippet:-1","max-image-preview":"max-image-preview:large","max-video-preview":"max-video-preview:-1"},"canonical":"https:\/\/carnaval.ticketrio.com.br\/es\/entradas-rio-carnaval-sambodromo\/caja-frontal\/","og_locale":"fr_FR","og_type":"article","og_title":"Caja Frontal - Ticket Rio - Billets Carnaval Rio, Karneval Rio de Janeiro Tickets, Tickets for Rio Carnival Sambadrome, Boletos Carnaval Rio, Entradas Carnaval Rio Samb\u00f3dromo","og_description":"rio carnival sambadrome tickets. Rio Carnaval Samb\u00f3dromo 2018. Rio Carnaval Entradas Samb\u00f3dromo. Rio Parade Tickets. Rio Carnaval billets. Rio karneval tickets. Rio carnavales biglietti.","og_url":"https:\/\/carnaval.ticketrio.com.br\/es\/entradas-rio-carnaval-sambodromo\/caja-frontal\/","og_site_name":"Ticket Rio - Billets Carnaval Rio, Karneval Rio de Janeiro Tickets, Tickets for Rio Carnival Sambadrome, Boletos Carnaval Rio, Entradas Carnaval Rio Samb\u00f3dromo","article_modified_time":"2018-06-19T17:21:46+00:00","twitter_card":"summary_large_image","schema":{"@context":"https:\/\/schema.org","@graph":[{"@type":"WebPage","@id":"https:\/\/carnaval.ticketrio.com.br\/es\/entradas-rio-carnaval-sambodromo\/caja-frontal\/","url":"https:\/\/carnaval.ticketrio.com.br\/es\/entradas-rio-carnaval-sambodromo\/caja-frontal\/","name":"Caja Frontal - Ticket Rio - Billets Carnaval Rio, Karneval Rio de Janeiro Tickets, Tickets for Rio Carnival Sambadrome, Boletos Carnaval Rio, Entradas Carnaval Rio Samb\u00f3dromo","isPartOf":{"@id":"https:\/\/carnaval.ticketrio.com.br\/#website"},"datePublished":"2015-06-24T19:13:59+00:00","dateModified":"2018-06-19T17:21:46+00:00","description":"rio carnival sambadrome tickets. Rio Carnaval Samb\u00f3dromo 2018. Rio Carnaval Entradas Samb\u00f3dromo. Rio Parade Tickets. Rio Carnaval billets. Rio karneval tickets. Rio carnavales biglietti.","breadcrumb":{"@id":"https:\/\/carnaval.ticketrio.com.br\/es\/entradas-rio-carnaval-sambodromo\/caja-frontal\/#breadcrumb"},"inLanguage":"fr-FR","potentialAction":[{"@type":"ReadAction","target":["https:\/\/carnaval.ticketrio.com.br\/es\/entradas-rio-carnaval-sambodromo\/caja-frontal\/"]}]},{"@type":"BreadcrumbList","@id":"https:\/\/carnaval.ticketrio.com.br\/es\/entradas-rio-carnaval-sambodromo\/caja-frontal\/#breadcrumb","itemListElement":[{"@type":"ListItem","position":1,"name":"In\u00edcio","item":"https:\/\/carnaval.ticketrio.com.br\/"},{"@type":"ListItem","position":2,"name":"Entradas Rio Carnaval","item":"http:\/\/carnaval.ticketrio.com.br\/es\/entradas-rio-carnaval-sambodromo\/"},{"@type":"ListItem","position":3,"name":"Caja Frontal"}]},{"@type":"WebSite","@id":"https:\/\/carnaval.ticketrio.com.br\/#website","url":"https:\/\/carnaval.ticketrio.com.br\/","name":"Ticket Rio - Billets Carnaval Rio, Karneval Rio de Janeiro Tickets, Tickets for Rio Carnival Sambadrome, Boletos Carnaval Rio, Entradas Carnaval Rio Samb\u00f3dromo","description":"Billets Carnaval Rio, Karneval Rio de Janeiro Tickets, Tickets for Rio Carnival Sambadrome, Boletos Carnaval Rio, Entradas Carnaval Rio Samb\u00f3dromo","potentialAction":[{"@type":"SearchAction","target":{"@type":"EntryPoint","urlTemplate":"https:\/\/carnaval.ticketrio.com.br\/?s={search_term_string}"},"query-input":{"@type":"PropertyValueSpecification","valueRequired":true,"valueName":"search_term_string"}}],"inLanguage":"fr-FR"}]}},"_links":{"self":[{"href":"https:\/\/carnaval.ticketrio.com.br\/fr\/wp-json\/wp\/v2\/pages\/2008"}],"collection":[{"href":"https:\/\/carnaval.ticketrio.com.br\/fr\/wp-json\/wp\/v2\/pages"}],"about":[{"href":"https:\/\/carnaval.ticketrio.com.br\/fr\/wp-json\/wp\/v2\/types\/page"}],"author":[{"embeddable":true,"href":"https:\/\/carnaval.ticketrio.com.br\/fr\/wp-json\/wp\/v2\/users\/1"}],"replies":[{"embeddable":true,"href":"https:\/\/carnaval.ticketrio.com.br\/fr\/wp-json\/wp\/v2\/comments?post=2008"}],"version-history":[{"count":0,"href":"https:\/\/carnaval.ticketrio.com.br\/fr\/wp-json\/wp\/v2\/pages\/2008\/revisions"}],"up":[{"embeddable":true,"href":"https:\/\/carnaval.ticketrio.com.br\/fr\/wp-json\/wp\/v2\/pages\/1744"}],"wp:attachment":[{"href":"https:\/\/carnaval.ticketrio.com.br\/fr\/wp-json\/wp\/v2\/media?parent=2008"}],"curies":[{"name":"wp","href":"https:\/\/api.w.org\/{rel}","templated":true}]}}