{"id":2531,"date":"2017-05-05T18:12:40","date_gmt":"2017-05-05T18:12:40","guid":{"rendered":"http:\/\/www.ticketrio.com.br\/site\/?page_id=2531"},"modified":"2017-05-05T18:46:04","modified_gmt":"2017-05-05T18:46:04","slug":"faq-rio-carnival-tickets","status":"publish","type":"page","link":"https:\/\/carnaval.ticketrio.com.br\/en\/rio-sambadrome-carnival-tickets\/faq-rio-carnival-tickets\/","title":{"rendered":"FAQ Rio Carnival Tickets"},"content":{"rendered":"<h2><strong>&nbsp;FAQ Rio Carnival Tickets<\/strong><\/h2>\n<h3 class=\"p1\"><span style=\"color: #ff0000;\"><strong>What should I decide before buying my tickets?<\/strong><\/span><br \/>\nThe day, sector and the ticket type (whether you want to stay on the bleachers, on one of the allocated Private Chairs, sit in a box, in a luxury suit or Super VIP Covered Box Lounge.<\/h3>\n<h3 class=\"p1\"><span style=\"color: #ff0000;\"><strong>For which day should I buy my tickets?<\/strong><\/span><br \/>\nThe best and most important parading nights are Carnival Sunday and Monday, when the biggest and best samba schools parade (the Main Parades). The two days are similar in terms of set-up and quality. 6 of the best 12 samba schools in the First League (the Special Group) march on both days.<br \/>\nThe Friday and Saturday Parades are also good. They belong to the Acess Group. The Group competing to be in the Special Group (Monday and Sunday) in the next year. Their budget are not so big as the Special Group schools who parade at Sunday and Monday and has more fancy floats and fantasies but they also put a beautiful show and is definitly worth going if you cannot go or spend that much on the Special Days.<br \/>\nThe Champions&#8217; Parade is another good option if you want to see only the six best samba schools of the 2018 Rio Carnival.<\/h3>\n<h3 class=\"p1\"><span style=\"color: #ff0000;\"><strong>Is it the same show on Sunday and Monday?<\/strong><\/span><br \/>\nYes and No. Different schools march on the Carnival Sunday and Monday, which are the two main parading days. Thus the show is different. See the 2018 Parading Order &amp; Schedule to decide for the day, depending on which schools you want to watch. Each brazilian cheers for a different schools for different reasons. But if you do not have a preference schools any day will be just great.<\/h3>\n<h3 class=\"p1\"><span style=\"color: #ff0000;\"><strong>Which are the best sectors?<\/strong><\/span><br \/>\nSectors in the middle or slightly towards the end of the runway are excellent, such as sector 06\/07\/08 &#8211; 11. Paying just a little bit more for a ticket makes a big difference when it comes to the view.<br \/>\nSector from 07\/08 to 11 are probably the best, as most judges are located at this height of the Avenue and you will be facing the Drummers\u2019 Niche. Here you will enjoy the ideal view of the drummers who will stop, play and perform right in front of your eyes with some truly compelling atmosphere.<\/h3>\n<h3 class=\"p1\"><span style=\"color: #ff0000;\"><strong>Shall I go for an odd or an even-numbered sector?<\/strong><\/span><br \/>\nEven-numbered sectors 02, 04, 06 and 08 have recently been built. Although they offer the same view as the opposite odd-numbered ones, they offer newer facilities and access to a special area where live music is played. Also the pair side (02\/04\/06) are closer to the closest subway option (pra\u00e7a onze). But many Brazilians prefer the ODD side because they are more used to it and it&#8217;s close to the main avenue Presidente Vargas.<\/h3>\n<h3 class=\"p1\"><span style=\"color: #ff0000;\"><strong>As a tourist, am I obliged to buy tickets for sector 9?<\/strong><\/span><br \/>\nAlthough Sector 09 is generally known as &#8220;The tourist Sector&#8221;, feel free to order any sector available.<\/h3>\n<h3 class=\"p1\"><span style=\"color: #ff0000;\"><strong>Are the seats numbered and allocated?<\/strong><\/span><br \/>\nAll box and sector 09 seats, the Private Chairs in sector 12 and 13 are numbered and allocated. All other grandstands offer free seating, without allocated places where the first-come-first-served principle applies.<br \/>\nOur allocation of the exact seats of the required seat type takes place shortly before ticket collection to optimize requests, making all efforts to assign adjoining seats for people in groups together.<\/h3>\n<h3 class=\"p1\"><span style=\"color: #ff0000;\"><strong>Which are the very best tickets?<\/strong><\/span><br \/>\nThe Luxury Suites have by far the best seats in the Sambodromo. These suites are covered boxes with the best view, at an elevated level.<br \/>\nOur Luxury Suites are air-conditioned and offer VIP treatment with sumptuous buffet supper where two butlers per suite serve up drinks the whole night through. You will be among the ultimate &#8220;A&#8221; crowd here.<br \/>\nOur special extra security guard at the entrance of our suites provide an added level of security granting admission only to our VIP guests with tickets for that suite.<br \/>\nThe Open Front Boxes in front of most sectors are also excellent. Consider raw C or D for a better viewpoint at a slightly elevated level. As Brazilians prefer raws right on the samba runway, raw A is more pricey.<br \/>\nCOME TO OUR LUXURY SUITE<\/h3>\n<h3 class=\"p1\"><span style=\"color: #ff0000;\"><strong>Which tickets are still available?<\/strong><\/span><br \/>\nAll tickets still available to order appear on our dedicated Samba Parade ticket page. Feel free to order them.<\/h3>\n<h3 class=\"p1\"><span style=\"color: #ff0000;\"><strong>Are there any child or student discounts?<\/strong><\/span><br \/>\nChildren under 5 are not allowed to attend the Samba Parade. Children over 5 have to pay to be in their parents&#8217; or legal guardian&#8217;s company. They pay half-price but we do not offer\/sell those tickets.<br \/>\nStudent and elderly concessions also have discount but these tickets run out very fast and we do not sell them.<\/h3>\n<h3 class=\"p1\"><span style=\"color: #ff0000;\"><strong>Do I need to give you the name whom the ticket is for?<\/strong><\/span><br \/>\nAlthough we keep ticket orders under the Account Holder&#8217;s name, the tickets are not issued with and do not bear that name. Thus the names of the actual patrons are not needed for ordering the tickets and can be ordered in anyone&#8217;s name who has a Carnival Account with us.<\/h3>\n<h3 class=\"p1\"><span style=\"color: #ff0000;\"><strong>How do I know if my ticket order is accepted and booked?<\/strong><\/span><br \/>\nWhen your payment is successful and authorized by the third-party payment processing company, you will receive by e-mail a Ticket Rio Voucher with your order details.<\/h3>\n<h3><span style=\"color: #ff0000;\"><strong>How and when will I receive my tickets?<\/strong><\/span><br \/>\nYou can collect all your items from our Visitors&#8217; Reception Center for free during its Carnival collection times in the 2 of our 2 options locations: Barra or Copacabana.<\/h3>\n<h3 class=\"p1\"><span style=\"color: #ff0000;\"><strong>Can you send tickets to my home address?<\/strong><\/span><br \/>\nWe do not ship the tickets or delivery them. You must to collect them at our offices locations.<\/h3>\n<h3 class=\"p1\"><span style=\"color: #ff0000;\"><strong>Is it safe in the Sambadrome?<\/strong><\/span><br \/>\nIt is considered to be the safest place in South America. There is a very high concentration of international celebrities, politicians and royalties among the crowd. It is surrounded by huge perimeter fencing which no-one can pass without being checked for both, safety, security and commercial reasons. All sectors are equally safe. To get there, you should consider the Sambodromo Round Transfer service, to safeguard your valuables.<\/h3>\n<h3 class=\"p1\"><span style=\"color: #ff0000;\"><strong>When does the show start?<\/strong><\/span><br \/>\nThe parades start at 22:00. See the 2018 Parading Schedule.<\/h3>\n<h3 class=\"p1\"><span style=\"color: #ff0000;\"><strong>When is the best time to arrive for the Parade?<\/strong><\/span><br \/>\nAn average person generally watches 3-4 samba schools. Arriving early is a good idea, to secure a good place, etc.<br \/>\nParticularly if you hold a grandstand ticket with no assignment, you should arrive early. This way you have good chances to sit where you please.<\/h3>\n<h3 class=\"p1\"><span style=\"color: #ff0000;\"><strong>How can I get there with comfort and safety and return home?<\/strong><\/span><br \/>\nThe best and easiest way to get to the Sambodromo to watch the Samba Parade is the Sambodromo Round Transfer. It has been especially set up to facilitate ticket holders&#8217; transfer to and from the Sambodromo on Carnival days when roads around the Sambodromo are closed and traffic comes to a standstill.<br \/>\nIt is designed to give you direct, quick and safe access to the Sambodromo.<br \/>\nTaxis operate with an increased fare table and cannot get very close.<br \/>\nAvoid taking buses as they cannot arrive within walking distance.<\/h3>\n","protected":false},"excerpt":{"rendered":"<p>&nbsp;FAQ Rio Carnival Tickets What should I decide before buying my tickets? The day, sector and the ticket type (whether you want to stay on the bleachers, on one of the allocated Private Chairs, sit in a box, in a luxury suit or Super VIP Covered Box Lounge. For which day should I buy my [&hellip;]<\/p>\n","protected":false},"author":1,"featured_media":0,"parent":1600,"menu_order":0,"comment_status":"closed","ping_status":"closed","template":"page-full.php","meta":{"ngg_post_thumbnail":0,"footnotes":""},"class_list":["post-2531","page","type-page","status-publish","hentry"],"yoast_head":"<!-- This site is optimized with the Yoast SEO plugin v23.5 - https:\/\/yoast.com\/wordpress\/plugins\/seo\/ -->\n<title>FAQ Rio Carnival Tickets - Ticket Rio - Billets Carnaval Rio, Karneval Rio de Janeiro Tickets, Tickets for Rio Carnival Sambadrome, Boletos Carnaval Rio, Entradas Carnaval Rio Samb\u00f3dromo<\/title>\n<meta name=\"description\" content=\"rio carnival sambadrome tickets. Rio Carnaval Samb\u00f3dromo 2018. Rio Carnaval Entradas Samb\u00f3dromo. Rio Parade Tickets. Rio Carnaval billets. Rio karneval tickets. Rio carnavales biglietti.\" \/>\n<meta name=\"robots\" content=\"index, follow, max-snippet:-1, max-image-preview:large, max-video-preview:-1\" \/>\n<link rel=\"canonical\" href=\"http:\/\/carnaval.ticketrio.com.br\/en\/rio-sambadrome-carnival-tickets\/faq-rio-carnival-tickets\/\" \/>\n<meta property=\"og:locale\" content=\"fr_FR\" \/>\n<meta property=\"og:type\" content=\"article\" \/>\n<meta property=\"og:title\" content=\"FAQ Rio Carnival Tickets - Ticket Rio - Billets Carnaval Rio, Karneval Rio de Janeiro Tickets, Tickets for Rio Carnival Sambadrome, Boletos Carnaval Rio, Entradas Carnaval Rio Samb\u00f3dromo\" \/>\n<meta property=\"og:description\" content=\"rio carnival sambadrome tickets. Rio Carnaval Samb\u00f3dromo 2018. Rio Carnaval Entradas Samb\u00f3dromo. Rio Parade Tickets. Rio Carnaval billets. Rio karneval tickets. Rio carnavales biglietti.\" \/>\n<meta property=\"og:url\" content=\"http:\/\/carnaval.ticketrio.com.br\/en\/rio-sambadrome-carnival-tickets\/faq-rio-carnival-tickets\/\" \/>\n<meta property=\"og:site_name\" content=\"Ticket Rio - Billets Carnaval Rio, Karneval Rio de Janeiro Tickets, Tickets for Rio Carnival Sambadrome, Boletos Carnaval Rio, Entradas Carnaval Rio Samb\u00f3dromo\" \/>\n<meta property=\"article:modified_time\" content=\"2017-05-05T18:46:04+00:00\" \/>\n<meta name=\"twitter:card\" content=\"summary_large_image\" \/>\n<meta name=\"twitter:label1\" content=\"Est. reading time\" \/>\n\t<meta name=\"twitter:data1\" content=\"6 minutes\" \/>\n<script type=\"application\/ld+json\" class=\"yoast-schema-graph\">{\"@context\":\"https:\/\/schema.org\",\"@graph\":[{\"@type\":\"WebPage\",\"@id\":\"http:\/\/carnaval.ticketrio.com.br\/en\/rio-sambadrome-carnival-tickets\/faq-rio-carnival-tickets\/\",\"url\":\"http:\/\/carnaval.ticketrio.com.br\/en\/rio-sambadrome-carnival-tickets\/faq-rio-carnival-tickets\/\",\"name\":\"FAQ Rio Carnival Tickets - Ticket Rio - Billets Carnaval Rio, Karneval Rio de Janeiro Tickets, Tickets for Rio Carnival Sambadrome, Boletos Carnaval Rio, Entradas Carnaval Rio Samb\u00f3dromo\",\"isPartOf\":{\"@id\":\"https:\/\/carnaval.ticketrio.com.br\/#website\"},\"datePublished\":\"2017-05-05T18:12:40+00:00\",\"dateModified\":\"2017-05-05T18:46:04+00:00\",\"description\":\"rio carnival sambadrome tickets. Rio Carnaval Samb\u00f3dromo 2018. Rio Carnaval Entradas Samb\u00f3dromo. Rio Parade Tickets. Rio Carnaval billets. Rio karneval tickets. Rio carnavales biglietti.\",\"breadcrumb\":{\"@id\":\"http:\/\/carnaval.ticketrio.com.br\/en\/rio-sambadrome-carnival-tickets\/faq-rio-carnival-tickets\/#breadcrumb\"},\"inLanguage\":\"fr-FR\",\"potentialAction\":[{\"@type\":\"ReadAction\",\"target\":[\"http:\/\/carnaval.ticketrio.com.br\/en\/rio-sambadrome-carnival-tickets\/faq-rio-carnival-tickets\/\"]}]},{\"@type\":\"BreadcrumbList\",\"@id\":\"http:\/\/carnaval.ticketrio.com.br\/en\/rio-sambadrome-carnival-tickets\/faq-rio-carnival-tickets\/#breadcrumb\",\"itemListElement\":[{\"@type\":\"ListItem\",\"position\":1,\"name\":\"In\u00edcio\",\"item\":\"https:\/\/carnaval.ticketrio.com.br\/\"},{\"@type\":\"ListItem\",\"position\":2,\"name\":\"Sambadrome\",\"item\":\"https:\/\/carnaval.ticketrio.com.br\/en\/rio-sambadrome-carnival-tickets\/\"},{\"@type\":\"ListItem\",\"position\":3,\"name\":\"FAQ Rio Carnival Tickets\"}]},{\"@type\":\"WebSite\",\"@id\":\"https:\/\/carnaval.ticketrio.com.br\/#website\",\"url\":\"https:\/\/carnaval.ticketrio.com.br\/\",\"name\":\"Ticket Rio - Billets Carnaval Rio, Karneval Rio de Janeiro Tickets, Tickets for Rio Carnival Sambadrome, Boletos Carnaval Rio, Entradas Carnaval Rio Samb\u00f3dromo\",\"description\":\"Billets Carnaval Rio, Karneval Rio de Janeiro Tickets, Tickets for Rio Carnival Sambadrome, Boletos Carnaval Rio, Entradas Carnaval Rio Samb\u00f3dromo\",\"potentialAction\":[{\"@type\":\"SearchAction\",\"target\":{\"@type\":\"EntryPoint\",\"urlTemplate\":\"https:\/\/carnaval.ticketrio.com.br\/?s={search_term_string}\"},\"query-input\":{\"@type\":\"PropertyValueSpecification\",\"valueRequired\":true,\"valueName\":\"search_term_string\"}}],\"inLanguage\":\"fr-FR\"}]}<\/script>\n<!-- \/ Yoast SEO plugin. -->","yoast_head_json":{"title":"FAQ Rio Carnival Tickets - Ticket Rio - Billets Carnaval Rio, Karneval Rio de Janeiro Tickets, Tickets for Rio Carnival Sambadrome, Boletos Carnaval Rio, Entradas Carnaval Rio Samb\u00f3dromo","description":"rio carnival sambadrome tickets. Rio Carnaval Samb\u00f3dromo 2018. Rio Carnaval Entradas Samb\u00f3dromo. Rio Parade Tickets. Rio Carnaval billets. Rio karneval tickets. Rio carnavales biglietti.","robots":{"index":"index","follow":"follow","max-snippet":"max-snippet:-1","max-image-preview":"max-image-preview:large","max-video-preview":"max-video-preview:-1"},"canonical":"http:\/\/carnaval.ticketrio.com.br\/en\/rio-sambadrome-carnival-tickets\/faq-rio-carnival-tickets\/","og_locale":"fr_FR","og_type":"article","og_title":"FAQ Rio Carnival Tickets - Ticket Rio - Billets Carnaval Rio, Karneval Rio de Janeiro Tickets, Tickets for Rio Carnival Sambadrome, Boletos Carnaval Rio, Entradas Carnaval Rio Samb\u00f3dromo","og_description":"rio carnival sambadrome tickets. Rio Carnaval Samb\u00f3dromo 2018. Rio Carnaval Entradas Samb\u00f3dromo. Rio Parade Tickets. Rio Carnaval billets. Rio karneval tickets. Rio carnavales biglietti.","og_url":"http:\/\/carnaval.ticketrio.com.br\/en\/rio-sambadrome-carnival-tickets\/faq-rio-carnival-tickets\/","og_site_name":"Ticket Rio - Billets Carnaval Rio, Karneval Rio de Janeiro Tickets, Tickets for Rio Carnival Sambadrome, Boletos Carnaval Rio, Entradas Carnaval Rio Samb\u00f3dromo","article_modified_time":"2017-05-05T18:46:04+00:00","twitter_card":"summary_large_image","twitter_misc":{"Est. reading time":"6 minutes"},"schema":{"@context":"https:\/\/schema.org","@graph":[{"@type":"WebPage","@id":"http:\/\/carnaval.ticketrio.com.br\/en\/rio-sambadrome-carnival-tickets\/faq-rio-carnival-tickets\/","url":"http:\/\/carnaval.ticketrio.com.br\/en\/rio-sambadrome-carnival-tickets\/faq-rio-carnival-tickets\/","name":"FAQ Rio Carnival Tickets - Ticket Rio - Billets Carnaval Rio, Karneval Rio de Janeiro Tickets, Tickets for Rio Carnival Sambadrome, Boletos Carnaval Rio, Entradas Carnaval Rio Samb\u00f3dromo","isPartOf":{"@id":"https:\/\/carnaval.ticketrio.com.br\/#website"},"datePublished":"2017-05-05T18:12:40+00:00","dateModified":"2017-05-05T18:46:04+00:00","description":"rio carnival sambadrome tickets. Rio Carnaval Samb\u00f3dromo 2018. Rio Carnaval Entradas Samb\u00f3dromo. Rio Parade Tickets. Rio Carnaval billets. Rio karneval tickets. Rio carnavales biglietti.","breadcrumb":{"@id":"http:\/\/carnaval.ticketrio.com.br\/en\/rio-sambadrome-carnival-tickets\/faq-rio-carnival-tickets\/#breadcrumb"},"inLanguage":"fr-FR","potentialAction":[{"@type":"ReadAction","target":["http:\/\/carnaval.ticketrio.com.br\/en\/rio-sambadrome-carnival-tickets\/faq-rio-carnival-tickets\/"]}]},{"@type":"BreadcrumbList","@id":"http:\/\/carnaval.ticketrio.com.br\/en\/rio-sambadrome-carnival-tickets\/faq-rio-carnival-tickets\/#breadcrumb","itemListElement":[{"@type":"ListItem","position":1,"name":"In\u00edcio","item":"https:\/\/carnaval.ticketrio.com.br\/"},{"@type":"ListItem","position":2,"name":"Sambadrome","item":"https:\/\/carnaval.ticketrio.com.br\/en\/rio-sambadrome-carnival-tickets\/"},{"@type":"ListItem","position":3,"name":"FAQ Rio Carnival Tickets"}]},{"@type":"WebSite","@id":"https:\/\/carnaval.ticketrio.com.br\/#website","url":"https:\/\/carnaval.ticketrio.com.br\/","name":"Ticket Rio - Billets Carnaval Rio, Karneval Rio de Janeiro Tickets, Tickets for Rio Carnival Sambadrome, Boletos Carnaval Rio, Entradas Carnaval Rio Samb\u00f3dromo","description":"Billets Carnaval Rio, Karneval Rio de Janeiro Tickets, Tickets for Rio Carnival Sambadrome, Boletos Carnaval Rio, Entradas Carnaval Rio Samb\u00f3dromo","potentialAction":[{"@type":"SearchAction","target":{"@type":"EntryPoint","urlTemplate":"https:\/\/carnaval.ticketrio.com.br\/?s={search_term_string}"},"query-input":{"@type":"PropertyValueSpecification","valueRequired":true,"valueName":"search_term_string"}}],"inLanguage":"fr-FR"}]}},"_links":{"self":[{"href":"https:\/\/carnaval.ticketrio.com.br\/fr\/wp-json\/wp\/v2\/pages\/2531"}],"collection":[{"href":"https:\/\/carnaval.ticketrio.com.br\/fr\/wp-json\/wp\/v2\/pages"}],"about":[{"href":"https:\/\/carnaval.ticketrio.com.br\/fr\/wp-json\/wp\/v2\/types\/page"}],"author":[{"embeddable":true,"href":"https:\/\/carnaval.ticketrio.com.br\/fr\/wp-json\/wp\/v2\/users\/1"}],"replies":[{"embeddable":true,"href":"https:\/\/carnaval.ticketrio.com.br\/fr\/wp-json\/wp\/v2\/comments?post=2531"}],"version-history":[{"count":1,"href":"https:\/\/carnaval.ticketrio.com.br\/fr\/wp-json\/wp\/v2\/pages\/2531\/revisions"}],"predecessor-version":[{"id":2536,"href":"https:\/\/carnaval.ticketrio.com.br\/fr\/wp-json\/wp\/v2\/pages\/2531\/revisions\/2536"}],"up":[{"embeddable":true,"href":"https:\/\/carnaval.ticketrio.com.br\/fr\/wp-json\/wp\/v2\/pages\/1600"}],"wp:attachment":[{"href":"https:\/\/carnaval.ticketrio.com.br\/fr\/wp-json\/wp\/v2\/media?parent=2531"}],"curies":[{"name":"wp","href":"https:\/\/api.w.org\/{rel}","templated":true}]}}